{"id":6649,"date":"2025-03-11T06:36:21","date_gmt":"2025-03-11T06:36:21","guid":{"rendered":"https:\/\/fmp-components.com\/product\/factory-direct-sale-2-stage-double-acting-telescopic-hydraulic-cylinder"},"modified":"2025-03-12T08:20:13","modified_gmt":"2025-03-12T08:20:13","slug":"factory-direct-sale-2-stage-double-acting-telescopic-hydraulic-cylinder","status":"publish","type":"product","link":"https:\/\/fmp-components.com\/pt\/product\/factory-direct-sale-2-stage-double-acting-telescopic-hydraulic-cylinder\/","title":{"rendered":"Venda direta de f\u00e1brica Cilindro hidr\u00e1ulico telesc\u00f3pico de dupla a\u00e7\u00e3o de 2 est\u00e1gios"},"content":{"rendered":"<h2>Venda direta de f\u00e1brica Cilindro hidr\u00e1ulico telesc\u00f3pico de dupla a\u00e7\u00e3o de 2 est\u00e1gios<\/h2>\n<p>O Cilindro Hidr\u00e1ulico Telesc\u00f3pico de Dupla A\u00e7\u00e3o de 2 Est\u00e1gios \u00e9 um produto inovador, projetado levando em considera\u00e7\u00e3o as necessidades de diversos setores, como oficinas de reparo de m\u00e1quinas, fazendas, energia e minera\u00e7\u00e3o, fabrica\u00e7\u00e3o de m\u00e1quinas e f\u00e1bricas de m\u00e1quinas. \u00c9 um produto de tamanho padr\u00e3o que opera com energia hidr\u00e1ulica e \u00e9 feito de a\u00e7o de qualidade superior. Com um empuxo m\u00e1ximo de 3000 e uma tra\u00e7\u00e3o m\u00e1xima de 20 toneladas, este cilindro hidr\u00e1ulico multiest\u00e1gios \u00e9 uma escolha robusta e confi\u00e1vel.<\/p>\n<h2>Caracter\u00edsticas e fun\u00e7\u00f5es<\/h2>\n<p>Este cilindro hidr\u00e1ulico conta com garantia de 1 ano e conta com componentes essenciais, como rolamentos e cilindro hidr\u00e1ulico. Possui certifica\u00e7\u00e3o ISO9001:2000, garantindo sua alta qualidade e confiabilidade. O produto est\u00e1 dispon\u00edvel na cor preta e possui diversas op\u00e7\u00f5es de conex\u00f5es, incluindo G, SAE, NPT e M.<\/p>\n<h3>Especifica\u00e7\u00f5es t\u00e9cnicas<\/h3>\n<table style=\"width: 97.1459%;\" border=\"\">\n<tbody>\n<tr>\n<td style=\"width: 42.9379%;\"><i>Tamanho do furo<\/i><\/td>\n<td style=\"width: 459.322%;\">2-6 polegadas<\/td>\n<\/tr>\n<tr>\n<td style=\"width: 42.9379%;\"><i>Tamanho da haste<\/i><\/td>\n<td style=\"width: 459.322%;\">1,125-4 polegadas<\/td>\n<\/tr>\n<tr>\n<td style=\"width: 42.9379%;\"><i>Tamanho do tra\u00e7o<\/i><\/td>\n<td style=\"width: 459.322%;\">4-100 polegadas<\/td>\n<\/tr>\n<tr>\n<td style=\"width: 42.9379%;\"><i>Tamanho do pino<\/i><\/td>\n<td style=\"width: 459.322%;\">0,5-2 polegadas<\/td>\n<\/tr>\n<tr>\n<td style=\"width: 42.9379%;\"><i>Portos<\/i><\/td>\n<td style=\"width: 459.322%;\">G\/SAE\/NPT\/M<\/td>\n<\/tr>\n<\/tbody>\n<\/table>\n<h2>Vantagens \u00danicas<\/h2>\n<ul>\n<li>Efici\u00eancia energ\u00e9tica: o cilindro opera usando energia hidr\u00e1ulica, o que o torna uma op\u00e7\u00e3o energeticamente eficiente.<\/li>\n<li>Alto desempenho: com empuxo m\u00e1ximo de 3000 e tra\u00e7\u00e3o m\u00e1xima de 20 toneladas, o produto garante alto desempenho.<\/li>\n<li>Dur\u00e1vel e confi\u00e1vel: feito de a\u00e7o, o produto \u00e9 dur\u00e1vel e confi\u00e1vel, garantindo uso a longo prazo.<\/li>\n<\/ul>\n<p><img loading=\"lazy\" decoding=\"async\" class=\"alignnone  wp-image-6657\" src=\"https:\/\/fmp-components.com\/wp-content\/uploads\/2025\/03\/telescopic-hydraulic-cylinder-3.webp\" alt=\"cilindro hidr\u00e1ulico telesc\u00f3pico\" width=\"898\" height=\"898\" title=\"\" srcset=\"https:\/\/fmp-components.com\/wp-content\/uploads\/2025\/03\/telescopic-hydraulic-cylinder-3.webp 898w, https:\/\/fmp-components.com\/wp-content\/uploads\/2025\/03\/telescopic-hydraulic-cylinder-3-480x480.webp 480w\" sizes=\"(min-width: 0px) and (max-width: 480px) 480px, (min-width: 481px) 898px, 100vw\" \/><\/p>\n<h2>Sistema hidr\u00e1ulico e princ\u00edpio de funcionamento<\/h2>\n<p>O cilindro hidr\u00e1ulico funciona com base no princ\u00edpio b\u00e1sico de convers\u00e3o de energia hidr\u00e1ulica em movimento mec\u00e2nico. O fluido hidr\u00e1ulico \u00e9 pressurizado, o que, por sua vez, aciona o pist\u00e3o do cilindro, gerando for\u00e7a. Essa for\u00e7a \u00e9 ent\u00e3o utilizada em diversas aplica\u00e7\u00f5es industriais.<\/p>\n<h2>Aplica\u00e7\u00f5es do Cilindro Hidr\u00e1ulico<\/h2>\n<p>Este cilindro hidr\u00e1ulico multiest\u00e1gio \u00e9 amplamente utilizado em oficinas de reparo de m\u00e1quinas, fazendas, energia e minera\u00e7\u00e3o, fabrica\u00e7\u00e3o de m\u00e1quinas e f\u00e1bricas de m\u00e1quinas.<\/p>\n<h2>Cilindros hidr\u00e1ulicos e unidades de pot\u00eancia<\/h2>\n<p>O cilindro hidr\u00e1ulico e a unidade de pot\u00eancia s\u00e3o partes indispens\u00e1veis \u200b\u200bdo sistema hidr\u00e1ulico. Sua a\u00e7\u00e3o combinada garante a ampla aplica\u00e7\u00e3o da tecnologia hidr\u00e1ulica no setor industrial, fornecendo energia e controle confi\u00e1veis \u200b\u200bpara diversos equipamentos mec\u00e2nicos e de engenharia. O cilindro hidr\u00e1ulico, como atuador, \u00e9 respons\u00e1vel por converter energia hidr\u00e1ulica em movimento mec\u00e2nico, transformando press\u00e3o em for\u00e7a. A unidade de pot\u00eancia \u00e9 o n\u00facleo que fornece a energia e os sinais de controle necess\u00e1rios ao sistema hidr\u00e1ulico. Somente a coopera\u00e7\u00e3o coordenada entre elas pode fazer o sistema hidr\u00e1ulico funcionar normalmente. A FMP tamb\u00e9m fornece unidades de pot\u00eancia para venda.<\/p>\n<h3>Sobre a FMP<\/h3>\n<p>A FMP \u00e9 uma fabricante italiana de renome, reconhecida por sua expertise em projeto, desenvolvimento e produ\u00e7\u00e3o de cilindros hidr\u00e1ulicos de alta qualidade. Com d\u00e9cadas de experi\u00eancia no setor, combinamos perfeitamente o artesanato tradicional italiano com tecnologia de ponta para fornecer solu\u00e7\u00f5es hidr\u00e1ulicas excepcionais, adaptadas \u00e0s diversas necessidades de nossos clientes globais. Localizada na It\u00e1lia, um centro de excel\u00eancia em engenharia, a FMP se consolidou como uma marca confi\u00e1vel no setor hidr\u00e1ulico, dedicada a fornecer produtos confi\u00e1veis, dur\u00e1veis e inovadores que impulsionam empresas em todo o mundo.<\/p>\n<p>Nossa empresa combina o melhor das pr\u00e1ticas avan\u00e7adas de fabrica\u00e7\u00e3o com uma abordagem inovadora. Com anos de experi\u00eancia em sistemas hidr\u00e1ulicos, a FMP evoluiu para uma empresa moderna que se destaca em pesquisa, design e produ\u00e7\u00e3o. Oferecemos uma ampla gama de cilindros hidr\u00e1ulicos, incluindo cilindros de dupla a\u00e7\u00e3o, cilindros de eleva\u00e7\u00e3o automotiva, cilindros para m\u00e1quinas agr\u00edcolas e solu\u00e7\u00f5es personalizadas para diversas aplica\u00e7\u00f5es industriais. Seja para constru\u00e7\u00e3o, instala\u00e7\u00f5es industriais, agricultura ou m\u00e1quinas pesadas, nossos cilindros hidr\u00e1ulicos s\u00e3o projetados para operar nas condi\u00e7\u00f5es mais desafiadoras, garantindo seguran\u00e7a, efici\u00eancia e durabilidade.<\/p>\n<p>Na FMP, orgulhamo-nos de nossas instala\u00e7\u00f5es de produ\u00e7\u00e3o de ponta, equipadas com m\u00e1quinas de precis\u00e3o e sistemas de teste avan\u00e7ados. Nossos processos de fabrica\u00e7\u00e3o seguem rigorosos padr\u00f5es nacionais e internacionais, garantindo que cada cilindro hidr\u00e1ulico produzido atenda aos mais altos padr\u00f5es de qualidade e confiabilidade. Com uma equipe t\u00e9cnica qualificada e equipamentos de \u00faltima gera\u00e7\u00e3o, mantemos um rigoroso controle de qualidade em todas as etapas da produ\u00e7\u00e3o \u2014 desde a sele\u00e7\u00e3o da mat\u00e9ria-prima at\u00e9 a inspe\u00e7\u00e3o final. Esse compromisso com a excel\u00eancia nos rendeu certifica\u00e7\u00f5es e reconhecimento de autoridades do setor, refor\u00e7ando nossa reputa\u00e7\u00e3o como um parceiro confi\u00e1vel.<\/p>\n<p><img loading=\"lazy\" decoding=\"async\" class=\"alignnone size-full wp-image-6720\" src=\"https:\/\/fmp-components.com\/wp-content\/uploads\/2025\/03\/hydraulic-cylinder-8.webp\" alt=\"Cilindros Hidr\u00e1ulicos Telesc\u00f3picos\" width=\"933\" height=\"526\" title=\"\" srcset=\"https:\/\/fmp-components.com\/wp-content\/uploads\/2025\/03\/hydraulic-cylinder-8.webp 933w, https:\/\/fmp-components.com\/wp-content\/uploads\/2025\/03\/hydraulic-cylinder-8-480x271.webp 480w\" sizes=\"(min-width: 0px) and (max-width: 480px) 480px, (min-width: 481px) 933px, 100vw\" \/><\/p>\n<p>Nossa miss\u00e3o \u00e9 simples e ambiciosa: fornecer aos nossos clientes cilindros hidr\u00e1ulicos que superem as expectativas em desempenho, durabilidade e valor. Seguimos os princ\u00edpios fundamentais de profissionalismo, integridade e foco no cliente. Ao promover uma cultura de inova\u00e7\u00e3o e precis\u00e3o, aprimoramos continuamente nossos produtos para nos mantermos \u00e0 frente em um mercado competitivo. Nossa ampla gama de produtos e a capacidade de oferecer solu\u00e7\u00f5es personalizadas nos tornam a escolha preferida para empresas que buscam cilindros hidr\u00e1ulicos de alto desempenho.<\/p>\n<p>A FMP \u00e9 mais do que apenas uma fabricante; somos parceiros comprometidos com o seu sucesso. Entendemos que nossos clientes dependem de n\u00f3s para fornecer ferramentas que aumentam a produtividade e a seguran\u00e7a. \u00c9 por isso que nos dedicamos a fornecer n\u00e3o apenas produtos de primeira linha, mas tamb\u00e9m um servi\u00e7o excepcional. Das consultas iniciais ao suporte p\u00f3s-venda, colaboramos estreitamente com nossos clientes para garantir que suas necessidades sejam atendidas com profissionalismo e cuidado. Nossos pre\u00e7os competitivos, aliados a um compromisso inabal\u00e1vel com a qualidade, fazem da FMP a escolha inteligente para empresas que buscam investir em solu\u00e7\u00f5es hidr\u00e1ulicas confi\u00e1veis.<\/p>","protected":false},"excerpt":{"rendered":"<p>Factory Direct Sale 2 Stage Double Acting Telescopic Hydraulic Cylinder The 2 Stage Double Acting Telescopic Hydraulic Cylinder is an innovative product that has been designed keeping in mind the needs of various industries like machinery repair shops, farms, energy &amp; mining, machinery manufacturing, and machinery factories. It is a standard-sized product that operates using [&hellip;]<\/p>","protected":false},"featured_media":6759,"comment_status":"closed","ping_status":"closed","template":"","meta":{"_et_pb_use_builder":"","_et_pb_old_content":"","_et_gb_content_width":""},"product_brand":[],"product_cat":[103],"product_tag":[34,105],"class_list":{"0":"post-6649","1":"product","2":"type-product","3":"status-publish","4":"has-post-thumbnail","6":"product_cat-telescopic-hydraulic-cylinders","7":"product_tag-hydraulic-cylinder","8":"product_tag-telescopic-hydraulic-cylinders","10":"first","11":"instock","12":"product-type-simple"},"_links":{"self":[{"href":"https:\/\/fmp-components.com\/pt\/wp-json\/wp\/v2\/product\/6649","targetHints":{"allow":["GET"]}}],"collection":[{"href":"https:\/\/fmp-components.com\/pt\/wp-json\/wp\/v2\/product"}],"about":[{"href":"https:\/\/fmp-components.com\/pt\/wp-json\/wp\/v2\/types\/product"}],"replies":[{"embeddable":true,"href":"https:\/\/fmp-components.com\/pt\/wp-json\/wp\/v2\/comments?post=6649"}],"wp:featuredmedia":[{"embeddable":true,"href":"https:\/\/fmp-components.com\/pt\/wp-json\/wp\/v2\/media\/6759"}],"wp:attachment":[{"href":"https:\/\/fmp-components.com\/pt\/wp-json\/wp\/v2\/media?parent=6649"}],"wp:term":[{"taxonomy":"product_brand","embeddable":true,"href":"https:\/\/fmp-components.com\/pt\/wp-json\/wp\/v2\/product_brand?post=6649"},{"taxonomy":"product_cat","embeddable":true,"href":"https:\/\/fmp-components.com\/pt\/wp-json\/wp\/v2\/product_cat?post=6649"},{"taxonomy":"product_tag","embeddable":true,"href":"https:\/\/fmp-components.com\/pt\/wp-json\/wp\/v2\/product_tag?post=6649"}],"curies":[{"name":"wp","href":"https:\/\/api.w.org\/{rel}","templated":true}]}}