{"id":6647,"date":"2025-03-11T06:36:21","date_gmt":"2025-03-11T06:36:21","guid":{"rendered":"https:\/\/fmp-components.com\/product\/multi-stage-dump-truck-hydraulic-hoist-cylinder"},"modified":"2025-03-12T07:00:10","modified_gmt":"2025-03-12T07:00:10","slug":"multi-stage-dump-truck-hydraulic-hoist-cylinder","status":"publish","type":"product","link":"https:\/\/fmp-components.com\/pt\/product\/multi-stage-dump-truck-hydraulic-hoist-cylinder\/","title":{"rendered":"Cilindro hidr\u00e1ulico de eleva\u00e7\u00e3o de m\u00faltiplos est\u00e1gios para caminh\u00e3o basculante"},"content":{"rendered":"<h2>Cilindro hidr\u00e1ulico de eleva\u00e7\u00e3o de m\u00faltiplos est\u00e1gios para caminh\u00e3o basculante<\/h2>\n<p>Apresentamos nosso mais novo produto: o Cilindro Hidr\u00e1ulico de Eleva\u00e7\u00e3o Multiest\u00e1gios para Caminh\u00f5es Basculantes. Componente essencial para m\u00e1quinas pesadas, este cilindro hidr\u00e1ulico \u00e9 perfeito para oficinas de reparo de m\u00e1quinas, fazendas, ind\u00fastrias de energia e minera\u00e7\u00e3o, al\u00e9m de f\u00e1bricas e ind\u00fastrias de fabrica\u00e7\u00e3o de m\u00e1quinas.<\/p>\n<h3>Caracter\u00edsticas e especifica\u00e7\u00f5es do produto<\/h3>\n<p>Este cilindro hidr\u00e1ulico de alta qualidade para guincho vem com garantia de 1 ano e pesa 120 kg. Os componentes principais, incluindo rolamentos e o pr\u00f3prio cilindro hidr\u00e1ulico, tamb\u00e9m s\u00e3o cobertos por uma garantia de 1 ano. \u00c9 um cilindro de pist\u00e3o padr\u00e3o com corpo em a\u00e7o robusto. A for\u00e7a m\u00e1xima de empuxo e tra\u00e7\u00e3o que ele suporta \u00e9 de 3000 e 20 toneladas, respectivamente. Seu di\u00e2metro interno varia de 2 a 6 polegadas, e o di\u00e2metro da haste varia de 1,125 a 4 polegadas. O curso varia de 4 a 100 polegadas, e o di\u00e2metro do pino varia de 0,5 a 2 polegadas. O cilindro hidr\u00e1ulico para guincho \u00e9 preto.<\/p>\n<h3>Especifica\u00e7\u00f5es t\u00e9cnicas<\/h3>\n<table style=\"width: 95.5642%;\" border=\"\">\n<tbody>\n<tr>\n<td style=\"width: 43.5028%;\"><b>Tamanho do furo<\/b><\/td>\n<td style=\"width: 461.582%;\">2-6 polegadas<\/td>\n<\/tr>\n<tr>\n<td style=\"width: 43.5028%;\"><b>Tamanho da haste<\/b><\/td>\n<td style=\"width: 461.582%;\">1,125-4 polegadas<\/td>\n<\/tr>\n<tr>\n<td style=\"width: 43.5028%;\"><b>Tamanho do tra\u00e7o<\/b><\/td>\n<td style=\"width: 461.582%;\">4-100 polegadas<\/td>\n<\/tr>\n<tr>\n<td style=\"width: 43.5028%;\"><b>Tamanho do pino<\/b><\/td>\n<td style=\"width: 461.582%;\">0,5-2 polegadas<\/td>\n<\/tr>\n<tr>\n<td style=\"width: 43.5028%;\"><b>Portos<\/b><\/td>\n<td style=\"width: 461.582%;\">G\/SAE\/NPT\/M<\/td>\n<\/tr>\n<\/tbody>\n<\/table>\n<h2>Benef\u00edcios do produto<\/h2>\n<p>O cilindro hidr\u00e1ulico de eleva\u00e7\u00e3o de m\u00faltiplos est\u00e1gios para caminh\u00f5es basculantes \u00e9 energeticamente eficiente, altamente eficaz e incrivelmente seguro, tornando-o a escolha ideal para as necessidades da sua ind\u00fastria.<\/p>\n<h3>Sistema hidr\u00e1ulico e princ\u00edpios de funcionamento<\/h3>\n<p>O cilindro hidr\u00e1ulico do guincho \u00e9 uma pe\u00e7a fundamental do sistema hidr\u00e1ulico. Ele converte energia hidr\u00e1ulica em movimento mec\u00e2nico, transformando press\u00e3o em for\u00e7a. A unidade hidr\u00e1ulica fornece a energia e os sinais de controle necess\u00e1rios para o sistema hidr\u00e1ulico, garantindo seu funcionamento adequado.<\/p>\n<p><img loading=\"lazy\" decoding=\"async\" class=\"alignnone  wp-image-6657\" src=\"https:\/\/fmp-components.com\/wp-content\/uploads\/2025\/03\/telescopic-hydraulic-cylinder-3.webp\" alt=\"cilindro hidr\u00e1ulico telesc\u00f3pico\" width=\"952\" height=\"952\" title=\"\" srcset=\"https:\/\/fmp-components.com\/wp-content\/uploads\/2025\/03\/telescopic-hydraulic-cylinder-3.webp 952w, https:\/\/fmp-components.com\/wp-content\/uploads\/2025\/03\/telescopic-hydraulic-cylinder-3-480x480.webp 480w\" sizes=\"(min-width: 0px) and (max-width: 480px) 480px, (min-width: 481px) 952px, 100vw\" \/><\/p>\n<h2>Aplica\u00e7\u00e3o do produto<\/h2>\n<p>Este cilindro hidr\u00e1ulico para guincho \u00e9 ideal para uso em oficinas de reparo de m\u00e1quinas, fazendas, ind\u00fastrias de energia e minera\u00e7\u00e3o, al\u00e9m de f\u00e1bricas e ind\u00fastrias de fabrica\u00e7\u00e3o de m\u00e1quinas. Ele foi projetado para suportar cargas pesadas e operar em condi\u00e7\u00f5es adversas.<\/p>\n<h2>Cilindros Hidr\u00e1ulicos e Unidades de Pot\u00eancia<\/h2>\n<p>Cilindros hidr\u00e1ulicos e unidades de pot\u00eancia s\u00e3o componentes insepar\u00e1veis \u200b\u200bdo sistema hidr\u00e1ulico. Sua opera\u00e7\u00e3o combinada garante a ampla aplica\u00e7\u00e3o da tecnologia hidr\u00e1ulica no setor industrial, fornecendo pot\u00eancia confi\u00e1vel e suporte de controle para diversos equipamentos de engenharia e mec\u00e2nicos. Na FMP, tamb\u00e9m oferecemos unidades de pot\u00eancia para venda.<\/p>\n<h2>Perguntas frequentes<\/h2>\n<p><b>P: Voc\u00ea \u00e9 uma empresa comercial ou fabricante?<\/b><br \/>\nR: Somos uma f\u00e1brica.<\/p>\n<p><b>P: Quanto tempo demora a entrega?<\/b><br \/>\nR: Geralmente s\u00e3o de 25 a 35 dias.<\/p>\n<p><b>P: Voc\u00eas fornecem amostras? \u00c9 gr\u00e1tis ou extra?<\/b><br \/>\nR: Sim, podemos oferecer a amostra, mas n\u00e3o \u00e9 gr\u00e1tis.<\/p>\n<h3>Sobre a FMP<\/h3>\n<p>A FMP \u00e9 uma fabricante italiana de renome, reconhecida por sua expertise em projeto, desenvolvimento e produ\u00e7\u00e3o de cilindros hidr\u00e1ulicos de alta qualidade. Com d\u00e9cadas de experi\u00eancia no setor, combinamos perfeitamente o artesanato tradicional italiano com tecnologia de ponta para fornecer solu\u00e7\u00f5es hidr\u00e1ulicas excepcionais, adaptadas \u00e0s diversas necessidades de nossos clientes globais. Localizada na It\u00e1lia, um centro de excel\u00eancia em engenharia, a FMP se consolidou como uma marca confi\u00e1vel no setor hidr\u00e1ulico, dedicada a fornecer produtos confi\u00e1veis, dur\u00e1veis e inovadores que impulsionam empresas em todo o mundo.<\/p>\n<p>Nossa empresa combina o melhor das pr\u00e1ticas avan\u00e7adas de fabrica\u00e7\u00e3o com uma abordagem inovadora. Com anos de experi\u00eancia em sistemas hidr\u00e1ulicos, a FMP evoluiu para uma empresa moderna que se destaca em pesquisa, design e produ\u00e7\u00e3o. Oferecemos uma ampla gama de cilindros hidr\u00e1ulicos, incluindo cilindros de dupla a\u00e7\u00e3o, cilindros de eleva\u00e7\u00e3o automotiva, cilindros para m\u00e1quinas agr\u00edcolas e solu\u00e7\u00f5es personalizadas para diversas aplica\u00e7\u00f5es industriais. Seja para constru\u00e7\u00e3o, instala\u00e7\u00f5es industriais, agricultura ou m\u00e1quinas pesadas, nossos cilindros hidr\u00e1ulicos s\u00e3o projetados para operar nas condi\u00e7\u00f5es mais desafiadoras, garantindo seguran\u00e7a, efici\u00eancia e durabilidade.<\/p>\n<p>Na FMP, orgulhamo-nos de nossas instala\u00e7\u00f5es de produ\u00e7\u00e3o de ponta, equipadas com m\u00e1quinas de precis\u00e3o e sistemas de teste avan\u00e7ados. Nossos processos de fabrica\u00e7\u00e3o seguem rigorosos padr\u00f5es nacionais e internacionais, garantindo que cada cilindro hidr\u00e1ulico produzido atenda aos mais altos padr\u00f5es de qualidade e confiabilidade. Com uma equipe t\u00e9cnica qualificada e equipamentos de \u00faltima gera\u00e7\u00e3o, mantemos um rigoroso controle de qualidade em todas as etapas da produ\u00e7\u00e3o \u2014 desde a sele\u00e7\u00e3o da mat\u00e9ria-prima at\u00e9 a inspe\u00e7\u00e3o final. Esse compromisso com a excel\u00eancia nos rendeu certifica\u00e7\u00f5es e reconhecimento de autoridades do setor, refor\u00e7ando nossa reputa\u00e7\u00e3o como um parceiro confi\u00e1vel.<\/p>\n<p><img loading=\"lazy\" decoding=\"async\" class=\"alignnone size-full wp-image-6720\" src=\"https:\/\/fmp-components.com\/wp-content\/uploads\/2025\/03\/hydraulic-cylinder-8.webp\" alt=\"Cilindros Hidr\u00e1ulicos Telesc\u00f3picos\" width=\"933\" height=\"526\" title=\"\" srcset=\"https:\/\/fmp-components.com\/wp-content\/uploads\/2025\/03\/hydraulic-cylinder-8.webp 933w, https:\/\/fmp-components.com\/wp-content\/uploads\/2025\/03\/hydraulic-cylinder-8-480x271.webp 480w\" sizes=\"(min-width: 0px) and (max-width: 480px) 480px, (min-width: 481px) 933px, 100vw\" \/><\/p>\n<p>Nossa miss\u00e3o \u00e9 simples e ambiciosa: fornecer aos nossos clientes cilindros hidr\u00e1ulicos que superem as expectativas em desempenho, durabilidade e valor. Seguimos os princ\u00edpios fundamentais de profissionalismo, integridade e foco no cliente. Ao promover uma cultura de inova\u00e7\u00e3o e precis\u00e3o, aprimoramos continuamente nossos produtos para nos mantermos \u00e0 frente em um mercado competitivo. Nossa ampla gama de produtos e a capacidade de oferecer solu\u00e7\u00f5es personalizadas nos tornam a escolha preferida para empresas que buscam cilindros hidr\u00e1ulicos de alto desempenho.<\/p>\n<p>A FMP \u00e9 mais do que apenas uma fabricante; somos parceiros comprometidos com o seu sucesso. Entendemos que nossos clientes dependem de n\u00f3s para fornecer ferramentas que aumentam a produtividade e a seguran\u00e7a. \u00c9 por isso que nos dedicamos a fornecer n\u00e3o apenas produtos de primeira linha, mas tamb\u00e9m um servi\u00e7o excepcional. Das consultas iniciais ao suporte p\u00f3s-venda, colaboramos estreitamente com nossos clientes para garantir que suas necessidades sejam atendidas com profissionalismo e cuidado. Nossos pre\u00e7os competitivos, aliados a um compromisso inabal\u00e1vel com a qualidade, fazem da FMP a escolha inteligente para empresas que buscam investir em solu\u00e7\u00f5es hidr\u00e1ulicas confi\u00e1veis.<\/p>","protected":false},"excerpt":{"rendered":"<p>Multi Stage Dump Truck Hydraulic Hoist Cylinder Introducing our brand-new product, the Multi Stage Dump Truck Hydraulic Hoist Cylinder. A vital component for heavy machinery, this hydraulic cylinder is perfect for machinery repair shops, farms, energy and mining industries, and machinery manufacturing and factories. Product Features and Specifications This top-quality hydraulic hoist cylinder comes with [&hellip;]<\/p>","protected":false},"featured_media":6757,"comment_status":"closed","ping_status":"closed","template":"","meta":{"_et_pb_use_builder":"","_et_pb_old_content":"","_et_gb_content_width":""},"product_brand":[],"product_cat":[103],"product_tag":[34,105],"class_list":{"0":"post-6647","1":"product","2":"type-product","3":"status-publish","4":"has-post-thumbnail","6":"product_cat-telescopic-hydraulic-cylinders","7":"product_tag-hydraulic-cylinder","8":"product_tag-telescopic-hydraulic-cylinders","10":"first","11":"instock","12":"product-type-simple"},"_links":{"self":[{"href":"https:\/\/fmp-components.com\/pt\/wp-json\/wp\/v2\/product\/6647","targetHints":{"allow":["GET"]}}],"collection":[{"href":"https:\/\/fmp-components.com\/pt\/wp-json\/wp\/v2\/product"}],"about":[{"href":"https:\/\/fmp-components.com\/pt\/wp-json\/wp\/v2\/types\/product"}],"replies":[{"embeddable":true,"href":"https:\/\/fmp-components.com\/pt\/wp-json\/wp\/v2\/comments?post=6647"}],"wp:featuredmedia":[{"embeddable":true,"href":"https:\/\/fmp-components.com\/pt\/wp-json\/wp\/v2\/media\/6757"}],"wp:attachment":[{"href":"https:\/\/fmp-components.com\/pt\/wp-json\/wp\/v2\/media?parent=6647"}],"wp:term":[{"taxonomy":"product_brand","embeddable":true,"href":"https:\/\/fmp-components.com\/pt\/wp-json\/wp\/v2\/product_brand?post=6647"},{"taxonomy":"product_cat","embeddable":true,"href":"https:\/\/fmp-components.com\/pt\/wp-json\/wp\/v2\/product_cat?post=6647"},{"taxonomy":"product_tag","embeddable":true,"href":"https:\/\/fmp-components.com\/pt\/wp-json\/wp\/v2\/product_tag?post=6647"}],"curies":[{"name":"wp","href":"https:\/\/api.w.org\/{rel}","templated":true}]}}