{"id":6643,"date":"2025-03-11T06:35:17","date_gmt":"2025-03-11T06:35:17","guid":{"rendered":"https:\/\/fmp-components.com\/product\/excellent-quality-3-stage-multistage-double-acting-hydraulic-cylinder"},"modified":"2025-03-18T01:03:20","modified_gmt":"2025-03-18T01:03:20","slug":"excellent-quality-3-stage-multistage-double-acting-hydraulic-cylinder","status":"publish","type":"product","link":"https:\/\/fmp-components.com\/pt\/product\/excellent-quality-3-stage-multistage-double-acting-hydraulic-cylinder\/","title":{"rendered":"Cilindro hidr\u00e1ulico de dupla a\u00e7\u00e3o de 3 est\u00e1gios de excelente qualidade"},"content":{"rendered":"<h2>Cilindro hidr\u00e1ulico de dupla a\u00e7\u00e3o de 3 est\u00e1gios de excelente qualidade<\/h2>\n<p>Experimente o desempenho superior do nosso cilindro hidr\u00e1ulico de dupla a\u00e7\u00e3o de 3 est\u00e1gios. Cuidadosamente projetado para uma variedade de ind\u00fastrias, este produto \u00e9 a combina\u00e7\u00e3o perfeita de efici\u00eancia e durabilidade. \u00c9 uma nova adi\u00e7\u00e3o \u00e0 nossa cole\u00e7\u00e3o de cilindros hidr\u00e1ulicos de alta qualidade, lan\u00e7ada na nova linha de produtos 2025.<\/p>\n<h3>Principais recursos e benef\u00edcios<\/h3>\n<ul>\n<li><strong>Material de qualidade:<\/strong> Fabricado em a\u00e7o de alta qualidade, garante longa durabilidade e robustez.<\/li>\n<li><strong>Dupla atua\u00e7\u00e3o:<\/strong> Oferece opera\u00e7\u00e3o suave e eficiente tanto na dire\u00e7\u00e3o de empurrar quanto na de puxar.<\/li>\n<li><strong>Tamanho padr\u00e3o:<\/strong> Adequado para aplica\u00e7\u00f5es industriais padr\u00e3o com di\u00e2metro interno de 2 a 6 polegadas e di\u00e2metro da haste de 1,125 a 4 polegadas.<\/li>\n<li><strong>Alta capacidade:<\/strong> Pode suportar um empuxo m\u00e1ximo de 3000 e puxar at\u00e9 20 toneladas.<\/li>\n<li><strong>Garantia:<\/strong> Vem com garantia de 1 ano nos componentes principais, garantindo tranquilidade.<\/li>\n<\/ul>\n<h3>Especifica\u00e7\u00f5es t\u00e9cnicas<\/h3>\n<table style=\"width: 96.9706%;\" border=\"\">\n<tbody>\n<tr>\n<td style=\"width: 43.4286%;\"><strong>Tamanho do furo<\/strong><\/td>\n<td style=\"width: 402.857%;\">2-6 polegadas<\/td>\n<\/tr>\n<tr>\n<td style=\"width: 43.4286%;\"><strong>Tamanho da haste<\/strong><\/td>\n<td style=\"width: 402.857%;\">1,125-4 polegadas<\/td>\n<\/tr>\n<tr>\n<td style=\"width: 43.4286%;\"><strong>Tamanho do tra\u00e7o<\/strong><\/td>\n<td style=\"width: 402.857%;\">4-100 polegadas<\/td>\n<\/tr>\n<tr>\n<td style=\"width: 43.4286%;\"><strong>Tamanho do pino<\/strong><\/td>\n<td style=\"width: 402.857%;\">0,5-2 polegadas<\/td>\n<\/tr>\n<tr>\n<td style=\"width: 43.4286%;\"><strong>Portos<\/strong><\/td>\n<td style=\"width: 402.857%;\">G\/SAE\/NPT\/M<\/td>\n<\/tr>\n<\/tbody>\n<\/table>\n<h2>Compreendendo os sistemas hidr\u00e1ulicos<\/h2>\n<p>Sistemas hidr\u00e1ulicos, como nosso cilindro hidr\u00e1ulico multiest\u00e1gios, utilizam fluido para transmitir pot\u00eancia. A efici\u00eancia e a seguran\u00e7a do sistema o tornam uma escolha ideal para diversos setores, desde oficinas de reparo de m\u00e1quinas e fazendas at\u00e9 os setores de energia, minera\u00e7\u00e3o e fabrica\u00e7\u00e3o de m\u00e1quinas.<\/p>\n<p><img loading=\"lazy\" decoding=\"async\" class=\"alignnone wp-image-6661\" src=\"https:\/\/fmp-components.com\/wp-content\/uploads\/2025\/03\/telescopic-hydraulic-cylinder-10.webp\" alt=\"cilindro hidr\u00e1ulico telesc\u00f3pico\" width=\"904\" height=\"904\" title=\"\" srcset=\"https:\/\/fmp-components.com\/wp-content\/uploads\/2025\/03\/telescopic-hydraulic-cylinder-10.webp 904w, https:\/\/fmp-components.com\/wp-content\/uploads\/2025\/03\/telescopic-hydraulic-cylinder-10-480x480.webp 480w\" sizes=\"(min-width: 0px) and (max-width: 480px) 480px, (min-width: 481px) 904px, 100vw\" \/><\/p>\n<h2>Aplica\u00e7\u00f5es de Cilindros Hidr\u00e1ulicos<\/h2>\n<p>Nossos cilindros hidr\u00e1ulicos s\u00e3o vers\u00e1teis e encontram ampla aplica\u00e7\u00e3o em diversos setores industriais. S\u00e3o particularmente \u00fateis em m\u00e1quinas pesadas e equipamentos industriais, fornecendo a pot\u00eancia e o controle necess\u00e1rios.<\/p>\n<h2>Cilindros hidr\u00e1ulicos e unidades de pot\u00eancia<\/h2>\n<p>Cilindros hidr\u00e1ulicos e unidades de pot\u00eancia s\u00e3o componentes essenciais de sistemas hidr\u00e1ulicos. Sua fun\u00e7\u00e3o conjunta garante a ampla aplica\u00e7\u00e3o da tecnologia hidr\u00e1ulica em diversos setores industriais, fornecendo pot\u00eancia confi\u00e1vel e suporte de controle para v\u00e1rios equipamentos de engenharia e m\u00e1quinas. Na FMP, tamb\u00e9m oferecemos unidades de pot\u00eancia para venda.<\/p>\n<h2>Perguntas frequentes<\/h2>\n<ol>\n<li><strong>P: Voc\u00ea \u00e9 uma empresa comercial ou fabricante?<\/strong><br \/>\nR: Somos uma f\u00e1brica.<\/li>\n<li><strong>P: Quanto tempo demora a entrega?<\/strong><br \/>\nR: Geralmente s\u00e3o de 25 a 35 dias.<\/li>\n<li><strong>P: Voc\u00eas podem produzir de acordo com as amostras?<\/strong><br \/>\nR: Sim, podemos produzir com base em suas amostras ou desenhos t\u00e9cnicos. Podemos construir os moldes e acess\u00f3rios.<\/li>\n<\/ol>\n<h3>Sobre a FMP<\/h3>\n<p class=\"break-words\">A FMP \u00e9 uma fabricante italiana l\u00edder, especializada em projeto, desenvolvimento e produ\u00e7\u00e3o de cilindros hidr\u00e1ulicos de alta qualidade. Com uma rica heran\u00e7a alicer\u00e7ada em d\u00e9cadas de experi\u00eancia, combinamos com orgulho o artesanato italiano com tecnologia de ponta para oferecer solu\u00e7\u00f5es hidr\u00e1ulicas excepcionais, personalizadas para atender \u00e0s diversas necessidades de nossa clientela global. Com sede na It\u00e1lia, um polo de excel\u00eancia em engenharia, a FMP se destaca como uma marca confi\u00e1vel na ind\u00fastria hidr\u00e1ulica, comprometida em fornecer produtos confi\u00e1veis, dur\u00e1veis e inovadores que impulsionam empresas em todo o mundo.<\/p>\n<p class=\"break-words\">Nossa empresa integra o melhor das tradi\u00e7\u00f5es de fabrica\u00e7\u00e3o avan\u00e7ada com uma abordagem inovadora. Com anos de experi\u00eancia em sistemas hidr\u00e1ulicos, a FMP evoluiu para uma empresa moderna que se destaca em pesquisa, design e produ\u00e7\u00e3o. Somos especializados em uma ampla gama de cilindros hidr\u00e1ulicos, incluindo cilindros de dupla a\u00e7\u00e3o, cilindros de eleva\u00e7\u00e3o automotiva, cilindros para m\u00e1quinas agr\u00edcolas e solu\u00e7\u00f5es personalizadas para diversas aplica\u00e7\u00f5es industriais. Seja para constru\u00e7\u00e3o, instala\u00e7\u00f5es industriais, agricultura ou m\u00e1quinas pesadas, nossos cilindros hidr\u00e1ulicos s\u00e3o projetados para operar nas condi\u00e7\u00f5es mais dif\u00edceis, garantindo seguran\u00e7a, efici\u00eancia e durabilidade.<\/p>\n<p><img loading=\"lazy\" decoding=\"async\" class=\"alignnone size-full wp-image-6720\" src=\"https:\/\/fmp-components.com\/wp-content\/uploads\/2025\/03\/hydraulic-cylinder-8.webp\" alt=\"Cilindros Hidr\u00e1ulicos Telesc\u00f3picos\" width=\"933\" height=\"526\" title=\"\" srcset=\"https:\/\/fmp-components.com\/wp-content\/uploads\/2025\/03\/hydraulic-cylinder-8.webp 933w, https:\/\/fmp-components.com\/wp-content\/uploads\/2025\/03\/hydraulic-cylinder-8-480x271.webp 480w\" sizes=\"(min-width: 0px) and (max-width: 480px) 480px, (min-width: 481px) 933px, 100vw\" \/><\/p>\n<p class=\"break-words\">Na FMP, orgulhamo-nos de nossas instala\u00e7\u00f5es de produ\u00e7\u00e3o de \u00faltima gera\u00e7\u00e3o, equipadas com m\u00e1quinas de precis\u00e3o e sistemas de teste avan\u00e7ados. Nossos processos de fabrica\u00e7\u00e3o seguem rigorosos padr\u00f5es nacionais e internacionais, garantindo que cada cilindro hidr\u00e1ulico que sai de nossa f\u00e1brica seja de qualidade e confiabilidade superiores. Nossa equipe t\u00e9cnica qualificada, aliada a equipamentos de \u00faltima gera\u00e7\u00e3o, nos permite manter um rigoroso controle de qualidade em todas as etapas da produ\u00e7\u00e3o \u2014 desde a sele\u00e7\u00e3o da mat\u00e9ria-prima at\u00e9 a inspe\u00e7\u00e3o final. Essa dedica\u00e7\u00e3o \u00e0 excel\u00eancia nos rendeu certifica\u00e7\u00f5es e reconhecimento de autoridades do setor, consolidando ainda mais nossa reputa\u00e7\u00e3o como um parceiro confi\u00e1vel.<\/p>\n<p class=\"break-words\">Nossa miss\u00e3o \u00e9 simples, por\u00e9m ambiciosa: fornecer aos nossos clientes cilindros hidr\u00e1ulicos que superem as expectativas em desempenho, durabilidade e valor. Atuamos sob os princ\u00edpios norteadores de profissionalismo, integridade e foco no cliente. Ao fomentar uma cultura de inova\u00e7\u00e3o e precis\u00e3o, refinamos continuamente nossos produtos para nos mantermos \u00e0 frente em um mercado competitivo. Nossa abrangente linha de produtos e a capacidade de oferecer solu\u00e7\u00f5es personalizadas nos tornam a escolha ideal para empresas que buscam cilindros hidr\u00e1ulicos de alto desempenho.<\/p>\n<p class=\"break-words\">A FMP \u00e9 mais do que apenas uma fabricante \u2014 somos uma parceira para o seu sucesso. Entendemos que nossos clientes confiam em n\u00f3s para fornecer ferramentas que aumentam sua produtividade e seguran\u00e7a. \u00c9 por isso que nos comprometemos a oferecer n\u00e3o apenas produtos de primeira linha, mas tamb\u00e9m um servi\u00e7o excepcional. Da consultoria inicial ao suporte p\u00f3s-venda, trabalhamos em estreita colabora\u00e7\u00e3o com nossos clientes para garantir que suas necessidades sejam atendidas com profissionalismo e cuidado. Nossos pre\u00e7os competitivos, aliados ao nosso compromisso inabal\u00e1vel com a qualidade, fazem da FMP a escolha inteligente para empresas que buscam investir em solu\u00e7\u00f5es hidr\u00e1ulicas confi\u00e1veis.<\/p>","protected":false},"excerpt":{"rendered":"<p>Excellent Quality 3 Stage Multistage Double Acting Hydraulic Cylinder Experience the superior performance of our 3 Stage Multistage Double Acting hydraulic cylinder. Crafted carefully for a variety of industries, this product is a perfect blend of efficiency and durability. It&#8217;s a new addition to our top-quality hydraulic cylinders collection, launched under the new product 2025 [&hellip;]<\/p>","protected":false},"featured_media":6782,"comment_status":"closed","ping_status":"closed","template":"","meta":{"_et_pb_use_builder":"","_et_pb_old_content":"","_et_gb_content_width":""},"product_brand":[],"product_cat":[103],"product_tag":[34,105],"class_list":{"0":"post-6643","1":"product","2":"type-product","3":"status-publish","4":"has-post-thumbnail","6":"product_cat-telescopic-hydraulic-cylinders","7":"product_tag-hydraulic-cylinder","8":"product_tag-telescopic-hydraulic-cylinders","10":"first","11":"instock","12":"product-type-simple"},"_links":{"self":[{"href":"https:\/\/fmp-components.com\/pt\/wp-json\/wp\/v2\/product\/6643","targetHints":{"allow":["GET"]}}],"collection":[{"href":"https:\/\/fmp-components.com\/pt\/wp-json\/wp\/v2\/product"}],"about":[{"href":"https:\/\/fmp-components.com\/pt\/wp-json\/wp\/v2\/types\/product"}],"replies":[{"embeddable":true,"href":"https:\/\/fmp-components.com\/pt\/wp-json\/wp\/v2\/comments?post=6643"}],"wp:featuredmedia":[{"embeddable":true,"href":"https:\/\/fmp-components.com\/pt\/wp-json\/wp\/v2\/media\/6782"}],"wp:attachment":[{"href":"https:\/\/fmp-components.com\/pt\/wp-json\/wp\/v2\/media?parent=6643"}],"wp:term":[{"taxonomy":"product_brand","embeddable":true,"href":"https:\/\/fmp-components.com\/pt\/wp-json\/wp\/v2\/product_brand?post=6643"},{"taxonomy":"product_cat","embeddable":true,"href":"https:\/\/fmp-components.com\/pt\/wp-json\/wp\/v2\/product_cat?post=6643"},{"taxonomy":"product_tag","embeddable":true,"href":"https:\/\/fmp-components.com\/pt\/wp-json\/wp\/v2\/product_tag?post=6643"}],"curies":[{"name":"wp","href":"https:\/\/api.w.org\/{rel}","templated":true}]}}