{"id":6642,"date":"2025-03-11T06:35:17","date_gmt":"2025-03-11T06:35:17","guid":{"rendered":"https:\/\/fmp-components.com\/product\/factory-customized-double-acting-multistage-20-ton-hydraulic-cylinder-for-dump-truck"},"modified":"2025-03-14T00:37:31","modified_gmt":"2025-03-14T00:37:31","slug":"factory-customized-double-acting-multistage-20-ton-hydraulic-cylinder-for-dump-truck","status":"publish","type":"product","link":"https:\/\/fmp-components.com\/pt\/product\/factory-customized-double-acting-multistage-20-ton-hydraulic-cylinder-for-dump-truck\/","title":{"rendered":"Cilindro hidr\u00e1ulico de dupla a\u00e7\u00e3o multiest\u00e1gio de 20 toneladas personalizado de f\u00e1brica para caminh\u00e3o basculante"},"content":{"rendered":"<h2>Cilindro hidr\u00e1ulico de dupla a\u00e7\u00e3o multiest\u00e1gio de 20 toneladas personalizado de f\u00e1brica para caminh\u00e3o basculante<\/h2>\n<p>Experimente o poder da tecnologia hidr\u00e1ulica avan\u00e7ada com nosso cilindro hidr\u00e1ulico de dupla a\u00e7\u00e3o e m\u00faltiplos est\u00e1gios de 20 toneladas, personalizado de f\u00e1brica e projetado especialmente para caminh\u00f5es basculantes. Este produto nov\u00edssimo, com um ano de garantia, foi fabricado com perfei\u00e7\u00e3o para atender a diversos setores, incluindo oficinas de reparo de m\u00e1quinas, fazendas, energia e minera\u00e7\u00e3o, fabrica\u00e7\u00e3o de m\u00e1quinas e f\u00e1bricas de m\u00e1quinas.<\/p>\n<h3>Especifica\u00e7\u00f5es do produto<\/h3>\n<p>O produto possui uma s\u00e9rie de caracter\u00edsticas e especifica\u00e7\u00f5es exclusivas que o diferenciam dos demais. O cilindro hidr\u00e1ulico tem certifica\u00e7\u00e3o ISO9001:2000 e \u00e9 fabricado com precis\u00e3o e perfei\u00e7\u00e3o. Trata-se de um cilindro de pist\u00e3o padr\u00e3o, acionado com pot\u00eancia por sistema hidr\u00e1ulico.<\/p>\n<table style=\"width: 99.8858%;\" border=\"\">\n<tbody>\n<tr>\n<td style=\"width: 42.8571%;\"><i>Tamanho do furo<\/i><\/td>\n<td style=\"width: 406.286%;\">2-6 polegadas<\/td>\n<\/tr>\n<tr>\n<td style=\"width: 42.8571%;\"><i>Tamanho da haste<\/i><\/td>\n<td style=\"width: 406.286%;\">1,125-4 polegadas<\/td>\n<\/tr>\n<tr>\n<td style=\"width: 42.8571%;\"><i>Tamanho do tra\u00e7o<\/i><\/td>\n<td style=\"width: 406.286%;\">4-100 polegadas<\/td>\n<\/tr>\n<tr>\n<td style=\"width: 42.8571%;\"><i>Tamanho do pino<\/i><\/td>\n<td style=\"width: 406.286%;\">0,5-2 polegadas<\/td>\n<\/tr>\n<tr>\n<td style=\"width: 42.8571%;\"><i>Portos<\/i><\/td>\n<td style=\"width: 406.286%;\">G\/SAE\/NPT\/M<\/td>\n<\/tr>\n<\/tbody>\n<\/table>\n<h3>Recursos e benef\u00edcios exclusivos<\/h3>\n<ul>\n<li>Economia de energia<\/li>\n<li>Alta efici\u00eancia<\/li>\n<li>Seguran\u00e7a m\u00e1xima<\/li>\n<\/ul>\n<p><img loading=\"lazy\" decoding=\"async\" class=\"alignnone  wp-image-6659\" src=\"https:\/\/fmp-components.com\/wp-content\/uploads\/2025\/03\/telescopic-hydraulic-cylinder-12.webp\" alt=\"cilindro hidr\u00e1ulico telesc\u00f3pico\" width=\"863\" height=\"863\" title=\"\" srcset=\"https:\/\/fmp-components.com\/wp-content\/uploads\/2025\/03\/telescopic-hydraulic-cylinder-12.webp 863w, https:\/\/fmp-components.com\/wp-content\/uploads\/2025\/03\/telescopic-hydraulic-cylinder-12-480x480.webp 480w\" sizes=\"(min-width: 0px) and (max-width: 480px) 480px, (min-width: 481px) 863px, 100vw\" \/><\/p>\n<h2>Princ\u00edpio de funcionamento do sistema hidr\u00e1ulico<\/h2>\n<p>O cilindro hidr\u00e1ulico converte energia hidr\u00e1ulica em energia mec\u00e2nica, transformando press\u00e3o em for\u00e7a. A unidade de pot\u00eancia, por sua vez, funciona como o cora\u00e7\u00e3o do sistema hidr\u00e1ulico, fornecendo a energia necess\u00e1ria e os sinais de controle.<\/p>\n<h2>Cilindros Hidr\u00e1ulicos e Unidades de Pot\u00eancia<\/h2>\n<p>Cilindros hidr\u00e1ulicos e unidades de pot\u00eancia s\u00e3o partes integrantes de um sistema hidr\u00e1ulico. Seu funcionamento harmonioso garante uma ampla aplica\u00e7\u00e3o da tecnologia hidr\u00e1ulica em diversos setores, fornecendo pot\u00eancia confi\u00e1vel e suporte de controle para diferentes equipamentos de engenharia e mec\u00e2nica. A FMP tamb\u00e9m oferece unidades de pot\u00eancia para venda.<\/p>\n<h3>Perguntas frequentes<\/h3>\n<p>P: Voc\u00ea \u00e9 uma empresa comercial ou fabricante?<br \/>\nR: Somos uma f\u00e1brica.<\/p>\n<p>P: Quanto tempo demora a entrega?<br \/>\nR: Geralmente s\u00e3o de 25 a 35 dias.<\/p>\n<p>P: Voc\u00eas fornecem amostras? \u00c9 gr\u00e1tis ou extra?<br \/>\nR: Sim, podemos oferecer a amostra, mas n\u00e3o \u00e9 gr\u00e1tis.<\/p>\n<h3>Sobre a FMP<\/h3>\n<p class=\"break-words\">A FMP \u00e9 uma fabricante italiana l\u00edder, especializada em projeto, desenvolvimento e produ\u00e7\u00e3o de cilindros hidr\u00e1ulicos de alta qualidade. Com uma rica heran\u00e7a alicer\u00e7ada em d\u00e9cadas de experi\u00eancia, combinamos com orgulho o artesanato italiano com tecnologia de ponta para oferecer solu\u00e7\u00f5es hidr\u00e1ulicas excepcionais, personalizadas para atender \u00e0s diversas necessidades de nossa clientela global. Com sede na It\u00e1lia, um polo de excel\u00eancia em engenharia, a FMP se destaca como uma marca confi\u00e1vel na ind\u00fastria hidr\u00e1ulica, comprometida em fornecer produtos confi\u00e1veis, dur\u00e1veis e inovadores que impulsionam empresas em todo o mundo.<\/p>\n<p class=\"break-words\">Nossa empresa integra o melhor das tradi\u00e7\u00f5es de fabrica\u00e7\u00e3o avan\u00e7ada com uma abordagem inovadora. Com anos de experi\u00eancia em sistemas hidr\u00e1ulicos, a FMP evoluiu para uma empresa moderna que se destaca em pesquisa, design e produ\u00e7\u00e3o. Somos especializados em uma ampla gama de cilindros hidr\u00e1ulicos, incluindo cilindros de dupla a\u00e7\u00e3o, cilindros de eleva\u00e7\u00e3o automotiva, cilindros para m\u00e1quinas agr\u00edcolas e solu\u00e7\u00f5es personalizadas para diversas aplica\u00e7\u00f5es industriais. Seja para constru\u00e7\u00e3o, instala\u00e7\u00f5es industriais, agricultura ou m\u00e1quinas pesadas, nossos cilindros hidr\u00e1ulicos s\u00e3o projetados para operar nas condi\u00e7\u00f5es mais dif\u00edceis, garantindo seguran\u00e7a, efici\u00eancia e durabilidade.<\/p>\n<p><img loading=\"lazy\" decoding=\"async\" class=\"alignnone size-full wp-image-6720\" src=\"https:\/\/fmp-components.com\/wp-content\/uploads\/2025\/03\/hydraulic-cylinder-8.webp\" alt=\"Cilindros Hidr\u00e1ulicos Telesc\u00f3picos\" width=\"933\" height=\"526\" title=\"\" srcset=\"https:\/\/fmp-components.com\/wp-content\/uploads\/2025\/03\/hydraulic-cylinder-8.webp 933w, https:\/\/fmp-components.com\/wp-content\/uploads\/2025\/03\/hydraulic-cylinder-8-480x271.webp 480w\" sizes=\"(min-width: 0px) and (max-width: 480px) 480px, (min-width: 481px) 933px, 100vw\" \/><\/p>\n<p class=\"break-words\">Na FMP, orgulhamo-nos de nossas instala\u00e7\u00f5es de produ\u00e7\u00e3o de \u00faltima gera\u00e7\u00e3o, equipadas com m\u00e1quinas de precis\u00e3o e sistemas de teste avan\u00e7ados. Nossos processos de fabrica\u00e7\u00e3o seguem rigorosos padr\u00f5es nacionais e internacionais, garantindo que cada cilindro hidr\u00e1ulico que sai de nossa f\u00e1brica seja de qualidade e confiabilidade superiores. Nossa equipe t\u00e9cnica qualificada, aliada a equipamentos de \u00faltima gera\u00e7\u00e3o, nos permite manter um rigoroso controle de qualidade em todas as etapas da produ\u00e7\u00e3o \u2014 desde a sele\u00e7\u00e3o da mat\u00e9ria-prima at\u00e9 a inspe\u00e7\u00e3o final. Essa dedica\u00e7\u00e3o \u00e0 excel\u00eancia nos rendeu certifica\u00e7\u00f5es e reconhecimento de autoridades do setor, consolidando ainda mais nossa reputa\u00e7\u00e3o como um parceiro confi\u00e1vel.<\/p>\n<p class=\"break-words\">Nossa miss\u00e3o \u00e9 simples, por\u00e9m ambiciosa: fornecer aos nossos clientes cilindros hidr\u00e1ulicos que superem as expectativas em desempenho, durabilidade e valor. Atuamos sob os princ\u00edpios norteadores de profissionalismo, integridade e foco no cliente. Ao fomentar uma cultura de inova\u00e7\u00e3o e precis\u00e3o, refinamos continuamente nossos produtos para nos mantermos \u00e0 frente em um mercado competitivo. Nossa abrangente linha de produtos e a capacidade de oferecer solu\u00e7\u00f5es personalizadas nos tornam a escolha ideal para empresas que buscam cilindros hidr\u00e1ulicos de alto desempenho.<\/p>\n<p class=\"break-words\">A FMP \u00e9 mais do que apenas uma fabricante \u2014 somos uma parceira para o seu sucesso. Entendemos que nossos clientes confiam em n\u00f3s para fornecer ferramentas que aumentam sua produtividade e seguran\u00e7a. \u00c9 por isso que nos comprometemos a oferecer n\u00e3o apenas produtos de primeira linha, mas tamb\u00e9m um servi\u00e7o excepcional. Da consultoria inicial ao suporte p\u00f3s-venda, trabalhamos em estreita colabora\u00e7\u00e3o com nossos clientes para garantir que suas necessidades sejam atendidas com profissionalismo e cuidado. Nossos pre\u00e7os competitivos, aliados ao nosso compromisso inabal\u00e1vel com a qualidade, fazem da FMP a escolha inteligente para empresas que buscam investir em solu\u00e7\u00f5es hidr\u00e1ulicas confi\u00e1veis.<\/p>","protected":false},"excerpt":{"rendered":"<p>Factory Customized Double Acting Multistage 20 Ton Hydraulic Cylinder for Dump Truck Experience the power of advanced hydraulic technology with our factory customized double acting multistage 20 ton hydraulic cylinder, designed especially for dump trucks. This brand-new product, with a year&#8217;s warranty, is crafted to perfection to serve various industries including machinery repair shops, farms, [&hellip;]<\/p>","protected":false},"featured_media":6783,"comment_status":"closed","ping_status":"closed","template":"","meta":{"_et_pb_use_builder":"","_et_pb_old_content":"","_et_gb_content_width":""},"product_brand":[],"product_cat":[103],"product_tag":[34,105],"class_list":{"0":"post-6642","1":"product","2":"type-product","3":"status-publish","4":"has-post-thumbnail","6":"product_cat-telescopic-hydraulic-cylinders","7":"product_tag-hydraulic-cylinder","8":"product_tag-telescopic-hydraulic-cylinders","10":"first","11":"instock","12":"product-type-simple"},"_links":{"self":[{"href":"https:\/\/fmp-components.com\/pt\/wp-json\/wp\/v2\/product\/6642","targetHints":{"allow":["GET"]}}],"collection":[{"href":"https:\/\/fmp-components.com\/pt\/wp-json\/wp\/v2\/product"}],"about":[{"href":"https:\/\/fmp-components.com\/pt\/wp-json\/wp\/v2\/types\/product"}],"replies":[{"embeddable":true,"href":"https:\/\/fmp-components.com\/pt\/wp-json\/wp\/v2\/comments?post=6642"}],"wp:featuredmedia":[{"embeddable":true,"href":"https:\/\/fmp-components.com\/pt\/wp-json\/wp\/v2\/media\/6783"}],"wp:attachment":[{"href":"https:\/\/fmp-components.com\/pt\/wp-json\/wp\/v2\/media?parent=6642"}],"wp:term":[{"taxonomy":"product_brand","embeddable":true,"href":"https:\/\/fmp-components.com\/pt\/wp-json\/wp\/v2\/product_brand?post=6642"},{"taxonomy":"product_cat","embeddable":true,"href":"https:\/\/fmp-components.com\/pt\/wp-json\/wp\/v2\/product_cat?post=6642"},{"taxonomy":"product_tag","embeddable":true,"href":"https:\/\/fmp-components.com\/pt\/wp-json\/wp\/v2\/product_tag?post=6642"}],"curies":[{"name":"wp","href":"https:\/\/api.w.org\/{rel}","templated":true}]}}