{"id":6641,"date":"2025-03-11T06:35:17","date_gmt":"2025-03-11T06:35:17","guid":{"rendered":"https:\/\/fmp-components.com\/product\/2-stage-small-dump-truck-telescopic-hydraulic-cylinder"},"modified":"2025-03-14T00:44:21","modified_gmt":"2025-03-14T00:44:21","slug":"2-stage-small-dump-truck-telescopic-hydraulic-cylinder","status":"publish","type":"product","link":"https:\/\/fmp-components.com\/pt\/product\/2-stage-small-dump-truck-telescopic-hydraulic-cylinder\/","title":{"rendered":"Cilindro hidr\u00e1ulico telesc\u00f3pico de caminh\u00e3o basculante pequeno de 2 est\u00e1gios"},"content":{"rendered":"<h2>Cilindro hidr\u00e1ulico telesc\u00f3pico de caminh\u00e3o basculante pequeno de 2 est\u00e1gios<\/h2>\n<p>Apresentamos o Cilindro Hidr\u00e1ulico Telesc\u00f3pico de 2 Est\u00e1gios para Caminh\u00f5es Basculantes de Pequeno Porte, um cilindro hidr\u00e1ulico novo e inovador. Projetado para uso em diversos setores, como oficinas de reparo de m\u00e1quinas, fazendas, energia e minera\u00e7\u00e3o, fabrica\u00e7\u00e3o de m\u00e1quinas e f\u00e1bricas de maquin\u00e1rio, este cilindro hidr\u00e1ulico para caminh\u00f5es basculantes de pequeno porte \u00e9 indispens\u00e1vel para as suas necessidades de maquin\u00e1rio.<\/p>\n<h3>Fun\u00e7\u00e3o e Import\u00e2ncia<\/h3>\n<p>O cilindro hidr\u00e1ulico telesc\u00f3pico de dois est\u00e1gios para caminh\u00f5es basculantes de pequeno porte desempenha um papel crucial na opera\u00e7\u00e3o de m\u00e1quinas. Ele serve como um componente essencial que converte energia hidr\u00e1ulica em energia mec\u00e2nica, fornecendo a pot\u00eancia necess\u00e1ria para o funcionamento da m\u00e1quina. Sua efici\u00eancia e confiabilidade o tornam uma pe\u00e7a indispens\u00e1vel em qualquer equipamento.<\/p>\n<h3>Especifica\u00e7\u00f5es do produto<\/h3>\n<p>Nosso cilindro hidr\u00e1ulico possui as seguintes especifica\u00e7\u00f5es t\u00e9cnicas:<\/p>\n<table style=\"width: 103.292%;\" border=\"\">\n<tbody>\n<tr>\n<td style=\"width: 42.8571%;\"><i>Tamanho do furo<\/i><\/td>\n<td style=\"width: 421.714%;\">2-6 polegadas<\/td>\n<\/tr>\n<tr>\n<td style=\"width: 42.8571%;\"><i>Tamanho da haste<\/i><\/td>\n<td style=\"width: 421.714%;\">1,125-4 polegadas<\/td>\n<\/tr>\n<tr>\n<td style=\"width: 42.8571%;\"><i>Tamanho do tra\u00e7o<\/i><\/td>\n<td style=\"width: 421.714%;\">4-100 polegadas<\/td>\n<\/tr>\n<tr>\n<td style=\"width: 42.8571%;\"><i>Tamanho do pino<\/i><\/td>\n<td style=\"width: 421.714%;\">0,5-2 polegadas<\/td>\n<\/tr>\n<tr>\n<td style=\"width: 42.8571%;\"><i>Portos<\/i><\/td>\n<td style=\"width: 421.714%;\">G\/SAE\/NPT\/M<\/td>\n<\/tr>\n<\/tbody>\n<\/table>\n<h2>Caracter\u00edsticas e vantagens exclusivas<\/h2>\n<p>Nosso cilindro hidr\u00e1ulico telesc\u00f3pico de dois est\u00e1gios para caminh\u00f5es basculantes de pequeno porte oferece diversas caracter\u00edsticas e vantagens exclusivas. \u00c9 eficiente em termos de energia, altamente eficaz e seguro para uso. Seu design multiest\u00e1gios e alta capacidade de empuxo o tornam adequado para aplica\u00e7\u00f5es pesadas. Ele tamb\u00e9m se beneficia de uma estrutura robusta em a\u00e7o e possui certifica\u00e7\u00e3o ISO 9001:2000.<\/p>\n<h2>Sistema hidr\u00e1ulico e princ\u00edpio de funcionamento<\/h2>\n<p>O cilindro hidr\u00e1ulico funciona com base no princ\u00edpio da press\u00e3o do fluido. Quando o fluido hidr\u00e1ulico \u00e9 for\u00e7ado para dentro do cilindro, ele empurra o pist\u00e3o, que por sua vez move a haste e realiza o trabalho.<\/p>\n<p><img loading=\"lazy\" decoding=\"async\" class=\"alignnone  wp-image-6662\" src=\"https:\/\/fmp-components.com\/wp-content\/uploads\/2025\/03\/telescopic-hydraulic-cylinder-4.webp\" alt=\"cilindro hidr\u00e1ulico telesc\u00f3pico\" width=\"798\" height=\"798\" title=\"\" srcset=\"https:\/\/fmp-components.com\/wp-content\/uploads\/2025\/03\/telescopic-hydraulic-cylinder-4.webp 798w, https:\/\/fmp-components.com\/wp-content\/uploads\/2025\/03\/telescopic-hydraulic-cylinder-4-480x480.webp 480w\" sizes=\"(min-width: 0px) and (max-width: 480px) 480px, (min-width: 481px) 798px, 100vw\" \/><\/p>\n<h2>Cilindros Hidr\u00e1ulicos e Unidades de Pot\u00eancia<\/h2>\n<p>O cilindro hidr\u00e1ulico e a unidade de pot\u00eancia s\u00e3o componentes essenciais de qualquer sistema hidr\u00e1ulico. Sua opera\u00e7\u00e3o sin\u00e9rgica garante a ampla aplica\u00e7\u00e3o da tecnologia hidr\u00e1ulica em diversos setores industriais, fornecendo energia confi\u00e1vel e suporte de controle para v\u00e1rios equipamentos de engenharia e mec\u00e2nica. O cilindro hidr\u00e1ulico, como atuador, \u00e9 respons\u00e1vel por converter energia hidr\u00e1ulica em movimento mec\u00e2nico, convertendo press\u00e3o em for\u00e7a. A unidade de pot\u00eancia \u00e9 o n\u00facleo que fornece a energia e os sinais de controle necess\u00e1rios ao sistema hidr\u00e1ulico. Sua coordena\u00e7\u00e3o garante o funcionamento normal do sistema hidr\u00e1ulico. N\u00f3s (FMP) tamb\u00e9m oferecemos unidades de pot\u00eancia para venda.<\/p>\n<h2>Perguntas frequentes<\/h2>\n<p><b>P: Qual \u00e9 o per\u00edodo de garantia do cilindro hidr\u00e1ulico?<\/b><br \/>\nA: O per\u00edodo de garantia do cilindro hidr\u00e1ulico \u00e9 de 1 ano.<\/p>\n<p><b>P: Qual \u00e9 a capacidade m\u00e1xima de tra\u00e7\u00e3o do cilindro hidr\u00e1ulico?<\/b><br \/>\nA: A capacidade m\u00e1xima de tra\u00e7\u00e3o do cilindro hidr\u00e1ulico \u00e9 de 20 toneladas.<\/p>\n<p><b>P: Pode o <b>cilindro hidr\u00e1ulico<\/b> Pode ser personalizado de acordo com as minhas necessidades?<\/b><br \/>\nA: Sim, oferecemos personaliza\u00e7\u00e3o com base em seus desenhos ou amostras.<\/p>\n<h3>Sobre a FMP<\/h3>\n<p class=\"break-words\">A FMP \u00e9 uma fabricante italiana l\u00edder, especializada em projeto, desenvolvimento e produ\u00e7\u00e3o de cilindros hidr\u00e1ulicos de alta qualidade. Com uma rica heran\u00e7a alicer\u00e7ada em d\u00e9cadas de experi\u00eancia, combinamos com orgulho o artesanato italiano com tecnologia de ponta para oferecer solu\u00e7\u00f5es hidr\u00e1ulicas excepcionais, personalizadas para atender \u00e0s diversas necessidades de nossa clientela global. Com sede na It\u00e1lia, um polo de excel\u00eancia em engenharia, a FMP se destaca como uma marca confi\u00e1vel na ind\u00fastria hidr\u00e1ulica, comprometida em fornecer produtos confi\u00e1veis, dur\u00e1veis e inovadores que impulsionam empresas em todo o mundo.<\/p>\n<p class=\"break-words\">Nossa empresa integra o melhor das tradi\u00e7\u00f5es de fabrica\u00e7\u00e3o avan\u00e7ada com uma abordagem inovadora. Com anos de experi\u00eancia em sistemas hidr\u00e1ulicos, a FMP evoluiu para uma empresa moderna que se destaca em pesquisa, design e produ\u00e7\u00e3o. Somos especializados em uma ampla gama de cilindros hidr\u00e1ulicos, incluindo cilindros de dupla a\u00e7\u00e3o, cilindros de eleva\u00e7\u00e3o automotiva, cilindros para m\u00e1quinas agr\u00edcolas e solu\u00e7\u00f5es personalizadas para diversas aplica\u00e7\u00f5es industriais. Seja para constru\u00e7\u00e3o, instala\u00e7\u00f5es industriais, agricultura ou m\u00e1quinas pesadas, nossos cilindros hidr\u00e1ulicos s\u00e3o projetados para operar nas condi\u00e7\u00f5es mais dif\u00edceis, garantindo seguran\u00e7a, efici\u00eancia e durabilidade.<\/p>\n<p><img loading=\"lazy\" decoding=\"async\" class=\"alignnone size-full wp-image-6720\" src=\"https:\/\/fmp-components.com\/wp-content\/uploads\/2025\/03\/hydraulic-cylinder-8.webp\" alt=\"Cilindros Hidr\u00e1ulicos Telesc\u00f3picos\" width=\"933\" height=\"526\" title=\"\" srcset=\"https:\/\/fmp-components.com\/wp-content\/uploads\/2025\/03\/hydraulic-cylinder-8.webp 933w, https:\/\/fmp-components.com\/wp-content\/uploads\/2025\/03\/hydraulic-cylinder-8-480x271.webp 480w\" sizes=\"(min-width: 0px) and (max-width: 480px) 480px, (min-width: 481px) 933px, 100vw\" \/><\/p>\n<p class=\"break-words\">Na FMP, orgulhamo-nos de nossas instala\u00e7\u00f5es de produ\u00e7\u00e3o de \u00faltima gera\u00e7\u00e3o, equipadas com m\u00e1quinas de precis\u00e3o e sistemas de teste avan\u00e7ados. Nossos processos de fabrica\u00e7\u00e3o seguem rigorosos padr\u00f5es nacionais e internacionais, garantindo que cada cilindro hidr\u00e1ulico que sai de nossa f\u00e1brica seja de qualidade e confiabilidade superiores. Nossa equipe t\u00e9cnica qualificada, aliada a equipamentos de \u00faltima gera\u00e7\u00e3o, nos permite manter um rigoroso controle de qualidade em todas as etapas da produ\u00e7\u00e3o \u2014 desde a sele\u00e7\u00e3o da mat\u00e9ria-prima at\u00e9 a inspe\u00e7\u00e3o final. Essa dedica\u00e7\u00e3o \u00e0 excel\u00eancia nos rendeu certifica\u00e7\u00f5es e reconhecimento de autoridades do setor, consolidando ainda mais nossa reputa\u00e7\u00e3o como um parceiro confi\u00e1vel.<\/p>\n<p class=\"break-words\">Nossa miss\u00e3o \u00e9 simples, por\u00e9m ambiciosa: fornecer aos nossos clientes cilindros hidr\u00e1ulicos que superem as expectativas em desempenho, durabilidade e valor. Atuamos sob os princ\u00edpios norteadores de profissionalismo, integridade e foco no cliente. Ao fomentar uma cultura de inova\u00e7\u00e3o e precis\u00e3o, refinamos continuamente nossos produtos para nos mantermos \u00e0 frente em um mercado competitivo. Nossa abrangente linha de produtos e a capacidade de oferecer solu\u00e7\u00f5es personalizadas nos tornam a escolha ideal para empresas que buscam cilindros hidr\u00e1ulicos de alto desempenho.<\/p>\n<p class=\"break-words\">A FMP \u00e9 mais do que apenas uma fabricante \u2014 somos uma parceira para o seu sucesso. Entendemos que nossos clientes confiam em n\u00f3s para fornecer ferramentas que aumentam sua produtividade e seguran\u00e7a. \u00c9 por isso que nos comprometemos a oferecer n\u00e3o apenas produtos de primeira linha, mas tamb\u00e9m um servi\u00e7o excepcional. Da consultoria inicial ao suporte p\u00f3s-venda, trabalhamos em estreita colabora\u00e7\u00e3o com nossos clientes para garantir que suas necessidades sejam atendidas com profissionalismo e cuidado. Nossos pre\u00e7os competitivos, aliados ao nosso compromisso inabal\u00e1vel com a qualidade, fazem da FMP a escolha inteligente para empresas que buscam investir em solu\u00e7\u00f5es hidr\u00e1ulicas confi\u00e1veis.<\/p>","protected":false},"excerpt":{"rendered":"<p>2 Stage Small Dump Truck Telescopic Hydraulic Cylinder Introducing the 2 Stage Small Dump Truck Telescopic Hydraulic Cylinder, a new and innovative hydraulic cylinder. Designed for use across various industries such as machinery repair shops, farms, energy &amp; mining, machinery manufacturing, and machinery factories, this small dump truck hydraulic cylinder is a must-have for your [&hellip;]<\/p>","protected":false},"featured_media":6785,"comment_status":"closed","ping_status":"closed","template":"","meta":{"_et_pb_use_builder":"","_et_pb_old_content":"","_et_gb_content_width":""},"product_brand":[],"product_cat":[103],"product_tag":[34,105],"class_list":{"0":"post-6641","1":"product","2":"type-product","3":"status-publish","4":"has-post-thumbnail","6":"product_cat-telescopic-hydraulic-cylinders","7":"product_tag-hydraulic-cylinder","8":"product_tag-telescopic-hydraulic-cylinders","10":"first","11":"instock","12":"product-type-simple"},"_links":{"self":[{"href":"https:\/\/fmp-components.com\/pt\/wp-json\/wp\/v2\/product\/6641","targetHints":{"allow":["GET"]}}],"collection":[{"href":"https:\/\/fmp-components.com\/pt\/wp-json\/wp\/v2\/product"}],"about":[{"href":"https:\/\/fmp-components.com\/pt\/wp-json\/wp\/v2\/types\/product"}],"replies":[{"embeddable":true,"href":"https:\/\/fmp-components.com\/pt\/wp-json\/wp\/v2\/comments?post=6641"}],"wp:featuredmedia":[{"embeddable":true,"href":"https:\/\/fmp-components.com\/pt\/wp-json\/wp\/v2\/media\/6785"}],"wp:attachment":[{"href":"https:\/\/fmp-components.com\/pt\/wp-json\/wp\/v2\/media?parent=6641"}],"wp:term":[{"taxonomy":"product_brand","embeddable":true,"href":"https:\/\/fmp-components.com\/pt\/wp-json\/wp\/v2\/product_brand?post=6641"},{"taxonomy":"product_cat","embeddable":true,"href":"https:\/\/fmp-components.com\/pt\/wp-json\/wp\/v2\/product_cat?post=6641"},{"taxonomy":"product_tag","embeddable":true,"href":"https:\/\/fmp-components.com\/pt\/wp-json\/wp\/v2\/product_tag?post=6641"}],"curies":[{"name":"wp","href":"https:\/\/api.w.org\/{rel}","templated":true}]}}