{"id":6633,"date":"2025-03-11T06:35:17","date_gmt":"2025-03-11T06:35:17","guid":{"rendered":"https:\/\/fmp-components.com\/product\/5-stage-hydraulic-telescopic-cylinder-flatbed-tow-truck-hydraulic-cylinder"},"modified":"2025-03-12T08:46:08","modified_gmt":"2025-03-12T08:46:08","slug":"5-stage-hydraulic-telescopic-cylinder-flatbed-tow-truck-hydraulic-cylinder","status":"publish","type":"product","link":"https:\/\/fmp-components.com\/pt\/product\/5-stage-hydraulic-telescopic-cylinder-flatbed-tow-truck-hydraulic-cylinder\/","title":{"rendered":"Cilindro hidr\u00e1ulico telesc\u00f3pico de 5 est\u00e1gios para caminh\u00e3o de reboque de plataforma plana"},"content":{"rendered":"<h2>Cilindro hidr\u00e1ulico telesc\u00f3pico de 5 est\u00e1gios para caminh\u00e3o de reboque de plataforma plana<\/h2>\n<p>Apresentamos o nosso novo Cilindro Telesc\u00f3pico Hidr\u00e1ulico de 5 Est\u00e1gios para Caminh\u00f5es de Reboque Plataforma, um produto de \u00faltima gera\u00e7\u00e3o que oferece desempenho e durabilidade superiores. Este cilindro hidr\u00e1ulico \u00e9 um componente essencial em diversos setores, incluindo oficinas de reparo de m\u00e1quinas, fazendas, energia e minera\u00e7\u00e3o, fabrica\u00e7\u00e3o de m\u00e1quinas e f\u00e1bricas de maquin\u00e1rio. Com sua estrutura padr\u00e3o e pot\u00eancia hidr\u00e1ulica, este produto \u00e9 uma ferramenta indispens\u00e1vel para as suas opera\u00e7\u00f5es.<\/p>\n<h3>Especifica\u00e7\u00f5es do produto<\/h3>\n<p>Nosso cilindro telesc\u00f3pico hidr\u00e1ulico de 5 est\u00e1gios \u00e9 fabricado em a\u00e7o de alta qualidade, garantindo durabilidade e confiabilidade a longo prazo. Acompanha garantia de um ano e componentes principais, incluindo rolamento e o pr\u00f3prio cilindro hidr\u00e1ulico. O produto tamb\u00e9m possui os seguintes par\u00e2metros t\u00e9cnicos:<\/p>\n<table style=\"width: 92.4062%;\" border=\"\">\n<tbody>\n<tr>\n<td style=\"width: 43.4286%;\"><b>Tamanho do furo<\/b><\/td>\n<td style=\"width: 381.714%;\">2-6 polegadas<\/td>\n<\/tr>\n<tr>\n<td style=\"width: 43.4286%;\"><b>Tamanho da haste<\/b><\/td>\n<td style=\"width: 381.714%;\">1,125-4 polegadas<\/td>\n<\/tr>\n<tr>\n<td style=\"width: 43.4286%;\"><b>Tamanho do tra\u00e7o<\/b><\/td>\n<td style=\"width: 381.714%;\">4-100 polegadas<\/td>\n<\/tr>\n<tr>\n<td style=\"width: 43.4286%;\"><b>Tamanho do pino<\/b><\/td>\n<td style=\"width: 381.714%;\">0,5-2 polegadas<\/td>\n<\/tr>\n<tr>\n<td style=\"width: 43.4286%;\"><b>Portos<\/b><\/td>\n<td style=\"width: 381.714%;\">G\/SAE\/NPT\/M<\/td>\n<\/tr>\n<\/tbody>\n<\/table>\n<p><img loading=\"lazy\" decoding=\"async\" class=\"alignnone  wp-image-6658\" src=\"https:\/\/fmp-components.com\/wp-content\/uploads\/2025\/03\/telescopic-hydraulic-cylinder-6.webp\" alt=\"cilindro hidr\u00e1ulico telesc\u00f3pico\" width=\"777\" height=\"777\" title=\"\" srcset=\"https:\/\/fmp-components.com\/wp-content\/uploads\/2025\/03\/telescopic-hydraulic-cylinder-6.webp 777w, https:\/\/fmp-components.com\/wp-content\/uploads\/2025\/03\/telescopic-hydraulic-cylinder-6-480x480.webp 480w\" sizes=\"(min-width: 0px) and (max-width: 480px) 480px, (min-width: 481px) 777px, 100vw\" \/><\/p>\n<h2>Recursos e benef\u00edcios exclusivos<\/h2>\n<ul>\n<li>Efici\u00eancia energ\u00e9tica: Nosso cilindro hidr\u00e1ulico foi projetado para otimizar o uso de energia, reduzindo custos.<\/li>\n<li>Alto desempenho: Com um empuxo m\u00e1ximo de 3000 e uma for\u00e7a de tra\u00e7\u00e3o m\u00e1xima de 20 toneladas, garante uma opera\u00e7\u00e3o suave e eficiente.<\/li>\n<li>Seguran\u00e7a: O produto atende aos padr\u00f5es ISO9001:2000, garantindo a seguran\u00e7a e a confiabilidade de seu uso.<\/li>\n<\/ul>\n<h2>Sistemas Hidr\u00e1ulicos e Princ\u00edpio de Funcionamento<\/h2>\n<p>O cilindro hidr\u00e1ulico, como parte integrante dos sistemas hidr\u00e1ulicos, funciona convertendo a press\u00e3o do fluido em for\u00e7a e movimento. \u00c9 um componente essencial em diversas m\u00e1quinas e equipamentos, fornecendo a pot\u00eancia e o controle necess\u00e1rios para uma opera\u00e7\u00e3o eficiente.<\/p>\n<h2>Cen\u00e1rios de Aplica\u00e7\u00e3o<\/h2>\n<p>Nosso cilindro telesc\u00f3pico hidr\u00e1ulico de 5 est\u00e1gios \u00e9 vers\u00e1til e encontra aplica\u00e7\u00f5es em uma ampla gama de ind\u00fastrias, incluindo oficinas de reparo de m\u00e1quinas, fazendas, energia e minera\u00e7\u00e3o, fabrica\u00e7\u00e3o de m\u00e1quinas e f\u00e1bricas de m\u00e1quinas.<\/p>\n<h2>Cilindros hidr\u00e1ulicos e unidades de pot\u00eancia<\/h2>\n<p>Um cilindro hidr\u00e1ulico e uma unidade de pot\u00eancia s\u00e3o componentes essenciais de um sistema hidr\u00e1ulico. Eles trabalham em conjunto para garantir a ampla aplica\u00e7\u00e3o da tecnologia hidr\u00e1ulica no setor industrial, fornecendo pot\u00eancia confi\u00e1vel e suporte de controle para diversos equipamentos de engenharia e mec\u00e2nicos. A FMP tamb\u00e9m oferece unidades de pot\u00eancia para venda.<\/p>\n<h3>Perguntas frequentes<\/h3>\n<p><b>P: Qual \u00e9 o prazo de entrega do Cilindro Telesc\u00f3pico Hidr\u00e1ulico de 5 Est\u00e1gios?<\/b><br \/>\nR: O prazo geral de entrega \u00e9 de 25 a 35 dias.<\/p>\n<p><b>P: Voc\u00eas fornecem amostras?<\/b><br \/>\nA: Sim, oferecemos amostras, mas elas n\u00e3o s\u00e3o gratuitas.<\/p>\n<p><b>P: Posso personalizar o Cilindro Telesc\u00f3pico Hidr\u00e1ulico de 5 Est\u00e1gios de acordo com as minhas necessidades?<\/b><br \/>\nA: Sim, podemos personalizar o produto de acordo com suas amostras ou desenhos t\u00e9cnicos.<\/p>\n<h3>Sobre a FMP<\/h3>\n<p class=\"break-words\">A FMP \u00e9 uma fabricante italiana l\u00edder, especializada em projeto, desenvolvimento e produ\u00e7\u00e3o de cilindros hidr\u00e1ulicos de alta qualidade. Com uma rica heran\u00e7a alicer\u00e7ada em d\u00e9cadas de experi\u00eancia, combinamos com orgulho o artesanato italiano com tecnologia de ponta para oferecer solu\u00e7\u00f5es hidr\u00e1ulicas excepcionais, personalizadas para atender \u00e0s diversas necessidades de nossa clientela global. Com sede na It\u00e1lia, um polo de excel\u00eancia em engenharia, a FMP se destaca como uma marca confi\u00e1vel na ind\u00fastria hidr\u00e1ulica, comprometida em fornecer produtos confi\u00e1veis, dur\u00e1veis e inovadores que impulsionam empresas em todo o mundo.<\/p>\n<p class=\"break-words\">Nossa empresa integra o melhor das tradi\u00e7\u00f5es de fabrica\u00e7\u00e3o avan\u00e7ada com uma abordagem inovadora. Com anos de experi\u00eancia em sistemas hidr\u00e1ulicos, a FMP evoluiu para uma empresa moderna que se destaca em pesquisa, design e produ\u00e7\u00e3o. Somos especializados em uma ampla gama de cilindros hidr\u00e1ulicos, incluindo cilindros de dupla a\u00e7\u00e3o, cilindros de eleva\u00e7\u00e3o automotiva, cilindros para m\u00e1quinas agr\u00edcolas e solu\u00e7\u00f5es personalizadas para diversas aplica\u00e7\u00f5es industriais. Seja para constru\u00e7\u00e3o, instala\u00e7\u00f5es industriais, agricultura ou m\u00e1quinas pesadas, nossos cilindros hidr\u00e1ulicos s\u00e3o projetados para operar nas condi\u00e7\u00f5es mais dif\u00edceis, garantindo seguran\u00e7a, efici\u00eancia e durabilidade.<\/p>\n<p><img loading=\"lazy\" decoding=\"async\" class=\"alignnone size-full wp-image-6720\" src=\"https:\/\/fmp-components.com\/wp-content\/uploads\/2025\/03\/hydraulic-cylinder-8.webp\" alt=\"Cilindros Hidr\u00e1ulicos Telesc\u00f3picos\" width=\"933\" height=\"526\" title=\"\" srcset=\"https:\/\/fmp-components.com\/wp-content\/uploads\/2025\/03\/hydraulic-cylinder-8.webp 933w, https:\/\/fmp-components.com\/wp-content\/uploads\/2025\/03\/hydraulic-cylinder-8-480x271.webp 480w\" sizes=\"(min-width: 0px) and (max-width: 480px) 480px, (min-width: 481px) 933px, 100vw\" \/><\/p>\n<p class=\"break-words\">Na FMP, orgulhamo-nos de nossas instala\u00e7\u00f5es de produ\u00e7\u00e3o de \u00faltima gera\u00e7\u00e3o, equipadas com m\u00e1quinas de precis\u00e3o e sistemas de teste avan\u00e7ados. Nossos processos de fabrica\u00e7\u00e3o seguem rigorosos padr\u00f5es nacionais e internacionais, garantindo que cada cilindro hidr\u00e1ulico que sai de nossa f\u00e1brica seja de qualidade e confiabilidade superiores. Nossa equipe t\u00e9cnica qualificada, aliada a equipamentos de \u00faltima gera\u00e7\u00e3o, nos permite manter um rigoroso controle de qualidade em todas as etapas da produ\u00e7\u00e3o \u2014 desde a sele\u00e7\u00e3o da mat\u00e9ria-prima at\u00e9 a inspe\u00e7\u00e3o final. Essa dedica\u00e7\u00e3o \u00e0 excel\u00eancia nos rendeu certifica\u00e7\u00f5es e reconhecimento de autoridades do setor, consolidando ainda mais nossa reputa\u00e7\u00e3o como um parceiro confi\u00e1vel.<\/p>\n<p class=\"break-words\">Nossa miss\u00e3o \u00e9 simples, por\u00e9m ambiciosa: fornecer aos nossos clientes cilindros hidr\u00e1ulicos que superem as expectativas em desempenho, durabilidade e valor. Atuamos sob os princ\u00edpios norteadores de profissionalismo, integridade e foco no cliente. Ao fomentar uma cultura de inova\u00e7\u00e3o e precis\u00e3o, refinamos continuamente nossos produtos para nos mantermos \u00e0 frente em um mercado competitivo. Nossa abrangente linha de produtos e a capacidade de oferecer solu\u00e7\u00f5es personalizadas nos tornam a escolha ideal para empresas que buscam cilindros hidr\u00e1ulicos de alto desempenho.<\/p>\n<p class=\"break-words\">A FMP \u00e9 mais do que apenas uma fabricante \u2014 somos uma parceira para o seu sucesso. Entendemos que nossos clientes confiam em n\u00f3s para fornecer ferramentas que aumentam sua produtividade e seguran\u00e7a. \u00c9 por isso que nos comprometemos a oferecer n\u00e3o apenas produtos de primeira linha, mas tamb\u00e9m um servi\u00e7o excepcional. Da consultoria inicial ao suporte p\u00f3s-venda, trabalhamos em estreita colabora\u00e7\u00e3o com nossos clientes para garantir que suas necessidades sejam atendidas com profissionalismo e cuidado. Nossos pre\u00e7os competitivos, aliados ao nosso compromisso inabal\u00e1vel com a qualidade, fazem da FMP a escolha inteligente para empresas que buscam investir em solu\u00e7\u00f5es hidr\u00e1ulicas confi\u00e1veis.<\/p>","protected":false},"excerpt":{"rendered":"<p>5 Stage Hydraulic Telescopic Cylinder Flatbed Tow Truck Hydraulic Cylinder Introducing our new 5 Stage Hydraulic Telescopic Cylinder for Flatbed Tow Trucks, a state-of-the-art product that offers superior performance and durability. This hydraulic cylinder is a key component in many industries, including machinery repair shops, farms, energy &amp; mining, machinery manufacturing, and machinery factories. With [&hellip;]<\/p>","protected":false},"featured_media":6772,"comment_status":"closed","ping_status":"closed","template":"","meta":{"_et_pb_use_builder":"","_et_pb_old_content":"","_et_gb_content_width":""},"product_brand":[],"product_cat":[103],"product_tag":[34,105],"class_list":{"0":"post-6633","1":"product","2":"type-product","3":"status-publish","4":"has-post-thumbnail","6":"product_cat-telescopic-hydraulic-cylinders","7":"product_tag-hydraulic-cylinder","8":"product_tag-telescopic-hydraulic-cylinders","10":"first","11":"instock","12":"product-type-simple"},"_links":{"self":[{"href":"https:\/\/fmp-components.com\/pt\/wp-json\/wp\/v2\/product\/6633","targetHints":{"allow":["GET"]}}],"collection":[{"href":"https:\/\/fmp-components.com\/pt\/wp-json\/wp\/v2\/product"}],"about":[{"href":"https:\/\/fmp-components.com\/pt\/wp-json\/wp\/v2\/types\/product"}],"replies":[{"embeddable":true,"href":"https:\/\/fmp-components.com\/pt\/wp-json\/wp\/v2\/comments?post=6633"}],"wp:featuredmedia":[{"embeddable":true,"href":"https:\/\/fmp-components.com\/pt\/wp-json\/wp\/v2\/media\/6772"}],"wp:attachment":[{"href":"https:\/\/fmp-components.com\/pt\/wp-json\/wp\/v2\/media?parent=6633"}],"wp:term":[{"taxonomy":"product_brand","embeddable":true,"href":"https:\/\/fmp-components.com\/pt\/wp-json\/wp\/v2\/product_brand?post=6633"},{"taxonomy":"product_cat","embeddable":true,"href":"https:\/\/fmp-components.com\/pt\/wp-json\/wp\/v2\/product_cat?post=6633"},{"taxonomy":"product_tag","embeddable":true,"href":"https:\/\/fmp-components.com\/pt\/wp-json\/wp\/v2\/product_tag?post=6633"}],"curies":[{"name":"wp","href":"https:\/\/api.w.org\/{rel}","templated":true}]}}