{"id":6626,"date":"2025-03-11T06:33:57","date_gmt":"2025-03-11T06:33:57","guid":{"rendered":"https:\/\/fmp-components.com\/product\/3-stage-small-hydraulic-cylinder-telescopic-dump-truck-hydraulic-cylinder"},"modified":"2025-03-18T01:03:30","modified_gmt":"2025-03-18T01:03:30","slug":"3-stage-small-hydraulic-cylinder-telescopic-dump-truck-hydraulic-cylinder","status":"publish","type":"product","link":"https:\/\/fmp-components.com\/pt\/product\/3-stage-small-hydraulic-cylinder-telescopic-dump-truck-hydraulic-cylinder\/","title":{"rendered":"Cilindro hidr\u00e1ulico pequeno de 3 est\u00e1gios para caminh\u00e3o basculante telesc\u00f3pico"},"content":{"rendered":"<h2>Cilindro hidr\u00e1ulico pequeno de 3 est\u00e1gios para caminh\u00e3o basculante telesc\u00f3pico<\/h2>\n<p>Apresentando o Cilindro Hidr\u00e1ulico Pequeno de 3 Est\u00e1gios para Caminh\u00e3o Basculante Telesc\u00f3pico, um novo produto para 2025, projetado para efici\u00eancia e durabilidade. Este cilindro hidr\u00e1ulico \u00e9 um componente crucial em oficinas de reparo de m\u00e1quinas, fazendas, ind\u00fastrias de energia e minera\u00e7\u00e3o e f\u00e1bricas de m\u00e1quinas. Com garantia de 1 ano e certifica\u00e7\u00e3o ISO9001:2000, ele promete desempenho confi\u00e1vel e garantia de qualidade.<\/p>\n<h3>Especifica\u00e7\u00f5es t\u00e9cnicas<\/h3>\n<p>O Cilindro Hidr\u00e1ulico Pequeno de 3 Est\u00e1gios para Caminh\u00e3o Basculante Telesc\u00f3pico possui corpo em a\u00e7o e estrutura cil\u00edndrica de \u00eambolo padr\u00e3o. Ele opera com pot\u00eancia hidr\u00e1ulica, com empuxo m\u00e1ximo de 3.000 e tra\u00e7\u00e3o m\u00e1xima de 20 toneladas. Abaixo est\u00e3o as especifica\u00e7\u00f5es detalhadas:<\/p>\n<table style=\"width: 95.9759%;\">\n<tbody>\n<tr>\n<th style=\"width: 42.8571%;\">Tamanho do furo<\/th>\n<th style=\"width: 388.571%;\">2-6 polegadas<\/th>\n<\/tr>\n<tr>\n<td style=\"width: 42.8571%;\">Tamanho da haste<\/td>\n<td style=\"width: 388.571%;\">1,125-4 polegadas<\/td>\n<\/tr>\n<tr>\n<td style=\"width: 42.8571%;\">Tamanho do tra\u00e7o<\/td>\n<td style=\"width: 388.571%;\">4-100 polegadas<\/td>\n<\/tr>\n<tr>\n<td style=\"width: 42.8571%;\">Tamanho do pino<\/td>\n<td style=\"width: 388.571%;\">0,5-2 polegadas<\/td>\n<\/tr>\n<tr>\n<td style=\"width: 42.8571%;\">Portos<\/td>\n<td style=\"width: 388.571%;\">G\/SAE\/NPT\/M<\/td>\n<\/tr>\n<\/tbody>\n<\/table>\n<h3>Caracter\u00edsticas e vantagens exclusivas<\/h3>\n<p>Este cilindro hidr\u00e1ulico \u00e9 energeticamente eficiente, altamente eficiente e seguro de usar. Seu design multiest\u00e1gio permite extens\u00f5es maiores, tornando-o ideal para aplica\u00e7\u00f5es que exigem cursos longos, mas com espa\u00e7o de instala\u00e7\u00e3o limitado. Ele tamb\u00e9m se destaca por sua alta capacidade de carga, resili\u00eancia e design compacto.<\/p>\n<h2>Sistemas Hidr\u00e1ulicos e Princ\u00edpio de Funcionamento<\/h2>\n<p>Os sistemas hidr\u00e1ulicos s\u00e3o projetados com base no princ\u00edpio fundamental da press\u00e3o do fluido. No centro desses sistemas est\u00e1 o cilindro hidr\u00e1ulico, que desempenha um papel crucial na convers\u00e3o de energia hidr\u00e1ulica em movimento mec\u00e2nico. Quando o fluido hidr\u00e1ulico \u00e9 introduzido no cilindro, ele \u00e9 pressurizado, fazendo com que o pist\u00e3o interno se mova. Esse movimento do pist\u00e3o est\u00e1 diretamente ligado a uma haste acoplada a ele; conforme o pist\u00e3o se move, a haste se estende ou retrai. Esse movimento linear \u00e9 utilizado para realizar diversos tipos de trabalho, incluindo levantar cargas pesadas, empurrar equipamentos ou fornecer for\u00e7a em processos de fabrica\u00e7\u00e3o.<\/p>\n<p>A efici\u00eancia dos sistemas hidr\u00e1ulicos se deve em grande parte \u00e0 Lei de Pascal, que afirma que, quando a press\u00e3o \u00e9 aplicada a um fluido confinado, ela \u00e9 transmitida sem redu\u00e7\u00e3o em todas as dire\u00e7\u00f5es. Isso significa que uma for\u00e7a relativamente pequena aplicada em um ponto pode gerar uma for\u00e7a muito maior em outro, permitindo vantagens mec\u00e2nicas significativas em tarefas que exigem levantamento de peso ou movimentos precisos.<\/p>\n<p><img loading=\"lazy\" decoding=\"async\" class=\"alignnone size-full wp-image-6787\" src=\"https:\/\/fmp-components.com\/wp-content\/uploads\/2025\/03\/Telescopic-Hydraulic-Cylinders-3.webp\" alt=\"Cilindros Hidr\u00e1ulicos Telesc\u00f3picos\" width=\"800\" height=\"800\" title=\"\" srcset=\"https:\/\/fmp-components.com\/wp-content\/uploads\/2025\/03\/Telescopic-Hydraulic-Cylinders-3.webp 800w, https:\/\/fmp-components.com\/wp-content\/uploads\/2025\/03\/Telescopic-Hydraulic-Cylinders-3-480x480.webp 480w\" sizes=\"(min-width: 0px) and (max-width: 480px) 480px, (min-width: 481px) 800px, 100vw\" \/><\/p>\n<h2>Cen\u00e1rios de Aplica\u00e7\u00e3o<\/h2>\n<p>A versatilidade do nosso cilindro hidr\u00e1ulico o torna um componente inestim\u00e1vel em diversos setores. Uma aplica\u00e7\u00e3o proeminente \u00e9 em caminh\u00f5es basculantes, onde o cilindro hidr\u00e1ulico \u00e9 empregado para elevar a ca\u00e7amba, facilitando o descarregamento de materiais como cascalho, areia ou entulho de constru\u00e7\u00e3o. Este mecanismo permite opera\u00e7\u00f5es de descarregamento eficientes e eficazes, o que \u00e9 crucial nos setores de constru\u00e7\u00e3o e transporte.<\/p>\n<p>Al\u00e9m de caminh\u00f5es basculantes, os cilindros hidr\u00e1ulicos s\u00e3o amplamente utilizados em uma variedade de m\u00e1quinas em v\u00e1rios setores, incluindo:<\/p>\n<ul>\n<li><strong>Constru\u00e7\u00e3o<\/strong>: Cilindros hidr\u00e1ulicos acionam escavadeiras, tratores e guindastes, permitindo que eles realizem tarefas pesadas de levantamento, escava\u00e7\u00e3o e movimenta\u00e7\u00e3o de terra com precis\u00e3o e controle.<\/li>\n<li><strong>Minera\u00e7\u00e3o<\/strong>:Na ind\u00fastria de minera\u00e7\u00e3o, os cilindros hidr\u00e1ulicos s\u00e3o essenciais para operar equipamentos como perfuratrizes e carregadeiras, onde fornecem a for\u00e7a necess\u00e1ria para penetrar na terra e mover grandes quantidades de material.<\/li>\n<li><strong>Agricultura<\/strong>:Em m\u00e1quinas agr\u00edcolas, os cilindros hidr\u00e1ulicos auxiliam na opera\u00e7\u00e3o de tratores, arados e colheitadeiras, permitindo que os agricultores levantem e ajustem os equipamentos sem esfor\u00e7o, o que aumenta a produtividade na fazenda.<\/li>\n<li><strong>Fabrica\u00e7\u00e3o<\/strong>:Os cilindros hidr\u00e1ulicos tamb\u00e9m s\u00e3o encontrados em linhas de montagem e equipamentos de fabrica\u00e7\u00e3o, onde fornecem a for\u00e7a necess\u00e1ria para pressionar, moldar e mover componentes durante os processos de produ\u00e7\u00e3o.<\/li>\n<\/ul>\n<p>A aplica\u00e7\u00e3o dos cilindros hidr\u00e1ulicos \u00e9 vasta e variada, demonstrando seu papel fundamental no aumento da efici\u00eancia e da produtividade em diversos setores. Sua capacidade de proporcionar movimentos potentes e controlados os torna essenciais para m\u00e1quinas e opera\u00e7\u00f5es industriais modernas.<\/p>\n<h2>Cilindros Hidr\u00e1ulicos e Unidades de Pot\u00eancia<\/h2>\n<p>Cilindros hidr\u00e1ulicos e unidades de pot\u00eancia s\u00e3o componentes indispens\u00e1veis \u200b\u200bdos sistemas hidr\u00e1ulicos. Sua sinergia garante o amplo uso da tecnologia hidr\u00e1ulica no setor industrial, fornecendo energia e controle confi\u00e1veis \u200b\u200bpara diversos equipamentos mec\u00e2nicos e de engenharia. O cilindro hidr\u00e1ulico, como atuador, \u00e9 respons\u00e1vel por converter energia hidr\u00e1ulica em movimento mec\u00e2nico, convertendo press\u00e3o em for\u00e7a. A unidade de pot\u00eancia, por outro lado, \u00e9 o n\u00facleo que fornece a energia e os sinais de controle necess\u00e1rios ao sistema hidr\u00e1ulico. A coordena\u00e7\u00e3o entre os dois permite que o sistema hidr\u00e1ulico opere normalmente. Na FMP, tamb\u00e9m oferecemos unidades de pot\u00eancia para venda.<\/p>\n<h2>Perguntas frequentes<\/h2>\n<p><b>P: Voc\u00ea \u00e9 uma empresa comercial ou um fabricante?<\/b><br \/>\nR: Somos um fabricante.<\/p>\n<p><b>P: Quanto tempo demora a entrega?<\/b><br \/>\nR: Geralmente s\u00e3o de 25 a 35 dias.<\/p>\n<p><b>P: Voc\u00eas fornecem amostras? \u00c9 gr\u00e1tis ou extra?<\/b><br \/>\nR: Sim, podemos oferecer a amostra, mas n\u00e3o \u00e9 gr\u00e1tis.<\/p>\n<h3>Sobre a FMP<\/h3>\n<p class=\"break-words\">A FMP \u00e9 uma fabricante italiana l\u00edder, especializada em projeto, desenvolvimento e produ\u00e7\u00e3o de cilindros hidr\u00e1ulicos de alta qualidade. Com uma rica heran\u00e7a alicer\u00e7ada em d\u00e9cadas de experi\u00eancia, combinamos com orgulho o artesanato italiano com tecnologia de ponta para oferecer solu\u00e7\u00f5es hidr\u00e1ulicas excepcionais, personalizadas para atender \u00e0s diversas necessidades de nossa clientela global. Com sede na It\u00e1lia, um polo de excel\u00eancia em engenharia, a FMP se destaca como uma marca confi\u00e1vel na ind\u00fastria hidr\u00e1ulica, comprometida em fornecer produtos confi\u00e1veis, dur\u00e1veis e inovadores que impulsionam empresas em todo o mundo.<\/p>\n<p class=\"break-words\">Nossa empresa integra o melhor das tradi\u00e7\u00f5es de fabrica\u00e7\u00e3o avan\u00e7ada com uma abordagem inovadora. Com anos de experi\u00eancia em sistemas hidr\u00e1ulicos, a FMP evoluiu para uma empresa moderna que se destaca em pesquisa, design e produ\u00e7\u00e3o. Somos especializados em uma ampla gama de cilindros hidr\u00e1ulicos, incluindo cilindros de dupla a\u00e7\u00e3o, cilindros de eleva\u00e7\u00e3o automotiva, cilindros para m\u00e1quinas agr\u00edcolas e solu\u00e7\u00f5es personalizadas para diversas aplica\u00e7\u00f5es industriais. Seja para constru\u00e7\u00e3o, instala\u00e7\u00f5es industriais, agricultura ou m\u00e1quinas pesadas, nossos cilindros hidr\u00e1ulicos s\u00e3o projetados para operar nas condi\u00e7\u00f5es mais dif\u00edceis, garantindo seguran\u00e7a, efici\u00eancia e durabilidade.<\/p>\n<p><img loading=\"lazy\" decoding=\"async\" class=\"alignnone size-full wp-image-6720\" src=\"https:\/\/fmp-components.com\/wp-content\/uploads\/2025\/03\/hydraulic-cylinder-8.webp\" alt=\"Cilindros Hidr\u00e1ulicos Telesc\u00f3picos\" width=\"933\" height=\"526\" title=\"\" srcset=\"https:\/\/fmp-components.com\/wp-content\/uploads\/2025\/03\/hydraulic-cylinder-8.webp 933w, https:\/\/fmp-components.com\/wp-content\/uploads\/2025\/03\/hydraulic-cylinder-8-480x271.webp 480w\" sizes=\"(min-width: 0px) and (max-width: 480px) 480px, (min-width: 481px) 933px, 100vw\" \/><\/p>\n<p class=\"break-words\">Na FMP, orgulhamo-nos de nossas instala\u00e7\u00f5es de produ\u00e7\u00e3o de \u00faltima gera\u00e7\u00e3o, equipadas com m\u00e1quinas de precis\u00e3o e sistemas de teste avan\u00e7ados. Nossos processos de fabrica\u00e7\u00e3o seguem rigorosos padr\u00f5es nacionais e internacionais, garantindo que cada cilindro hidr\u00e1ulico que sai de nossa f\u00e1brica seja de qualidade e confiabilidade superiores. Nossa equipe t\u00e9cnica qualificada, aliada a equipamentos de \u00faltima gera\u00e7\u00e3o, nos permite manter um rigoroso controle de qualidade em todas as etapas da produ\u00e7\u00e3o \u2014 desde a sele\u00e7\u00e3o da mat\u00e9ria-prima at\u00e9 a inspe\u00e7\u00e3o final. Essa dedica\u00e7\u00e3o \u00e0 excel\u00eancia nos rendeu certifica\u00e7\u00f5es e reconhecimento de autoridades do setor, consolidando ainda mais nossa reputa\u00e7\u00e3o como um parceiro confi\u00e1vel.<\/p>\n<p class=\"break-words\">Nossa miss\u00e3o \u00e9 simples, por\u00e9m ambiciosa: fornecer aos nossos clientes cilindros hidr\u00e1ulicos que superem as expectativas em desempenho, durabilidade e valor. Atuamos sob os princ\u00edpios norteadores de profissionalismo, integridade e foco no cliente. Ao fomentar uma cultura de inova\u00e7\u00e3o e precis\u00e3o, refinamos continuamente nossos produtos para nos mantermos \u00e0 frente em um mercado competitivo. Nossa abrangente linha de produtos e a capacidade de oferecer solu\u00e7\u00f5es personalizadas nos tornam a escolha ideal para empresas que buscam cilindros hidr\u00e1ulicos de alto desempenho.<\/p>\n<p class=\"break-words\">A FMP \u00e9 mais do que apenas uma fabricante \u2014 somos uma parceira para o seu sucesso. Entendemos que nossos clientes confiam em n\u00f3s para fornecer ferramentas que aumentam sua produtividade e seguran\u00e7a. \u00c9 por isso que nos comprometemos a oferecer n\u00e3o apenas produtos de primeira linha, mas tamb\u00e9m um servi\u00e7o excepcional. Da consultoria inicial ao suporte p\u00f3s-venda, trabalhamos em estreita colabora\u00e7\u00e3o com nossos clientes para garantir que suas necessidades sejam atendidas com profissionalismo e cuidado. Nossos pre\u00e7os competitivos, aliados ao nosso compromisso inabal\u00e1vel com a qualidade, fazem da FMP a escolha inteligente para empresas que buscam investir em solu\u00e7\u00f5es hidr\u00e1ulicas confi\u00e1veis.<\/p>","protected":false},"excerpt":{"rendered":"<p>3 Stage Small Hydraulic Cylinder Telescopic Dump Truck Hydraulic Cylinder Introducing the 3 Stage Small Hydraulic Cylinder Telescopic Dump Truck Hydraulic Cylinder, a new product for 2025, designed for efficiency and durability. This hydraulic cylinder is a crucial component in machinery repair shops, farms, energy &amp; mining industries, and machinery factories. With its 1 Year [&hellip;]<\/p>","protected":false},"featured_media":6787,"comment_status":"closed","ping_status":"closed","template":"","meta":{"_et_pb_use_builder":"","_et_pb_old_content":"","_et_gb_content_width":""},"product_brand":[],"product_cat":[103],"product_tag":[34,105],"class_list":{"0":"post-6626","1":"product","2":"type-product","3":"status-publish","4":"has-post-thumbnail","6":"product_cat-telescopic-hydraulic-cylinders","7":"product_tag-hydraulic-cylinder","8":"product_tag-telescopic-hydraulic-cylinders","10":"first","11":"instock","12":"product-type-simple"},"_links":{"self":[{"href":"https:\/\/fmp-components.com\/pt\/wp-json\/wp\/v2\/product\/6626","targetHints":{"allow":["GET"]}}],"collection":[{"href":"https:\/\/fmp-components.com\/pt\/wp-json\/wp\/v2\/product"}],"about":[{"href":"https:\/\/fmp-components.com\/pt\/wp-json\/wp\/v2\/types\/product"}],"replies":[{"embeddable":true,"href":"https:\/\/fmp-components.com\/pt\/wp-json\/wp\/v2\/comments?post=6626"}],"wp:featuredmedia":[{"embeddable":true,"href":"https:\/\/fmp-components.com\/pt\/wp-json\/wp\/v2\/media\/6787"}],"wp:attachment":[{"href":"https:\/\/fmp-components.com\/pt\/wp-json\/wp\/v2\/media?parent=6626"}],"wp:term":[{"taxonomy":"product_brand","embeddable":true,"href":"https:\/\/fmp-components.com\/pt\/wp-json\/wp\/v2\/product_brand?post=6626"},{"taxonomy":"product_cat","embeddable":true,"href":"https:\/\/fmp-components.com\/pt\/wp-json\/wp\/v2\/product_cat?post=6626"},{"taxonomy":"product_tag","embeddable":true,"href":"https:\/\/fmp-components.com\/pt\/wp-json\/wp\/v2\/product_tag?post=6626"}],"curies":[{"name":"wp","href":"https:\/\/api.w.org\/{rel}","templated":true}]}}