{"id":6617,"date":"2025-03-11T06:33:57","date_gmt":"2025-03-11T06:33:57","guid":{"rendered":"https:\/\/fmp-components.com\/product\/high-quality-flatbed-tow-truck-hydraulic-cylinder-hydraulic-telescopic-cylinder"},"modified":"2025-03-14T01:33:37","modified_gmt":"2025-03-14T01:33:37","slug":"high-quality-flatbed-tow-truck-hydraulic-cylinder-hydraulic-telescopic-cylinder","status":"publish","type":"product","link":"https:\/\/fmp-components.com\/pt\/product\/high-quality-flatbed-tow-truck-hydraulic-cylinder-hydraulic-telescopic-cylinder\/","title":{"rendered":"Cilindro hidr\u00e1ulico telesc\u00f3pico de caminh\u00e3o de reboque de plataforma de alta qualidade"},"content":{"rendered":"<h2>Cilindro hidr\u00e1ulico telesc\u00f3pico de caminh\u00e3o de reboque de plataforma de alta qualidade<\/h2>\n<p>Nosso cilindro hidr\u00e1ulico de alta qualidade para caminh\u00e3o guincho plataforma<b>r<\/b> O Cilindro Telesc\u00f3pico Hidr\u00e1ulico \u00e9 um produto superior da FMP, fabricante l\u00edder no setor hidr\u00e1ulico. Este equipamento robusto foi projetado para alto desempenho, efici\u00eancia e confiabilidade, tornando-se uma ferramenta indispens\u00e1vel para oficinas de reparo de m\u00e1quinas, fazendas, ind\u00fastrias de energia e minera\u00e7\u00e3o e f\u00e1bricas de m\u00e1quinas.<\/p>\n<h3>Especifica\u00e7\u00f5es do produto<\/h3>\n<table style=\"width: 101.5%;\" border=\"\">\n<tbody>\n<tr>\n<td style=\"width: 47.9042%;\"><b>Tamanho do furo<\/b><\/td>\n<td style=\"width: 426.347%;\">2-6 polegadas<\/td>\n<\/tr>\n<tr>\n<td style=\"width: 47.9042%;\"><b>Tamanho da haste<\/b><\/td>\n<td style=\"width: 426.347%;\">1,125-4 polegadas<\/td>\n<\/tr>\n<tr>\n<td style=\"width: 47.9042%;\"><b>Tamanho do tra\u00e7o<\/b><\/td>\n<td style=\"width: 426.347%;\">4-100 polegadas<\/td>\n<\/tr>\n<tr>\n<td style=\"width: 47.9042%;\"><b>Tamanho do pino<\/b><\/td>\n<td style=\"width: 426.347%;\">0,5-2 polegadas<\/td>\n<\/tr>\n<\/tbody>\n<\/table>\n<h3>Caracter\u00edsticas e vantagens exclusivas<\/h3>\n<ul>\n<li>Efici\u00eancia energ\u00e9tica: Nosso cilindro hidr\u00e1ulico foi projetado para conservar energia, resultando em economia de custos para sua empresa.<\/li>\n<li>Alta efici\u00eancia: O cilindro foi projetado para m\u00e1xima produtividade, garantindo que suas opera\u00e7\u00f5es funcionem sem problemas.<\/li>\n<li>Seguran\u00e7a: A seguran\u00e7a \u00e9 nossa principal prioridade. Nosso cilindro hidr\u00e1ulico \u00e9 constru\u00eddo com diversos recursos de seguran\u00e7a para garantir uma opera\u00e7\u00e3o segura.<\/li>\n<\/ul>\n<h2>Sistema hidr\u00e1ulico e princ\u00edpios de funcionamento<\/h2>\n<p>Nosso cilindro hidr\u00e1ulico opera segundo os princ\u00edpios da mec\u00e2nica dos fluidos, um ramo da f\u00edsica que estuda o comportamento dos fluidos em repouso e em movimento. Ao aproveitar as propriedades do fluido hidr\u00e1ulico, o cilindro converte a energia hidr\u00e1ulica em energia mec\u00e2nica. Esse processo de convers\u00e3o \u00e9 essencial para o funcionamento de m\u00e1quinas, pois permite a execu\u00e7\u00e3o de diversas tarefas que exigem for\u00e7a e precis\u00e3o. Quando o fluido hidr\u00e1ulico \u00e9 pressurizado e direcionado para o cilindro, ele exerce for\u00e7a sobre o pist\u00e3o, fazendo-o se mover. Esse movimento se traduz em movimento mec\u00e2nico, permitindo que o cilindro hidr\u00e1ulico execute uma ampla gama de fun\u00e7\u00f5es, desde o levantamento de cargas pesadas at\u00e9 a facilita\u00e7\u00e3o de processos de fabrica\u00e7\u00e3o complexos.<\/p>\n<p>A efici\u00eancia dos sistemas hidr\u00e1ulicos deve-se, em grande parte, \u00e0 sua capacidade de amplificar a for\u00e7a. Ao aplicar uma for\u00e7a de entrada relativamente pequena ao fluido hidr\u00e1ulico, \u00e9 poss\u00edvel gerar uma for\u00e7a de sa\u00edda muito maior, tornando os cilindros hidr\u00e1ulicos indispens\u00e1veis \u200b\u200bem aplica\u00e7\u00f5es que exigem for\u00e7a. Esse princ\u00edpio n\u00e3o s\u00f3 melhora o desempenho das m\u00e1quinas, como tamb\u00e9m contribui para aumentar a seguran\u00e7a e a efici\u00eancia operacional.<\/p>\n<p><img loading=\"lazy\" decoding=\"async\" class=\"alignnone size-full wp-image-6798\" src=\"https:\/\/fmp-components.com\/wp-content\/uploads\/2025\/03\/Telescopic-Hydraulic-Cylinders-14.webp\" alt=\"Cilindros Hidr\u00e1ulicos Telesc\u00f3picos\" width=\"800\" height=\"800\" title=\"\" srcset=\"https:\/\/fmp-components.com\/wp-content\/uploads\/2025\/03\/Telescopic-Hydraulic-Cylinders-14.webp 800w, https:\/\/fmp-components.com\/wp-content\/uploads\/2025\/03\/Telescopic-Hydraulic-Cylinders-14-480x480.webp 480w\" sizes=\"(min-width: 0px) and (max-width: 480px) 480px, (min-width: 481px) 800px, 100vw\" \/><\/p>\n<h2>Aplica\u00e7\u00e3o do Cilindro Hidr\u00e1ulico<\/h2>\n<p>Este cilindro hidr\u00e1ulico possui uma ampla gama de aplica\u00e7\u00f5es em diversos setores, demonstrando sua versatilidade e efic\u00e1cia. Na fabrica\u00e7\u00e3o de m\u00e1quinas, desempenha um papel crucial na opera\u00e7\u00e3o de equipamentos como prensas, sistemas de automa\u00e7\u00e3o e linhas de montagem. Sua constru\u00e7\u00e3o robusta e confiabilidade o tornam uma escolha popular para opera\u00e7\u00f5es pesadas, garantindo que as m\u00e1quinas possam operar de forma consistente sob condi\u00e7\u00f5es exigentes.<\/p>\n<p>No setor energ\u00e9tico, os cilindros hidr\u00e1ulicos s\u00e3o essenciais para o funcionamento de equipamentos de gera\u00e7\u00e3o e transmiss\u00e3o de energia. S\u00e3o utilizados em turbinas e\u00f3licas, usinas hidrel\u00e9tricas e outras aplica\u00e7\u00f5es onde s\u00e3o necess\u00e1rios controle preciso e grande capacidade de eleva\u00e7\u00e3o. Da mesma forma, na minera\u00e7\u00e3o, esses cilindros facilitam a opera\u00e7\u00e3o de escavadeiras, perfuratrizes e outras m\u00e1quinas, permitindo a extra\u00e7\u00e3o eficiente de recursos.<\/p>\n<p>Al\u00e9m disso, o setor agr\u00edcola tamb\u00e9m se beneficia dos cilindros hidr\u00e1ulicos, utilizados em tratores e outros equipamentos agr\u00edcolas. Sua capacidade de levantar e movimentar implementos pesados \u200b\u200bpermite que os agricultores operem as m\u00e1quinas com mais efici\u00eancia, aumentando a produtividade e reduzindo o trabalho manual.<\/p>\n<h2>Cilindros Hidr\u00e1ulicos e Unidades de Pot\u00eancia<\/h2>\n<p>O cilindro hidr\u00e1ulico e a unidade de pot\u00eancia s\u00e3o componentes integrais de um sistema hidr\u00e1ulico, cada um desempenhando uma fun\u00e7\u00e3o cr\u00edtica que permite a aplica\u00e7\u00e3o eficaz da tecnologia hidr\u00e1ulica no setor industrial. O cilindro hidr\u00e1ulico atua como atuador, convertendo a press\u00e3o hidr\u00e1ulica em movimento mec\u00e2nico, enquanto a unidade de pot\u00eancia gera e regula a press\u00e3o do fluido hidr\u00e1ulico necess\u00e1ria para operar o cilindro.<\/p>\n<p>A perfeita coopera\u00e7\u00e3o entre eles \u00e9 vital para garantir o fornecimento confi\u00e1vel de energia e o controle de diversos equipamentos de engenharia e mec\u00e2nica. Em ambientes de manufatura, por exemplo, essa colabora\u00e7\u00e3o permite a opera\u00e7\u00e3o de m\u00e1quinas que exigem for\u00e7a e precis\u00e3o. A capacidade de controlar o fluxo e a press\u00e3o do fluido possibilita aos operadores realizar movimentos extremamente precisos, tornando os sistemas hidr\u00e1ulicos adequados para uma ampla gama de aplica\u00e7\u00f5es, desde o levantamento de cargas pesadas at\u00e9 tarefas complexas de montagem.<\/p>\n<p>Al\u00e9m disso, a integra\u00e7\u00e3o de cilindros hidr\u00e1ulicos com unidades de pot\u00eancia aumenta a efici\u00eancia geral dos sistemas hidr\u00e1ulicos. Essa sinergia n\u00e3o s\u00f3 melhora a produtividade, como tamb\u00e9m contribui para a seguran\u00e7a e a confiabilidade das opera\u00e7\u00f5es em diversas aplica\u00e7\u00f5es industriais. Ao aproveitar as capacidades combinadas de cilindros hidr\u00e1ulicos e unidades de pot\u00eancia, as ind\u00fastrias podem explorar todo o potencial da tecnologia hidr\u00e1ulica, impulsionando a inova\u00e7\u00e3o e a efici\u00eancia em seus processos.<\/p>\n<h2>Perguntas frequentes<\/h2>\n<dl>\n<dt>P: Voc\u00ea \u00e9 uma empresa comercial ou fabricante?<\/dt>\n<dd>R: Somos um fabricante.<\/dd>\n<dt>P: Quanto tempo demora a entrega?<\/dt>\n<dd>R: Geralmente, nosso prazo de entrega \u00e9 de 25 a 35 dias.<\/dd>\n<dt>P: Voc\u00eas fornecem amostras? Elas s\u00e3o gratuitas ou extras?<\/dt>\n<dd>R: Sim, fornecemos amostras, mas elas n\u00e3o s\u00e3o gratuitas.<\/dd>\n<\/dl>\n<h3>Sobre a FMP<\/h3>\n<p class=\"break-words\">A FMP \u00e9 uma fabricante italiana l\u00edder, especializada em projeto, desenvolvimento e produ\u00e7\u00e3o de cilindros hidr\u00e1ulicos de alta qualidade. Com uma rica heran\u00e7a alicer\u00e7ada em d\u00e9cadas de experi\u00eancia, combinamos com orgulho o artesanato italiano com tecnologia de ponta para oferecer solu\u00e7\u00f5es hidr\u00e1ulicas excepcionais, personalizadas para atender \u00e0s diversas necessidades de nossa clientela global. Com sede na It\u00e1lia, um polo de excel\u00eancia em engenharia, a FMP se destaca como uma marca confi\u00e1vel na ind\u00fastria hidr\u00e1ulica, comprometida em fornecer produtos confi\u00e1veis, dur\u00e1veis e inovadores que impulsionam empresas em todo o mundo.<\/p>\n<p class=\"break-words\">Nossa empresa integra o melhor das tradi\u00e7\u00f5es de fabrica\u00e7\u00e3o avan\u00e7ada com uma abordagem inovadora. Com anos de experi\u00eancia em sistemas hidr\u00e1ulicos, a FMP evoluiu para uma empresa moderna que se destaca em pesquisa, design e produ\u00e7\u00e3o. Somos especializados em uma ampla gama de cilindros hidr\u00e1ulicos, incluindo cilindros de dupla a\u00e7\u00e3o, cilindros de eleva\u00e7\u00e3o automotiva, cilindros para m\u00e1quinas agr\u00edcolas e solu\u00e7\u00f5es personalizadas para diversas aplica\u00e7\u00f5es industriais. Seja para constru\u00e7\u00e3o, instala\u00e7\u00f5es industriais, agricultura ou m\u00e1quinas pesadas, nossos cilindros hidr\u00e1ulicos s\u00e3o projetados para operar nas condi\u00e7\u00f5es mais dif\u00edceis, garantindo seguran\u00e7a, efici\u00eancia e durabilidade.<\/p>\n<p><img loading=\"lazy\" decoding=\"async\" class=\"alignnone size-full wp-image-6720\" src=\"https:\/\/fmp-components.com\/wp-content\/uploads\/2025\/03\/hydraulic-cylinder-8.webp\" alt=\"Cilindros Hidr\u00e1ulicos Telesc\u00f3picos\" width=\"933\" height=\"526\" title=\"\" srcset=\"https:\/\/fmp-components.com\/wp-content\/uploads\/2025\/03\/hydraulic-cylinder-8.webp 933w, https:\/\/fmp-components.com\/wp-content\/uploads\/2025\/03\/hydraulic-cylinder-8-480x271.webp 480w\" sizes=\"(min-width: 0px) and (max-width: 480px) 480px, (min-width: 481px) 933px, 100vw\" \/><\/p>\n<p class=\"break-words\">Na FMP, orgulhamo-nos de nossas instala\u00e7\u00f5es de produ\u00e7\u00e3o de \u00faltima gera\u00e7\u00e3o, equipadas com m\u00e1quinas de precis\u00e3o e sistemas de teste avan\u00e7ados. Nossos processos de fabrica\u00e7\u00e3o seguem rigorosos padr\u00f5es nacionais e internacionais, garantindo que cada cilindro hidr\u00e1ulico que sai de nossa f\u00e1brica seja de qualidade e confiabilidade superiores. Nossa equipe t\u00e9cnica qualificada, aliada a equipamentos de \u00faltima gera\u00e7\u00e3o, nos permite manter um rigoroso controle de qualidade em todas as etapas da produ\u00e7\u00e3o \u2014 desde a sele\u00e7\u00e3o da mat\u00e9ria-prima at\u00e9 a inspe\u00e7\u00e3o final. Essa dedica\u00e7\u00e3o \u00e0 excel\u00eancia nos rendeu certifica\u00e7\u00f5es e reconhecimento de autoridades do setor, consolidando ainda mais nossa reputa\u00e7\u00e3o como um parceiro confi\u00e1vel.<\/p>\n<p class=\"break-words\">Nossa miss\u00e3o \u00e9 simples, por\u00e9m ambiciosa: fornecer aos nossos clientes cilindros hidr\u00e1ulicos que superem as expectativas em desempenho, durabilidade e valor. Atuamos sob os princ\u00edpios norteadores de profissionalismo, integridade e foco no cliente. Ao fomentar uma cultura de inova\u00e7\u00e3o e precis\u00e3o, refinamos continuamente nossos produtos para nos mantermos \u00e0 frente em um mercado competitivo. Nossa abrangente linha de produtos e a capacidade de oferecer solu\u00e7\u00f5es personalizadas nos tornam a escolha ideal para empresas que buscam cilindros hidr\u00e1ulicos de alto desempenho.<\/p>\n<p class=\"break-words\">A FMP \u00e9 mais do que apenas uma fabricante \u2014 somos uma parceira para o seu sucesso. Entendemos que nossos clientes confiam em n\u00f3s para fornecer ferramentas que aumentam sua produtividade e seguran\u00e7a. \u00c9 por isso que nos comprometemos a oferecer n\u00e3o apenas produtos de primeira linha, mas tamb\u00e9m um servi\u00e7o excepcional. Da consultoria inicial ao suporte p\u00f3s-venda, trabalhamos em estreita colabora\u00e7\u00e3o com nossos clientes para garantir que suas necessidades sejam atendidas com profissionalismo e cuidado. Nossos pre\u00e7os competitivos, aliados ao nosso compromisso inabal\u00e1vel com a qualidade, fazem da FMP a escolha inteligente para empresas que buscam investir em solu\u00e7\u00f5es hidr\u00e1ulicas confi\u00e1veis.<\/p>","protected":false},"excerpt":{"rendered":"<p>High Quality Flatbed Tow Truck Hydraulic Cylinder Hydraulic Telescopic Cylinder Our High Quality Flatbed Tow Truck hydraulic cylinder Hydraulic Telescopic Cylinder is a superior product from FMP, a leading manufacturer in the hydraulic industry. This robust equipment is designed for high performance, efficiency, and reliability, making it an indispensable tool for machinery repair shops, farms, [&hellip;]<\/p>","protected":false},"featured_media":6798,"comment_status":"closed","ping_status":"closed","template":"","meta":{"_et_pb_use_builder":"","_et_pb_old_content":"","_et_gb_content_width":""},"product_brand":[],"product_cat":[103],"product_tag":[34,105],"class_list":{"0":"post-6617","1":"product","2":"type-product","3":"status-publish","4":"has-post-thumbnail","6":"product_cat-telescopic-hydraulic-cylinders","7":"product_tag-hydraulic-cylinder","8":"product_tag-telescopic-hydraulic-cylinders","10":"first","11":"instock","12":"product-type-simple"},"_links":{"self":[{"href":"https:\/\/fmp-components.com\/pt\/wp-json\/wp\/v2\/product\/6617","targetHints":{"allow":["GET"]}}],"collection":[{"href":"https:\/\/fmp-components.com\/pt\/wp-json\/wp\/v2\/product"}],"about":[{"href":"https:\/\/fmp-components.com\/pt\/wp-json\/wp\/v2\/types\/product"}],"replies":[{"embeddable":true,"href":"https:\/\/fmp-components.com\/pt\/wp-json\/wp\/v2\/comments?post=6617"}],"wp:featuredmedia":[{"embeddable":true,"href":"https:\/\/fmp-components.com\/pt\/wp-json\/wp\/v2\/media\/6798"}],"wp:attachment":[{"href":"https:\/\/fmp-components.com\/pt\/wp-json\/wp\/v2\/media?parent=6617"}],"wp:term":[{"taxonomy":"product_brand","embeddable":true,"href":"https:\/\/fmp-components.com\/pt\/wp-json\/wp\/v2\/product_brand?post=6617"},{"taxonomy":"product_cat","embeddable":true,"href":"https:\/\/fmp-components.com\/pt\/wp-json\/wp\/v2\/product_cat?post=6617"},{"taxonomy":"product_tag","embeddable":true,"href":"https:\/\/fmp-components.com\/pt\/wp-json\/wp\/v2\/product_tag?post=6617"}],"curies":[{"name":"wp","href":"https:\/\/api.w.org\/{rel}","templated":true}]}}