{"id":6614,"date":"2025-03-11T06:33:57","date_gmt":"2025-03-11T06:33:57","guid":{"rendered":"https:\/\/fmp-components.com\/product\/quality-assurance-hydraulic-cylinder-double-acting-5-stage-hydraulic-telescopic-cylinder"},"modified":"2025-03-14T00:49:46","modified_gmt":"2025-03-14T00:49:46","slug":"quality-assurance-hydraulic-cylinder-double-acting-5-stage-hydraulic-telescopic-cylinder","status":"publish","type":"product","link":"https:\/\/fmp-components.com\/pt\/product\/quality-assurance-hydraulic-cylinder-double-acting-5-stage-hydraulic-telescopic-cylinder\/","title":{"rendered":"Cilindro hidr\u00e1ulico de dupla a\u00e7\u00e3o com garantia de qualidade e cilindro telesc\u00f3pico hidr\u00e1ulico de 5 est\u00e1gios."},"content":{"rendered":"<h2>Cilindro hidr\u00e1ulico de dupla a\u00e7\u00e3o com garantia de qualidade e cilindro telesc\u00f3pico hidr\u00e1ulico de 5 est\u00e1gios.<\/h2>\n<p>Apresentamos o nosso cilindro hidr\u00e1ulico telesc\u00f3pico de dupla a\u00e7\u00e3o com garantia de qualidade, um produto de \u00faltima gera\u00e7\u00e3o projetado para diversas aplica\u00e7\u00f5es em ind\u00fastrias como oficinas de reparo de m\u00e1quinas, fazendas, energia e minera\u00e7\u00e3o, fabrica\u00e7\u00e3o de m\u00e1quinas e f\u00e1bricas de maquin\u00e1rio. Este cilindro hidr\u00e1ulico \u00e9 constru\u00eddo com os mais altos padr\u00f5es de qualidade, garantindo uma opera\u00e7\u00e3o robusta e confi\u00e1vel.<\/p>\n<h3>Caracter\u00edsticas e benef\u00edcios do produto<\/h3>\n<ul>\n<li>A\u00e7\u00e3o dupla \u2013 proporciona controle tanto na extens\u00e3o quanto na retra\u00e7\u00e3o da haste, oferecendo maior seguran\u00e7a e precis\u00e3o na opera\u00e7\u00e3o.<\/li>\n<li>Design telesc\u00f3pico de 5 est\u00e1gios \u2013 oferece um curso de trabalho mais longo do que um cilindro de est\u00e1gio \u00fanico com o mesmo comprimento fechado.<\/li>\n<li>Corpo em a\u00e7o \u2013 garante durabilidade e desempenho a longo prazo, mesmo em condi\u00e7\u00f5es de trabalho dif\u00edceis.<\/li>\n<li>Alto desempenho \u2013 com um empuxo m\u00e1ximo de 3000 e uma tra\u00e7\u00e3o m\u00e1xima de 20 toneladas, este cilindro hidr\u00e1ulico pode lidar com aplica\u00e7\u00f5es de servi\u00e7o pesado.<\/li>\n<li>Garantia de Qualidade \u2013 nosso cilindro hidr\u00e1ulico vem com garantia de 1 ano nos componentes principais, relat\u00f3rios de teste fornecidos e certifica\u00e7\u00e3o ISO9001:2000.<\/li>\n<\/ul>\n<h3>Especifica\u00e7\u00f5es t\u00e9cnicas<\/h3>\n<table style=\"width: 101.022%;\" border=\"\">\n<tbody>\n<tr>\n<td style=\"width: 42.8571%;\"><i>Tamanho do furo<\/i><\/td>\n<td style=\"width: 411.429%;\">2-6 polegadas<\/td>\n<\/tr>\n<tr>\n<td style=\"width: 42.8571%;\"><i>Tamanho da haste<\/i><\/td>\n<td style=\"width: 411.429%;\">1,125-4 polegadas<\/td>\n<\/tr>\n<tr>\n<td style=\"width: 42.8571%;\"><i>Tamanho do tra\u00e7o<\/i><\/td>\n<td style=\"width: 411.429%;\">4-100 polegadas<\/td>\n<\/tr>\n<tr>\n<td style=\"width: 42.8571%;\"><i>Tamanho do pino<\/i><\/td>\n<td style=\"width: 411.429%;\">0,5-2 polegadas<\/td>\n<\/tr>\n<tr>\n<td style=\"width: 42.8571%;\"><i>Portos<\/i><\/td>\n<td style=\"width: 411.429%;\">G\/SAE\/NPT\/M<\/td>\n<\/tr>\n<\/tbody>\n<\/table>\n<h2>Aplica\u00e7\u00e3o de Cilindros Hidr\u00e1ulicos<\/h2>\n<p>Nossos cilindros hidr\u00e1ulicos s\u00e3o amplamente utilizados em uma ampla gama de aplica\u00e7\u00f5es, demonstrando sua versatilidade e efic\u00e1cia em diversos setores. De oficinas de reparo de m\u00e1quinas a campos agr\u00edcolas, produ\u00e7\u00e3o de energia, opera\u00e7\u00f5es de minera\u00e7\u00e3o, fabrica\u00e7\u00e3o de m\u00e1quinas e f\u00e1bricas industriais, esses cilindros desempenham um papel crucial na execu\u00e7\u00e3o de tarefas que exigem for\u00e7a e precis\u00e3o significativas.<\/p>\n<p>Uma das principais caracter\u00edsticas dos nossos cilindros hidr\u00e1ulicos \u00e9 o seu design multiest\u00e1gios, que lhes permite gerar alta pot\u00eancia mantendo um tamanho compacto. Isso os torna ideais para aplica\u00e7\u00f5es que exigem for\u00e7a substancial a longas dist\u00e2ncias. Por exemplo, em oficinas de repara\u00e7\u00e3o de m\u00e1quinas, os cilindros hidr\u00e1ulicos s\u00e3o utilizados para levantar equipamentos pesados \u200b\u200bpara manuten\u00e7\u00e3o e reparos, garantindo seguran\u00e7a e efici\u00eancia durante o processo.<\/p>\n<p>Na agricultura, esses cilindros auxiliam na opera\u00e7\u00e3o de m\u00e1quinas agr\u00edcolas, como tratores e colheitadeiras, permitindo que os agricultores realizem tarefas como levantar arados ou ajustar equipamentos com facilidade. O setor agr\u00edcola se beneficia enormemente da poderosa capacidade de eleva\u00e7\u00e3o dos cilindros hidr\u00e1ulicos, aumentando a produtividade e reduzindo o trabalho manual.<\/p>\n<p>Nas ind\u00fastrias de energia e minera\u00e7\u00e3o, os cilindros hidr\u00e1ulicos s\u00e3o essenciais para operar equipamentos pesados \u200b\u200butilizados em perfura\u00e7\u00e3o, escava\u00e7\u00e3o e movimenta\u00e7\u00e3o de materiais. Eles fornecem a for\u00e7a necess\u00e1ria para mover grandes quantidades de terra ou materiais, tornando as opera\u00e7\u00f5es mais seguras e eficientes. Al\u00e9m disso, na fabrica\u00e7\u00e3o de m\u00e1quinas e em f\u00e1bricas, os cilindros hidr\u00e1ulicos s\u00e3o parte integrante das linhas de montagem, onde facilitam a movimenta\u00e7\u00e3o e o posicionamento de componentes, contribuindo para processos de produ\u00e7\u00e3o mais \u00e1geis.<\/p>\n<p><img loading=\"lazy\" decoding=\"async\" class=\"alignnone size-full wp-image-6788\" src=\"https:\/\/fmp-components.com\/wp-content\/uploads\/2025\/03\/Telescopic-Hydraulic-Cylinders-4.webp\" alt=\"Cilindros Hidr\u00e1ulicos Telesc\u00f3picos\" width=\"800\" height=\"800\" title=\"\" srcset=\"https:\/\/fmp-components.com\/wp-content\/uploads\/2025\/03\/Telescopic-Hydraulic-Cylinders-4.webp 800w, https:\/\/fmp-components.com\/wp-content\/uploads\/2025\/03\/Telescopic-Hydraulic-Cylinders-4-480x480.webp 480w\" sizes=\"(min-width: 0px) and (max-width: 480px) 480px, (min-width: 481px) 800px, 100vw\" \/><\/p>\n<h2>Cilindros Hidr\u00e1ulicos e Unidades de Pot\u00eancia<\/h2>\n<p>Cilindros hidr\u00e1ulicos e unidades de pot\u00eancia s\u00e3o componentes fundamentais de qualquer sistema hidr\u00e1ulico, trabalhando em harmonia para maximizar a efic\u00e1cia da tecnologia hidr\u00e1ulica em aplica\u00e7\u00f5es industriais. O cilindro hidr\u00e1ulico atua como atuador, convertendo a press\u00e3o hidr\u00e1ulica em movimento mec\u00e2nico, enquanto a unidade de pot\u00eancia gera e regula a press\u00e3o do fluido hidr\u00e1ulico necess\u00e1ria para operar o cilindro.<\/p>\n<p>Em conjunto, esses componentes garantem que os sistemas hidr\u00e1ulicos forne\u00e7am energia confi\u00e1vel e controle preciso para diversos equipamentos de engenharia e mec\u00e2nica. A colabora\u00e7\u00e3o entre cilindros hidr\u00e1ulicos e unidades de pot\u00eancia permite uma ampla gama de aplica\u00e7\u00f5es, desde levantar e empurrar at\u00e9 fixar e dobrar, tornando-os indispens\u00e1veis \u200b\u200bna manufatura moderna, na constru\u00e7\u00e3o civil e na extra\u00e7\u00e3o de recursos.<\/p>\n<p>Al\u00e9m disso, a efici\u00eancia combinada desses sistemas n\u00e3o s\u00f3 aumenta a produtividade, como tamb\u00e9m garante seguran\u00e7a e precis\u00e3o nas opera\u00e7\u00f5es. Ao aproveitar os pontos fortes da tecnologia hidr\u00e1ulica, as ind\u00fastrias podem alcan\u00e7ar n\u00edveis de desempenho mais elevados, reduzir o tempo de inatividade e melhorar a efici\u00eancia operacional geral. Essa rela\u00e7\u00e3o simbi\u00f3tica entre cilindros hidr\u00e1ulicos e unidades de pot\u00eancia exemplifica o papel fundamental que os sistemas hidr\u00e1ulicos desempenham no avan\u00e7o das capacidades industriais e na inova\u00e7\u00e3o.<\/p>\n<h2>Perguntas frequentes<\/h2>\n<p><b>P: Quanto tempo demora a entrega?<\/b><br \/>\nR: Geralmente s\u00e3o de 25 a 35 dias.<\/p>\n<p><b>P: Voc\u00eas fornecem amostras? \u00c9 gr\u00e1tis ou extra?<\/b><br \/>\nR: Sim, podemos oferecer a amostra, mas n\u00e3o \u00e9 gr\u00e1tis.<\/p>\n<p><b>Voc\u00ea pode produzir de acordo com as amostras?<\/b><br \/>\nR: Sim, podemos produzir com base em suas amostras ou desenhos t\u00e9cnicos. Podemos construir os moldes e acess\u00f3rios.<\/p>\n<h3>Sobre a FMP<\/h3>\n<p class=\"break-words\">A FMP \u00e9 uma fabricante italiana l\u00edder, especializada em projeto, desenvolvimento e produ\u00e7\u00e3o de cilindros hidr\u00e1ulicos de alta qualidade. Com uma rica heran\u00e7a alicer\u00e7ada em d\u00e9cadas de experi\u00eancia, combinamos com orgulho o artesanato italiano com tecnologia de ponta para oferecer solu\u00e7\u00f5es hidr\u00e1ulicas excepcionais, personalizadas para atender \u00e0s diversas necessidades de nossa clientela global. Com sede na It\u00e1lia, um polo de excel\u00eancia em engenharia, a FMP se destaca como uma marca confi\u00e1vel na ind\u00fastria hidr\u00e1ulica, comprometida em fornecer produtos confi\u00e1veis, dur\u00e1veis e inovadores que impulsionam empresas em todo o mundo.<\/p>\n<p class=\"break-words\">Nossa empresa integra o melhor das tradi\u00e7\u00f5es de fabrica\u00e7\u00e3o avan\u00e7ada com uma abordagem inovadora. Com anos de experi\u00eancia em sistemas hidr\u00e1ulicos, a FMP evoluiu para uma empresa moderna que se destaca em pesquisa, design e produ\u00e7\u00e3o. Somos especializados em uma ampla gama de cilindros hidr\u00e1ulicos, incluindo cilindros de dupla a\u00e7\u00e3o, cilindros de eleva\u00e7\u00e3o automotiva, cilindros para m\u00e1quinas agr\u00edcolas e solu\u00e7\u00f5es personalizadas para diversas aplica\u00e7\u00f5es industriais. Seja para constru\u00e7\u00e3o, instala\u00e7\u00f5es industriais, agricultura ou m\u00e1quinas pesadas, nossos cilindros hidr\u00e1ulicos s\u00e3o projetados para operar nas condi\u00e7\u00f5es mais dif\u00edceis, garantindo seguran\u00e7a, efici\u00eancia e durabilidade.<\/p>\n<p><img loading=\"lazy\" decoding=\"async\" class=\"alignnone size-full wp-image-6720\" src=\"https:\/\/fmp-components.com\/wp-content\/uploads\/2025\/03\/hydraulic-cylinder-8.webp\" alt=\"Cilindros Hidr\u00e1ulicos Telesc\u00f3picos\" width=\"933\" height=\"526\" title=\"\" srcset=\"https:\/\/fmp-components.com\/wp-content\/uploads\/2025\/03\/hydraulic-cylinder-8.webp 933w, https:\/\/fmp-components.com\/wp-content\/uploads\/2025\/03\/hydraulic-cylinder-8-480x271.webp 480w\" sizes=\"(min-width: 0px) and (max-width: 480px) 480px, (min-width: 481px) 933px, 100vw\" \/><\/p>\n<p class=\"break-words\">Na FMP, orgulhamo-nos de nossas instala\u00e7\u00f5es de produ\u00e7\u00e3o de \u00faltima gera\u00e7\u00e3o, equipadas com m\u00e1quinas de precis\u00e3o e sistemas de teste avan\u00e7ados. Nossos processos de fabrica\u00e7\u00e3o seguem rigorosos padr\u00f5es nacionais e internacionais, garantindo que cada cilindro hidr\u00e1ulico que sai de nossa f\u00e1brica seja de qualidade e confiabilidade superiores. Nossa equipe t\u00e9cnica qualificada, aliada a equipamentos de \u00faltima gera\u00e7\u00e3o, nos permite manter um rigoroso controle de qualidade em todas as etapas da produ\u00e7\u00e3o \u2014 desde a sele\u00e7\u00e3o da mat\u00e9ria-prima at\u00e9 a inspe\u00e7\u00e3o final. Essa dedica\u00e7\u00e3o \u00e0 excel\u00eancia nos rendeu certifica\u00e7\u00f5es e reconhecimento de autoridades do setor, consolidando ainda mais nossa reputa\u00e7\u00e3o como um parceiro confi\u00e1vel.<\/p>\n<p class=\"break-words\">Nossa miss\u00e3o \u00e9 simples, por\u00e9m ambiciosa: fornecer aos nossos clientes cilindros hidr\u00e1ulicos que superem as expectativas em desempenho, durabilidade e valor. Atuamos sob os princ\u00edpios norteadores de profissionalismo, integridade e foco no cliente. Ao fomentar uma cultura de inova\u00e7\u00e3o e precis\u00e3o, refinamos continuamente nossos produtos para nos mantermos \u00e0 frente em um mercado competitivo. Nossa abrangente linha de produtos e a capacidade de oferecer solu\u00e7\u00f5es personalizadas nos tornam a escolha ideal para empresas que buscam cilindros hidr\u00e1ulicos de alto desempenho.<\/p>\n<p class=\"break-words\">A FMP \u00e9 mais do que apenas uma fabricante \u2014 somos uma parceira para o seu sucesso. Entendemos que nossos clientes confiam em n\u00f3s para fornecer ferramentas que aumentam sua produtividade e seguran\u00e7a. \u00c9 por isso que nos comprometemos a oferecer n\u00e3o apenas produtos de primeira linha, mas tamb\u00e9m um servi\u00e7o excepcional. Da consultoria inicial ao suporte p\u00f3s-venda, trabalhamos em estreita colabora\u00e7\u00e3o com nossos clientes para garantir que suas necessidades sejam atendidas com profissionalismo e cuidado. Nossos pre\u00e7os competitivos, aliados ao nosso compromisso inabal\u00e1vel com a qualidade, fazem da FMP a escolha inteligente para empresas que buscam investir em solu\u00e7\u00f5es hidr\u00e1ulicas confi\u00e1veis.<\/p>","protected":false},"excerpt":{"rendered":"<p>Quality Assurance Hydraulic Cylinder Double Acting 5 Stage Hydraulic Telescopic Cylinder Introducing our Quality Assurance hydraulic cylinder Double Acting 5 Stage Hydraulic Telescopic Cylinder, a state-of-the-art product designed for various applications in industries such as machinery repair shops, farms, energy &amp; mining, machinery manufacturing, and from machinery factories. This hydraulic cylinder is built with the [&hellip;]<\/p>","protected":false},"featured_media":6788,"comment_status":"closed","ping_status":"closed","template":"","meta":{"_et_pb_use_builder":"","_et_pb_old_content":"","_et_gb_content_width":""},"product_brand":[],"product_cat":[103],"product_tag":[34,105],"class_list":{"0":"post-6614","1":"product","2":"type-product","3":"status-publish","4":"has-post-thumbnail","6":"product_cat-telescopic-hydraulic-cylinders","7":"product_tag-hydraulic-cylinder","8":"product_tag-telescopic-hydraulic-cylinders","10":"first","11":"instock","12":"product-type-simple"},"_links":{"self":[{"href":"https:\/\/fmp-components.com\/pt\/wp-json\/wp\/v2\/product\/6614","targetHints":{"allow":["GET"]}}],"collection":[{"href":"https:\/\/fmp-components.com\/pt\/wp-json\/wp\/v2\/product"}],"about":[{"href":"https:\/\/fmp-components.com\/pt\/wp-json\/wp\/v2\/types\/product"}],"replies":[{"embeddable":true,"href":"https:\/\/fmp-components.com\/pt\/wp-json\/wp\/v2\/comments?post=6614"}],"wp:featuredmedia":[{"embeddable":true,"href":"https:\/\/fmp-components.com\/pt\/wp-json\/wp\/v2\/media\/6788"}],"wp:attachment":[{"href":"https:\/\/fmp-components.com\/pt\/wp-json\/wp\/v2\/media?parent=6614"}],"wp:term":[{"taxonomy":"product_brand","embeddable":true,"href":"https:\/\/fmp-components.com\/pt\/wp-json\/wp\/v2\/product_brand?post=6614"},{"taxonomy":"product_cat","embeddable":true,"href":"https:\/\/fmp-components.com\/pt\/wp-json\/wp\/v2\/product_cat?post=6614"},{"taxonomy":"product_tag","embeddable":true,"href":"https:\/\/fmp-components.com\/pt\/wp-json\/wp\/v2\/product_tag?post=6614"}],"curies":[{"name":"wp","href":"https:\/\/api.w.org\/{rel}","templated":true}]}}