{"id":6611,"date":"2025-03-11T06:33:57","date_gmt":"2025-03-11T06:33:57","guid":{"rendered":"https:\/\/fmp-components.com\/product\/factory-direct-sale-high-quality-hydraulic-cylinder-for-caravan"},"modified":"2025-03-18T01:57:16","modified_gmt":"2025-03-18T01:57:16","slug":"factory-direct-sale-high-quality-hydraulic-cylinder-for-caravan","status":"publish","type":"product","link":"https:\/\/fmp-components.com\/pt\/product\/factory-direct-sale-high-quality-hydraulic-cylinder-for-caravan\/","title":{"rendered":"Cilindro hidr\u00e1ulico de alta qualidade para caravana, venda direta da f\u00e1brica"},"content":{"rendered":"<h2>Cilindro hidr\u00e1ulico de alta qualidade para caravana, venda direta da f\u00e1brica<\/h2>\n<p>Obtenha o melhor neg\u00f3cio em cilindros hidr\u00e1ulicos de alta qualidade diretamente da f\u00e1brica. Fabricados pela FMP, uma marca conceituada no setor, esses cilindros s\u00e3o perfeitos para uma ampla gama de aplica\u00e7\u00f5es, incluindo f\u00e1bricas, oficinas de reparo de m\u00e1quinas, fazendas e os setores de energia e minera\u00e7\u00e3o.<\/p>\n<h3>Descri\u00e7\u00e3o do produto<\/h3>\n<p>Este novo cilindro hidr\u00e1ulico digital padr\u00e3o vem com garantia de 1 ano e foi projetado com um corpo de a\u00e7o resistente para garantir durabilidade e longevidade. Com um empuxo m\u00e1ximo de 3000 e uma tra\u00e7\u00e3o m\u00e1xima de 20 toneladas, \u00e9 uma unidade robusta projetada para lidar com uma variedade de tarefas.<\/p>\n<h3>Especifica\u00e7\u00f5es t\u00e9cnicas<\/h3>\n<table style=\"width: 95.7364%;\" border=\"1\">\n<tbody>\n<tr>\n<th style=\"width: 43.4286%;\">Tamanho do furo<\/th>\n<td style=\"width: 397.143%;\">2-6 polegadas<\/td>\n<\/tr>\n<tr>\n<th style=\"width: 43.4286%;\">Tamanho da haste<\/th>\n<td style=\"width: 397.143%;\">1,125-4 polegadas<\/td>\n<\/tr>\n<tr>\n<th style=\"width: 43.4286%;\">Tamanho do tra\u00e7o<\/th>\n<td style=\"width: 397.143%;\">4-100 polegadas<\/td>\n<\/tr>\n<tr>\n<th style=\"width: 43.4286%;\">Tamanho do pino<\/th>\n<td style=\"width: 397.143%;\">0,5-2 polegadas<\/td>\n<\/tr>\n<tr>\n<th style=\"width: 43.4286%;\">Portos<\/th>\n<td style=\"width: 397.143%;\">G\/SAE\/NPT\/M<\/td>\n<\/tr>\n<\/tbody>\n<\/table>\n<h2>Recursos e benef\u00edcios exclusivos<\/h2>\n<p>Este cilindro hidr\u00e1ulico se destaca por sua efici\u00eancia energ\u00e9tica, alto desempenho e seguran\u00e7a. Projetado com componentes essenciais como rolamentos e engrenagens, ele garante uma opera\u00e7\u00e3o suave e consistente.<\/p>\n<h2>Sistema hidr\u00e1ulico e princ\u00edpio de funcionamento<\/h2>\n<p>O cilindro hidr\u00e1ulico funciona convertendo pot\u00eancia hidr\u00e1ulica em pot\u00eancia mec\u00e2nica. A press\u00e3o do fluido atuando no pist\u00e3o fornece a for\u00e7a necess\u00e1ria para mov\u00ea-lo, que por sua vez movimenta a haste e realiza o trabalho.<\/p>\n<h2>Aplicativo<\/h2>\n<p>Cilindros hidr\u00e1ulicos s\u00e3o amplamente utilizados em diversos setores, incluindo manufatura, reparo de m\u00e1quinas, agricultura, energia e minera\u00e7\u00e3o. Eles s\u00e3o essenciais para a opera\u00e7\u00e3o de m\u00e1quinas e equipamentos pesados \u200b\u200bnesses setores.<\/p>\n<h2>Cilindros hidr\u00e1ulicos e unidades de pot\u00eancia<\/h2>\n<p>Cilindros hidr\u00e1ulicos e unidades de pot\u00eancia s\u00e3o componentes insepar\u00e1veis \u200b\u200bde um sistema hidr\u00e1ulico. Sua a\u00e7\u00e3o combinada garante a ampla aplica\u00e7\u00e3o da tecnologia hidr\u00e1ulica em diversos campos, fornecendo energia e controle confi\u00e1veis \u200b\u200bpara diversos equipamentos mec\u00e2nicos e de engenharia.<\/p>\n<h2>Perguntas frequentes<\/h2>\n<h3>P: Voc\u00ea \u00e9 uma empresa comercial ou fabricante?<\/h3>\n<p>R: Somos um fabricante.<\/p>\n<h3>P: Quanto tempo demora a entrega?<\/h3>\n<p>R: Nosso prazo de entrega \u00e9 geralmente de 25 a 35 dias.<\/p>\n<h3>P: Voc\u00eas fornecem amostras e elas s\u00e3o gratuitas?<\/h3>\n<p>R: Sim, fornecemos amostras, mas elas n\u00e3o s\u00e3o gratuitas.<\/p>\n<h3>Sobre a FMP<\/h3>\n<p class=\"break-words\">A FMP \u00e9 uma fabricante italiana l\u00edder, especializada em projeto, desenvolvimento e produ\u00e7\u00e3o de cilindros hidr\u00e1ulicos de alta qualidade. Com uma rica heran\u00e7a alicer\u00e7ada em d\u00e9cadas de experi\u00eancia, combinamos com orgulho o artesanato italiano com tecnologia de ponta para oferecer solu\u00e7\u00f5es hidr\u00e1ulicas excepcionais, personalizadas para atender \u00e0s diversas necessidades de nossa clientela global. Com sede na It\u00e1lia, um polo de excel\u00eancia em engenharia, a FMP se destaca como uma marca confi\u00e1vel na ind\u00fastria hidr\u00e1ulica, comprometida em fornecer produtos confi\u00e1veis, dur\u00e1veis e inovadores que impulsionam empresas em todo o mundo.<\/p>\n<p class=\"break-words\">Nossa empresa integra o melhor das tradi\u00e7\u00f5es de fabrica\u00e7\u00e3o avan\u00e7ada com uma abordagem inovadora. Com anos de experi\u00eancia em sistemas hidr\u00e1ulicos, a FMP evoluiu para uma empresa moderna que se destaca em pesquisa, design e produ\u00e7\u00e3o. Somos especializados em uma ampla gama de cilindros hidr\u00e1ulicos, incluindo cilindros de dupla a\u00e7\u00e3o, cilindros de eleva\u00e7\u00e3o automotiva, cilindros para m\u00e1quinas agr\u00edcolas e solu\u00e7\u00f5es personalizadas para diversas aplica\u00e7\u00f5es industriais. Seja para constru\u00e7\u00e3o, instala\u00e7\u00f5es industriais, agricultura ou m\u00e1quinas pesadas, nossos cilindros hidr\u00e1ulicos s\u00e3o projetados para operar nas condi\u00e7\u00f5es mais dif\u00edceis, garantindo seguran\u00e7a, efici\u00eancia e durabilidade.<\/p>\n<p><img loading=\"lazy\" decoding=\"async\" class=\"alignnone size-full wp-image-6720\" src=\"https:\/\/fmp-components.com\/wp-content\/uploads\/2025\/03\/hydraulic-cylinder-8.webp\" alt=\"Cilindros Hidr\u00e1ulicos Telesc\u00f3picos\" width=\"933\" height=\"526\" title=\"\" srcset=\"https:\/\/fmp-components.com\/wp-content\/uploads\/2025\/03\/hydraulic-cylinder-8.webp 933w, https:\/\/fmp-components.com\/wp-content\/uploads\/2025\/03\/hydraulic-cylinder-8-480x271.webp 480w\" sizes=\"(min-width: 0px) and (max-width: 480px) 480px, (min-width: 481px) 933px, 100vw\" \/><\/p>\n<p class=\"break-words\">Na FMP, orgulhamo-nos de nossas instala\u00e7\u00f5es de produ\u00e7\u00e3o de \u00faltima gera\u00e7\u00e3o, equipadas com m\u00e1quinas de precis\u00e3o e sistemas de teste avan\u00e7ados. Nossos processos de fabrica\u00e7\u00e3o seguem rigorosos padr\u00f5es nacionais e internacionais, garantindo que cada cilindro hidr\u00e1ulico que sai de nossa f\u00e1brica seja de qualidade e confiabilidade superiores. Nossa equipe t\u00e9cnica qualificada, aliada a equipamentos de \u00faltima gera\u00e7\u00e3o, nos permite manter um rigoroso controle de qualidade em todas as etapas da produ\u00e7\u00e3o \u2014 desde a sele\u00e7\u00e3o da mat\u00e9ria-prima at\u00e9 a inspe\u00e7\u00e3o final. Essa dedica\u00e7\u00e3o \u00e0 excel\u00eancia nos rendeu certifica\u00e7\u00f5es e reconhecimento de autoridades do setor, consolidando ainda mais nossa reputa\u00e7\u00e3o como um parceiro confi\u00e1vel.<\/p>\n<p class=\"break-words\">Nossa miss\u00e3o \u00e9 simples, por\u00e9m ambiciosa: fornecer aos nossos clientes cilindros hidr\u00e1ulicos que superem as expectativas em desempenho, durabilidade e valor. Atuamos sob os princ\u00edpios norteadores de profissionalismo, integridade e foco no cliente. Ao fomentar uma cultura de inova\u00e7\u00e3o e precis\u00e3o, refinamos continuamente nossos produtos para nos mantermos \u00e0 frente em um mercado competitivo. Nossa abrangente linha de produtos e a capacidade de oferecer solu\u00e7\u00f5es personalizadas nos tornam a escolha ideal para empresas que buscam cilindros hidr\u00e1ulicos de alto desempenho.<\/p>\n<p class=\"break-words\">A FMP \u00e9 mais do que apenas uma fabricante \u2014 somos uma parceira para o seu sucesso. Entendemos que nossos clientes confiam em n\u00f3s para fornecer ferramentas que aumentam sua produtividade e seguran\u00e7a. \u00c9 por isso que nos comprometemos a oferecer n\u00e3o apenas produtos de primeira linha, mas tamb\u00e9m um servi\u00e7o excepcional. Da consultoria inicial ao suporte p\u00f3s-venda, trabalhamos em estreita colabora\u00e7\u00e3o com nossos clientes para garantir que suas necessidades sejam atendidas com profissionalismo e cuidado. Nossos pre\u00e7os competitivos, aliados ao nosso compromisso inabal\u00e1vel com a qualidade, fazem da FMP a escolha inteligente para empresas que buscam investir em solu\u00e7\u00f5es hidr\u00e1ulicas confi\u00e1veis.<\/p>","protected":false},"excerpt":{"rendered":"<p>Factory Direct Sale High Quality Hydraulic Cylinder for Caravan Get the best deal on high-quality hydraulic cylinders directly from the factory. Manufactured by FMP, a reputable name in the industry, these cylinders are perfect for a wide range of applications including manufacturing plants, machinery repair shops, farms, and the energy and mining industry. Product Description [&hellip;]<\/p>","protected":false},"featured_media":6791,"comment_status":"closed","ping_status":"closed","template":"","meta":{"_et_pb_use_builder":"","_et_pb_old_content":"","_et_gb_content_width":""},"product_brand":[],"product_cat":[103],"product_tag":[34,105],"class_list":{"0":"post-6611","1":"product","2":"type-product","3":"status-publish","4":"has-post-thumbnail","6":"product_cat-telescopic-hydraulic-cylinders","7":"product_tag-hydraulic-cylinder","8":"product_tag-telescopic-hydraulic-cylinders","10":"first","11":"instock","12":"product-type-simple"},"_links":{"self":[{"href":"https:\/\/fmp-components.com\/pt\/wp-json\/wp\/v2\/product\/6611","targetHints":{"allow":["GET"]}}],"collection":[{"href":"https:\/\/fmp-components.com\/pt\/wp-json\/wp\/v2\/product"}],"about":[{"href":"https:\/\/fmp-components.com\/pt\/wp-json\/wp\/v2\/types\/product"}],"replies":[{"embeddable":true,"href":"https:\/\/fmp-components.com\/pt\/wp-json\/wp\/v2\/comments?post=6611"}],"wp:featuredmedia":[{"embeddable":true,"href":"https:\/\/fmp-components.com\/pt\/wp-json\/wp\/v2\/media\/6791"}],"wp:attachment":[{"href":"https:\/\/fmp-components.com\/pt\/wp-json\/wp\/v2\/media?parent=6611"}],"wp:term":[{"taxonomy":"product_brand","embeddable":true,"href":"https:\/\/fmp-components.com\/pt\/wp-json\/wp\/v2\/product_brand?post=6611"},{"taxonomy":"product_cat","embeddable":true,"href":"https:\/\/fmp-components.com\/pt\/wp-json\/wp\/v2\/product_cat?post=6611"},{"taxonomy":"product_tag","embeddable":true,"href":"https:\/\/fmp-components.com\/pt\/wp-json\/wp\/v2\/product_tag?post=6611"}],"curies":[{"name":"wp","href":"https:\/\/api.w.org\/{rel}","templated":true}]}}