{"id":6610,"date":"2025-03-11T06:33:57","date_gmt":"2025-03-11T06:33:57","guid":{"rendered":"https:\/\/fmp-components.com\/product\/small-telescopic-hydraulic-cylinder-with-long-stroke-for-dump-truck"},"modified":"2025-03-17T08:44:57","modified_gmt":"2025-03-17T08:44:57","slug":"small-telescopic-hydraulic-cylinder-with-long-stroke-for-dump-truck","status":"publish","type":"product","link":"https:\/\/fmp-components.com\/pt\/product\/small-telescopic-hydraulic-cylinder-with-long-stroke-for-dump-truck\/","title":{"rendered":"Cilindro hidr\u00e1ulico telesc\u00f3pico pequeno com curso longo para caminh\u00e3o basculante"},"content":{"rendered":"<h2>Fabricante italiano de cilindro hidr\u00e1ulico telesc\u00f3pico de m\u00faltiplos est\u00e1gios para reboque usado em caminh\u00e3o basculante da FMP<\/h2>\n<p>O cilindro hidr\u00e1ulico telesc\u00f3pico de m\u00faltiplos est\u00e1gios para reboque \u00e9 um produto premium da FMP, uma renomada fabricante sediada na It\u00e1lia. A FMP dedica-se a fornecer solu\u00e7\u00f5es hidr\u00e1ulicas de alta qualidade para diversos setores, incluindo f\u00e1bricas, oficinas de reparo de m\u00e1quinas, fazendas e empresas de energia e minera\u00e7\u00e3o.<\/p>\n<p><img loading=\"lazy\" decoding=\"async\" class=\"alignnone wp-image-6754\" src=\"https:\/\/fmp-components.com\/wp-content\/uploads\/2025\/03\/Telescopic-Hydraulic-Cylinders-111.webp\" alt=\"Cilindros Hidr\u00e1ulicos Telesc\u00f3picos\" width=\"780\" height=\"780\" title=\"\" srcset=\"https:\/\/fmp-components.com\/wp-content\/uploads\/2025\/03\/Telescopic-Hydraulic-Cylinders-111.webp 780w, https:\/\/fmp-components.com\/wp-content\/uploads\/2025\/03\/Telescopic-Hydraulic-Cylinders-111-480x480.webp 480w\" sizes=\"(min-width: 0px) and (max-width: 480px) 480px, (min-width: 481px) 780px, 100vw\" \/><\/p>\n<h2>Caracter\u00edsticas e benef\u00edcios<\/h2>\n<ul>\n<li><strong>Ecol\u00f3gico:<\/strong> Nossos cilindros hidr\u00e1ulicos utilizam \u00f3leo como fluido de trabalho, promovendo uma opera\u00e7\u00e3o ecologicamente correta.<\/li>\n<li><strong>Eficiente:<\/strong> Com um empuxo m\u00e1ximo de 3000 e uma for\u00e7a de tra\u00e7\u00e3o de 600, nossos cilindros s\u00e3o projetados para m\u00e1xima efici\u00eancia.<\/li>\n<li><strong>Seguro:<\/strong> Todos os nossos produtos v\u00eam com garantia de 1 ano, garantindo a seguran\u00e7a e a tranquilidade dos nossos clientes.<\/li>\n<\/ul>\n<h2>Aplica\u00e7\u00f5es<\/h2>\n<p>Esses cilindros hidr\u00e1ulicos s\u00e3o ideais para caminh\u00f5es basculantes e outras aplica\u00e7\u00f5es de servi\u00e7o pesado que exigem alta pot\u00eancia e controle preciso.<\/p>\n<h2>Cilindros hidr\u00e1ulicos e unidades de pot\u00eancia<\/h2>\n<p>Nossos cilindros hidr\u00e1ulicos e unidades de pot\u00eancia s\u00e3o componentes essenciais de qualquer sistema hidr\u00e1ulico. Trabalham em conjunto para fornecer pot\u00eancia e controle confi\u00e1veis \u200b\u200bpara uma ampla gama de aplica\u00e7\u00f5es industriais. Tamb\u00e9m oferecemos unidades de pot\u00eancia para venda, garantindo que voc\u00ea tenha uma solu\u00e7\u00e3o hidr\u00e1ulica completa.<\/p>\n<h2>Perguntas frequentes<\/h2>\n<dl>\n<dt>P1: Qual \u00e9 a garantia dos seus cilindros hidr\u00e1ulicos?<\/dt>\n<dd>A1: Oferecemos 1 ano de garantia em todos os nossos cilindros hidr\u00e1ulicos.<\/dd>\n<dt>Q2: As especifica\u00e7\u00f5es do cilindro hidr\u00e1ulico podem ser personalizadas?<\/dt>\n<dd>A2: Sim, podemos projetar cilindros hidr\u00e1ulicos de acordo com suas necessidades espec\u00edficas.<\/dd>\n<dt>P3: Voc\u00eas tamb\u00e9m oferecem unidades de energia?<\/dt>\n<dd>A3: Sim, tamb\u00e9m fornecemos unidades de pot\u00eancia para complementar nossos cilindros hidr\u00e1ulicos.<\/dd>\n<\/dl>\n<h3>Sobre a FMP<\/h3>\n<p class=\"break-words\">A FMP \u00e9 uma fabricante italiana l\u00edder, especializada em projeto, desenvolvimento e produ\u00e7\u00e3o de cilindros hidr\u00e1ulicos de alta qualidade. Com uma rica heran\u00e7a alicer\u00e7ada em d\u00e9cadas de experi\u00eancia, combinamos com orgulho o artesanato italiano com tecnologia de ponta para oferecer solu\u00e7\u00f5es hidr\u00e1ulicas excepcionais, personalizadas para atender \u00e0s diversas necessidades de nossa clientela global. Com sede na It\u00e1lia, um polo de excel\u00eancia em engenharia, a FMP se destaca como uma marca confi\u00e1vel na ind\u00fastria hidr\u00e1ulica, comprometida em fornecer produtos confi\u00e1veis, dur\u00e1veis e inovadores que impulsionam empresas em todo o mundo.<\/p>\n<p class=\"break-words\">Nossa empresa integra o melhor das tradi\u00e7\u00f5es de fabrica\u00e7\u00e3o avan\u00e7ada com uma abordagem inovadora. Com anos de experi\u00eancia em sistemas hidr\u00e1ulicos, a FMP evoluiu para uma empresa moderna que se destaca em pesquisa, design e produ\u00e7\u00e3o. Somos especializados em uma ampla gama de cilindros hidr\u00e1ulicos, incluindo cilindros de dupla a\u00e7\u00e3o, cilindros de eleva\u00e7\u00e3o automotiva, cilindros para m\u00e1quinas agr\u00edcolas e solu\u00e7\u00f5es personalizadas para diversas aplica\u00e7\u00f5es industriais. Seja para constru\u00e7\u00e3o, instala\u00e7\u00f5es industriais, agricultura ou m\u00e1quinas pesadas, nossos cilindros hidr\u00e1ulicos s\u00e3o projetados para operar nas condi\u00e7\u00f5es mais dif\u00edceis, garantindo seguran\u00e7a, efici\u00eancia e durabilidade.<\/p>\n<p><img loading=\"lazy\" decoding=\"async\" class=\"alignnone size-full wp-image-6720\" src=\"https:\/\/fmp-components.com\/wp-content\/uploads\/2025\/03\/hydraulic-cylinder-8.webp\" alt=\"Cilindros Hidr\u00e1ulicos Telesc\u00f3picos\" width=\"933\" height=\"526\" title=\"\" srcset=\"https:\/\/fmp-components.com\/wp-content\/uploads\/2025\/03\/hydraulic-cylinder-8.webp 933w, https:\/\/fmp-components.com\/wp-content\/uploads\/2025\/03\/hydraulic-cylinder-8-480x271.webp 480w\" sizes=\"(min-width: 0px) and (max-width: 480px) 480px, (min-width: 481px) 933px, 100vw\" \/><\/p>\n<p class=\"break-words\">Na FMP, orgulhamo-nos de nossas instala\u00e7\u00f5es de produ\u00e7\u00e3o de \u00faltima gera\u00e7\u00e3o, equipadas com m\u00e1quinas de precis\u00e3o e sistemas de teste avan\u00e7ados. Nossos processos de fabrica\u00e7\u00e3o seguem rigorosos padr\u00f5es nacionais e internacionais, garantindo que cada cilindro hidr\u00e1ulico que sai de nossa f\u00e1brica seja de qualidade e confiabilidade superiores. Nossa equipe t\u00e9cnica qualificada, aliada a equipamentos de \u00faltima gera\u00e7\u00e3o, nos permite manter um rigoroso controle de qualidade em todas as etapas da produ\u00e7\u00e3o \u2014 desde a sele\u00e7\u00e3o da mat\u00e9ria-prima at\u00e9 a inspe\u00e7\u00e3o final. Essa dedica\u00e7\u00e3o \u00e0 excel\u00eancia nos rendeu certifica\u00e7\u00f5es e reconhecimento de autoridades do setor, consolidando ainda mais nossa reputa\u00e7\u00e3o como um parceiro confi\u00e1vel.<\/p>\n<p class=\"break-words\">Nossa miss\u00e3o \u00e9 simples, por\u00e9m ambiciosa: fornecer aos nossos clientes cilindros hidr\u00e1ulicos que superem as expectativas em desempenho, durabilidade e valor. Atuamos sob os princ\u00edpios norteadores de profissionalismo, integridade e foco no cliente. Ao fomentar uma cultura de inova\u00e7\u00e3o e precis\u00e3o, refinamos continuamente nossos produtos para nos mantermos \u00e0 frente em um mercado competitivo. Nossa abrangente linha de produtos e a capacidade de oferecer solu\u00e7\u00f5es personalizadas nos tornam a escolha ideal para empresas que buscam cilindros hidr\u00e1ulicos de alto desempenho.<\/p>\n<p class=\"break-words\">A FMP \u00e9 mais do que apenas uma fabricante \u2014 somos uma parceira para o seu sucesso. Entendemos que nossos clientes confiam em n\u00f3s para fornecer ferramentas que aumentam sua produtividade e seguran\u00e7a. \u00c9 por isso que nos comprometemos a oferecer n\u00e3o apenas produtos de primeira linha, mas tamb\u00e9m um servi\u00e7o excepcional. Da consultoria inicial ao suporte p\u00f3s-venda, trabalhamos em estreita colabora\u00e7\u00e3o com nossos clientes para garantir que suas necessidades sejam atendidas com profissionalismo e cuidado. Nossos pre\u00e7os competitivos, aliados ao nosso compromisso inabal\u00e1vel com a qualidade, fazem da FMP a escolha inteligente para empresas que buscam investir em solu\u00e7\u00f5es hidr\u00e1ulicas confi\u00e1veis.<\/p>","protected":false},"excerpt":{"rendered":"<p>Italy Manufacturer Trailer Telescopic Multi Stages Hydraulic Cylinder Used For Dump Truck From FMP The Trailer Telescopic Multi Stages hydraulic cylinder is a premium product From FMP, a renowned manufacturer based in Italy City. FMP has been dedicated to providing high-quality hydraulic solutions for various industries including manufacturing plants, machinery repair shops, farms, and energy [&hellip;]<\/p>","protected":false},"featured_media":6808,"comment_status":"closed","ping_status":"closed","template":"","meta":{"_et_pb_use_builder":"","_et_pb_old_content":"","_et_gb_content_width":""},"product_brand":[],"product_cat":[103],"product_tag":[34,105],"class_list":{"0":"post-6610","1":"product","2":"type-product","3":"status-publish","4":"has-post-thumbnail","6":"product_cat-telescopic-hydraulic-cylinders","7":"product_tag-hydraulic-cylinder","8":"product_tag-telescopic-hydraulic-cylinders","10":"first","11":"instock","12":"product-type-simple"},"_links":{"self":[{"href":"https:\/\/fmp-components.com\/pt\/wp-json\/wp\/v2\/product\/6610","targetHints":{"allow":["GET"]}}],"collection":[{"href":"https:\/\/fmp-components.com\/pt\/wp-json\/wp\/v2\/product"}],"about":[{"href":"https:\/\/fmp-components.com\/pt\/wp-json\/wp\/v2\/types\/product"}],"replies":[{"embeddable":true,"href":"https:\/\/fmp-components.com\/pt\/wp-json\/wp\/v2\/comments?post=6610"}],"wp:featuredmedia":[{"embeddable":true,"href":"https:\/\/fmp-components.com\/pt\/wp-json\/wp\/v2\/media\/6808"}],"wp:attachment":[{"href":"https:\/\/fmp-components.com\/pt\/wp-json\/wp\/v2\/media?parent=6610"}],"wp:term":[{"taxonomy":"product_brand","embeddable":true,"href":"https:\/\/fmp-components.com\/pt\/wp-json\/wp\/v2\/product_brand?post=6610"},{"taxonomy":"product_cat","embeddable":true,"href":"https:\/\/fmp-components.com\/pt\/wp-json\/wp\/v2\/product_cat?post=6610"},{"taxonomy":"product_tag","embeddable":true,"href":"https:\/\/fmp-components.com\/pt\/wp-json\/wp\/v2\/product_tag?post=6610"}],"curies":[{"name":"wp","href":"https:\/\/api.w.org\/{rel}","templated":true}]}}