{"id":6602,"date":"2025-03-11T06:32:38","date_gmt":"2025-03-11T06:32:38","guid":{"rendered":"https:\/\/fmp-components.com\/product\/multistage-customized-hydraulic-telescopic-cylinder-manufacturer-in-italy-from-fmp"},"modified":"2025-03-14T02:05:15","modified_gmt":"2025-03-14T02:05:15","slug":"multistage-customized-hydraulic-telescopic-cylinder-manufacturer-in-italy-from-fmp","status":"publish","type":"product","link":"https:\/\/fmp-components.com\/pt\/product\/multistage-customized-hydraulic-telescopic-cylinder-manufacturer-in-italy-from-fmp\/","title":{"rendered":"Fabricante italiano de cilindros telesc\u00f3picos hidr\u00e1ulicos personalizados de m\u00faltiplos est\u00e1gios da FMP"},"content":{"rendered":"<h2>Fabricante italiano de cilindros telesc\u00f3picos hidr\u00e1ulicos personalizados de m\u00faltiplos est\u00e1gios da FMP<\/h2>\n<p>O Cilindro Telesc\u00f3pico Hidr\u00e1ulico Personalizado de M\u00faltiplos Est\u00e1gios \u00e9 um produto de alta qualidade fabricado pela FMP, empresa l\u00edder em engenharia hidr\u00e1ulica fundada em 2006. Este cilindro hidr\u00e1ulico de alta qualidade foi projetado para oferecer funcionalidade superior em diversos setores, incluindo f\u00e1bricas, oficinas de reparo de m\u00e1quinas, fazendas e as ind\u00fastrias de energia e minera\u00e7\u00e3o.<\/p>\n<h2><span style=\"font-size: 22px;\">Caracter\u00edsticas excepcionais<\/span><\/h2>\n<ul>\n<li>Eficiente em termos de energia<\/li>\n<li>Alta efici\u00eancia<\/li>\n<li>Seguran\u00e7a garantida<\/li>\n<\/ul>\n<h2>O Sistema Hidr\u00e1ulico e Seu Princ\u00edpio de Funcionamento<\/h2>\n<p>Nossos cilindros telesc\u00f3picos hidr\u00e1ulicos de m\u00faltiplos est\u00e1gios funcionam com base no princ\u00edpio simples da transmiss\u00e3o de press\u00e3o atrav\u00e9s de um fluido incompress\u00edvel. Os cilindros convertem energia hidr\u00e1ulica em energia mec\u00e2nica, resultando em for\u00e7a e movimento lineares. Esse movimento realiza o trabalho necess\u00e1rio em diversas aplica\u00e7\u00f5es industriais.<\/p>\n<h2>Aplica\u00e7\u00f5es do Cilindro Hidr\u00e1ulico<\/h2>\n<p>O cilindro hidr\u00e1ulico possui uma ampla gama de aplica\u00e7\u00f5es nas ind\u00fastrias de manufatura, agricultura, energia e minera\u00e7\u00e3o. \u00c9 altamente vers\u00e1til e pode atender a diversas necessidades industriais.<\/p>\n<p><img loading=\"lazy\" decoding=\"async\" class=\"alignnone  wp-image-6659\" src=\"https:\/\/fmp-components.com\/wp-content\/uploads\/2025\/03\/telescopic-hydraulic-cylinder-12.webp\" alt=\"cilindro hidr\u00e1ulico telesc\u00f3pico\" width=\"798\" height=\"798\" title=\"\" srcset=\"https:\/\/fmp-components.com\/wp-content\/uploads\/2025\/03\/telescopic-hydraulic-cylinder-12.webp 798w, https:\/\/fmp-components.com\/wp-content\/uploads\/2025\/03\/telescopic-hydraulic-cylinder-12-480x480.webp 480w\" sizes=\"(min-width: 0px) and (max-width: 480px) 480px, (min-width: 481px) 798px, 100vw\" \/><\/p>\n<h2>Cilindros Hidr\u00e1ulicos e Unidades de Pot\u00eancia<\/h2>\n<p>Cilindros hidr\u00e1ulicos e unidades de pot\u00eancia s\u00e3o componentes essenciais de qualquer sistema hidr\u00e1ulico. Sua rela\u00e7\u00e3o simbi\u00f3tica garante a ampla aplica\u00e7\u00e3o da tecnologia hidr\u00e1ulica em ambientes industriais. O cilindro hidr\u00e1ulico, atuando como um atuador, converte energia hidr\u00e1ulica em movimento mec\u00e2nico, transformando press\u00e3o em for\u00e7a. A unidade de pot\u00eancia, por sua vez, \u00e9 o cora\u00e7\u00e3o de um sistema hidr\u00e1ulico, fornecendo energia e sinais de controle. A perfeita colabora\u00e7\u00e3o entre esses dois elementos \u00e9 o que permite que um sistema hidr\u00e1ulico opere sem falhas. Observe que a FMP tamb\u00e9m oferece unidades de pot\u00eancia para venda.<img alt=\"\" \/><\/p>\n<h2>Perguntas frequentes<\/h2>\n<p><strong>P1: Qual \u00e9 a garantia dos seus cilindros hidr\u00e1ulicos?<\/strong><\/p>\n<p>A1: Oferecemos 1 ano de garantia para nossos cilindros hidr\u00e1ulicos.<\/p>\n<p><strong>Q2: O di\u00e2metro do cilindro hidr\u00e1ulico pode ser personalizado?<\/strong><\/p>\n<p>A2: Sim, o di\u00e2metro do furo pode ser personalizado de acordo com suas necessidades.<\/p>\n<p><strong>Q3: Qual \u00e9 o empuxo e a tra\u00e7\u00e3o m\u00e1ximos do seu cilindro hidr\u00e1ulico?<\/strong><\/p>\n<p>A3: O empuxo m\u00e1ximo \u00e9 3000 e a tra\u00e7\u00e3o m\u00e1xima \u00e9 600.<\/p>\n<h3>Sobre a FMP<\/h3>\n<p class=\"break-words\">A FMP \u00e9 uma fabricante italiana l\u00edder, especializada em projeto, desenvolvimento e produ\u00e7\u00e3o de cilindros hidr\u00e1ulicos de alta qualidade. Com uma rica heran\u00e7a alicer\u00e7ada em d\u00e9cadas de experi\u00eancia, combinamos com orgulho o artesanato italiano com tecnologia de ponta para oferecer solu\u00e7\u00f5es hidr\u00e1ulicas excepcionais, personalizadas para atender \u00e0s diversas necessidades de nossa clientela global. Com sede na It\u00e1lia, um polo de excel\u00eancia em engenharia, a FMP se destaca como uma marca confi\u00e1vel na ind\u00fastria hidr\u00e1ulica, comprometida em fornecer produtos confi\u00e1veis, dur\u00e1veis e inovadores que impulsionam empresas em todo o mundo.<\/p>\n<p class=\"break-words\">Nossa empresa integra o melhor das tradi\u00e7\u00f5es de fabrica\u00e7\u00e3o avan\u00e7ada com uma abordagem inovadora. Com anos de experi\u00eancia em sistemas hidr\u00e1ulicos, a FMP evoluiu para uma empresa moderna que se destaca em pesquisa, design e produ\u00e7\u00e3o. Somos especializados em uma ampla gama de cilindros hidr\u00e1ulicos, incluindo cilindros de dupla a\u00e7\u00e3o, cilindros de eleva\u00e7\u00e3o automotiva, cilindros para m\u00e1quinas agr\u00edcolas e solu\u00e7\u00f5es personalizadas para diversas aplica\u00e7\u00f5es industriais. Seja para constru\u00e7\u00e3o, instala\u00e7\u00f5es industriais, agricultura ou m\u00e1quinas pesadas, nossos cilindros hidr\u00e1ulicos s\u00e3o projetados para operar nas condi\u00e7\u00f5es mais dif\u00edceis, garantindo seguran\u00e7a, efici\u00eancia e durabilidade.<\/p>\n<p><img loading=\"lazy\" decoding=\"async\" class=\"alignnone size-full wp-image-6720\" src=\"https:\/\/fmp-components.com\/wp-content\/uploads\/2025\/03\/hydraulic-cylinder-8.webp\" alt=\"Cilindros Hidr\u00e1ulicos Telesc\u00f3picos\" width=\"933\" height=\"526\" title=\"\" srcset=\"https:\/\/fmp-components.com\/wp-content\/uploads\/2025\/03\/hydraulic-cylinder-8.webp 933w, https:\/\/fmp-components.com\/wp-content\/uploads\/2025\/03\/hydraulic-cylinder-8-480x271.webp 480w\" sizes=\"(min-width: 0px) and (max-width: 480px) 480px, (min-width: 481px) 933px, 100vw\" \/><\/p>\n<p class=\"break-words\">Na FMP, orgulhamo-nos de nossas instala\u00e7\u00f5es de produ\u00e7\u00e3o de \u00faltima gera\u00e7\u00e3o, equipadas com m\u00e1quinas de precis\u00e3o e sistemas de teste avan\u00e7ados. Nossos processos de fabrica\u00e7\u00e3o seguem rigorosos padr\u00f5es nacionais e internacionais, garantindo que cada cilindro hidr\u00e1ulico que sai de nossa f\u00e1brica seja de qualidade e confiabilidade superiores. Nossa equipe t\u00e9cnica qualificada, aliada a equipamentos de \u00faltima gera\u00e7\u00e3o, nos permite manter um rigoroso controle de qualidade em todas as etapas da produ\u00e7\u00e3o \u2014 desde a sele\u00e7\u00e3o da mat\u00e9ria-prima at\u00e9 a inspe\u00e7\u00e3o final. Essa dedica\u00e7\u00e3o \u00e0 excel\u00eancia nos rendeu certifica\u00e7\u00f5es e reconhecimento de autoridades do setor, consolidando ainda mais nossa reputa\u00e7\u00e3o como um parceiro confi\u00e1vel.<\/p>\n<p class=\"break-words\">Nossa miss\u00e3o \u00e9 simples, por\u00e9m ambiciosa: fornecer aos nossos clientes cilindros hidr\u00e1ulicos que superem as expectativas em desempenho, durabilidade e valor. Atuamos sob os princ\u00edpios norteadores de profissionalismo, integridade e foco no cliente. Ao fomentar uma cultura de inova\u00e7\u00e3o e precis\u00e3o, refinamos continuamente nossos produtos para nos mantermos \u00e0 frente em um mercado competitivo. Nossa abrangente linha de produtos e a capacidade de oferecer solu\u00e7\u00f5es personalizadas nos tornam a escolha ideal para empresas que buscam cilindros hidr\u00e1ulicos de alto desempenho.<\/p>\n<p class=\"break-words\">A FMP \u00e9 mais do que apenas uma fabricante \u2014 somos uma parceira para o seu sucesso. Entendemos que nossos clientes confiam em n\u00f3s para fornecer ferramentas que aumentam sua produtividade e seguran\u00e7a. \u00c9 por isso que nos comprometemos a oferecer n\u00e3o apenas produtos de primeira linha, mas tamb\u00e9m um servi\u00e7o excepcional. Da consultoria inicial ao suporte p\u00f3s-venda, trabalhamos em estreita colabora\u00e7\u00e3o com nossos clientes para garantir que suas necessidades sejam atendidas com profissionalismo e cuidado. Nossos pre\u00e7os competitivos, aliados ao nosso compromisso inabal\u00e1vel com a qualidade, fazem da FMP a escolha inteligente para empresas que buscam investir em solu\u00e7\u00f5es hidr\u00e1ulicas confi\u00e1veis.<\/p>","protected":false},"excerpt":{"rendered":"<p>Multistage Customized Hydraulic Telescopic Cylinder Manufacturer In Italy From FMP The Multistage Customized Hydraulic Telescopic Cylinder is a top-tier product manufactured by FMP, a leading enterprise in hydraulic engineering established in 2006. This high-quality hydraulic cylinder is designed for superior functionality in various industries including manufacturing plants, machinery repair shops, farms, and the energy and [&hellip;]<\/p>","protected":false},"featured_media":6800,"comment_status":"closed","ping_status":"closed","template":"","meta":{"_et_pb_use_builder":"","_et_pb_old_content":"","_et_gb_content_width":""},"product_brand":[],"product_cat":[103],"product_tag":[34,105],"class_list":{"0":"post-6602","1":"product","2":"type-product","3":"status-publish","4":"has-post-thumbnail","6":"product_cat-telescopic-hydraulic-cylinders","7":"product_tag-hydraulic-cylinder","8":"product_tag-telescopic-hydraulic-cylinders","10":"first","11":"instock","12":"product-type-simple"},"_links":{"self":[{"href":"https:\/\/fmp-components.com\/pt\/wp-json\/wp\/v2\/product\/6602","targetHints":{"allow":["GET"]}}],"collection":[{"href":"https:\/\/fmp-components.com\/pt\/wp-json\/wp\/v2\/product"}],"about":[{"href":"https:\/\/fmp-components.com\/pt\/wp-json\/wp\/v2\/types\/product"}],"replies":[{"embeddable":true,"href":"https:\/\/fmp-components.com\/pt\/wp-json\/wp\/v2\/comments?post=6602"}],"wp:featuredmedia":[{"embeddable":true,"href":"https:\/\/fmp-components.com\/pt\/wp-json\/wp\/v2\/media\/6800"}],"wp:attachment":[{"href":"https:\/\/fmp-components.com\/pt\/wp-json\/wp\/v2\/media?parent=6602"}],"wp:term":[{"taxonomy":"product_brand","embeddable":true,"href":"https:\/\/fmp-components.com\/pt\/wp-json\/wp\/v2\/product_brand?post=6602"},{"taxonomy":"product_cat","embeddable":true,"href":"https:\/\/fmp-components.com\/pt\/wp-json\/wp\/v2\/product_cat?post=6602"},{"taxonomy":"product_tag","embeddable":true,"href":"https:\/\/fmp-components.com\/pt\/wp-json\/wp\/v2\/product_tag?post=6602"}],"curies":[{"name":"wp","href":"https:\/\/api.w.org\/{rel}","templated":true}]}}