{"id":6600,"date":"2025-03-11T06:32:38","date_gmt":"2025-03-11T06:32:38","guid":{"rendered":"https:\/\/fmp-components.com\/product\/3tons-5tons-7tons-12-tons-telescopic-multistages-tipper-truck-hydraulic-cylinder-from-fmp"},"modified":"2025-03-12T03:14:59","modified_gmt":"2025-03-12T03:14:59","slug":"3tons-5tons-7tons-12-tons-telescopic-multistages-tipper-truck-hydraulic-cylinder-from-fmp","status":"publish","type":"product","link":"https:\/\/fmp-components.com\/pt\/product\/3tons-5tons-7tons-12-tons-telescopic-multistages-tipper-truck-hydraulic-cylinder-from-fmp\/","title":{"rendered":"Cilindro hidr\u00e1ulico telesc\u00f3pico\/multiest\u00e1gios para caminh\u00e3o basculante de 3 toneladas, 5 toneladas, 7 toneladas e 12 toneladas da FMP"},"content":{"rendered":"<h2>Cilindro hidr\u00e1ulico telesc\u00f3pico\/multiest\u00e1gios para caminh\u00e3o basculante de 3 toneladas, 5 toneladas, 7 toneladas e 12 toneladas da FMP<\/h2>\n<p>O cilindro hidr\u00e1ulico Telesc\u00f3pico\/Multiest\u00e1gios da FMP \u00e9 uma solu\u00e7\u00e3o inovadora para caminh\u00f5es basculantes. Projetado para caminh\u00f5es de 3, 5, 7 e 12 toneladas, este cilindro hidr\u00e1ulico proporciona pot\u00eancia e precis\u00e3o excepcionais. Fabricados com a\u00e7o de alta qualidade, estes cilindros hidr\u00e1ulicos garantem desempenho e durabilidade ideais.<\/p>\n<h3>Caracter\u00edsticas e fun\u00e7\u00f5es<\/h3>\n<p>Nossos cilindros hidr\u00e1ulicos possuem certifica\u00e7\u00e3o ISO 9001:2000, um selo de qualidade e desempenho superiores que reflete nosso compromisso com a excel\u00eancia em fabrica\u00e7\u00e3o. Com um impressionante empuxo m\u00e1ximo de 3000 e uma tra\u00e7\u00e3o m\u00e1xima de 600, esses cilindros oferecem um desempenho potente, adequado para uma ampla gama de aplica\u00e7\u00f5es industriais. O di\u00e2metro dos cilindros varia de 20 mm a 250 mm, oferecendo versatilidade incompar\u00e1vel para atender a diversos requisitos operacionais. Seja uma solu\u00e7\u00e3o compacta para espa\u00e7os apertados ou um cilindro maior para tarefas pesadas, nossos produtos podem ser personalizados para atender \u00e0s suas necessidades espec\u00edficas.<\/p>\n<p><img loading=\"lazy\" decoding=\"async\" class=\"alignnone  wp-image-6657\" src=\"https:\/\/fmp-components.com\/wp-content\/uploads\/2025\/03\/telescopic-hydraulic-cylinder-3.webp\" alt=\"cilindro hidr\u00e1ulico telesc\u00f3pico\" width=\"902\" height=\"902\" title=\"\" srcset=\"https:\/\/fmp-components.com\/wp-content\/uploads\/2025\/03\/telescopic-hydraulic-cylinder-3.webp 902w, https:\/\/fmp-components.com\/wp-content\/uploads\/2025\/03\/telescopic-hydraulic-cylinder-3-480x480.webp 480w\" sizes=\"(min-width: 0px) and (max-width: 480px) 480px, (min-width: 481px) 902px, 100vw\" \/><\/p>\n<h3>Especifica\u00e7\u00f5es do produto<\/h3>\n<p>Cada cilindro hidr\u00e1ulico \u00e9 habilmente projetado e fabricado de acordo com especifica\u00e7\u00f5es precisas. O di\u00e2metro interno \u00e9 totalmente personaliz\u00e1vel, permitindo que voc\u00ea selecione as dimens\u00f5es que melhor atendem aos requisitos da sua aplica\u00e7\u00e3o. Essa flexibilidade garante que voc\u00ea receba um produto perfeitamente alinhado \u00e0s suas demandas operacionais. Al\u00e9m disso, esses cilindros s\u00e3o equipados com rolamentos de alta qualidade como componentes principais, o que melhora significativamente seu desempenho e durabilidade. O uso de rolamentos reduz o atrito e o desgaste, permitindo uma opera\u00e7\u00e3o mais suave e prolongando a vida \u00fatil do cilindro hidr\u00e1ulico.<\/p>\n<h3>Caracter\u00edsticas \u00fanicas<\/h3>\n<ul>\n<li><strong>Economia de energia:<\/strong> Nossos cilindros hidr\u00e1ulicos s\u00e3o projetados com foco na conserva\u00e7\u00e3o de energia. Este design n\u00e3o s\u00f3 ajuda a reduzir os custos operacionais, como tamb\u00e9m contribui para a sustentabilidade ambiental, minimizando o desperd\u00edcio de energia durante a opera\u00e7\u00e3o. Ao otimizar o uso do fluido hidr\u00e1ulico, nossos cilindros garantem que as empresas alcancem seus objetivos com efici\u00eancia e, ao mesmo tempo, respeitando o consumo de energia.<\/li>\n<li><strong>Eficiente:<\/strong> Utilizando tecnologia hidr\u00e1ulica avan\u00e7ada, nossos cilindros proporcionam altos n\u00edveis de efici\u00eancia e desempenho. Essa efici\u00eancia se traduz em tempos de ciclo mais r\u00e1pidos e maior produtividade, permitindo que as ind\u00fastrias otimizem seus processos e aumentem a efic\u00e1cia operacional geral.<\/li>\n<li><strong>Seguran\u00e7a:<\/strong> A seguran\u00e7a \u00e9 primordial em aplica\u00e7\u00f5es industriais, e nossos cilindros hidr\u00e1ulicos s\u00e3o constru\u00eddos com materiais de alta qualidade que garantem durabilidade mesmo nas condi\u00e7\u00f5es de trabalho mais exigentes. Testes rigorosos e protocolos de garantia de qualidade s\u00e3o aplicados para garantir que nossos produtos atendam aos mais altos padr\u00f5es de seguran\u00e7a. Essa constru\u00e7\u00e3o robusta n\u00e3o apenas protege os operadores, mas tamb\u00e9m aumenta a confiabilidade das m\u00e1quinas, proporcionando um ambiente de trabalho mais seguro.<\/li>\n<\/ul>\n<p>Nossos cilindros hidr\u00e1ulicos s\u00e3o projetados para se destacar em desempenho, seguran\u00e7a e efici\u00eancia, tornando-os a escolha ideal para diversas aplica\u00e7\u00f5es industriais. Com especifica\u00e7\u00f5es personaliz\u00e1veis \u200b\u200be compromisso com a qualidade, oferecemos solu\u00e7\u00f5es que capacitam as empresas a operar com efic\u00e1cia e seguran\u00e7a.<\/p>\n<h3>Sobre a FMP<\/h3>\n<p class=\"break-words\">A FMP \u00e9 uma fabricante italiana l\u00edder, especializada em projeto, desenvolvimento e produ\u00e7\u00e3o de cilindros hidr\u00e1ulicos de alta qualidade. Com uma rica heran\u00e7a alicer\u00e7ada em d\u00e9cadas de experi\u00eancia, combinamos com orgulho o artesanato italiano com tecnologia de ponta para oferecer solu\u00e7\u00f5es hidr\u00e1ulicas excepcionais, personalizadas para atender \u00e0s diversas necessidades de nossa clientela global. Com sede na It\u00e1lia, um polo de excel\u00eancia em engenharia, a FMP se destaca como uma marca confi\u00e1vel na ind\u00fastria hidr\u00e1ulica, comprometida em fornecer produtos confi\u00e1veis, dur\u00e1veis e inovadores que impulsionam empresas em todo o mundo.<\/p>\n<p class=\"break-words\">Nossa empresa integra o melhor das tradi\u00e7\u00f5es de fabrica\u00e7\u00e3o avan\u00e7ada com uma abordagem inovadora. Com anos de experi\u00eancia em sistemas hidr\u00e1ulicos, a FMP evoluiu para uma empresa moderna que se destaca em pesquisa, design e produ\u00e7\u00e3o. Somos especializados em uma ampla gama de cilindros hidr\u00e1ulicos, incluindo cilindros de dupla a\u00e7\u00e3o, cilindros de eleva\u00e7\u00e3o automotiva, cilindros para m\u00e1quinas agr\u00edcolas e solu\u00e7\u00f5es personalizadas para diversas aplica\u00e7\u00f5es industriais. Seja para constru\u00e7\u00e3o, instala\u00e7\u00f5es industriais, agricultura ou m\u00e1quinas pesadas, nossos cilindros hidr\u00e1ulicos s\u00e3o projetados para operar nas condi\u00e7\u00f5es mais dif\u00edceis, garantindo seguran\u00e7a, efici\u00eancia e durabilidade.<\/p>\n<p><img loading=\"lazy\" decoding=\"async\" class=\"alignnone size-full wp-image-6720\" src=\"https:\/\/fmp-components.com\/wp-content\/uploads\/2025\/03\/hydraulic-cylinder-8.webp\" alt=\"Cilindros Hidr\u00e1ulicos Telesc\u00f3picos\" width=\"933\" height=\"526\" title=\"\" srcset=\"https:\/\/fmp-components.com\/wp-content\/uploads\/2025\/03\/hydraulic-cylinder-8.webp 933w, https:\/\/fmp-components.com\/wp-content\/uploads\/2025\/03\/hydraulic-cylinder-8-480x271.webp 480w\" sizes=\"(min-width: 0px) and (max-width: 480px) 480px, (min-width: 481px) 933px, 100vw\" \/><\/p>\n<p class=\"break-words\">Na FMP, orgulhamo-nos de nossas instala\u00e7\u00f5es de produ\u00e7\u00e3o de \u00faltima gera\u00e7\u00e3o, equipadas com m\u00e1quinas de precis\u00e3o e sistemas de teste avan\u00e7ados. Nossos processos de fabrica\u00e7\u00e3o seguem rigorosos padr\u00f5es nacionais e internacionais, garantindo que cada cilindro hidr\u00e1ulico que sai de nossa f\u00e1brica seja de qualidade e confiabilidade superiores. Nossa equipe t\u00e9cnica qualificada, aliada a equipamentos de \u00faltima gera\u00e7\u00e3o, nos permite manter um rigoroso controle de qualidade em todas as etapas da produ\u00e7\u00e3o \u2014 desde a sele\u00e7\u00e3o da mat\u00e9ria-prima at\u00e9 a inspe\u00e7\u00e3o final. Essa dedica\u00e7\u00e3o \u00e0 excel\u00eancia nos rendeu certifica\u00e7\u00f5es e reconhecimento de autoridades do setor, consolidando ainda mais nossa reputa\u00e7\u00e3o como um parceiro confi\u00e1vel.<\/p>\n<p class=\"break-words\">Nossa miss\u00e3o \u00e9 simples, por\u00e9m ambiciosa: fornecer aos nossos clientes cilindros hidr\u00e1ulicos que superem as expectativas em desempenho, durabilidade e valor. Atuamos sob os princ\u00edpios norteadores de profissionalismo, integridade e foco no cliente. Ao fomentar uma cultura de inova\u00e7\u00e3o e precis\u00e3o, refinamos continuamente nossos produtos para nos mantermos \u00e0 frente em um mercado competitivo. Nossa abrangente linha de produtos e a capacidade de oferecer solu\u00e7\u00f5es personalizadas nos tornam a escolha ideal para empresas que buscam cilindros hidr\u00e1ulicos de alto desempenho.<\/p>\n<p class=\"break-words\">A FMP \u00e9 mais do que apenas uma fabricante \u2014 somos uma parceira para o seu sucesso. Entendemos que nossos clientes confiam em n\u00f3s para fornecer ferramentas que aumentam sua produtividade e seguran\u00e7a. \u00c9 por isso que nos comprometemos a oferecer n\u00e3o apenas produtos de primeira linha, mas tamb\u00e9m um servi\u00e7o excepcional. Da consultoria inicial ao suporte p\u00f3s-venda, trabalhamos em estreita colabora\u00e7\u00e3o com nossos clientes para garantir que suas necessidades sejam atendidas com profissionalismo e cuidado. Nossos pre\u00e7os competitivos, aliados ao nosso compromisso inabal\u00e1vel com a qualidade, fazem da FMP a escolha inteligente para empresas que buscam investir em solu\u00e7\u00f5es hidr\u00e1ulicas confi\u00e1veis.<\/p>\n<h2>Perguntas frequentes<\/h2>\n<h3>P1: Qual \u00e9 a garantia dos cilindros hidr\u00e1ulicos?<\/h3>\n<p>Oferecemos garantia de 1 ano para nossos cilindros hidr\u00e1ulicos, assegurando sua qualidade e desempenho.<\/p>\n<h3>P2: Posso personalizar o tamanho do furo do cilindro hidr\u00e1ulico?<\/h3>\n<p>Sim, o tamanho do furo dos nossos cilindros hidr\u00e1ulicos \u00e9 personaliz\u00e1vel de acordo com suas necessidades espec\u00edficas.<\/p>\n<h3>Q3: Qual \u00e9 o empuxo e a tra\u00e7\u00e3o m\u00e1ximos dos cilindros hidr\u00e1ulicos?<\/h3>\n<p>O empuxo m\u00e1ximo dos nossos cilindros hidr\u00e1ulicos \u00e9 de 3000, e a tra\u00e7\u00e3o m\u00e1xima \u00e9 de 600.<\/p>\n<p><img loading=\"lazy\" decoding=\"async\" class=\"alignnone  wp-image-6717\" src=\"https:\/\/fmp-components.com\/wp-content\/uploads\/2025\/03\/hydraulic-cylinder-211.webp\" alt=\"Cilindros Hidr\u00e1ulicos\" width=\"893\" height=\"895\" title=\"\" srcset=\"https:\/\/fmp-components.com\/wp-content\/uploads\/2025\/03\/hydraulic-cylinder-211.webp 893w, https:\/\/fmp-components.com\/wp-content\/uploads\/2025\/03\/hydraulic-cylinder-211-480x481.webp 480w\" sizes=\"(min-width: 0px) and (max-width: 480px) 480px, (min-width: 481px) 893px, 100vw\" \/><\/p>","protected":false},"excerpt":{"rendered":"<p>3tons 5tons 7tons 12 tons Telescopic \/MultiStages Tipper Truck Hydraulic Cylinder From FMP The Telescopic\/MultiStages hydraulic cylinder From FMP is an innovative solution for tipper trucks. This hydraulic cylinder is designed for 3-ton, 5-ton, 7-ton, and 12-ton trucks, providing exceptional power and precision. Manufactured with high-quality steel, these hydraulic cylinders ensure optimal performance and durability. [&hellip;]<\/p>","protected":false},"featured_media":6710,"comment_status":"closed","ping_status":"closed","template":"","meta":{"_et_pb_use_builder":"","_et_pb_old_content":"","_et_gb_content_width":""},"product_brand":[],"product_cat":[103],"product_tag":[34,105],"class_list":{"0":"post-6600","1":"product","2":"type-product","3":"status-publish","4":"has-post-thumbnail","6":"product_cat-telescopic-hydraulic-cylinders","7":"product_tag-hydraulic-cylinder","8":"product_tag-telescopic-hydraulic-cylinders","10":"first","11":"instock","12":"product-type-simple"},"_links":{"self":[{"href":"https:\/\/fmp-components.com\/pt\/wp-json\/wp\/v2\/product\/6600","targetHints":{"allow":["GET"]}}],"collection":[{"href":"https:\/\/fmp-components.com\/pt\/wp-json\/wp\/v2\/product"}],"about":[{"href":"https:\/\/fmp-components.com\/pt\/wp-json\/wp\/v2\/types\/product"}],"replies":[{"embeddable":true,"href":"https:\/\/fmp-components.com\/pt\/wp-json\/wp\/v2\/comments?post=6600"}],"wp:featuredmedia":[{"embeddable":true,"href":"https:\/\/fmp-components.com\/pt\/wp-json\/wp\/v2\/media\/6710"}],"wp:attachment":[{"href":"https:\/\/fmp-components.com\/pt\/wp-json\/wp\/v2\/media?parent=6600"}],"wp:term":[{"taxonomy":"product_brand","embeddable":true,"href":"https:\/\/fmp-components.com\/pt\/wp-json\/wp\/v2\/product_brand?post=6600"},{"taxonomy":"product_cat","embeddable":true,"href":"https:\/\/fmp-components.com\/pt\/wp-json\/wp\/v2\/product_cat?post=6600"},{"taxonomy":"product_tag","embeddable":true,"href":"https:\/\/fmp-components.com\/pt\/wp-json\/wp\/v2\/product_tag?post=6600"}],"curies":[{"name":"wp","href":"https:\/\/api.w.org\/{rel}","templated":true}]}}