{"id":6599,"date":"2025-03-11T06:32:38","date_gmt":"2025-03-11T06:32:38","guid":{"rendered":"https:\/\/fmp-components.com\/product\/telescopic-multi-stages-tipper-truck-hydraulic-cylinder-from-fmp"},"modified":"2025-03-12T03:13:48","modified_gmt":"2025-03-12T03:13:48","slug":"telescopic-multi-stages-tipper-truck-hydraulic-cylinder-from-fmp","status":"publish","type":"product","link":"https:\/\/fmp-components.com\/pt\/product\/telescopic-multi-stages-tipper-truck-hydraulic-cylinder-from-fmp\/","title":{"rendered":"Cilindro hidr\u00e1ulico telesc\u00f3pico de v\u00e1rios est\u00e1gios para caminh\u00e3o basculante da FMP"},"content":{"rendered":"<h2>Cilindro hidr\u00e1ulico telesc\u00f3pico de v\u00e1rios est\u00e1gios para caminh\u00e3o basculante da FMP<\/h2>\n<p>Descubra o poder da hidr\u00e1ulica com o nosso Cilindro Hidr\u00e1ulico Telesc\u00f3pico Multiest\u00e1gios para Caminh\u00f5es Basculantes. Este produto inovador da FMP foi projetado para oferecer excelente desempenho, confiabilidade e longa vida \u00fatil, tornando-se um valioso complemento para diversos setores, como f\u00e1bricas, oficinas de reparo de m\u00e1quinas, fazendas e o setor de energia e minera\u00e7\u00e3o.<\/p>\n<h2>Caracter\u00edsticas e especifica\u00e7\u00f5es do produto<\/h2>\n<p>Nosso cilindro hidr\u00e1ulico telesc\u00f3pico de m\u00faltiplos est\u00e1gios para caminh\u00f5es basculantes possui uma s\u00e9rie de recursos que o destacam no mercado. Veja a seguir as especifica\u00e7\u00f5es detalhadas do produto:<\/p>\n<ul>\n<li>Condi\u00e7\u00e3o: Novo<\/li>\n<li>Garantia: 1 ano<\/li>\n<li>Ind\u00fastrias aplic\u00e1veis: F\u00e1bricas, Oficinas de Reparo de M\u00e1quinas, Fazendas, Energia e Minera\u00e7\u00e3o<\/li>\n<li>Inspe\u00e7\u00e3o de sa\u00edda por v\u00eddeo: Fornecida<\/li>\n<li>Relat\u00f3rio de Teste de M\u00e1quinas: Fornecido<\/li>\n<li>Tipo de marketing: Novo produto 2021<\/li>\n<li>Garantia dos componentes principais: 1 ano<\/li>\n<li>Componentes principais: Rolamento<\/li>\n<li>Padr\u00e3o ou n\u00e3o padr\u00e3o: Padr\u00e3o<\/li>\n<li>Estrutura: Cilindro de pist\u00e3o<\/li>\n<li>Pot\u00eancia: Hidr\u00e1ulica<\/li>\n<li>Material do corpo: A\u00e7o<\/li>\n<li>Impulso m\u00e1ximo: 3000<\/li>\n<li>Tipo: Cilindros hidr\u00e1ulicos de pequeno porte<\/li>\n<li>Di\u00e2metro do furo: De acordo com suas necessidades<\/li>\n<li>For\u00e7a m\u00e1xima de tra\u00e7\u00e3o: 600<\/li>\n<li>Certifica\u00e7\u00e3o: ISO9001:2000<\/li>\n<li>Fluido: \u00d3leo<\/li>\n<li>Di\u00e2metro do cilindro: 20~250mm<\/li>\n<li>Detalhes da embalagem: Caixa de ferro, caixa de madeira compensada ou caixa de papel\u00e3o.<\/li>\n<\/ul>\n<h2>Caracter\u00edsticas e vantagens exclusivas<\/h2>\n<p>Nosso cilindro hidr\u00e1ulico telesc\u00f3pico de m\u00faltiplos est\u00e1gios para caminh\u00f5es basculantes possui caracter\u00edsticas e vantagens exclusivas, como efici\u00eancia energ\u00e9tica, alto desempenho, seguran\u00e7a e muito mais. Ele garante uma opera\u00e7\u00e3o suave, ajudando as empresas a maximizar a produtividade e minimizar o tempo de inatividade.<\/p>\n<h2>Sistemas Hidr\u00e1ulicos e Princ\u00edpios de Funcionamento<\/h2>\n<p>Nosso cilindro hidr\u00e1ulico opera com base em princ\u00edpios simples: a for\u00e7a do fluido pressurizado \u00e9 utilizada para gerar um movimento linear. Esse mecanismo proporciona um desempenho robusto e confi\u00e1vel, tornando-o uma pe\u00e7a indispens\u00e1vel em diversas aplica\u00e7\u00f5es industriais.<\/p>\n<p><img loading=\"lazy\" decoding=\"async\" class=\"alignnone  wp-image-6658\" src=\"https:\/\/fmp-components.com\/wp-content\/uploads\/2025\/03\/telescopic-hydraulic-cylinder-6.webp\" alt=\"cilindro hidr\u00e1ulico telesc\u00f3pico\" width=\"928\" height=\"928\" title=\"\" srcset=\"https:\/\/fmp-components.com\/wp-content\/uploads\/2025\/03\/telescopic-hydraulic-cylinder-6.webp 928w, https:\/\/fmp-components.com\/wp-content\/uploads\/2025\/03\/telescopic-hydraulic-cylinder-6-480x480.webp 480w\" sizes=\"(min-width: 0px) and (max-width: 480px) 480px, (min-width: 481px) 928px, 100vw\" \/><\/p>\n<h2>Cilindros hidr\u00e1ulicos e unidades de pot\u00eancia<\/h2>\n<p>Cilindros hidr\u00e1ulicos e unidades de pot\u00eancia s\u00e3o componentes essenciais de um sistema hidr\u00e1ulico. Sua sinergia garante a ampla aplicabilidade da tecnologia hidr\u00e1ulica no setor industrial, fornecendo energia confi\u00e1vel e suporte de controle para diversos equipamentos de engenharia e m\u00e1quinas. O cilindro hidr\u00e1ulico, como atuador, \u00e9 respons\u00e1vel por converter energia hidr\u00e1ulica em movimento mec\u00e2nico, traduzindo press\u00e3o em for\u00e7a. Enquanto isso, a unidade de pot\u00eancia \u00e9 o n\u00facleo que fornece a energia e os sinais de controle necess\u00e1rios ao sistema hidr\u00e1ulico. A opera\u00e7\u00e3o coordenada de ambos \u00e9 o que permite o funcionamento adequado do sistema hidr\u00e1ulico. Na FMP, tamb\u00e9m oferecemos unidades de pot\u00eancia para venda.<\/p>\n<h2>Perguntas frequentes<\/h2>\n<p><strong>P1: Qual \u00e9 o per\u00edodo de garantia do cilindro hidr\u00e1ulico telesc\u00f3pico de m\u00faltiplos est\u00e1gios para caminh\u00e3o basculante?<\/strong><br \/>\nA1: O per\u00edodo de garantia do produto \u00e9 de 1 ano.<\/p>\n<p><strong>Q2: O cilindro hidr\u00e1ulico pode ser personalizado de acordo com nossas necessidades?<\/strong><br \/>\nA2: Sim, podemos projetar o cilindro hidr\u00e1ulico para voc\u00ea de acordo com sua solicita\u00e7\u00e3o.<\/p>\n<p><strong>Q3: Quais s\u00e3o os componentes principais do cilindro hidr\u00e1ulico?<\/strong><br \/>\nA3: O componente principal do cilindro hidr\u00e1ulico \u00e9 o rolamento.<\/p>\n<h3>Sobre a FMP<\/h3>\n<p class=\"break-words\">A FMP \u00e9 uma fabricante italiana l\u00edder, especializada em projeto, desenvolvimento e produ\u00e7\u00e3o de cilindros hidr\u00e1ulicos de alta qualidade. Com uma rica heran\u00e7a alicer\u00e7ada em d\u00e9cadas de experi\u00eancia, combinamos com orgulho o artesanato italiano com tecnologia de ponta para oferecer solu\u00e7\u00f5es hidr\u00e1ulicas excepcionais, personalizadas para atender \u00e0s diversas necessidades de nossa clientela global. Com sede na It\u00e1lia, um polo de excel\u00eancia em engenharia, a FMP se destaca como uma marca confi\u00e1vel na ind\u00fastria hidr\u00e1ulica, comprometida em fornecer produtos confi\u00e1veis, dur\u00e1veis e inovadores que impulsionam empresas em todo o mundo.<\/p>\n<p class=\"break-words\">Nossa empresa integra o melhor das tradi\u00e7\u00f5es de fabrica\u00e7\u00e3o avan\u00e7ada com uma abordagem inovadora. Com anos de experi\u00eancia em sistemas hidr\u00e1ulicos, a FMP evoluiu para uma empresa moderna que se destaca em pesquisa, design e produ\u00e7\u00e3o. Somos especializados em uma ampla gama de cilindros hidr\u00e1ulicos, incluindo cilindros de dupla a\u00e7\u00e3o, cilindros de eleva\u00e7\u00e3o automotiva, cilindros para m\u00e1quinas agr\u00edcolas e solu\u00e7\u00f5es personalizadas para diversas aplica\u00e7\u00f5es industriais. Seja para constru\u00e7\u00e3o, instala\u00e7\u00f5es industriais, agricultura ou m\u00e1quinas pesadas, nossos cilindros hidr\u00e1ulicos s\u00e3o projetados para operar nas condi\u00e7\u00f5es mais dif\u00edceis, garantindo seguran\u00e7a, efici\u00eancia e durabilidade.<\/p>\n<p><img loading=\"lazy\" decoding=\"async\" class=\"alignnone size-full wp-image-6720\" src=\"https:\/\/fmp-components.com\/wp-content\/uploads\/2025\/03\/hydraulic-cylinder-8.webp\" alt=\"Cilindros Hidr\u00e1ulicos Telesc\u00f3picos\" width=\"933\" height=\"526\" title=\"\" srcset=\"https:\/\/fmp-components.com\/wp-content\/uploads\/2025\/03\/hydraulic-cylinder-8.webp 933w, https:\/\/fmp-components.com\/wp-content\/uploads\/2025\/03\/hydraulic-cylinder-8-480x271.webp 480w\" sizes=\"(min-width: 0px) and (max-width: 480px) 480px, (min-width: 481px) 933px, 100vw\" \/><\/p>\n<p class=\"break-words\">Na FMP, orgulhamo-nos de nossas instala\u00e7\u00f5es de produ\u00e7\u00e3o de \u00faltima gera\u00e7\u00e3o, equipadas com m\u00e1quinas de precis\u00e3o e sistemas de teste avan\u00e7ados. Nossos processos de fabrica\u00e7\u00e3o seguem rigorosos padr\u00f5es nacionais e internacionais, garantindo que cada cilindro hidr\u00e1ulico que sai de nossa f\u00e1brica seja de qualidade e confiabilidade superiores. Nossa equipe t\u00e9cnica qualificada, aliada a equipamentos de \u00faltima gera\u00e7\u00e3o, nos permite manter um rigoroso controle de qualidade em todas as etapas da produ\u00e7\u00e3o \u2014 desde a sele\u00e7\u00e3o da mat\u00e9ria-prima at\u00e9 a inspe\u00e7\u00e3o final. Essa dedica\u00e7\u00e3o \u00e0 excel\u00eancia nos rendeu certifica\u00e7\u00f5es e reconhecimento de autoridades do setor, consolidando ainda mais nossa reputa\u00e7\u00e3o como um parceiro confi\u00e1vel.<\/p>\n<p class=\"break-words\">Nossa miss\u00e3o \u00e9 simples, por\u00e9m ambiciosa: fornecer aos nossos clientes cilindros hidr\u00e1ulicos que superem as expectativas em desempenho, durabilidade e valor. Atuamos sob os princ\u00edpios norteadores de profissionalismo, integridade e foco no cliente. Ao fomentar uma cultura de inova\u00e7\u00e3o e precis\u00e3o, refinamos continuamente nossos produtos para nos mantermos \u00e0 frente em um mercado competitivo. Nossa abrangente linha de produtos e a capacidade de oferecer solu\u00e7\u00f5es personalizadas nos tornam a escolha ideal para empresas que buscam cilindros hidr\u00e1ulicos de alto desempenho.<\/p>\n<p class=\"break-words\">A FMP \u00e9 mais do que apenas uma fabricante \u2014 somos uma parceira para o seu sucesso. Entendemos que nossos clientes confiam em n\u00f3s para fornecer ferramentas que aumentam sua produtividade e seguran\u00e7a. \u00c9 por isso que nos comprometemos a oferecer n\u00e3o apenas produtos de primeira linha, mas tamb\u00e9m um servi\u00e7o excepcional. Da consultoria inicial ao suporte p\u00f3s-venda, trabalhamos em estreita colabora\u00e7\u00e3o com nossos clientes para garantir que suas necessidades sejam atendidas com profissionalismo e cuidado. Nossos pre\u00e7os competitivos, aliados ao nosso compromisso inabal\u00e1vel com a qualidade, fazem da FMP a escolha inteligente para empresas que buscam investir em solu\u00e7\u00f5es hidr\u00e1ulicas confi\u00e1veis.<\/p>","protected":false},"excerpt":{"rendered":"<p>Telescopic Multi Stages Tipper Truck Hydraulic Cylinder From FMP Discover the power of hydraulics with our Telescopic Multi Stages Tipper Truck Hydraulic Cylinder. This innovative product From FMP is designed to offer excellent performance, reliability, and longevity, making it a valuable addition to various industries such as manufacturing plants, machinery repair shops, farms, and the [&hellip;]<\/p>","protected":false},"featured_media":6709,"comment_status":"closed","ping_status":"closed","template":"","meta":{"_et_pb_use_builder":"","_et_pb_old_content":"","_et_gb_content_width":""},"product_brand":[],"product_cat":[103],"product_tag":[34,105],"class_list":{"0":"post-6599","1":"product","2":"type-product","3":"status-publish","4":"has-post-thumbnail","6":"product_cat-telescopic-hydraulic-cylinders","7":"product_tag-hydraulic-cylinder","8":"product_tag-telescopic-hydraulic-cylinders","10":"first","11":"instock","12":"product-type-simple"},"_links":{"self":[{"href":"https:\/\/fmp-components.com\/pt\/wp-json\/wp\/v2\/product\/6599","targetHints":{"allow":["GET"]}}],"collection":[{"href":"https:\/\/fmp-components.com\/pt\/wp-json\/wp\/v2\/product"}],"about":[{"href":"https:\/\/fmp-components.com\/pt\/wp-json\/wp\/v2\/types\/product"}],"replies":[{"embeddable":true,"href":"https:\/\/fmp-components.com\/pt\/wp-json\/wp\/v2\/comments?post=6599"}],"wp:featuredmedia":[{"embeddable":true,"href":"https:\/\/fmp-components.com\/pt\/wp-json\/wp\/v2\/media\/6709"}],"wp:attachment":[{"href":"https:\/\/fmp-components.com\/pt\/wp-json\/wp\/v2\/media?parent=6599"}],"wp:term":[{"taxonomy":"product_brand","embeddable":true,"href":"https:\/\/fmp-components.com\/pt\/wp-json\/wp\/v2\/product_brand?post=6599"},{"taxonomy":"product_cat","embeddable":true,"href":"https:\/\/fmp-components.com\/pt\/wp-json\/wp\/v2\/product_cat?post=6599"},{"taxonomy":"product_tag","embeddable":true,"href":"https:\/\/fmp-components.com\/pt\/wp-json\/wp\/v2\/product_tag?post=6599"}],"curies":[{"name":"wp","href":"https:\/\/api.w.org\/{rel}","templated":true}]}}