{"id":6597,"date":"2025-03-11T06:32:38","date_gmt":"2025-03-11T06:32:38","guid":{"rendered":"https:\/\/fmp-components.com\/product\/italy-manufacture-telescopic-multi-stages-hydraulic-cylinder-for-dump-truck-trailer-and-tipper-truck-from-fmp"},"modified":"2025-03-12T03:03:04","modified_gmt":"2025-03-12T03:03:04","slug":"italy-manufacture-telescopic-multi-stages-hydraulic-cylinder-for-dump-truck-trailer-and-tipper-truck-from-fmp","status":"publish","type":"product","link":"https:\/\/fmp-components.com\/pt\/product\/italy-manufacture-telescopic-multi-stages-hydraulic-cylinder-for-dump-truck-trailer-and-tipper-truck-from-fmp\/","title":{"rendered":"Fabricante italiano de cilindros hidr\u00e1ulicos telesc\u00f3picos\/multiest\u00e1gios para caminh\u00f5es basculantes\/reboques e caminh\u00f5es basculantes da FMP"},"content":{"rendered":"<h2>Fabricante italiano de cilindros hidr\u00e1ulicos telesc\u00f3picos\/multiest\u00e1gios para caminh\u00f5es basculantes\/reboques e caminh\u00f5es basculantes da FMP<\/h2>\n<p>A FMP apresenta o cilindro hidr\u00e1ulico telesc\u00f3pico\/multiest\u00e1gios mais eficiente e potente, a solu\u00e7\u00e3o perfeita para caminh\u00f5es basculantes, reboques e caminh\u00f5es-tanque. Este cilindro hidr\u00e1ulico de n\u00edvel industrial foi projetado para oferecer desempenho e robustez incompar\u00e1veis. \u00c9 um produto novo de 2021, que promete a mais avan\u00e7ada tecnologia e qualidade.<\/p>\n<h3>Caracter\u00edsticas e especifica\u00e7\u00f5es do produto<\/h3>\n<p>Este cilindro hidr\u00e1ulico vem com garantia de um ano e componentes principais da mais alta qualidade. Fabricado com um corpo robusto em a\u00e7o, opera com \u00f3leo e possui certifica\u00e7\u00e3o ISO9001:2000. Sua pot\u00eancia hidr\u00e1ulica o torna a escolha ideal para diversos setores, incluindo f\u00e1bricas, oficinas de reparo de m\u00e1quinas, fazendas, energia e minera\u00e7\u00e3o.<\/p>\n<p><img loading=\"lazy\" decoding=\"async\" class=\"alignnone  wp-image-6661\" src=\"https:\/\/fmp-components.com\/wp-content\/uploads\/2025\/03\/telescopic-hydraulic-cylinder-10.webp\" alt=\"cilindro hidr\u00e1ulico telesc\u00f3pico\" width=\"901\" height=\"901\" title=\"\" srcset=\"https:\/\/fmp-components.com\/wp-content\/uploads\/2025\/03\/telescopic-hydraulic-cylinder-10.webp 901w, https:\/\/fmp-components.com\/wp-content\/uploads\/2025\/03\/telescopic-hydraulic-cylinder-10-480x480.webp 480w\" sizes=\"(min-width: 0px) and (max-width: 480px) 480px, (min-width: 481px) 901px, 100vw\" \/><\/p>\n<h3>Caracter\u00edsticas e vantagens exclusivas<\/h3>\n<ul>\n<li>Economia de energia e alta efici\u00eancia<\/li>\n<li>Seguro e confi\u00e1vel para m\u00e1quinas pesadas.<\/li>\n<li>Personaliz\u00e1vel para atender a necessidades espec\u00edficas.<\/li>\n<li>Dur\u00e1vel e com longa vida \u00fatil.<\/li>\n<\/ul>\n<h2>Sistema hidr\u00e1ulico e princ\u00edpio de funcionamento<\/h2>\n<p>O cilindro hidr\u00e1ulico opera com base no princ\u00edpio fundamental de converter energia hidr\u00e1ulica em movimento mec\u00e2nico. Quando o cilindro \u00e9 preenchido com fluido hidr\u00e1ulico e pressurizado, ele gera uma for\u00e7a capaz de mover uma carga com efici\u00eancia. Esse mecanismo \u00e9 particularmente \u00fatil em diversas aplica\u00e7\u00f5es, como levantar objetos pesados \u200b\u200bou operar m\u00e1quinas industriais complexas. O princ\u00edpio se baseia na lei de Pascal, que afirma que a press\u00e3o aplicada a um fluido confinado \u00e9 transmitida igualmente em todas as dire\u00e7\u00f5es. Consequentemente, mesmo uma pequena quantidade de fluido hidr\u00e1ulico pode produzir uma for\u00e7a de eleva\u00e7\u00e3o significativa, tornando os cilindros hidr\u00e1ulicos essenciais para tarefas que exigem for\u00e7a e precis\u00e3o.<\/p>\n<h2>Aplica\u00e7\u00e3o do Cilindro Hidr\u00e1ulico<\/h2>\n<p>O cilindro hidr\u00e1ulico da FMP possui uma ampla gama de aplica\u00e7\u00f5es em diversos setores. \u00c9 particularmente eficaz em caminh\u00f5es basculantes e reboques, onde facilita os mecanismos de eleva\u00e7\u00e3o e inclina\u00e7\u00e3o necess\u00e1rios para descarregar materiais como cascalho, terra ou entulho. Em m\u00e1quinas de constru\u00e7\u00e3o, os cilindros hidr\u00e1ulicos s\u00e3o cruciais para operar equipamentos como escavadeiras, retroescavadeiras e tratores de esteira, permitindo que realizem tarefas que envolvem levantamento de cargas pesadas e movimentos precisos.<\/p>\n<p>Al\u00e9m disso, esses cilindros s\u00e3o amplamente utilizados em m\u00e1quinas agr\u00edcolas, auxiliando em tarefas como levantar arados, semeadoras e outros implementos essenciais para as opera\u00e7\u00f5es agr\u00edcolas. A versatilidade dos cilindros hidr\u00e1ulicos se estende a diversos setores, incluindo f\u00e1bricas, onde s\u00e3o utilizados em linhas de montagem e processos automatizados, bem como em oficinas de reparo de m\u00e1quinas, onde ajudam a levantar e posicionar equipamentos pesados \u200b\u200bpara manuten\u00e7\u00e3o. Os setores de energia e minera\u00e7\u00e3o tamb\u00e9m dependem de cilindros hidr\u00e1ulicos para tarefas como perfura\u00e7\u00e3o e movimenta\u00e7\u00e3o de materiais, demonstrando seu papel indispens\u00e1vel em aplica\u00e7\u00f5es industriais modernas.<\/p>\n<p><img loading=\"lazy\" decoding=\"async\" class=\"alignnone size-full wp-image-6660\" src=\"https:\/\/fmp-components.com\/wp-content\/uploads\/2025\/03\/hydraulic-cylinder-workshop-4.webp\" alt=\"cilindro hidr\u00e1ulico telesc\u00f3pico\" width=\"914\" height=\"733\" title=\"\" srcset=\"https:\/\/fmp-components.com\/wp-content\/uploads\/2025\/03\/hydraulic-cylinder-workshop-4.webp 914w, https:\/\/fmp-components.com\/wp-content\/uploads\/2025\/03\/hydraulic-cylinder-workshop-4-480x385.webp 480w\" sizes=\"(min-width: 0px) and (max-width: 480px) 480px, (min-width: 481px) 914px, 100vw\" \/><\/p>\n<h2>Cilindros Hidr\u00e1ulicos e Unidades de Pot\u00eancia<\/h2>\n<p>Cilindros hidr\u00e1ulicos e unidades de pot\u00eancia s\u00e3o componentes indispens\u00e1veis \u200b\u200bde qualquer sistema hidr\u00e1ulico. Sua opera\u00e7\u00e3o coordenada \u00e9 vital para a aplica\u00e7\u00e3o eficaz da tecnologia hidr\u00e1ulica no setor industrial, fornecendo energia confi\u00e1vel e suporte de controle para uma ampla gama de equipamentos de engenharia e mec\u00e2nicos. O cilindro hidr\u00e1ulico atua como atuador, convertendo energia hidr\u00e1ulica em movimento mec\u00e2nico e, assim, executando as tarefas necess\u00e1rias com precis\u00e3o.<\/p>\n<p>Em contraste, a unidade de pot\u00eancia serve como a for\u00e7a motriz do sistema hidr\u00e1ulico, gerando a press\u00e3o hidr\u00e1ulica necess\u00e1ria para impulsionar o fluido atrav\u00e9s do sistema e manter as taxas de fluxo ideais. Normalmente composta por um motor, bomba, reservat\u00f3rio e v\u00e1lvulas de controle, a unidade de pot\u00eancia garante que o cilindro hidr\u00e1ulico opere de forma suave e eficiente. Essa sinergia entre o cilindro hidr\u00e1ulico e a unidade de pot\u00eancia \u00e9 essencial para o funcionamento perfeito dos sistemas hidr\u00e1ulicos, permitindo que as ind\u00fastrias aproveitem todo o potencial da tecnologia hidr\u00e1ulica. Na FMP, tamb\u00e9m fornecemos unidades de pot\u00eancia de alta qualidade para venda, permitindo que nossos clientes criem sistemas hidr\u00e1ulicos totalmente integrados e adaptados \u00e0s suas necessidades operacionais espec\u00edficas.<\/p>\n<h2>Perguntas frequentes<\/h2>\n<ol>\n<li>P: Qual \u00e9 o per\u00edodo de garantia do cilindro hidr\u00e1ulico?<br \/>\nA: Oferecemos um ano de garantia para o nosso cilindro hidr\u00e1ulico.<\/li>\n<li>P: O cilindro hidr\u00e1ulico pode ser personalizado?<br \/>\nA: Sim, podemos projetar e fabricar o cilindro hidr\u00e1ulico com base em suas necessidades espec\u00edficas.<\/li>\n<li>P: Quais setores industriais podem utilizar este cilindro hidr\u00e1ulico?<br \/>\nA: O cilindro hidr\u00e1ulico pode ser utilizado em uma variedade de ind\u00fastrias, como f\u00e1bricas, oficinas de reparo de m\u00e1quinas, fazendas, setor de energia e minera\u00e7\u00e3o.<\/li>\n<\/ol>\n<h3>Sobre a FMP<\/h3>\n<p class=\"break-words\">A FMP \u00e9 uma fabricante italiana l\u00edder, especializada em projeto, desenvolvimento e produ\u00e7\u00e3o de cilindros hidr\u00e1ulicos de alta qualidade. Com uma rica heran\u00e7a alicer\u00e7ada em d\u00e9cadas de experi\u00eancia, combinamos com orgulho o artesanato italiano com tecnologia de ponta para oferecer solu\u00e7\u00f5es hidr\u00e1ulicas excepcionais, personalizadas para atender \u00e0s diversas necessidades de nossa clientela global. Com sede na It\u00e1lia, um polo de excel\u00eancia em engenharia, a FMP se destaca como uma marca confi\u00e1vel na ind\u00fastria hidr\u00e1ulica, comprometida em fornecer produtos confi\u00e1veis, dur\u00e1veis e inovadores que impulsionam empresas em todo o mundo.<\/p>\n<p class=\"break-words\">Nossa empresa integra o melhor das tradi\u00e7\u00f5es de fabrica\u00e7\u00e3o avan\u00e7ada com uma abordagem inovadora. Com anos de experi\u00eancia em sistemas hidr\u00e1ulicos, a FMP evoluiu para uma empresa moderna que se destaca em pesquisa, design e produ\u00e7\u00e3o. Somos especializados em uma ampla gama de cilindros hidr\u00e1ulicos, incluindo cilindros de dupla a\u00e7\u00e3o, cilindros de eleva\u00e7\u00e3o automotiva, cilindros para m\u00e1quinas agr\u00edcolas e solu\u00e7\u00f5es personalizadas para diversas aplica\u00e7\u00f5es industriais. Seja para constru\u00e7\u00e3o, instala\u00e7\u00f5es industriais, agricultura ou m\u00e1quinas pesadas, nossos cilindros hidr\u00e1ulicos s\u00e3o projetados para operar nas condi\u00e7\u00f5es mais dif\u00edceis, garantindo seguran\u00e7a, efici\u00eancia e durabilidade.<\/p>\n<p><img loading=\"lazy\" decoding=\"async\" class=\"alignnone size-full wp-image-6720\" src=\"https:\/\/fmp-components.com\/wp-content\/uploads\/2025\/03\/hydraulic-cylinder-8.webp\" alt=\"Cilindros Hidr\u00e1ulicos Telesc\u00f3picos\" width=\"933\" height=\"526\" title=\"\" srcset=\"https:\/\/fmp-components.com\/wp-content\/uploads\/2025\/03\/hydraulic-cylinder-8.webp 933w, https:\/\/fmp-components.com\/wp-content\/uploads\/2025\/03\/hydraulic-cylinder-8-480x271.webp 480w\" sizes=\"(min-width: 0px) and (max-width: 480px) 480px, (min-width: 481px) 933px, 100vw\" \/><\/p>\n<p class=\"break-words\">Na FMP, orgulhamo-nos de nossas instala\u00e7\u00f5es de produ\u00e7\u00e3o de \u00faltima gera\u00e7\u00e3o, equipadas com m\u00e1quinas de precis\u00e3o e sistemas de teste avan\u00e7ados. Nossos processos de fabrica\u00e7\u00e3o seguem rigorosos padr\u00f5es nacionais e internacionais, garantindo que cada cilindro hidr\u00e1ulico que sai de nossa f\u00e1brica seja de qualidade e confiabilidade superiores. Nossa equipe t\u00e9cnica qualificada, aliada a equipamentos de \u00faltima gera\u00e7\u00e3o, nos permite manter um rigoroso controle de qualidade em todas as etapas da produ\u00e7\u00e3o \u2014 desde a sele\u00e7\u00e3o da mat\u00e9ria-prima at\u00e9 a inspe\u00e7\u00e3o final. Essa dedica\u00e7\u00e3o \u00e0 excel\u00eancia nos rendeu certifica\u00e7\u00f5es e reconhecimento de autoridades do setor, consolidando ainda mais nossa reputa\u00e7\u00e3o como um parceiro confi\u00e1vel.<\/p>\n<p class=\"break-words\">Nossa miss\u00e3o \u00e9 simples, por\u00e9m ambiciosa: fornecer aos nossos clientes cilindros hidr\u00e1ulicos que superem as expectativas em desempenho, durabilidade e valor. Atuamos sob os princ\u00edpios norteadores de profissionalismo, integridade e foco no cliente. Ao fomentar uma cultura de inova\u00e7\u00e3o e precis\u00e3o, refinamos continuamente nossos produtos para nos mantermos \u00e0 frente em um mercado competitivo. Nossa abrangente linha de produtos e a capacidade de oferecer solu\u00e7\u00f5es personalizadas nos tornam a escolha ideal para empresas que buscam cilindros hidr\u00e1ulicos de alto desempenho.<\/p>\n<p class=\"break-words\">A FMP \u00e9 mais do que apenas uma fabricante \u2014 somos uma parceira para o seu sucesso. Entendemos que nossos clientes confiam em n\u00f3s para fornecer ferramentas que aumentam sua produtividade e seguran\u00e7a. \u00c9 por isso que nos comprometemos a oferecer n\u00e3o apenas produtos de primeira linha, mas tamb\u00e9m um servi\u00e7o excepcional. Da consultoria inicial ao suporte p\u00f3s-venda, trabalhamos em estreita colabora\u00e7\u00e3o com nossos clientes para garantir que suas necessidades sejam atendidas com profissionalismo e cuidado. Nossos pre\u00e7os competitivos, aliados ao nosso compromisso inabal\u00e1vel com a qualidade, fazem da FMP a escolha inteligente para empresas que buscam investir em solu\u00e7\u00f5es hidr\u00e1ulicas confi\u00e1veis.<\/p>","protected":false},"excerpt":{"rendered":"<p>Italy Manufacture Telescopic \/Multi Stages Hydraulic Cylinder For Dump Truck \/Trailer and Tipper Truck From FMP FMP brings you the most efficient and powerful Telescopic\/Multi Stages Hydraulic Cylinder, a perfect solution for dump truck, trailer, and tipper truck. This industry-grade hydraulic cylinder is designed to provide unmatched performance and sturdiness. It&#8217;s a new product of [&hellip;]<\/p>","protected":false},"featured_media":6707,"comment_status":"closed","ping_status":"closed","template":"","meta":{"_et_pb_use_builder":"","_et_pb_old_content":"","_et_gb_content_width":""},"product_brand":[],"product_cat":[103],"product_tag":[34,105],"class_list":{"0":"post-6597","1":"product","2":"type-product","3":"status-publish","4":"has-post-thumbnail","6":"product_cat-telescopic-hydraulic-cylinders","7":"product_tag-hydraulic-cylinder","8":"product_tag-telescopic-hydraulic-cylinders","10":"first","11":"instock","12":"product-type-simple"},"_links":{"self":[{"href":"https:\/\/fmp-components.com\/pt\/wp-json\/wp\/v2\/product\/6597","targetHints":{"allow":["GET"]}}],"collection":[{"href":"https:\/\/fmp-components.com\/pt\/wp-json\/wp\/v2\/product"}],"about":[{"href":"https:\/\/fmp-components.com\/pt\/wp-json\/wp\/v2\/types\/product"}],"replies":[{"embeddable":true,"href":"https:\/\/fmp-components.com\/pt\/wp-json\/wp\/v2\/comments?post=6597"}],"wp:featuredmedia":[{"embeddable":true,"href":"https:\/\/fmp-components.com\/pt\/wp-json\/wp\/v2\/media\/6707"}],"wp:attachment":[{"href":"https:\/\/fmp-components.com\/pt\/wp-json\/wp\/v2\/media?parent=6597"}],"wp:term":[{"taxonomy":"product_brand","embeddable":true,"href":"https:\/\/fmp-components.com\/pt\/wp-json\/wp\/v2\/product_brand?post=6597"},{"taxonomy":"product_cat","embeddable":true,"href":"https:\/\/fmp-components.com\/pt\/wp-json\/wp\/v2\/product_cat?post=6597"},{"taxonomy":"product_tag","embeddable":true,"href":"https:\/\/fmp-components.com\/pt\/wp-json\/wp\/v2\/product_tag?post=6597"}],"curies":[{"name":"wp","href":"https:\/\/api.w.org\/{rel}","templated":true}]}}