{"id":6596,"date":"2025-03-11T06:32:38","date_gmt":"2025-03-11T06:32:38","guid":{"rendered":"https:\/\/fmp-components.com\/product\/high-quality-italy-manufacture-direct-seal-multi-stages-hydraulic-cylinder-for-dump-truck-industry-and-agriculture"},"modified":"2025-03-17T08:47:26","modified_gmt":"2025-03-17T08:47:26","slug":"high-quality-italy-manufacture-direct-seal-multi-stages-hydraulic-cylinder-for-dump-truck-industry-and-agriculture","status":"publish","type":"product","link":"https:\/\/fmp-components.com\/pt\/product\/high-quality-italy-manufacture-direct-seal-multi-stages-hydraulic-cylinder-for-dump-truck-industry-and-agriculture\/","title":{"rendered":"Cilindro hidr\u00e1ulico de alta qualidade de fabrica\u00e7\u00e3o italiana com veda\u00e7\u00e3o direta de v\u00e1rios est\u00e1gios para ind\u00fastria de caminh\u00f5es basculantes e agricultura"},"content":{"rendered":"<h2>Cilindro hidr\u00e1ulico de alta qualidade de fabrica\u00e7\u00e3o italiana com veda\u00e7\u00e3o direta de v\u00e1rios est\u00e1gios para ind\u00fastria de caminh\u00f5es basculantes e agricultura<\/h2>\n<p>O cilindro hidr\u00e1ulico de m\u00faltiplos est\u00e1gios \u00e9 um produto de qualidade superior, fabricado diretamente pela FMP, uma conceituada empresa de manufatura sediada em Italy City. A FMP \u00e9 uma marca renomada no setor, conhecida por produzir cilindros hidr\u00e1ulicos de alta qualidade para uso em caminh\u00f5es basculantes, agricultura e outras ind\u00fastrias.<\/p>\n<h3>Caracter\u00edsticas e fun\u00e7\u00f5es<\/h3>\n<p>Este cilindro hidr\u00e1ulico foi projetado para funcionar em m\u00faltiplos est\u00e1gios, tornando-o uma ferramenta vers\u00e1til e eficiente para uma infinidade de aplica\u00e7\u00f5es. Com estrutura de cilindro com pist\u00e3o, opera utilizando energia hidr\u00e1ulica. Os componentes principais deste produto s\u00e3o o corpo do cilindro, o pist\u00e3o e o kit de veda\u00e7\u00e3o. Esses componentes s\u00e3o encapsulados em um robusto corpo de a\u00e7o, garantindo a resist\u00eancia do produto.<\/p>\n<p><img loading=\"lazy\" decoding=\"async\" class=\"alignnone wp-image-6662\" src=\"https:\/\/fmp-components.com\/wp-content\/uploads\/2025\/03\/telescopic-hydraulic-cylinder-4.webp\" alt=\"cilindro hidr\u00e1ulico telesc\u00f3pico\" width=\"928\" height=\"928\" title=\"\" srcset=\"https:\/\/fmp-components.com\/wp-content\/uploads\/2025\/03\/telescopic-hydraulic-cylinder-4.webp 928w, https:\/\/fmp-components.com\/wp-content\/uploads\/2025\/03\/telescopic-hydraulic-cylinder-4-480x480.webp 480w\" sizes=\"(min-width: 0px) and (max-width: 480px) 480px, (min-width: 481px) 928px, 100vw\" \/><\/p>\n<h3>Especifica\u00e7\u00f5es do produto<\/h3>\n<ul>\n<li>Impulso m\u00e1ximo: 3000<\/li>\n<li>Tipo: Cilindro hidr\u00e1ulico de m\u00faltiplos est\u00e1gios<\/li>\n<li>Di\u00e2metro do furo: De acordo com suas necessidades.<\/li>\n<li>For\u00e7a m\u00e1xima de tra\u00e7\u00e3o: 600<\/li>\n<li>Certifica\u00e7\u00e3o: ISO9001:2000<\/li>\n<li>Fluido: \u00d3leo<\/li>\n<li>Di\u00e2metro do cilindro: 20~250mm<\/li>\n<li>Condi\u00e7\u00e3o: Novo<\/li>\n<li>Garantia: 1 ano<\/li>\n<\/ul>\n<table style=\"width: 91.9676%;\" border=\"\">\n<tbody>\n<tr>\n<td style=\"width: 42.3729%;\">Tamanho do furo<\/td>\n<td style=\"width: 426.554%;\">2,5 a 12 polegadas<\/td>\n<\/tr>\n<tr>\n<td style=\"width: 42.3729%;\">Tamanho da haste<\/td>\n<td style=\"width: 426.554%;\">1,8-10 polegadas<\/td>\n<\/tr>\n<tr>\n<td style=\"width: 42.3729%;\">Tamanho do tra\u00e7o<\/td>\n<td style=\"width: 426.554%;\">20-120 polegadas<\/td>\n<\/tr>\n<tr>\n<td style=\"width: 42.3729%;\">Portos<\/td>\n<td style=\"width: 426.554%;\">G\/SAE\/NPT\/M<\/td>\n<\/tr>\n<\/tbody>\n<\/table>\n<h3>Sobre a FMP<\/h3>\n<p class=\"break-words\">A FMP \u00e9 uma fabricante italiana l\u00edder, especializada em projeto, desenvolvimento e produ\u00e7\u00e3o de cilindros hidr\u00e1ulicos de alta qualidade. Com uma rica heran\u00e7a alicer\u00e7ada em d\u00e9cadas de experi\u00eancia, combinamos com orgulho o artesanato italiano com tecnologia de ponta para oferecer solu\u00e7\u00f5es hidr\u00e1ulicas excepcionais, personalizadas para atender \u00e0s diversas necessidades de nossa clientela global. Com sede na It\u00e1lia, um polo de excel\u00eancia em engenharia, a FMP se destaca como uma marca confi\u00e1vel na ind\u00fastria hidr\u00e1ulica, comprometida em fornecer produtos confi\u00e1veis, dur\u00e1veis e inovadores que impulsionam empresas em todo o mundo.<\/p>\n<p class=\"break-words\">Nossa empresa integra o melhor das tradi\u00e7\u00f5es de fabrica\u00e7\u00e3o avan\u00e7ada com uma abordagem inovadora. Com anos de experi\u00eancia em sistemas hidr\u00e1ulicos, a FMP evoluiu para uma empresa moderna que se destaca em pesquisa, design e produ\u00e7\u00e3o. Somos especializados em uma ampla gama de cilindros hidr\u00e1ulicos, incluindo cilindros de dupla a\u00e7\u00e3o, cilindros de eleva\u00e7\u00e3o automotiva, cilindros para m\u00e1quinas agr\u00edcolas e solu\u00e7\u00f5es personalizadas para diversas aplica\u00e7\u00f5es industriais. Seja para constru\u00e7\u00e3o, instala\u00e7\u00f5es industriais, agricultura ou m\u00e1quinas pesadas, nossos cilindros hidr\u00e1ulicos s\u00e3o projetados para operar nas condi\u00e7\u00f5es mais dif\u00edceis, garantindo seguran\u00e7a, efici\u00eancia e durabilidade.<\/p>\n<p><img loading=\"lazy\" decoding=\"async\" class=\"alignnone size-full wp-image-6720\" src=\"https:\/\/fmp-components.com\/wp-content\/uploads\/2025\/03\/hydraulic-cylinder-8.webp\" alt=\"Cilindros Hidr\u00e1ulicos Telesc\u00f3picos\" width=\"933\" height=\"526\" title=\"\" srcset=\"https:\/\/fmp-components.com\/wp-content\/uploads\/2025\/03\/hydraulic-cylinder-8.webp 933w, https:\/\/fmp-components.com\/wp-content\/uploads\/2025\/03\/hydraulic-cylinder-8-480x271.webp 480w\" sizes=\"(min-width: 0px) and (max-width: 480px) 480px, (min-width: 481px) 933px, 100vw\" \/><\/p>\n<p class=\"break-words\">Na FMP, orgulhamo-nos de nossas instala\u00e7\u00f5es de produ\u00e7\u00e3o de \u00faltima gera\u00e7\u00e3o, equipadas com m\u00e1quinas de precis\u00e3o e sistemas de teste avan\u00e7ados. Nossos processos de fabrica\u00e7\u00e3o seguem rigorosos padr\u00f5es nacionais e internacionais, garantindo que cada cilindro hidr\u00e1ulico que sai de nossa f\u00e1brica seja de qualidade e confiabilidade superiores. Nossa equipe t\u00e9cnica qualificada, aliada a equipamentos de \u00faltima gera\u00e7\u00e3o, nos permite manter um rigoroso controle de qualidade em todas as etapas da produ\u00e7\u00e3o \u2014 desde a sele\u00e7\u00e3o da mat\u00e9ria-prima at\u00e9 a inspe\u00e7\u00e3o final. Essa dedica\u00e7\u00e3o \u00e0 excel\u00eancia nos rendeu certifica\u00e7\u00f5es e reconhecimento de autoridades do setor, consolidando ainda mais nossa reputa\u00e7\u00e3o como um parceiro confi\u00e1vel.<\/p>\n<p class=\"break-words\">Nossa miss\u00e3o \u00e9 simples, por\u00e9m ambiciosa: fornecer aos nossos clientes cilindros hidr\u00e1ulicos que superem as expectativas em desempenho, durabilidade e valor. Atuamos sob os princ\u00edpios norteadores de profissionalismo, integridade e foco no cliente. Ao fomentar uma cultura de inova\u00e7\u00e3o e precis\u00e3o, refinamos continuamente nossos produtos para nos mantermos \u00e0 frente em um mercado competitivo. Nossa abrangente linha de produtos e a capacidade de oferecer solu\u00e7\u00f5es personalizadas nos tornam a escolha ideal para empresas que buscam cilindros hidr\u00e1ulicos de alto desempenho.<\/p>\n<p class=\"break-words\">A FMP \u00e9 mais do que apenas uma fabricante \u2014 somos uma parceira para o seu sucesso. Entendemos que nossos clientes confiam em n\u00f3s para fornecer ferramentas que aumentam sua produtividade e seguran\u00e7a. \u00c9 por isso que nos comprometemos a oferecer n\u00e3o apenas produtos de primeira linha, mas tamb\u00e9m um servi\u00e7o excepcional. Da consultoria inicial ao suporte p\u00f3s-venda, trabalhamos em estreita colabora\u00e7\u00e3o com nossos clientes para garantir que suas necessidades sejam atendidas com profissionalismo e cuidado. Nossos pre\u00e7os competitivos, aliados ao nosso compromisso inabal\u00e1vel com a qualidade, fazem da FMP a escolha inteligente para empresas que buscam investir em solu\u00e7\u00f5es hidr\u00e1ulicas confi\u00e1veis.<\/p>\n<h3>Perguntas frequentes<\/h3>\n<h4>P: Qual \u00e9 a garantia deste produto?<\/h4>\n<p>A: O produto vem com garantia de 1 ano.<\/p>\n<h4>P: \u00c9 poss\u00edvel personalizar o di\u00e2metro do cilindro hidr\u00e1ulico?<\/h4>\n<p>A: Sim, o di\u00e2metro do furo pode ser personalizado de acordo com suas necessidades.<\/p>\n<h4>P: Quais setores industriais podem utilizar este cilindro hidr\u00e1ulico?<\/h4>\n<p>A: Este cilindro hidr\u00e1ulico pode ser usado em f\u00e1bricas, oficinas de reparo de m\u00e1quinas, fazendas, setores de energia e minera\u00e7\u00e3o, empresas de publicidade e muito mais.<\/p>","protected":false},"excerpt":{"rendered":"<p>High Quality Italy Manufacture Direct Seal Multi Stages Hydraulic Cylinder for Dump Truck Industry and Agriculture The multi-stages hydraulic cylinder is a product of superior quality that is direct from FMP, an esteemed manufacturing company based in Italy City. FMP is a renowned name in the industry that produces top-notch hydraulic cylinders for use in [&hellip;]<\/p>","protected":false},"featured_media":6706,"comment_status":"closed","ping_status":"closed","template":"","meta":{"_et_pb_use_builder":"","_et_pb_old_content":"","_et_gb_content_width":""},"product_brand":[],"product_cat":[103],"product_tag":[34,105],"class_list":{"0":"post-6596","1":"product","2":"type-product","3":"status-publish","4":"has-post-thumbnail","6":"product_cat-telescopic-hydraulic-cylinders","7":"product_tag-hydraulic-cylinder","8":"product_tag-telescopic-hydraulic-cylinders","10":"first","11":"instock","12":"product-type-simple"},"_links":{"self":[{"href":"https:\/\/fmp-components.com\/pt\/wp-json\/wp\/v2\/product\/6596","targetHints":{"allow":["GET"]}}],"collection":[{"href":"https:\/\/fmp-components.com\/pt\/wp-json\/wp\/v2\/product"}],"about":[{"href":"https:\/\/fmp-components.com\/pt\/wp-json\/wp\/v2\/types\/product"}],"replies":[{"embeddable":true,"href":"https:\/\/fmp-components.com\/pt\/wp-json\/wp\/v2\/comments?post=6596"}],"wp:featuredmedia":[{"embeddable":true,"href":"https:\/\/fmp-components.com\/pt\/wp-json\/wp\/v2\/media\/6706"}],"wp:attachment":[{"href":"https:\/\/fmp-components.com\/pt\/wp-json\/wp\/v2\/media?parent=6596"}],"wp:term":[{"taxonomy":"product_brand","embeddable":true,"href":"https:\/\/fmp-components.com\/pt\/wp-json\/wp\/v2\/product_brand?post=6596"},{"taxonomy":"product_cat","embeddable":true,"href":"https:\/\/fmp-components.com\/pt\/wp-json\/wp\/v2\/product_cat?post=6596"},{"taxonomy":"product_tag","embeddable":true,"href":"https:\/\/fmp-components.com\/pt\/wp-json\/wp\/v2\/product_tag?post=6596"}],"curies":[{"name":"wp","href":"https:\/\/api.w.org\/{rel}","templated":true}]}}