{"id":6594,"date":"2025-03-11T06:32:38","date_gmt":"2025-03-11T06:32:38","guid":{"rendered":"https:\/\/fmp-components.com\/product\/good-quality-stainless-steel-multistage-hydraulic-cylinder-for-dump-trailer"},"modified":"2025-03-12T02:43:38","modified_gmt":"2025-03-12T02:43:38","slug":"good-quality-stainless-steel-multistage-hydraulic-cylinder-for-dump-trailer","status":"publish","type":"product","link":"https:\/\/fmp-components.com\/pt\/product\/good-quality-stainless-steel-multistage-hydraulic-cylinder-for-dump-trailer\/","title":{"rendered":"Cilindro hidr\u00e1ulico multiest\u00e1gios de a\u00e7o inoxid\u00e1vel de boa qualidade para reboque basculante"},"content":{"rendered":"<h2>Cilindro hidr\u00e1ulico multiest\u00e1gios de a\u00e7o inoxid\u00e1vel de boa qualidade para reboque basculante<\/h2>\n<p>Nossos cilindros hidr\u00e1ulicos multiest\u00e1gios em a\u00e7o inoxid\u00e1vel s\u00e3o projetados com foco em qualidade e desempenho. Constru\u00eddos em a\u00e7o inoxid\u00e1vel robusto e dur\u00e1vel, esses cilindros hidr\u00e1ulicos s\u00e3o ideais para reboques basculantes, oferecendo alta efici\u00eancia e confiabilidade para diversos setores, incluindo oficinas de reparo de m\u00e1quinas, fazendas, energia e minera\u00e7\u00e3o, fabrica\u00e7\u00e3o de m\u00e1quinas e f\u00e1bricas de m\u00e1quinas.<\/p>\n<h3>Caracter\u00edsticas e especifica\u00e7\u00f5es<\/h3>\n<table style=\"width: 94.7139%;\" border=\"\">\n<tbody>\n<tr>\n<th style=\"width: 43.5028%;\">Tamanho do furo<\/th>\n<td style=\"width: 457.062%;\">2-6 polegadas<\/td>\n<\/tr>\n<tr>\n<th style=\"width: 43.5028%;\">Tamanho da haste<\/th>\n<td style=\"width: 457.062%;\">1,125-4 polegadas<\/td>\n<\/tr>\n<tr>\n<th style=\"width: 43.5028%;\">Tamanho do tra\u00e7o<\/th>\n<td style=\"width: 457.062%;\">4-100 polegadas<\/td>\n<\/tr>\n<tr>\n<th style=\"width: 43.5028%;\">Tamanho do pino<\/th>\n<td style=\"width: 457.062%;\">0,5-2 polegadas<\/td>\n<\/tr>\n<tr>\n<th style=\"width: 43.5028%;\">Portos<\/th>\n<td style=\"width: 457.062%;\">G\/SAE\/NPT\/M<\/td>\n<\/tr>\n<\/tbody>\n<\/table>\n<h3>Recursos e benef\u00edcios exclusivos<\/h3>\n<ul>\n<li>Efici\u00eancia energ\u00e9tica: Nossos cilindros s\u00e3o projetados para maximizar a pot\u00eancia e minimizar o consumo de energia.<\/li>\n<li>Alto desempenho: Com um empuxo m\u00e1ximo de 3000 e uma for\u00e7a de tra\u00e7\u00e3o m\u00e1xima de 20 toneladas, esses cilindros prometem um desempenho superior.<\/li>\n<li>Seguran\u00e7a: Certificados com a norma ISO9001:2000, estes cilindros atendem aos padr\u00f5es internacionais de seguran\u00e7a e s\u00e3o confi\u00e1veis \u200b\u200bpara opera\u00e7\u00f5es de servi\u00e7o pesado.<\/li>\n<\/ul>\n<h2>Entendendo o Sistema Hidr\u00e1ulico e seu Princ\u00edpio de Funcionamento<\/h2>\n<p>Os sistemas hidr\u00e1ulicos operam com base no princ\u00edpio fundamental da transmiss\u00e3o de energia atrav\u00e9s da press\u00e3o de um fluido confinado. Essa abordagem inovadora permite que os cilindros hidr\u00e1ulicos gerem movimento linear e for\u00e7a substancial de forma eficaz. Quando o fluido hidr\u00e1ulico \u00e9 pressurizado em um espa\u00e7o confinado, ele cria uma for\u00e7a que pode ser direcionada para executar tarefas espec\u00edficas. Esse princ\u00edpio \u00e9 o que permite que os cilindros hidr\u00e1ulicos realizem trabalhos pesados \u200b\u200bcom not\u00e1vel precis\u00e3o e controle, tornando-os ferramentas indispens\u00e1veis \u200b\u200bem uma infinidade de setores industriais.<\/p>\n<p>A efici\u00eancia dos sistemas hidr\u00e1ulicos reside na sua capacidade de aproveitar a energia do fluido, permitindo movimentos potentes sem a necessidade de for\u00e7a f\u00edsica excessiva. \u00c0 medida que o fluido hidr\u00e1ulico \u00e9 bombeado para o cilindro, exerce press\u00e3o sobre o pist\u00e3o, que por sua vez converte essa press\u00e3o em movimento linear. Essa capacidade \u00e9 essencial para diversas aplica\u00e7\u00f5es que exigem levantar, empurrar ou puxar objetos pesados, e garante que as tarefas possam ser conclu\u00eddas com rapidez e precis\u00e3o.<\/p>\n<p><img loading=\"lazy\" decoding=\"async\" class=\"alignnone  wp-image-6717\" src=\"https:\/\/fmp-components.com\/wp-content\/uploads\/2025\/03\/hydraulic-cylinder-211.webp\" alt=\"Cilindros Hidr\u00e1ulicos\" width=\"925\" height=\"927\" title=\"\" srcset=\"https:\/\/fmp-components.com\/wp-content\/uploads\/2025\/03\/hydraulic-cylinder-211.webp 925w, https:\/\/fmp-components.com\/wp-content\/uploads\/2025\/03\/hydraulic-cylinder-211-480x481.webp 480w\" sizes=\"(min-width: 0px) and (max-width: 480px) 480px, (min-width: 481px) 925px, 100vw\" \/><\/p>\n<h3>Aplica\u00e7\u00f5es do Cilindro Hidr\u00e1ulico<\/h3>\n<p>Nossos cilindros hidr\u00e1ulicos s\u00e3o particularmente adequados para uso em reboques basculantes, onde fornecem a pot\u00eancia e o controle necess\u00e1rios para lidar com cargas pesadas de forma eficaz. Nessas aplica\u00e7\u00f5es, os cilindros facilitam o mecanismo de basculamento, permitindo o descarregamento eficiente de materiais como cascalho, areia ou entulho. Essa capacidade n\u00e3o s\u00f3 aumenta a produtividade, como tamb\u00e9m garante uma opera\u00e7\u00e3o segura e confi\u00e1vel.<\/p>\n<p>Al\u00e9m de reboques basculantes, os cilindros hidr\u00e1ulicos encontram ampla aplica\u00e7\u00e3o em diversas outras ind\u00fastrias. Em oficinas de reparo de m\u00e1quinas, eles auxiliam no levantamento e posicionamento de equipamentos pesados \u200b\u200bpara manuten\u00e7\u00e3o. Na agricultura, os cilindros hidr\u00e1ulicos s\u00e3o empregados em tratores e outras m\u00e1quinas agr\u00edcolas para realizar tarefas como levantar arados e outros implementos. Os setores de energia e minera\u00e7\u00e3o tamb\u00e9m se beneficiam dos cilindros hidr\u00e1ulicos, pois s\u00e3o utilizados em equipamentos de perfura\u00e7\u00e3o, escava\u00e7\u00e3o e movimenta\u00e7\u00e3o de materiais. Al\u00e9m disso, na fabrica\u00e7\u00e3o de m\u00e1quinas, os cilindros hidr\u00e1ulicos desempenham um papel fundamental nas linhas de montagem e nos processos de produ\u00e7\u00e3o, possibilitando movimentos precisos e o levantamento de cargas pesadas.<\/p>\n<p><img loading=\"lazy\" decoding=\"async\" class=\"alignnone  wp-image-6665\" src=\"https:\/\/fmp-components.com\/wp-content\/uploads\/2025\/03\/telescopic-hydraulic-cylinder-9.webp\" alt=\"cilindro hidr\u00e1ulico telesc\u00f3pico\" width=\"942\" height=\"942\" title=\"\" srcset=\"https:\/\/fmp-components.com\/wp-content\/uploads\/2025\/03\/telescopic-hydraulic-cylinder-9.webp 942w, https:\/\/fmp-components.com\/wp-content\/uploads\/2025\/03\/telescopic-hydraulic-cylinder-9-480x480.webp 480w\" sizes=\"(min-width: 0px) and (max-width: 480px) 480px, (min-width: 481px) 942px, 100vw\" \/><\/p>\n<h2>Cilindros Hidr\u00e1ulicos e Unidades de Pot\u00eancia<\/h2>\n<p>Cilindros hidr\u00e1ulicos e unidades de pot\u00eancia s\u00e3o componentes essenciais de qualquer sistema hidr\u00e1ulico. Eles trabalham em conjunto para garantir a ampla aplica\u00e7\u00e3o da tecnologia hidr\u00e1ulica no setor industrial, fornecendo energia confi\u00e1vel e suporte de controle para diversos equipamentos de engenharia e mec\u00e2nicos.<\/p>\n<h3>Sobre a FMP<\/h3>\n<p class=\"break-words\">A FMP \u00e9 uma fabricante italiana l\u00edder, especializada em projeto, desenvolvimento e produ\u00e7\u00e3o de cilindros hidr\u00e1ulicos de alta qualidade. Com uma rica heran\u00e7a alicer\u00e7ada em d\u00e9cadas de experi\u00eancia, combinamos com orgulho o artesanato italiano com tecnologia de ponta para oferecer solu\u00e7\u00f5es hidr\u00e1ulicas excepcionais, personalizadas para atender \u00e0s diversas necessidades de nossa clientela global. Com sede na It\u00e1lia, um polo de excel\u00eancia em engenharia, a FMP se destaca como uma marca confi\u00e1vel na ind\u00fastria hidr\u00e1ulica, comprometida em fornecer produtos confi\u00e1veis, dur\u00e1veis e inovadores que impulsionam empresas em todo o mundo.<\/p>\n<p class=\"break-words\">Nossa empresa integra o melhor das tradi\u00e7\u00f5es de fabrica\u00e7\u00e3o avan\u00e7ada com uma abordagem inovadora. Com anos de experi\u00eancia em sistemas hidr\u00e1ulicos, a FMP evoluiu para uma empresa moderna que se destaca em pesquisa, design e produ\u00e7\u00e3o. Somos especializados em uma ampla gama de cilindros hidr\u00e1ulicos, incluindo cilindros de dupla a\u00e7\u00e3o, cilindros de eleva\u00e7\u00e3o automotiva, cilindros para m\u00e1quinas agr\u00edcolas e solu\u00e7\u00f5es personalizadas para diversas aplica\u00e7\u00f5es industriais. Seja para constru\u00e7\u00e3o, instala\u00e7\u00f5es industriais, agricultura ou m\u00e1quinas pesadas, nossos cilindros hidr\u00e1ulicos s\u00e3o projetados para operar nas condi\u00e7\u00f5es mais dif\u00edceis, garantindo seguran\u00e7a, efici\u00eancia e durabilidade.<\/p>\n<p><img loading=\"lazy\" decoding=\"async\" class=\"alignnone size-full wp-image-6720\" src=\"https:\/\/fmp-components.com\/wp-content\/uploads\/2025\/03\/hydraulic-cylinder-8.webp\" alt=\"Cilindros Hidr\u00e1ulicos Telesc\u00f3picos\" width=\"933\" height=\"526\" title=\"\" srcset=\"https:\/\/fmp-components.com\/wp-content\/uploads\/2025\/03\/hydraulic-cylinder-8.webp 933w, https:\/\/fmp-components.com\/wp-content\/uploads\/2025\/03\/hydraulic-cylinder-8-480x271.webp 480w\" sizes=\"(min-width: 0px) and (max-width: 480px) 480px, (min-width: 481px) 933px, 100vw\" \/><\/p>\n<p class=\"break-words\">Na FMP, orgulhamo-nos de nossas instala\u00e7\u00f5es de produ\u00e7\u00e3o de \u00faltima gera\u00e7\u00e3o, equipadas com m\u00e1quinas de precis\u00e3o e sistemas de teste avan\u00e7ados. Nossos processos de fabrica\u00e7\u00e3o seguem rigorosos padr\u00f5es nacionais e internacionais, garantindo que cada cilindro hidr\u00e1ulico que sai de nossa f\u00e1brica seja de qualidade e confiabilidade superiores. Nossa equipe t\u00e9cnica qualificada, aliada a equipamentos de \u00faltima gera\u00e7\u00e3o, nos permite manter um rigoroso controle de qualidade em todas as etapas da produ\u00e7\u00e3o \u2014 desde a sele\u00e7\u00e3o da mat\u00e9ria-prima at\u00e9 a inspe\u00e7\u00e3o final. Essa dedica\u00e7\u00e3o \u00e0 excel\u00eancia nos rendeu certifica\u00e7\u00f5es e reconhecimento de autoridades do setor, consolidando ainda mais nossa reputa\u00e7\u00e3o como um parceiro confi\u00e1vel.<\/p>\n<p class=\"break-words\">Nossa miss\u00e3o \u00e9 simples, por\u00e9m ambiciosa: fornecer aos nossos clientes cilindros hidr\u00e1ulicos que superem as expectativas em desempenho, durabilidade e valor. Atuamos sob os princ\u00edpios norteadores de profissionalismo, integridade e foco no cliente. Ao fomentar uma cultura de inova\u00e7\u00e3o e precis\u00e3o, refinamos continuamente nossos produtos para nos mantermos \u00e0 frente em um mercado competitivo. Nossa abrangente linha de produtos e a capacidade de oferecer solu\u00e7\u00f5es personalizadas nos tornam a escolha ideal para empresas que buscam cilindros hidr\u00e1ulicos de alto desempenho.<\/p>\n<p class=\"break-words\">A FMP \u00e9 mais do que apenas uma fabricante \u2014 somos uma parceira para o seu sucesso. Entendemos que nossos clientes confiam em n\u00f3s para fornecer ferramentas que aumentam sua produtividade e seguran\u00e7a. \u00c9 por isso que nos comprometemos a oferecer n\u00e3o apenas produtos de primeira linha, mas tamb\u00e9m um servi\u00e7o excepcional. Da consultoria inicial ao suporte p\u00f3s-venda, trabalhamos em estreita colabora\u00e7\u00e3o com nossos clientes para garantir que suas necessidades sejam atendidas com profissionalismo e cuidado. Nossos pre\u00e7os competitivos, aliados ao nosso compromisso inabal\u00e1vel com a qualidade, fazem da FMP a escolha inteligente para empresas que buscam investir em solu\u00e7\u00f5es hidr\u00e1ulicas confi\u00e1veis.<\/p>","protected":false},"excerpt":{"rendered":"<p>Good Quality Stainless Steel Multistage Hydraulic Cylinder for Dump Trailer Our stainless steel multistage hydraulic cylinders are designed with a focus on quality and performance. Built with robust and durable stainless steel, these hydraulic cylinders are ideal for dump trailers, offering high efficiency and reliability for various industries including machinery repair shops, farms, energy and [&hellip;]<\/p>","protected":false},"featured_media":6704,"comment_status":"closed","ping_status":"closed","template":"","meta":{"_et_pb_use_builder":"","_et_pb_old_content":"","_et_gb_content_width":""},"product_brand":[],"product_cat":[103],"product_tag":[34,105],"class_list":{"0":"post-6594","1":"product","2":"type-product","3":"status-publish","4":"has-post-thumbnail","6":"product_cat-telescopic-hydraulic-cylinders","7":"product_tag-hydraulic-cylinder","8":"product_tag-telescopic-hydraulic-cylinders","10":"first","11":"instock","12":"product-type-simple"},"_links":{"self":[{"href":"https:\/\/fmp-components.com\/pt\/wp-json\/wp\/v2\/product\/6594","targetHints":{"allow":["GET"]}}],"collection":[{"href":"https:\/\/fmp-components.com\/pt\/wp-json\/wp\/v2\/product"}],"about":[{"href":"https:\/\/fmp-components.com\/pt\/wp-json\/wp\/v2\/types\/product"}],"replies":[{"embeddable":true,"href":"https:\/\/fmp-components.com\/pt\/wp-json\/wp\/v2\/comments?post=6594"}],"wp:featuredmedia":[{"embeddable":true,"href":"https:\/\/fmp-components.com\/pt\/wp-json\/wp\/v2\/media\/6704"}],"wp:attachment":[{"href":"https:\/\/fmp-components.com\/pt\/wp-json\/wp\/v2\/media?parent=6594"}],"wp:term":[{"taxonomy":"product_brand","embeddable":true,"href":"https:\/\/fmp-components.com\/pt\/wp-json\/wp\/v2\/product_brand?post=6594"},{"taxonomy":"product_cat","embeddable":true,"href":"https:\/\/fmp-components.com\/pt\/wp-json\/wp\/v2\/product_cat?post=6594"},{"taxonomy":"product_tag","embeddable":true,"href":"https:\/\/fmp-components.com\/pt\/wp-json\/wp\/v2\/product_tag?post=6594"}],"curies":[{"name":"wp","href":"https:\/\/api.w.org\/{rel}","templated":true}]}}