{"id":6586,"date":"2025-03-11T06:31:13","date_gmt":"2025-03-11T06:31:13","guid":{"rendered":"https:\/\/fmp-components.com\/product\/factory-price-two-stage-hydraulic-telescopic-cylinder"},"modified":"2025-03-12T03:28:50","modified_gmt":"2025-03-12T03:28:50","slug":"factory-price-two-stage-hydraulic-telescopic-cylinder","status":"publish","type":"product","link":"https:\/\/fmp-components.com\/pt\/product\/factory-price-two-stage-hydraulic-telescopic-cylinder\/","title":{"rendered":"Cilindro telesc\u00f3pico hidr\u00e1ulico de dois est\u00e1gios com pre\u00e7o de f\u00e1brica"},"content":{"rendered":"<h2>Cilindro telesc\u00f3pico hidr\u00e1ulico de dois est\u00e1gios com pre\u00e7o de f\u00e1brica<\/h2>\n<p>Experimente a pot\u00eancia e a efici\u00eancia do Cilindro Hidr\u00e1ulico Telesc\u00f3pico de Dois Est\u00e1gios com Pre\u00e7o de F\u00e1brica. Projetado para alto desempenho e durabilidade, este cilindro hidr\u00e1ulico \u00e9 ideal para uso em oficinas de reparo de m\u00e1quinas, fazendas, energia, minera\u00e7\u00e3o, fabrica\u00e7\u00e3o de m\u00e1quinas e f\u00e1bricas de m\u00e1quinas. Com seu corpo de a\u00e7o e empuxo m\u00e1ximo de 3000, ele \u00e9 robusto e confi\u00e1vel. O cilindro hidr\u00e1ulico multiest\u00e1gios foi projetado para suportar uma tra\u00e7\u00e3o m\u00e1xima de 20 toneladas, tornando-o uma adi\u00e7\u00e3o vers\u00e1til \u00e0 sua linha de m\u00e1quinas.<\/p>\n<p><img loading=\"lazy\" decoding=\"async\" class=\"alignnone wp-image-6665\" src=\"https:\/\/fmp-components.com\/wp-content\/uploads\/2025\/03\/telescopic-hydraulic-cylinder-9.webp\" alt=\"cilindro hidr\u00e1ulico telesc\u00f3pico\" width=\"905\" height=\"905\" title=\"\" srcset=\"https:\/\/fmp-components.com\/wp-content\/uploads\/2025\/03\/telescopic-hydraulic-cylinder-9.webp 905w, https:\/\/fmp-components.com\/wp-content\/uploads\/2025\/03\/telescopic-hydraulic-cylinder-9-480x480.webp 480w\" sizes=\"(min-width: 0px) and (max-width: 480px) 480px, (min-width: 481px) 905px, 100vw\" \/><\/p>\n<h3>Especifica\u00e7\u00f5es do produto<\/h3>\n<p>Os principais componentes deste cilindro hidr\u00e1ulico incluem o rolamento e o pr\u00f3prio cilindro hidr\u00e1ulico, todos cobertos por uma garantia de 1 ano. Trata-se de um cilindro de \u00eambolo padr\u00e3o, que opera com energia hidr\u00e1ulica. O corpo do cilindro \u00e9 feito de a\u00e7o, garantindo sua durabilidade e longevidade.<\/p>\n<h3>Par\u00e2metros t\u00e9cnicos<\/h3>\n<table style=\"width: 99.4924%; height: 115px;\" border=\"\">\n<tbody>\n<tr style=\"height: 23px;\">\n<td style=\"width: 43.5028%; height: 23px;\"><b>Tamanho do furo<\/b><\/td>\n<td style=\"width: 482.486%; height: 23px;\">2-6 polegadas<\/td>\n<\/tr>\n<tr style=\"height: 23px;\">\n<td style=\"width: 43.5028%; height: 23px;\"><b>Tamanho da haste<\/b><\/td>\n<td style=\"width: 482.486%; height: 23px;\">1,125-4 polegadas<\/td>\n<\/tr>\n<tr style=\"height: 23px;\">\n<td style=\"width: 43.5028%; height: 23px;\"><b>Tamanho do tra\u00e7o<\/b><\/td>\n<td style=\"width: 482.486%; height: 23px;\">4-100 polegadas<\/td>\n<\/tr>\n<tr style=\"height: 23px;\">\n<td style=\"width: 43.5028%; height: 23px;\"><b>Tamanho do pino<\/b><\/td>\n<td style=\"width: 482.486%; height: 23px;\">0,5-2 polegadas<\/td>\n<\/tr>\n<tr style=\"height: 23px;\">\n<td style=\"width: 43.5028%; height: 23px;\"><b>Portos<\/b><\/td>\n<td style=\"width: 482.486%; height: 23px;\">G\/SAE\/NPT\/M<\/td>\n<\/tr>\n<\/tbody>\n<\/table>\n<h2>Caracter\u00edsticas do produto<\/h2>\n<ul>\n<li>Efici\u00eancia energ\u00e9tica: o cilindro hidr\u00e1ulico opera com energia hidr\u00e1ulica, oferecendo m\u00e1xima efici\u00eancia.<\/li>\n<li>Alto desempenho: com um empuxo m\u00e1ximo de 3000, este cilindro hidr\u00e1ulico pode suportar cargas pesadas.<\/li>\n<li>Seguran\u00e7a: O corpo de a\u00e7o garante a durabilidade e a seguran\u00e7a do cilindro hidr\u00e1ulico durante a opera\u00e7\u00e3o.<\/li>\n<\/ul>\n<h2>Princ\u00edpio de funcionamento<\/h2>\n<p>O cilindro hidr\u00e1ulico opera com base no princ\u00edpio da press\u00e3o do fluido. Ele converte a energia hidr\u00e1ulica em movimento mec\u00e2nico, fornecendo a pot\u00eancia necess\u00e1ria para mover e controlar m\u00e1quinas.<\/p>\n<p><img loading=\"lazy\" decoding=\"async\" class=\"alignnone wp-image-6664\" src=\"https:\/\/fmp-components.com\/wp-content\/uploads\/2025\/03\/telescopic-hydraulic-cylinder-8.webp\" alt=\"cilindro hidr\u00e1ulico telesc\u00f3pico\" width=\"884\" height=\"884\" title=\"\" srcset=\"https:\/\/fmp-components.com\/wp-content\/uploads\/2025\/03\/telescopic-hydraulic-cylinder-8.webp 884w, https:\/\/fmp-components.com\/wp-content\/uploads\/2025\/03\/telescopic-hydraulic-cylinder-8-480x480.webp 480w\" sizes=\"(min-width: 0px) and (max-width: 480px) 480px, (min-width: 481px) 884px, 100vw\" \/><\/p>\n<h2>Aplica\u00e7\u00f5es<\/h2>\n<p>O cilindro hidr\u00e1ulico encontra amplas aplica\u00e7\u00f5es em oficinas de reparo de m\u00e1quinas, fazendas, ind\u00fastrias de energia e minera\u00e7\u00e3o, fabrica\u00e7\u00e3o de m\u00e1quinas e f\u00e1bricas de m\u00e1quinas onde levantamento e movimenta\u00e7\u00e3o de peso s\u00e3o necess\u00e1rios.<\/p>\n<h2>Cilindros Hidr\u00e1ulicos e Unidades de Pot\u00eancia<\/h2>\n<p>O cilindro hidr\u00e1ulico e a unidade de pot\u00eancia s\u00e3o partes integrantes do sistema hidr\u00e1ulico. Sua sinergia garante a ampla aplica\u00e7\u00e3o da tecnologia hidr\u00e1ulica no setor industrial, fornecendo energia e controle confi\u00e1veis \u200b\u200bpara diversos equipamentos mec\u00e2nicos e de engenharia. O cilindro hidr\u00e1ulico, como atuador, \u00e9 respons\u00e1vel por converter energia hidr\u00e1ulica em movimento mec\u00e2nico, convertendo press\u00e3o em for\u00e7a. A unidade de pot\u00eancia, por outro lado, \u00e9 o n\u00facleo que fornece a energia e os sinais de controle necess\u00e1rios ao sistema hidr\u00e1ulico. A coordena\u00e7\u00e3o entre os dois garante o funcionamento normal do sistema hidr\u00e1ulico. Na FMP, tamb\u00e9m oferecemos unidades de pot\u00eancia para venda.<\/p>\n<h2>Perguntas frequentes<\/h2>\n<p><b>P: Voc\u00ea \u00e9 uma empresa comercial ou um fabricante?<\/b><br \/>\nR: Somos uma f\u00e1brica.<\/p>\n<p><b>P: Quanto tempo demora a entrega?<\/b><br \/>\nR: Geralmente, s\u00e3o 25-35 dias.<\/p>\n<p><b>P: Voc\u00eas fornecem amostras? Elas s\u00e3o gratuitas ou extras?<\/b><br \/>\nR: Sim, podemos oferecer a amostra, mas n\u00e3o \u00e9 gr\u00e1tis.<\/p>\n<h3>Sobre a FMP<\/h3>\n<p>A FMP \u00e9 uma fabricante italiana de renome, especializada em projeto, desenvolvimento e produ\u00e7\u00e3o de cilindros hidr\u00e1ulicos de alta qualidade. Com um legado constru\u00eddo em d\u00e9cadas de experi\u00eancia, combinamos com maestria o artesanato italiano com tecnologia inovadora para oferecer solu\u00e7\u00f5es hidr\u00e1ulicas excepcionais, adaptadas \u00e0s diversas necessidades de nossos clientes globais. Localizada na It\u00e1lia, um centro de excel\u00eancia em engenharia, a FMP \u00e9 um nome confi\u00e1vel no setor hidr\u00e1ulico, dedicada a fornecer produtos confi\u00e1veis, dur\u00e1veis \u200b\u200be inovadores que impulsionam empresas em todo o mundo.<\/p>\n<p>Nossa empresa combina tradi\u00e7\u00f5es avan\u00e7adas de fabrica\u00e7\u00e3o com uma abordagem inovadora. Aproveitando anos de experi\u00eancia em sistemas hidr\u00e1ulicos, a FMP se transformou em uma empresa moderna, com excel\u00eancia em pesquisa, design e produ\u00e7\u00e3o. Oferecemos uma ampla gama de cilindros hidr\u00e1ulicos, incluindo cilindros de dupla a\u00e7\u00e3o, cilindros de eleva\u00e7\u00e3o automotiva, cilindros para m\u00e1quinas agr\u00edcolas e solu\u00e7\u00f5es personalizadas para diversas aplica\u00e7\u00f5es industriais. Seja para constru\u00e7\u00e3o, instala\u00e7\u00f5es industriais, agricultura ou m\u00e1quinas pesadas, nossos cilindros hidr\u00e1ulicos s\u00e3o projetados para operar nas condi\u00e7\u00f5es mais exigentes, garantindo seguran\u00e7a, efici\u00eancia e durabilidade.<\/p>\n<p>Na FMP, orgulhamo-nos de nossas instala\u00e7\u00f5es de produ\u00e7\u00e3o de \u00faltima gera\u00e7\u00e3o, equipadas com m\u00e1quinas de precis\u00e3o e sistemas de teste avan\u00e7ados. Nossos processos de fabrica\u00e7\u00e3o seguem rigorosos padr\u00f5es nacionais e internacionais, garantindo que cada cilindro hidr\u00e1ulico produzido atenda aos mais altos padr\u00f5es de qualidade e confiabilidade. Nossa equipe t\u00e9cnica qualificada, apoiada por equipamentos de \u00faltima gera\u00e7\u00e3o, nos permite manter um rigoroso controle de qualidade em todas as etapas da produ\u00e7\u00e3o \u2014 desde a sele\u00e7\u00e3o da mat\u00e9ria-prima at\u00e9 a inspe\u00e7\u00e3o final. Esse compromisso com a excel\u00eancia nos rendeu certifica\u00e7\u00f5es e reconhecimento de autoridades do setor, consolidando ainda mais nossa reputa\u00e7\u00e3o como um parceiro confi\u00e1vel.<\/p>\n<p><img loading=\"lazy\" decoding=\"async\" class=\"alignnone size-full wp-image-6720\" src=\"https:\/\/fmp-components.com\/wp-content\/uploads\/2025\/03\/hydraulic-cylinder-8.webp\" alt=\"Cilindros Hidr\u00e1ulicos Telesc\u00f3picos\" width=\"933\" height=\"526\" title=\"\" srcset=\"https:\/\/fmp-components.com\/wp-content\/uploads\/2025\/03\/hydraulic-cylinder-8.webp 933w, https:\/\/fmp-components.com\/wp-content\/uploads\/2025\/03\/hydraulic-cylinder-8-480x271.webp 480w\" sizes=\"(min-width: 0px) and (max-width: 480px) 480px, (min-width: 481px) 933px, 100vw\" \/><\/p>\n<p>Nossa miss\u00e3o \u00e9 simples, por\u00e9m ambiciosa: fornecer cilindros hidr\u00e1ulicos que superem as expectativas em desempenho, durabilidade e valor. Guiados por princ\u00edpios de profissionalismo, integridade e foco no cliente, cultivamos uma cultura de inova\u00e7\u00e3o e precis\u00e3o, aprimorando continuamente nossos produtos para permanecermos competitivos no mercado. Nossa abrangente linha de produtos e nossa capacidade de fornecer solu\u00e7\u00f5es personalizadas nos posicionam como a escolha preferida para empresas que buscam cilindros hidr\u00e1ulicos de alto desempenho.<\/p>\n<p>A FMP \u00e9 mais do que apenas uma fabricante; somos uma parceira para o seu sucesso. Entendemos que nossos clientes dependem de n\u00f3s para ferramentas que aumentam a produtividade e a seguran\u00e7a. Por isso, estamos comprometidos em fornecer n\u00e3o apenas produtos de primeira linha, mas tamb\u00e9m um servi\u00e7o excepcional. Da consultoria inicial ao suporte p\u00f3s-venda, colaboramos estreitamente com nossos clientes para garantir que suas necessidades sejam atendidas com profissionalismo e cuidado. Nossos pre\u00e7os competitivos, aliados a um compromisso inabal\u00e1vel com a qualidade, fazem da FMP a escolha inteligente para empresas que buscam investir em solu\u00e7\u00f5es hidr\u00e1ulicas confi\u00e1veis.<\/p>","protected":false},"excerpt":{"rendered":"<p>Factory Price Two Stage Hydraulic Telescopic Cylinder Experience the power and efficiency of the Factory Price Two Stage Hydraulic Telescopic Cylinder. Designed for high performance and durability, this hydraulic cylinder is ideal for use in machinery repair shops, farms, energy, mining, machinery manufacturing and machinery factories. With its steel body and maximum thrust of 3000, [&hellip;]<\/p>","protected":false},"featured_media":6713,"comment_status":"closed","ping_status":"closed","template":"","meta":{"_et_pb_use_builder":"","_et_pb_old_content":"","_et_gb_content_width":""},"product_brand":[],"product_cat":[103],"product_tag":[34,105],"class_list":{"0":"post-6586","1":"product","2":"type-product","3":"status-publish","4":"has-post-thumbnail","6":"product_cat-telescopic-hydraulic-cylinders","7":"product_tag-hydraulic-cylinder","8":"product_tag-telescopic-hydraulic-cylinders","10":"first","11":"instock","12":"product-type-simple"},"_links":{"self":[{"href":"https:\/\/fmp-components.com\/pt\/wp-json\/wp\/v2\/product\/6586","targetHints":{"allow":["GET"]}}],"collection":[{"href":"https:\/\/fmp-components.com\/pt\/wp-json\/wp\/v2\/product"}],"about":[{"href":"https:\/\/fmp-components.com\/pt\/wp-json\/wp\/v2\/types\/product"}],"replies":[{"embeddable":true,"href":"https:\/\/fmp-components.com\/pt\/wp-json\/wp\/v2\/comments?post=6586"}],"wp:featuredmedia":[{"embeddable":true,"href":"https:\/\/fmp-components.com\/pt\/wp-json\/wp\/v2\/media\/6713"}],"wp:attachment":[{"href":"https:\/\/fmp-components.com\/pt\/wp-json\/wp\/v2\/media?parent=6586"}],"wp:term":[{"taxonomy":"product_brand","embeddable":true,"href":"https:\/\/fmp-components.com\/pt\/wp-json\/wp\/v2\/product_brand?post=6586"},{"taxonomy":"product_cat","embeddable":true,"href":"https:\/\/fmp-components.com\/pt\/wp-json\/wp\/v2\/product_cat?post=6586"},{"taxonomy":"product_tag","embeddable":true,"href":"https:\/\/fmp-components.com\/pt\/wp-json\/wp\/v2\/product_tag?post=6586"}],"curies":[{"name":"wp","href":"https:\/\/api.w.org\/{rel}","templated":true}]}}