{"id":6585,"date":"2025-03-11T06:31:13","date_gmt":"2025-03-11T06:31:13","guid":{"rendered":"https:\/\/fmp-components.com\/product\/quality-assurance-multistage-hydraulic-cylinder-for-dump-trailer"},"modified":"2025-03-12T05:57:30","modified_gmt":"2025-03-12T05:57:30","slug":"quality-assurance-multistage-hydraulic-cylinder-for-dump-trailer","status":"publish","type":"product","link":"https:\/\/fmp-components.com\/pt\/product\/quality-assurance-multistage-hydraulic-cylinder-for-dump-trailer\/","title":{"rendered":"Cilindro hidr\u00e1ulico multiest\u00e1gio com garantia de qualidade para reboque basculante"},"content":{"rendered":"<h2>Cilindro hidr\u00e1ulico multiest\u00e1gio com garantia de qualidade para reboque basculante<\/h2>\n<p>Apresentamos nosso Cilindro Hidr\u00e1ulico Multiest\u00e1gio para Reboque Basculante, um produto com qualidade garantida e projetado para atender \u00e0s suas necessidades de m\u00e1quinas pesadas. Este produto \u00e9 perfeito para diversos setores, incluindo oficinas de reparo de m\u00e1quinas, fazendas, energia e minera\u00e7\u00e3o, fabrica\u00e7\u00e3o de m\u00e1quinas e f\u00e1bricas de m\u00e1quinas.<\/p>\n<h3>Caracter\u00edsticas e especifica\u00e7\u00f5es do produto<\/h3>\n<p>Nosso Cilindro Hidr\u00e1ulico Multiest\u00e1gio para Reboque Basculante oferece um novo n\u00edvel de efici\u00eancia e confiabilidade. \u00c9 um cilindro padr\u00e3o, do tipo \u00eambolo, com fonte de energia hidr\u00e1ulica. O material do corpo \u00e9 a\u00e7o resistente, garantindo um produto robusto e dur\u00e1vel. O empuxo m\u00e1ximo que ele suporta \u00e9 de 3.000 com uma tra\u00e7\u00e3o m\u00e1xima de 20 toneladas.<\/p>\n<h3>Detalhes t\u00e9cnicos<\/h3>\n<table style=\"width: 99.7507%;\" border=\"\">\n<tbody>\n<tr>\n<td style=\"width: 42.9379%;\"><i>Tamanho do furo<\/i><\/td>\n<td style=\"width: 472.881%;\">2-6 polegadas<\/td>\n<\/tr>\n<tr>\n<td style=\"width: 42.9379%;\"><i>Tamanho da haste<\/i><\/td>\n<td style=\"width: 472.881%;\">1,125-4 polegadas<\/td>\n<\/tr>\n<tr>\n<td style=\"width: 42.9379%;\"><i>Tamanho do tra\u00e7o<\/i><\/td>\n<td style=\"width: 472.881%;\">4-100 polegadas<\/td>\n<\/tr>\n<tr>\n<td style=\"width: 42.9379%;\"><i>Tamanho do pino<\/i><\/td>\n<td style=\"width: 472.881%;\">0,5-2 polegadas<\/td>\n<\/tr>\n<tr>\n<td style=\"width: 42.9379%;\"><i>Portos<\/i><\/td>\n<td style=\"width: 472.881%;\">G\/SAE\/NPT\/M<\/td>\n<\/tr>\n<\/tbody>\n<\/table>\n<h2>Vantagens exclusivas do produto<\/h2>\n<ul>\n<li>Economia de energia: com nosso cilindro hidr\u00e1ulico multiest\u00e1gio, voc\u00ea pode obter efici\u00eancia energ\u00e9tica ideal sem comprometer o desempenho.<\/li>\n<li>Alta efici\u00eancia: Este produto garante m\u00e1xima produtividade, gra\u00e7as \u00e0 sua pot\u00eancia hidr\u00e1ulica de alto desempenho.<\/li>\n<li>Seguran\u00e7a: Priorizamos a sua seguran\u00e7a. \u00c9 por isso que nosso cilindro hidr\u00e1ulico multiest\u00e1gio \u00e9 projetado com recursos superiores que garantem uma opera\u00e7\u00e3o segura em todos os momentos.<\/li>\n<\/ul>\n<p><img loading=\"lazy\" decoding=\"async\" class=\"alignnone  wp-image-6663\" src=\"https:\/\/fmp-components.com\/wp-content\/uploads\/2025\/03\/telescopic-hydraulic-cylinder-11.webp\" alt=\"cilindro hidr\u00e1ulico telesc\u00f3pico\" width=\"956\" height=\"956\" title=\"\" srcset=\"https:\/\/fmp-components.com\/wp-content\/uploads\/2025\/03\/telescopic-hydraulic-cylinder-11.webp 956w, https:\/\/fmp-components.com\/wp-content\/uploads\/2025\/03\/telescopic-hydraulic-cylinder-11-480x480.webp 480w\" sizes=\"(min-width: 0px) and (max-width: 480px) 480px, (min-width: 481px) 956px, 100vw\" \/><\/p>\n<h2>Compreendendo o sistema hidr\u00e1ulico e seu princ\u00edpio de funcionamento<\/h2>\n<p>Os sistemas hidr\u00e1ulicos s\u00e3o essenciais em diversos setores devido \u00e0 sua ampla gama de aplica\u00e7\u00f5es. Nosso Cilindro Hidr\u00e1ulico Multiest\u00e1gio para Reboque Basculante, como parte deste sistema, desempenha um papel significativo na convers\u00e3o de energia hidr\u00e1ulica em movimentos mec\u00e2nicos, garantindo assim opera\u00e7\u00f5es tranquilas em seu setor.<\/p>\n<h2>Aplica\u00e7\u00f5es do produto<\/h2>\n<p>O Cilindro Hidr\u00e1ulico Multiest\u00e1gio para Reboque Basculante \u00e9 um produto vers\u00e1til, ideal para diversas aplica\u00e7\u00f5es, incluindo oficinas de reparo de m\u00e1quinas, fazendas, ind\u00fastrias de energia e minera\u00e7\u00e3o e f\u00e1bricas de m\u00e1quinas. Sua constru\u00e7\u00e3o robusta garante que ele suporte tarefas exigentes e condi\u00e7\u00f5es adversas.<\/p>\n<h2>Cilindros Hidr\u00e1ulicos e Unidades de Pot\u00eancia<\/h2>\n<p>Cilindros hidr\u00e1ulicos e unidades de pot\u00eancia s\u00e3o componentes indispens\u00e1veis \u200b\u200bdos sistemas hidr\u00e1ulicos. A opera\u00e7\u00e3o sin\u00e9rgica desses dois componentes garante a ampla aplica\u00e7\u00e3o da tecnologia hidr\u00e1ulica no setor industrial, fornecendo energia e controle confi\u00e1veis \u200b\u200bpara diversos equipamentos mec\u00e2nicos e de engenharia. O cilindro hidr\u00e1ulico, como atuador, \u00e9 respons\u00e1vel por converter energia hidr\u00e1ulica em movimento mec\u00e2nico, transformando press\u00e3o em for\u00e7a. A unidade de pot\u00eancia, por outro lado, \u00e9 o n\u00facleo que fornece a energia e os sinais de controle necess\u00e1rios ao sistema hidr\u00e1ulico. A coopera\u00e7\u00e3o coordenada entre os dois garante o funcionamento normal do sistema hidr\u00e1ulico. A FMP tamb\u00e9m oferece unidades de pot\u00eancia para venda.<\/p>\n<h3>Sobre a FMP<\/h3>\n<p class=\"break-words\">A FMP \u00e9 uma fabricante italiana l\u00edder, especializada em projeto, desenvolvimento e produ\u00e7\u00e3o de cilindros hidr\u00e1ulicos de alta qualidade. Com uma rica heran\u00e7a alicer\u00e7ada em d\u00e9cadas de experi\u00eancia, combinamos com orgulho o artesanato italiano com tecnologia de ponta para oferecer solu\u00e7\u00f5es hidr\u00e1ulicas excepcionais, personalizadas para atender \u00e0s diversas necessidades de nossa clientela global. Com sede na It\u00e1lia, um polo de excel\u00eancia em engenharia, a FMP se destaca como uma marca confi\u00e1vel na ind\u00fastria hidr\u00e1ulica, comprometida em fornecer produtos confi\u00e1veis, dur\u00e1veis e inovadores que impulsionam empresas em todo o mundo.<\/p>\n<p class=\"break-words\">Nossa empresa integra o melhor das tradi\u00e7\u00f5es de fabrica\u00e7\u00e3o avan\u00e7ada com uma abordagem inovadora. Com anos de experi\u00eancia em sistemas hidr\u00e1ulicos, a FMP evoluiu para uma empresa moderna que se destaca em pesquisa, design e produ\u00e7\u00e3o. Somos especializados em uma ampla gama de cilindros hidr\u00e1ulicos, incluindo cilindros de dupla a\u00e7\u00e3o, cilindros de eleva\u00e7\u00e3o automotiva, cilindros para m\u00e1quinas agr\u00edcolas e solu\u00e7\u00f5es personalizadas para diversas aplica\u00e7\u00f5es industriais. Seja para constru\u00e7\u00e3o, instala\u00e7\u00f5es industriais, agricultura ou m\u00e1quinas pesadas, nossos cilindros hidr\u00e1ulicos s\u00e3o projetados para operar nas condi\u00e7\u00f5es mais dif\u00edceis, garantindo seguran\u00e7a, efici\u00eancia e durabilidade.<\/p>\n<p><img loading=\"lazy\" decoding=\"async\" class=\"alignnone size-full wp-image-6720\" src=\"https:\/\/fmp-components.com\/wp-content\/uploads\/2025\/03\/hydraulic-cylinder-8.webp\" alt=\"Cilindros Hidr\u00e1ulicos Telesc\u00f3picos\" width=\"933\" height=\"526\" title=\"\" srcset=\"https:\/\/fmp-components.com\/wp-content\/uploads\/2025\/03\/hydraulic-cylinder-8.webp 933w, https:\/\/fmp-components.com\/wp-content\/uploads\/2025\/03\/hydraulic-cylinder-8-480x271.webp 480w\" sizes=\"(min-width: 0px) and (max-width: 480px) 480px, (min-width: 481px) 933px, 100vw\" \/><\/p>\n<p class=\"break-words\">Na FMP, orgulhamo-nos de nossas instala\u00e7\u00f5es de produ\u00e7\u00e3o de \u00faltima gera\u00e7\u00e3o, equipadas com m\u00e1quinas de precis\u00e3o e sistemas de teste avan\u00e7ados. Nossos processos de fabrica\u00e7\u00e3o seguem rigorosos padr\u00f5es nacionais e internacionais, garantindo que cada cilindro hidr\u00e1ulico que sai de nossa f\u00e1brica seja de qualidade e confiabilidade superiores. Nossa equipe t\u00e9cnica qualificada, aliada a equipamentos de \u00faltima gera\u00e7\u00e3o, nos permite manter um rigoroso controle de qualidade em todas as etapas da produ\u00e7\u00e3o \u2014 desde a sele\u00e7\u00e3o da mat\u00e9ria-prima at\u00e9 a inspe\u00e7\u00e3o final. Essa dedica\u00e7\u00e3o \u00e0 excel\u00eancia nos rendeu certifica\u00e7\u00f5es e reconhecimento de autoridades do setor, consolidando ainda mais nossa reputa\u00e7\u00e3o como um parceiro confi\u00e1vel.<\/p>\n<p class=\"break-words\">Nossa miss\u00e3o \u00e9 simples, por\u00e9m ambiciosa: fornecer aos nossos clientes cilindros hidr\u00e1ulicos que superem as expectativas em desempenho, durabilidade e valor. Atuamos sob os princ\u00edpios norteadores de profissionalismo, integridade e foco no cliente. Ao fomentar uma cultura de inova\u00e7\u00e3o e precis\u00e3o, refinamos continuamente nossos produtos para nos mantermos \u00e0 frente em um mercado competitivo. Nossa abrangente linha de produtos e a capacidade de oferecer solu\u00e7\u00f5es personalizadas nos tornam a escolha ideal para empresas que buscam cilindros hidr\u00e1ulicos de alto desempenho.<\/p>\n<p class=\"break-words\">A FMP \u00e9 mais do que apenas uma fabricante \u2014 somos uma parceira para o seu sucesso. Entendemos que nossos clientes confiam em n\u00f3s para fornecer ferramentas que aumentam sua produtividade e seguran\u00e7a. \u00c9 por isso que nos comprometemos a oferecer n\u00e3o apenas produtos de primeira linha, mas tamb\u00e9m um servi\u00e7o excepcional. Da consultoria inicial ao suporte p\u00f3s-venda, trabalhamos em estreita colabora\u00e7\u00e3o com nossos clientes para garantir que suas necessidades sejam atendidas com profissionalismo e cuidado. Nossos pre\u00e7os competitivos, aliados ao nosso compromisso inabal\u00e1vel com a qualidade, fazem da FMP a escolha inteligente para empresas que buscam investir em solu\u00e7\u00f5es hidr\u00e1ulicas confi\u00e1veis.<\/p>","protected":false},"excerpt":{"rendered":"<p>Quality Assurance Multistage Hydraulic Cylinder for Dump Trailer Introducing our Multistage Hydraulic Cylinder for Dump Trailer, a quality-assured product designed to meet your heavy machinery needs. This product is a perfect fit for various industries, including machinery repair shops, farms, energy &amp; mining, machinery manufacturing, and machinery factories. Product Features and Specifications Our Multistage Hydraulic [&hellip;]<\/p>","protected":false},"featured_media":6729,"comment_status":"closed","ping_status":"closed","template":"","meta":{"_et_pb_use_builder":"","_et_pb_old_content":"","_et_gb_content_width":""},"product_brand":[],"product_cat":[103],"product_tag":[34,105],"class_list":{"0":"post-6585","1":"product","2":"type-product","3":"status-publish","4":"has-post-thumbnail","6":"product_cat-telescopic-hydraulic-cylinders","7":"product_tag-hydraulic-cylinder","8":"product_tag-telescopic-hydraulic-cylinders","10":"first","11":"instock","12":"product-type-simple"},"_links":{"self":[{"href":"https:\/\/fmp-components.com\/pt\/wp-json\/wp\/v2\/product\/6585","targetHints":{"allow":["GET"]}}],"collection":[{"href":"https:\/\/fmp-components.com\/pt\/wp-json\/wp\/v2\/product"}],"about":[{"href":"https:\/\/fmp-components.com\/pt\/wp-json\/wp\/v2\/types\/product"}],"replies":[{"embeddable":true,"href":"https:\/\/fmp-components.com\/pt\/wp-json\/wp\/v2\/comments?post=6585"}],"wp:featuredmedia":[{"embeddable":true,"href":"https:\/\/fmp-components.com\/pt\/wp-json\/wp\/v2\/media\/6729"}],"wp:attachment":[{"href":"https:\/\/fmp-components.com\/pt\/wp-json\/wp\/v2\/media?parent=6585"}],"wp:term":[{"taxonomy":"product_brand","embeddable":true,"href":"https:\/\/fmp-components.com\/pt\/wp-json\/wp\/v2\/product_brand?post=6585"},{"taxonomy":"product_cat","embeddable":true,"href":"https:\/\/fmp-components.com\/pt\/wp-json\/wp\/v2\/product_cat?post=6585"},{"taxonomy":"product_tag","embeddable":true,"href":"https:\/\/fmp-components.com\/pt\/wp-json\/wp\/v2\/product_tag?post=6585"}],"curies":[{"name":"wp","href":"https:\/\/api.w.org\/{rel}","templated":true}]}}