{"id":6584,"date":"2025-03-11T06:31:13","date_gmt":"2025-03-11T06:31:13","guid":{"rendered":"https:\/\/fmp-components.com\/product\/quality-manufacturing-flatbed-tow-truck-dump-truck-hydraulic-cylinder"},"modified":"2025-03-12T05:45:44","modified_gmt":"2025-03-12T05:45:44","slug":"quality-manufacturing-flatbed-tow-truck-dump-truck-hydraulic-cylinder","status":"publish","type":"product","link":"https:\/\/fmp-components.com\/pt\/product\/quality-manufacturing-flatbed-tow-truck-dump-truck-hydraulic-cylinder\/","title":{"rendered":"Cilindro hidr\u00e1ulico de caminh\u00e3o basculante de reboque de plataforma plana de fabrica\u00e7\u00e3o de qualidade"},"content":{"rendered":"<h2>Cilindro hidr\u00e1ulico de caminh\u00e3o basculante de reboque de plataforma plana de fabrica\u00e7\u00e3o de qualidade<\/h2>\n<p>Descubra a qualidade dos nossos cilindros hidr\u00e1ulicos FMP, projetados para uso em caminh\u00f5es de reboque e caminh\u00f5es basculantes, e amplamente aplicados em uma variedade de setores, incluindo oficinas de reparo de m\u00e1quinas, fazendas, energia e minera\u00e7\u00e3o, fabrica\u00e7\u00e3o de m\u00e1quinas e f\u00e1bricas de m\u00e1quinas.<\/p>\n<h3>Caracter\u00edsticas do produto<\/h3>\n<p>Nossos cilindros hidr\u00e1ulicos oferecem uma s\u00e9rie de recursos que os diferenciam da concorr\u00eancia. S\u00e3o projetados com uma estrutura padr\u00e3o, utilizando um cilindro de \u00eambolo acionado hidraulicamente. O material do corpo \u00e9 feito de a\u00e7o dur\u00e1vel, oferecendo empuxo m\u00e1ximo de 3.000 e tra\u00e7\u00e3o m\u00e1xima de 20 toneladas. Este cilindro hidr\u00e1ulico multiest\u00e1gio tamb\u00e9m atende aos padr\u00f5es de certifica\u00e7\u00e3o ISO9001:2000.<\/p>\n<h3>Especifica\u00e7\u00f5es t\u00e9cnicas<\/h3>\n<table style=\"width: 99.5341%; height: 115px;\" border=\"\">\n<tbody>\n<tr style=\"height: 23px;\">\n<td style=\"width: 42.9379%; height: 23px;\"><i>Tamanho do furo<\/i><\/td>\n<td style=\"width: 471.751%; height: 23px;\">2-6 polegadas<\/td>\n<\/tr>\n<tr style=\"height: 23px;\">\n<td style=\"width: 42.9379%; height: 23px;\"><i>Tamanho da haste<\/i><\/td>\n<td style=\"width: 471.751%; height: 23px;\">1,125-4 polegadas<\/td>\n<\/tr>\n<tr style=\"height: 23px;\">\n<td style=\"width: 42.9379%; height: 23px;\"><i>Tamanho do tra\u00e7o<\/i><\/td>\n<td style=\"width: 471.751%; height: 23px;\">4-100 polegadas<\/td>\n<\/tr>\n<tr style=\"height: 23px;\">\n<td style=\"width: 42.9379%; height: 23px;\"><i>Tamanho do pino<\/i><\/td>\n<td style=\"width: 471.751%; height: 23px;\">0,5-2 polegadas<\/td>\n<\/tr>\n<tr style=\"height: 23px;\">\n<td style=\"width: 42.9379%; height: 23px;\"><i>Portos<\/i><\/td>\n<td style=\"width: 471.751%; height: 23px;\">G\/SAE\/NPT\/M<\/td>\n<\/tr>\n<\/tbody>\n<\/table>\n<h2>Vantagens \u00danicas<\/h2>\n<ul>\n<li>Economia de energia<\/li>\n<li>Alta efici\u00eancia<\/li>\n<li>Garantia de seguran\u00e7a<\/li>\n<\/ul>\n<p><img loading=\"lazy\" decoding=\"async\" class=\"alignnone  wp-image-6658\" src=\"https:\/\/fmp-components.com\/wp-content\/uploads\/2025\/03\/telescopic-hydraulic-cylinder-6.webp\" alt=\"cilindro hidr\u00e1ulico telesc\u00f3pico\" width=\"969\" height=\"969\" title=\"\" srcset=\"https:\/\/fmp-components.com\/wp-content\/uploads\/2025\/03\/telescopic-hydraulic-cylinder-6.webp 969w, https:\/\/fmp-components.com\/wp-content\/uploads\/2025\/03\/telescopic-hydraulic-cylinder-6-480x480.webp 480w\" sizes=\"(min-width: 0px) and (max-width: 480px) 480px, (min-width: 481px) 969px, 100vw\" \/><\/p>\n<h2>Sistema hidr\u00e1ulico e princ\u00edpio de funcionamento<\/h2>\n<p>Nossos cilindros hidr\u00e1ulicos s\u00e3o componentes integrais de sistemas hidr\u00e1ulicos, desempenhando um papel crucial na convers\u00e3o de energia hidr\u00e1ulica em movimento mec\u00e2nico. Esse processo envolve a transforma\u00e7\u00e3o da press\u00e3o do fluido em for\u00e7a, permitindo que diversos tipos de m\u00e1quinas executem tarefas essenciais. O princ\u00edpio de funcionamento gira em torno do movimento do fluido hidr\u00e1ulico, que \u00e9 direcionado para dentro do cilindro. \u00c0 medida que o fluido preenche o cilindro, ele exerce press\u00e3o sobre o pist\u00e3o, fazendo com que ele se mova. Esse movimento linear pode ent\u00e3o ser aproveitado para levantar, empurrar, puxar ou manipular cargas pesadas com precis\u00e3o e controle not\u00e1veis.<\/p>\n<p>A efici\u00eancia dos sistemas hidr\u00e1ulicos se deve, em grande parte, \u00e0s propriedades do fluido hidr\u00e1ulico, que \u00e9 incompress\u00edvel e pode transmitir pot\u00eancia por longas dist\u00e2ncias sem perdas significativas. Isso torna os cilindros hidr\u00e1ulicos particularmente eficazes em aplica\u00e7\u00f5es que exigem alta for\u00e7a e confiabilidade, garantindo desempenho ideal em diversos ambientes industriais.<\/p>\n<h2>Aplica\u00e7\u00e3o de Cilindros Hidr\u00e1ulicos<\/h2>\n<p>Esses cilindros hidr\u00e1ulicos s\u00e3o excepcionalmente vers\u00e1teis e ideais para uso em uma ampla gama de setores. Em oficinas de reparo de m\u00e1quinas, eles facilitam o levantamento e o posicionamento de equipamentos pesados, tornando as tarefas de manuten\u00e7\u00e3o mais f\u00e1ceis de gerenciar e eficientes. Seu design robusto permite que suportem as tens\u00f5es associadas ao levantamento de peso, garantindo seguran\u00e7a e confiabilidade nas opera\u00e7\u00f5es de reparo.<\/p>\n<p>Em ambientes agr\u00edcolas, os cilindros hidr\u00e1ulicos s\u00e3o inestim\u00e1veis \u200b\u200bpara operar tratores e outras m\u00e1quinas agr\u00edcolas. Eles permitem que os agricultores realizem tarefas como levantar e inclinar equipamentos, transportar materiais e at\u00e9 mesmo manusear acess\u00f3rios como arados e grades. Essa capacidade aumenta a produtividade e a efici\u00eancia na fazenda, tornando os cilindros hidr\u00e1ulicos uma ferramenta essencial para a agricultura moderna.<\/p>\n<p>Nos setores de energia e minera\u00e7\u00e3o, esses cilindros s\u00e3o empregados em diversas aplica\u00e7\u00f5es, incluindo perfura\u00e7\u00e3o, escava\u00e7\u00e3o e movimenta\u00e7\u00e3o de materiais. Sua capacidade de gerar for\u00e7a significativa os torna adequados para as tarefas exigentes frequentemente encontradas nesses setores, onde confiabilidade e desempenho s\u00e3o essenciais.<\/p>\n<p>Al\u00e9m disso, os cilindros hidr\u00e1ulicos desempenham um papel vital na fabrica\u00e7\u00e3o de m\u00e1quinas e f\u00e1bricas. S\u00e3o utilizados em linhas de montagem, prensas e sistemas automatizados, onde contribuem para a otimiza\u00e7\u00e3o das opera\u00e7\u00f5es e a melhoria da efici\u00eancia da produ\u00e7\u00e3o. A adaptabilidade e a resist\u00eancia dos cilindros hidr\u00e1ulicos os tornam um componente essencial para garantir a efic\u00e1cia das m\u00e1quinas em diferentes aplica\u00e7\u00f5es industriais.<\/p>\n<h3>P: Voc\u00ea \u00e9 uma empresa comercial ou fabricante?<\/h3>\n<p>R: Somos uma f\u00e1brica.<\/p>\n<h3>P: Quanto tempo demora a entrega?<\/h3>\n<p>R: Geralmente, s\u00e3o 25-35 dias.<\/p>\n<h3>P: Voc\u00eas fornecem amostras? \u00c9 gr\u00e1tis ou extra?<\/h3>\n<p>R: Sim, podemos oferecer a amostra, mas n\u00e3o \u00e9 gr\u00e1tis.<\/p>\n<h3>Sobre a FMP<\/h3>\n<p class=\"break-words\">A FMP \u00e9 uma fabricante italiana l\u00edder, especializada em projeto, desenvolvimento e produ\u00e7\u00e3o de cilindros hidr\u00e1ulicos de alta qualidade. Com uma rica heran\u00e7a alicer\u00e7ada em d\u00e9cadas de experi\u00eancia, combinamos com orgulho o artesanato italiano com tecnologia de ponta para oferecer solu\u00e7\u00f5es hidr\u00e1ulicas excepcionais, personalizadas para atender \u00e0s diversas necessidades de nossa clientela global. Com sede na It\u00e1lia, um polo de excel\u00eancia em engenharia, a FMP se destaca como uma marca confi\u00e1vel na ind\u00fastria hidr\u00e1ulica, comprometida em fornecer produtos confi\u00e1veis, dur\u00e1veis e inovadores que impulsionam empresas em todo o mundo.<\/p>\n<p class=\"break-words\">Nossa empresa integra o melhor das tradi\u00e7\u00f5es de fabrica\u00e7\u00e3o avan\u00e7ada com uma abordagem inovadora. Com anos de experi\u00eancia em sistemas hidr\u00e1ulicos, a FMP evoluiu para uma empresa moderna que se destaca em pesquisa, design e produ\u00e7\u00e3o. Somos especializados em uma ampla gama de cilindros hidr\u00e1ulicos, incluindo cilindros de dupla a\u00e7\u00e3o, cilindros de eleva\u00e7\u00e3o automotiva, cilindros para m\u00e1quinas agr\u00edcolas e solu\u00e7\u00f5es personalizadas para diversas aplica\u00e7\u00f5es industriais. Seja para constru\u00e7\u00e3o, instala\u00e7\u00f5es industriais, agricultura ou m\u00e1quinas pesadas, nossos cilindros hidr\u00e1ulicos s\u00e3o projetados para operar nas condi\u00e7\u00f5es mais dif\u00edceis, garantindo seguran\u00e7a, efici\u00eancia e durabilidade.<\/p>\n<p><img loading=\"lazy\" decoding=\"async\" class=\"alignnone size-full wp-image-6720\" src=\"https:\/\/fmp-components.com\/wp-content\/uploads\/2025\/03\/hydraulic-cylinder-8.webp\" alt=\"Cilindros Hidr\u00e1ulicos Telesc\u00f3picos\" width=\"933\" height=\"526\" title=\"\" srcset=\"https:\/\/fmp-components.com\/wp-content\/uploads\/2025\/03\/hydraulic-cylinder-8.webp 933w, https:\/\/fmp-components.com\/wp-content\/uploads\/2025\/03\/hydraulic-cylinder-8-480x271.webp 480w\" sizes=\"(min-width: 0px) and (max-width: 480px) 480px, (min-width: 481px) 933px, 100vw\" \/><\/p>\n<p class=\"break-words\">Na FMP, orgulhamo-nos de nossas instala\u00e7\u00f5es de produ\u00e7\u00e3o de \u00faltima gera\u00e7\u00e3o, equipadas com m\u00e1quinas de precis\u00e3o e sistemas de teste avan\u00e7ados. Nossos processos de fabrica\u00e7\u00e3o seguem rigorosos padr\u00f5es nacionais e internacionais, garantindo que cada cilindro hidr\u00e1ulico que sai de nossa f\u00e1brica seja de qualidade e confiabilidade superiores. Nossa equipe t\u00e9cnica qualificada, aliada a equipamentos de \u00faltima gera\u00e7\u00e3o, nos permite manter um rigoroso controle de qualidade em todas as etapas da produ\u00e7\u00e3o \u2014 desde a sele\u00e7\u00e3o da mat\u00e9ria-prima at\u00e9 a inspe\u00e7\u00e3o final. Essa dedica\u00e7\u00e3o \u00e0 excel\u00eancia nos rendeu certifica\u00e7\u00f5es e reconhecimento de autoridades do setor, consolidando ainda mais nossa reputa\u00e7\u00e3o como um parceiro confi\u00e1vel.<\/p>\n<p class=\"break-words\">Nossa miss\u00e3o \u00e9 simples, por\u00e9m ambiciosa: fornecer aos nossos clientes cilindros hidr\u00e1ulicos que superem as expectativas em desempenho, durabilidade e valor. Atuamos sob os princ\u00edpios norteadores de profissionalismo, integridade e foco no cliente. Ao fomentar uma cultura de inova\u00e7\u00e3o e precis\u00e3o, refinamos continuamente nossos produtos para nos mantermos \u00e0 frente em um mercado competitivo. Nossa abrangente linha de produtos e a capacidade de oferecer solu\u00e7\u00f5es personalizadas nos tornam a escolha ideal para empresas que buscam cilindros hidr\u00e1ulicos de alto desempenho.<\/p>\n<p class=\"break-words\">A FMP \u00e9 mais do que apenas uma fabricante \u2014 somos uma parceira para o seu sucesso. Entendemos que nossos clientes confiam em n\u00f3s para fornecer ferramentas que aumentam sua produtividade e seguran\u00e7a. \u00c9 por isso que nos comprometemos a oferecer n\u00e3o apenas produtos de primeira linha, mas tamb\u00e9m um servi\u00e7o excepcional. Da consultoria inicial ao suporte p\u00f3s-venda, trabalhamos em estreita colabora\u00e7\u00e3o com nossos clientes para garantir que suas necessidades sejam atendidas com profissionalismo e cuidado. Nossos pre\u00e7os competitivos, aliados ao nosso compromisso inabal\u00e1vel com a qualidade, fazem da FMP a escolha inteligente para empresas que buscam investir em solu\u00e7\u00f5es hidr\u00e1ulicas confi\u00e1veis.<\/p>","protected":false},"excerpt":{"rendered":"<p>Quality Manufacturing Flatbed Tow Truck Dump Truck Hydraulic Cylinder Discover the quality of our FMP hydraulic cylinders, designed for use in flatbed tow trucks and dump trucks, and widely applied in a range of industries, including machinery repair shops, farms, energy &amp; mining, machinery manufacturing, and machinery factories. Product Features Our hydraulic cylinders offer a [&hellip;]<\/p>","protected":false},"featured_media":6727,"comment_status":"closed","ping_status":"closed","template":"","meta":{"_et_pb_use_builder":"","_et_pb_old_content":"","_et_gb_content_width":""},"product_brand":[],"product_cat":[103],"product_tag":[34,105],"class_list":{"0":"post-6584","1":"product","2":"type-product","3":"status-publish","4":"has-post-thumbnail","6":"product_cat-telescopic-hydraulic-cylinders","7":"product_tag-hydraulic-cylinder","8":"product_tag-telescopic-hydraulic-cylinders","10":"first","11":"instock","12":"product-type-simple"},"_links":{"self":[{"href":"https:\/\/fmp-components.com\/pt\/wp-json\/wp\/v2\/product\/6584","targetHints":{"allow":["GET"]}}],"collection":[{"href":"https:\/\/fmp-components.com\/pt\/wp-json\/wp\/v2\/product"}],"about":[{"href":"https:\/\/fmp-components.com\/pt\/wp-json\/wp\/v2\/types\/product"}],"replies":[{"embeddable":true,"href":"https:\/\/fmp-components.com\/pt\/wp-json\/wp\/v2\/comments?post=6584"}],"wp:featuredmedia":[{"embeddable":true,"href":"https:\/\/fmp-components.com\/pt\/wp-json\/wp\/v2\/media\/6727"}],"wp:attachment":[{"href":"https:\/\/fmp-components.com\/pt\/wp-json\/wp\/v2\/media?parent=6584"}],"wp:term":[{"taxonomy":"product_brand","embeddable":true,"href":"https:\/\/fmp-components.com\/pt\/wp-json\/wp\/v2\/product_brand?post=6584"},{"taxonomy":"product_cat","embeddable":true,"href":"https:\/\/fmp-components.com\/pt\/wp-json\/wp\/v2\/product_cat?post=6584"},{"taxonomy":"product_tag","embeddable":true,"href":"https:\/\/fmp-components.com\/pt\/wp-json\/wp\/v2\/product_tag?post=6584"}],"curies":[{"name":"wp","href":"https:\/\/api.w.org\/{rel}","templated":true}]}}