{"id":6582,"date":"2025-03-11T06:31:13","date_gmt":"2025-03-11T06:31:13","guid":{"rendered":"https:\/\/fmp-components.com\/product\/professional-craftsmanship-4-stage-dump-truck-stainless-steel-hydraulic-cylinder"},"modified":"2025-03-12T05:36:17","modified_gmt":"2025-03-12T05:36:17","slug":"professional-craftsmanship-4-stage-dump-truck-stainless-steel-hydraulic-cylinder","status":"publish","type":"product","link":"https:\/\/fmp-components.com\/pt\/product\/professional-craftsmanship-4-stage-dump-truck-stainless-steel-hydraulic-cylinder\/","title":{"rendered":"Cilindro hidr\u00e1ulico de a\u00e7o inoxid\u00e1vel para caminh\u00e3o basculante de 4 est\u00e1gios de fabrica\u00e7\u00e3o profissional"},"content":{"rendered":"<h2>Cilindro hidr\u00e1ulico de a\u00e7o inoxid\u00e1vel para caminh\u00e3o basculante de 4 est\u00e1gios de fabrica\u00e7\u00e3o profissional<\/h2>\n<p>Este \u00e9 um cilindro hidr\u00e1ulico de a\u00e7o inoxid\u00e1vel de 4 est\u00e1gios, totalmente novo e profissional, para caminh\u00e3o basculante, projetado para atender a diversos setores, como oficinas de reparo de m\u00e1quinas, fazendas, energia e minera\u00e7\u00e3o, fabrica\u00e7\u00e3o de m\u00e1quinas e f\u00e1bricas de m\u00e1quinas. Este cilindro hidr\u00e1ulico multiest\u00e1gios vem com garantia de um ano para seus componentes principais, que incluem um rolamento e o pr\u00f3prio cilindro hidr\u00e1ulico.<\/p>\n<h3>Principais recursos e especifica\u00e7\u00f5es<\/h3>\n<p>O cilindro hidr\u00e1ulico possui uma estrutura padr\u00e3o, um cilindro de \u00eambolo, para ser mais preciso. Sua pot\u00eancia \u00e9 hidr\u00e1ulica e o corpo \u00e9 feito de a\u00e7o. O cilindro \u00e9 capaz de um empuxo m\u00e1ximo de 3000 e uma tra\u00e7\u00e3o m\u00e1xima de 20 toneladas. Possui certifica\u00e7\u00e3o ISO9001:2000, o que lhe garante sua qualidade e confiabilidade.<\/p>\n<h3>Detalhes t\u00e9cnicos<\/h3>\n<table style=\"width: 99.3161%;\" border=\"\">\n<tbody>\n<tr>\n<td style=\"width: 42.9379%;\"><i>Tamanho do furo<\/i><\/td>\n<td style=\"width: 470.621%;\">2-6 polegadas<\/td>\n<\/tr>\n<tr>\n<td style=\"width: 42.9379%;\"><i>Tamanho da haste<\/i><\/td>\n<td style=\"width: 470.621%;\">1,125-4 polegadas<\/td>\n<\/tr>\n<tr>\n<td style=\"width: 42.9379%;\"><i>Tamanho do tra\u00e7o<\/i><\/td>\n<td style=\"width: 470.621%;\">4-100 polegadas<\/td>\n<\/tr>\n<tr>\n<td style=\"width: 42.9379%;\"><i>Tamanho do pino<\/i><\/td>\n<td style=\"width: 470.621%;\">0,5-2 polegadas<\/td>\n<\/tr>\n<tr>\n<td style=\"width: 42.9379%;\"><i>Portos<\/i><\/td>\n<td style=\"width: 470.621%;\">G\/SAE\/NPT\/M<\/td>\n<\/tr>\n<\/tbody>\n<\/table>\n<h2>Caracter\u00edsticas e vantagens exclusivas<\/h2>\n<ul>\n<li>Economia de energia<\/li>\n<li>Altamente eficiente<\/li>\n<li>Seguro de usar<\/li>\n<\/ul>\n<h2>Mergulho profundo em sistemas hidr\u00e1ulicos e princ\u00edpios de funcionamento<\/h2>\n<p>O cilindro hidr\u00e1ulico atua como a for\u00e7a motriz por tr\u00e1s da opera\u00e7\u00e3o de caminh\u00f5es basculantes e diversas outras m\u00e1quinas, funcionando com base no princ\u00edpio de utilizar fluido pressurizado para gerar for\u00e7a e movimento linear. Dentro de um sistema hidr\u00e1ulico, o cilindro atua como um componente cr\u00edtico, convertendo a energia contida no fluido hidr\u00e1ulico em trabalho mec\u00e2nico. Quando o fluido hidr\u00e1ulico \u00e9 bombeado para dentro do cilindro, ele cria uma press\u00e3o que for\u00e7a o pist\u00e3o a se mover, resultando no movimento linear desejado. Este princ\u00edpio n\u00e3o apenas sustenta a opera\u00e7\u00e3o de caminh\u00f5es basculantes, mas tamb\u00e9m aprimora a funcionalidade de uma ampla gama de equipamentos, tornando os cilindros hidr\u00e1ulicos essenciais em muitas aplica\u00e7\u00f5es industriais.<\/p>\n<p><img loading=\"lazy\" decoding=\"async\" class=\"alignnone  wp-image-6659\" src=\"https:\/\/fmp-components.com\/wp-content\/uploads\/2025\/03\/telescopic-hydraulic-cylinder-12.webp\" alt=\"cilindro hidr\u00e1ulico telesc\u00f3pico\" width=\"912\" height=\"912\" title=\"\" srcset=\"https:\/\/fmp-components.com\/wp-content\/uploads\/2025\/03\/telescopic-hydraulic-cylinder-12.webp 912w, https:\/\/fmp-components.com\/wp-content\/uploads\/2025\/03\/telescopic-hydraulic-cylinder-12-480x480.webp 480w\" sizes=\"(min-width: 0px) and (max-width: 480px) 480px, (min-width: 481px) 912px, 100vw\" \/><\/p>\n<h2>Aplica\u00e7\u00e3o do Cilindro Hidr\u00e1ulico<\/h2>\n<p>A versatilidade do cilindro hidr\u00e1ulico \u00e9 evidente em sua ampla utiliza\u00e7\u00e3o em diversos setores. Em oficinas de reparo de m\u00e1quinas, esses cilindros facilitam a eleva\u00e7\u00e3o e o posicionamento de equipamentos pesados, permitindo manuten\u00e7\u00e3o e reparos eficientes. Em fazendas, os cilindros hidr\u00e1ulicos s\u00e3o empregados em tratores e outras m\u00e1quinas agr\u00edcolas para levantar, inclinar e transportar materiais, aumentando significativamente a produtividade nas opera\u00e7\u00f5es agr\u00edcolas.<\/p>\n<p>Nos setores de energia e minera\u00e7\u00e3o, os cilindros hidr\u00e1ulicos desempenham um papel fundamental em tarefas como perfura\u00e7\u00e3o, escava\u00e7\u00e3o e movimenta\u00e7\u00e3o de materiais, onde um desempenho potente e confi\u00e1vel \u00e9 crucial. Al\u00e9m disso, na fabrica\u00e7\u00e3o de m\u00e1quinas e f\u00e1bricas, eles s\u00e3o parte integrante das linhas de montagem e de diversos processos automatizados, otimizando a produ\u00e7\u00e3o e aumentando a efici\u00eancia operacional. Embora caminh\u00f5es basculantes sejam uma aplica\u00e7\u00e3o proeminente, o uso de cilindros hidr\u00e1ulicos se estende a outras m\u00e1quinas pesadas que exigem for\u00e7a e movimento lineares confi\u00e1veis, tornando-os indispens\u00e1veis em muitos ambientes industriais.<\/p>\n<h2>Cilindros hidr\u00e1ulicos e unidades de pot\u00eancia<\/h2>\n<p>Cilindros hidr\u00e1ulicos e unidades de pot\u00eancia s\u00e3o componentes essenciais de qualquer sistema hidr\u00e1ulico, trabalhando em conjunto para garantir desempenho e confiabilidade ideais. O cilindro hidr\u00e1ulico funciona como atuador, convertendo energia hidr\u00e1ulica em movimento mec\u00e2nico, transformando press\u00e3o em for\u00e7a. Essa capacidade o torna um executor de trabalho, permitindo a movimenta\u00e7\u00e3o de cargas pesadas e a conclus\u00e3o de tarefas cr\u00edticas.<\/p>\n<p>A unidade de pot\u00eancia, por outro lado, atua como o cora\u00e7\u00e3o do sistema hidr\u00e1ulico, fornecendo a energia e os sinais de controle necess\u00e1rios. Normalmente, ela inclui um motor, uma bomba, um reservat\u00f3rio e v\u00e1lvulas de controle, todos trabalhando em conjunto para manter a press\u00e3o e a vaz\u00e3o consistentes. A coordena\u00e7\u00e3o entre o cilindro hidr\u00e1ulico e a unidade de pot\u00eancia \u00e9 vital para o bom funcionamento do sistema hidr\u00e1ulico, garantindo que todos os componentes funcionem harmoniosamente para fornecer pot\u00eancia e controle confi\u00e1veis.<\/p>\n<p>Na FMP, temos o compromisso de fornecer solu\u00e7\u00f5es hidr\u00e1ulicas completas, o que inclui a venda de unidades de pot\u00eancia. Isso garante que nossos clientes tenham acesso tanto a cilindros hidr\u00e1ulicos quanto a unidades de pot\u00eancia, permitindo a integra\u00e7\u00e3o perfeita de componentes em seus sistemas hidr\u00e1ulicos. Ao fornecer esses elementos essenciais, apoiamos a opera\u00e7\u00e3o eficiente e eficaz de diversos equipamentos mec\u00e2nicos e de engenharia em diversas aplica\u00e7\u00f5es industriais.<\/p>\n<p><img loading=\"lazy\" decoding=\"async\" class=\"alignnone size-full wp-image-6660\" src=\"https:\/\/fmp-components.com\/wp-content\/uploads\/2025\/03\/hydraulic-cylinder-workshop-4.webp\" alt=\"cilindro hidr\u00e1ulico telesc\u00f3pico\" width=\"914\" height=\"733\" title=\"\" srcset=\"https:\/\/fmp-components.com\/wp-content\/uploads\/2025\/03\/hydraulic-cylinder-workshop-4.webp 914w, https:\/\/fmp-components.com\/wp-content\/uploads\/2025\/03\/hydraulic-cylinder-workshop-4-480x385.webp 480w\" sizes=\"(min-width: 0px) and (max-width: 480px) 480px, (min-width: 481px) 914px, 100vw\" \/><\/p>\n<h2>Perguntas frequentes<\/h2>\n<p><span>P: Voc\u00ea \u00e9 uma empresa comercial ou fabricante?<\/span><br \/>\n<span>R: Somos uma f\u00e1brica.<\/span><br \/>\n<span>P: Quanto tempo demora a entrega?<\/span><br \/>\n<span>R: Geralmente s\u00e3o de 25 a 35 dias.<\/span><br \/>\n<span>P: Voc\u00eas fornecem amostras? \u00c9 gr\u00e1tis ou extra?<\/span><br \/>\n<span>R: Sim, podemos oferecer a amostra, mas n\u00e3o \u00e9 gr\u00e1tis.<\/span><\/p>\n<h3>Sobre a FMP<\/h3>\n<p class=\"break-words\">A FMP \u00e9 uma fabricante italiana l\u00edder, especializada em projeto, desenvolvimento e produ\u00e7\u00e3o de cilindros hidr\u00e1ulicos de alta qualidade. Com uma rica heran\u00e7a alicer\u00e7ada em d\u00e9cadas de experi\u00eancia, combinamos com orgulho o artesanato italiano com tecnologia de ponta para oferecer solu\u00e7\u00f5es hidr\u00e1ulicas excepcionais, personalizadas para atender \u00e0s diversas necessidades de nossa clientela global. Com sede na It\u00e1lia, um polo de excel\u00eancia em engenharia, a FMP se destaca como uma marca confi\u00e1vel na ind\u00fastria hidr\u00e1ulica, comprometida em fornecer produtos confi\u00e1veis, dur\u00e1veis e inovadores que impulsionam empresas em todo o mundo.<\/p>\n<p class=\"break-words\">Nossa empresa integra o melhor das tradi\u00e7\u00f5es de fabrica\u00e7\u00e3o avan\u00e7ada com uma abordagem inovadora. Com anos de experi\u00eancia em sistemas hidr\u00e1ulicos, a FMP evoluiu para uma empresa moderna que se destaca em pesquisa, design e produ\u00e7\u00e3o. Somos especializados em uma ampla gama de cilindros hidr\u00e1ulicos, incluindo cilindros de dupla a\u00e7\u00e3o, cilindros de eleva\u00e7\u00e3o automotiva, cilindros para m\u00e1quinas agr\u00edcolas e solu\u00e7\u00f5es personalizadas para diversas aplica\u00e7\u00f5es industriais. Seja para constru\u00e7\u00e3o, instala\u00e7\u00f5es industriais, agricultura ou m\u00e1quinas pesadas, nossos cilindros hidr\u00e1ulicos s\u00e3o projetados para operar nas condi\u00e7\u00f5es mais dif\u00edceis, garantindo seguran\u00e7a, efici\u00eancia e durabilidade.<\/p>\n<p><img loading=\"lazy\" decoding=\"async\" class=\"alignnone size-full wp-image-6720\" src=\"https:\/\/fmp-components.com\/wp-content\/uploads\/2025\/03\/hydraulic-cylinder-8.webp\" alt=\"Cilindros Hidr\u00e1ulicos Telesc\u00f3picos\" width=\"933\" height=\"526\" title=\"\" srcset=\"https:\/\/fmp-components.com\/wp-content\/uploads\/2025\/03\/hydraulic-cylinder-8.webp 933w, https:\/\/fmp-components.com\/wp-content\/uploads\/2025\/03\/hydraulic-cylinder-8-480x271.webp 480w\" sizes=\"(min-width: 0px) and (max-width: 480px) 480px, (min-width: 481px) 933px, 100vw\" \/><\/p>\n<p class=\"break-words\">Na FMP, orgulhamo-nos de nossas instala\u00e7\u00f5es de produ\u00e7\u00e3o de \u00faltima gera\u00e7\u00e3o, equipadas com m\u00e1quinas de precis\u00e3o e sistemas de teste avan\u00e7ados. Nossos processos de fabrica\u00e7\u00e3o seguem rigorosos padr\u00f5es nacionais e internacionais, garantindo que cada cilindro hidr\u00e1ulico que sai de nossa f\u00e1brica seja de qualidade e confiabilidade superiores. Nossa equipe t\u00e9cnica qualificada, aliada a equipamentos de \u00faltima gera\u00e7\u00e3o, nos permite manter um rigoroso controle de qualidade em todas as etapas da produ\u00e7\u00e3o \u2014 desde a sele\u00e7\u00e3o da mat\u00e9ria-prima at\u00e9 a inspe\u00e7\u00e3o final. Essa dedica\u00e7\u00e3o \u00e0 excel\u00eancia nos rendeu certifica\u00e7\u00f5es e reconhecimento de autoridades do setor, consolidando ainda mais nossa reputa\u00e7\u00e3o como um parceiro confi\u00e1vel.<\/p>\n<p class=\"break-words\">Nossa miss\u00e3o \u00e9 simples, por\u00e9m ambiciosa: fornecer aos nossos clientes cilindros hidr\u00e1ulicos que superem as expectativas em desempenho, durabilidade e valor. Atuamos sob os princ\u00edpios norteadores de profissionalismo, integridade e foco no cliente. Ao fomentar uma cultura de inova\u00e7\u00e3o e precis\u00e3o, refinamos continuamente nossos produtos para nos mantermos \u00e0 frente em um mercado competitivo. Nossa abrangente linha de produtos e a capacidade de oferecer solu\u00e7\u00f5es personalizadas nos tornam a escolha ideal para empresas que buscam cilindros hidr\u00e1ulicos de alto desempenho.<\/p>\n<p class=\"break-words\">A FMP \u00e9 mais do que apenas uma fabricante \u2014 somos uma parceira para o seu sucesso. Entendemos que nossos clientes confiam em n\u00f3s para fornecer ferramentas que aumentam sua produtividade e seguran\u00e7a. \u00c9 por isso que nos comprometemos a oferecer n\u00e3o apenas produtos de primeira linha, mas tamb\u00e9m um servi\u00e7o excepcional. Da consultoria inicial ao suporte p\u00f3s-venda, trabalhamos em estreita colabora\u00e7\u00e3o com nossos clientes para garantir que suas necessidades sejam atendidas com profissionalismo e cuidado. Nossos pre\u00e7os competitivos, aliados ao nosso compromisso inabal\u00e1vel com a qualidade, fazem da FMP a escolha inteligente para empresas que buscam investir em solu\u00e7\u00f5es hidr\u00e1ulicas confi\u00e1veis.<\/p>","protected":false},"excerpt":{"rendered":"<p>Professional Craftsmanship 4 Stage Dump Truck Stainless Steel Hydraulic Cylinder This is a brand new Professional Craftsmanship 4 Stage Dump Truck Stainless Steel hydraulic cylinder, built to serve you in various industries such as machinery repair shops, farms, energy and mining, machinery manufacturing and machinery factories. This multistage hydraulic cylinder comes with a one-year warranty [&hellip;]<\/p>","protected":false},"featured_media":6725,"comment_status":"closed","ping_status":"closed","template":"","meta":{"_et_pb_use_builder":"","_et_pb_old_content":"","_et_gb_content_width":""},"product_brand":[],"product_cat":[103],"product_tag":[34,105],"class_list":{"0":"post-6582","1":"product","2":"type-product","3":"status-publish","4":"has-post-thumbnail","6":"product_cat-telescopic-hydraulic-cylinders","7":"product_tag-hydraulic-cylinder","8":"product_tag-telescopic-hydraulic-cylinders","10":"first","11":"instock","12":"product-type-simple"},"_links":{"self":[{"href":"https:\/\/fmp-components.com\/pt\/wp-json\/wp\/v2\/product\/6582","targetHints":{"allow":["GET"]}}],"collection":[{"href":"https:\/\/fmp-components.com\/pt\/wp-json\/wp\/v2\/product"}],"about":[{"href":"https:\/\/fmp-components.com\/pt\/wp-json\/wp\/v2\/types\/product"}],"replies":[{"embeddable":true,"href":"https:\/\/fmp-components.com\/pt\/wp-json\/wp\/v2\/comments?post=6582"}],"wp:featuredmedia":[{"embeddable":true,"href":"https:\/\/fmp-components.com\/pt\/wp-json\/wp\/v2\/media\/6725"}],"wp:attachment":[{"href":"https:\/\/fmp-components.com\/pt\/wp-json\/wp\/v2\/media?parent=6582"}],"wp:term":[{"taxonomy":"product_brand","embeddable":true,"href":"https:\/\/fmp-components.com\/pt\/wp-json\/wp\/v2\/product_brand?post=6582"},{"taxonomy":"product_cat","embeddable":true,"href":"https:\/\/fmp-components.com\/pt\/wp-json\/wp\/v2\/product_cat?post=6582"},{"taxonomy":"product_tag","embeddable":true,"href":"https:\/\/fmp-components.com\/pt\/wp-json\/wp\/v2\/product_tag?post=6582"}],"curies":[{"name":"wp","href":"https:\/\/api.w.org\/{rel}","templated":true}]}}