{"id":6579,"date":"2025-03-11T06:31:13","date_gmt":"2025-03-11T06:31:13","guid":{"rendered":"https:\/\/fmp-components.com\/product\/chinese-factory-dump-trailer-multi-stage-telescopic-hydraulic-cylinder"},"modified":"2025-03-12T05:28:10","modified_gmt":"2025-03-12T05:28:10","slug":"italian-factory-dump-trailer-multi-stage-telescopic-hydraulic-cylinder","status":"publish","type":"product","link":"https:\/\/fmp-components.com\/pt\/product\/italian-factory-dump-trailer-multi-stage-telescopic-hydraulic-cylinder\/","title":{"rendered":"Cilindro hidr\u00e1ulico telesc\u00f3pico multiest\u00e1gio para reboque basculante de f\u00e1brica italiana"},"content":{"rendered":"<h2>Cilindro hidr\u00e1ulico telesc\u00f3pico multiest\u00e1gio para reboque basculante de f\u00e1brica italiana<\/h2>\n<p>O cilindro hidr\u00e1ulico telesc\u00f3pico de m\u00faltiplos est\u00e1gios para reboque basculante industrial italiano foi projetado para oferecer funcionalidade e desempenho excepcionais em diversas aplica\u00e7\u00f5es. Com sua estrutura padr\u00e3o e pot\u00eancia hidr\u00e1ulica, \u00e9 a escolha ideal para uma ampla gama de setores, desde oficinas de reparo de m\u00e1quinas e fazendas at\u00e9 opera\u00e7\u00f5es de energia e minera\u00e7\u00e3o.<\/p>\n<h2>Principais recursos e benef\u00edcios<\/h2>\n<ul>\n<li>Altamente vers\u00e1til, pode ser utilizado em diversas ind\u00fastrias.<\/li>\n<li>Constru\u00eddo com uma estrutura robusta em a\u00e7o para maior durabilidade.<\/li>\n<li>Possui um cilindro hidr\u00e1ulico de m\u00faltiplos est\u00e1gios para otimizar a efici\u00eancia.<\/li>\n<li>Projetado para fornecer um empuxo m\u00e1ximo de 3000 e uma tra\u00e7\u00e3o m\u00e1xima de 20 toneladas.<\/li>\n<li>Certifica\u00e7\u00e3o ISO9001:2000, garantindo desempenho de alta qualidade.<\/li>\n<\/ul>\n<h2>Especifica\u00e7\u00f5es t\u00e9cnicas<\/h2>\n<table style=\"width: 102.139%;\" border=\"\">\n<tbody>\n<tr>\n<td style=\"width: 42.9379%;\"><i>Tamanho do furo<\/i><\/td>\n<td style=\"width: 485.311%;\">2-6 polegadas<\/td>\n<\/tr>\n<tr>\n<td style=\"width: 42.9379%;\"><i>Tamanho da haste<\/i><\/td>\n<td style=\"width: 485.311%;\">1,125-4 polegadas<\/td>\n<\/tr>\n<tr>\n<td style=\"width: 42.9379%;\"><i>Tamanho do tra\u00e7o<\/i><\/td>\n<td style=\"width: 485.311%;\">4-100 polegadas<\/td>\n<\/tr>\n<tr>\n<td style=\"width: 42.9379%;\"><i>Tamanho do pino<\/i><\/td>\n<td style=\"width: 485.311%;\">0,5-2 polegadas<\/td>\n<\/tr>\n<tr>\n<td style=\"width: 42.9379%;\"><i>Portos<\/i><\/td>\n<td style=\"width: 485.311%;\">G\/SAE\/NPT\/M<\/td>\n<\/tr>\n<\/tbody>\n<\/table>\n<h2>Caracter\u00edsticas e vantagens exclusivas<\/h2>\n<p>Este cilindro hidr\u00e1ulico destaca-se no mercado pelas suas caracter\u00edsticas distintas que melhoram o seu desempenho e usabilidade. Uma das suas principais vantagens \u00e9 o design com baixo consumo de energia, que garante alta efici\u00eancia durante a opera\u00e7\u00e3o. Esta abordagem inovadora n\u00e3o s\u00f3 reduz o consumo de energia, como tamb\u00e9m diminui os custos operacionais para os utilizadores. Al\u00e9m disso, o cilindro \u00e9 constru\u00eddo com materiais robustos que garantem seguran\u00e7a e longevidade, tornando-o uma escolha confi\u00e1vel para aplica\u00e7\u00f5es exigentes. A sua durabilidade implica em substitui\u00e7\u00f5es menos frequentes, aumentando ainda mais a sua rela\u00e7\u00e3o custo-benef\u00edcio ao longo do tempo.<\/p>\n<p>Al\u00e9m disso, este cilindro hidr\u00e1ulico foi projetado para f\u00e1cil integra\u00e7\u00e3o em diversos sistemas hidr\u00e1ulicos. Seu design adapt\u00e1vel permite que ele se encaixe perfeitamente em instala\u00e7\u00f5es existentes, facilitando a instala\u00e7\u00e3o r\u00e1pida e minimizando o tempo de inatividade. Essa versatilidade o torna adequado para uma ampla gama de aplica\u00e7\u00f5es, garantindo que os usu\u00e1rios possam implant\u00e1-lo com efic\u00e1cia em diversos ambientes.<\/p>\n<h2>Princ\u00edpio de funcionamento e aplica\u00e7\u00f5es de cilindros hidr\u00e1ulicos<\/h2>\n<p>O cilindro hidr\u00e1ulico funciona convertendo energia hidr\u00e1ulica em movimento mec\u00e2nico, gerando for\u00e7a atrav\u00e9s da aplica\u00e7\u00e3o de press\u00e3o. Quando o fluido hidr\u00e1ulico \u00e9 direcionado para o cilindro, ele cria press\u00e3o que atua sobre o pist\u00e3o, resultando em movimento linear. Essa opera\u00e7\u00e3o fundamental torna os cilindros hidr\u00e1ulicos indispens\u00e1veis \u200b\u200bem in\u00fameras ind\u00fastrias.<\/p>\n<p>Na constru\u00e7\u00e3o civil, por exemplo, os cilindros hidr\u00e1ulicos s\u00e3o essenciais para levantar materiais pesados, operar guindastes e acionar equipamentos de escava\u00e7\u00e3o, garantindo que os projetos sejam conclu\u00eddos com efici\u00eancia e seguran\u00e7a. Na ind\u00fastria, desempenham um papel crucial nas linhas de montagem, movimentando componentes e m\u00e1quinas com precis\u00e3o. Al\u00e9m disso, na agricultura, os cilindros hidr\u00e1ulicos s\u00e3o utilizados em tratores e outros equipamentos agr\u00edcolas para levantar, inclinar e despejar materiais, aumentando a produtividade e a efic\u00e1cia das opera\u00e7\u00f5es agr\u00edcolas.<\/p>\n<p><img loading=\"lazy\" decoding=\"async\" class=\"alignnone  wp-image-6664\" src=\"https:\/\/fmp-components.com\/wp-content\/uploads\/2025\/03\/telescopic-hydraulic-cylinder-8.webp\" alt=\"cilindro hidr\u00e1ulico telesc\u00f3pico\" width=\"896\" height=\"896\" title=\"\" srcset=\"https:\/\/fmp-components.com\/wp-content\/uploads\/2025\/03\/telescopic-hydraulic-cylinder-8.webp 896w, https:\/\/fmp-components.com\/wp-content\/uploads\/2025\/03\/telescopic-hydraulic-cylinder-8-480x480.webp 480w\" sizes=\"(min-width: 0px) and (max-width: 480px) 480px, (min-width: 481px) 896px, 100vw\" \/><\/p>\n<h2>Cilindros Hidr\u00e1ulicos e Unidades de Pot\u00eancia<\/h2>\n<p>Os cilindros hidr\u00e1ulicos e as unidades de pot\u00eancia s\u00e3o componentes essenciais de qualquer sistema hidr\u00e1ulico, desempenhando cada um um papel crucial em seu funcionamento geral. O cilindro hidr\u00e1ulico atua como atuador, convertendo energia hidr\u00e1ulica em movimento mec\u00e2nico para realizar trabalho, enquanto a unidade de pot\u00eancia serve como fonte de press\u00e3o hidr\u00e1ulica, fornecendo a energia necess\u00e1ria para acionar o sistema.<\/p>\n<p>Em conjunto, a funcionalidade combinada garante a ampla aplica\u00e7\u00e3o da tecnologia hidr\u00e1ulica em diversos setores. Essa sinergia proporciona pot\u00eancia confi\u00e1vel e suporte de controle para in\u00fameras m\u00e1quinas de engenharia e mec\u00e2nicas, permitindo que as empresas operem com efici\u00eancia e efic\u00e1cia. Na FMP, tamb\u00e9m oferecemos unidades de pot\u00eancia para venda, permitindo que nossos clientes encontrem solu\u00e7\u00f5es hidr\u00e1ulicas completas, personalizadas para suas necessidades espec\u00edficas. Essa abordagem abrangente garante que todos os componentes funcionem em harmonia, maximizando o desempenho e a confiabilidade dos sistemas hidr\u00e1ulicos em diversas aplica\u00e7\u00f5es.<\/p>\n<h2>Perguntas frequentes<\/h2>\n<p><span>P: Voc\u00eas s\u00e3o uma empresa comercial ou fabricante?<\/span><span>R: Somos um fabricante.<\/span><br \/>\n<span>P: Quanto tempo demora a entrega?<\/span><span>R: Nosso prazo de entrega padr\u00e3o \u00e9 de 25 a 35 dias.<\/span><br \/>\n<span>P: Voc\u00eas podem produzir de acordo com as amostras?<\/span><span>R: Sim, podemos produzir com base em suas amostras ou desenhos t\u00e9cnicos. Podemos construir os moldes e acess\u00f3rios.<\/span>&#8221;<\/p>\n<h3>Sobre a FMP<\/h3>\n<p class=\"break-words\">A FMP \u00e9 uma fabricante italiana l\u00edder, especializada em projeto, desenvolvimento e produ\u00e7\u00e3o de cilindros hidr\u00e1ulicos de alta qualidade. Com uma rica heran\u00e7a alicer\u00e7ada em d\u00e9cadas de experi\u00eancia, combinamos com orgulho o artesanato italiano com tecnologia de ponta para oferecer solu\u00e7\u00f5es hidr\u00e1ulicas excepcionais, personalizadas para atender \u00e0s diversas necessidades de nossa clientela global. Com sede na It\u00e1lia, um polo de excel\u00eancia em engenharia, a FMP se destaca como uma marca confi\u00e1vel na ind\u00fastria hidr\u00e1ulica, comprometida em fornecer produtos confi\u00e1veis, dur\u00e1veis e inovadores que impulsionam empresas em todo o mundo.<\/p>\n<p class=\"break-words\">Nossa empresa integra o melhor das tradi\u00e7\u00f5es de fabrica\u00e7\u00e3o avan\u00e7ada com uma abordagem inovadora. Com anos de experi\u00eancia em sistemas hidr\u00e1ulicos, a FMP evoluiu para uma empresa moderna que se destaca em pesquisa, design e produ\u00e7\u00e3o. Somos especializados em uma ampla gama de cilindros hidr\u00e1ulicos, incluindo cilindros de dupla a\u00e7\u00e3o, cilindros de eleva\u00e7\u00e3o automotiva, cilindros para m\u00e1quinas agr\u00edcolas e solu\u00e7\u00f5es personalizadas para diversas aplica\u00e7\u00f5es industriais. Seja para constru\u00e7\u00e3o, instala\u00e7\u00f5es industriais, agricultura ou m\u00e1quinas pesadas, nossos cilindros hidr\u00e1ulicos s\u00e3o projetados para operar nas condi\u00e7\u00f5es mais dif\u00edceis, garantindo seguran\u00e7a, efici\u00eancia e durabilidade.<\/p>\n<p><img loading=\"lazy\" decoding=\"async\" class=\"alignnone size-full wp-image-6720\" src=\"https:\/\/fmp-components.com\/wp-content\/uploads\/2025\/03\/hydraulic-cylinder-8.webp\" alt=\"Cilindros Hidr\u00e1ulicos Telesc\u00f3picos\" width=\"933\" height=\"526\" title=\"\" srcset=\"https:\/\/fmp-components.com\/wp-content\/uploads\/2025\/03\/hydraulic-cylinder-8.webp 933w, https:\/\/fmp-components.com\/wp-content\/uploads\/2025\/03\/hydraulic-cylinder-8-480x271.webp 480w\" sizes=\"(min-width: 0px) and (max-width: 480px) 480px, (min-width: 481px) 933px, 100vw\" \/><\/p>\n<p class=\"break-words\">Na FMP, orgulhamo-nos de nossas instala\u00e7\u00f5es de produ\u00e7\u00e3o de \u00faltima gera\u00e7\u00e3o, equipadas com m\u00e1quinas de precis\u00e3o e sistemas de teste avan\u00e7ados. Nossos processos de fabrica\u00e7\u00e3o seguem rigorosos padr\u00f5es nacionais e internacionais, garantindo que cada cilindro hidr\u00e1ulico que sai de nossa f\u00e1brica seja de qualidade e confiabilidade superiores. Nossa equipe t\u00e9cnica qualificada, aliada a equipamentos de \u00faltima gera\u00e7\u00e3o, nos permite manter um rigoroso controle de qualidade em todas as etapas da produ\u00e7\u00e3o \u2014 desde a sele\u00e7\u00e3o da mat\u00e9ria-prima at\u00e9 a inspe\u00e7\u00e3o final. Essa dedica\u00e7\u00e3o \u00e0 excel\u00eancia nos rendeu certifica\u00e7\u00f5es e reconhecimento de autoridades do setor, consolidando ainda mais nossa reputa\u00e7\u00e3o como um parceiro confi\u00e1vel.<\/p>\n<p class=\"break-words\">Nossa miss\u00e3o \u00e9 simples, por\u00e9m ambiciosa: fornecer aos nossos clientes cilindros hidr\u00e1ulicos que superem as expectativas em desempenho, durabilidade e valor. Atuamos sob os princ\u00edpios norteadores de profissionalismo, integridade e foco no cliente. Ao fomentar uma cultura de inova\u00e7\u00e3o e precis\u00e3o, refinamos continuamente nossos produtos para nos mantermos \u00e0 frente em um mercado competitivo. Nossa abrangente linha de produtos e a capacidade de oferecer solu\u00e7\u00f5es personalizadas nos tornam a escolha ideal para empresas que buscam cilindros hidr\u00e1ulicos de alto desempenho.<\/p>\n<p class=\"break-words\">A FMP \u00e9 mais do que apenas uma fabricante \u2014 somos uma parceira para o seu sucesso. Entendemos que nossos clientes confiam em n\u00f3s para fornecer ferramentas que aumentam sua produtividade e seguran\u00e7a. \u00c9 por isso que nos comprometemos a oferecer n\u00e3o apenas produtos de primeira linha, mas tamb\u00e9m um servi\u00e7o excepcional. Da consultoria inicial ao suporte p\u00f3s-venda, trabalhamos em estreita colabora\u00e7\u00e3o com nossos clientes para garantir que suas necessidades sejam atendidas com profissionalismo e cuidado. Nossos pre\u00e7os competitivos, aliados ao nosso compromisso inabal\u00e1vel com a qualidade, fazem da FMP a escolha inteligente para empresas que buscam investir em solu\u00e7\u00f5es hidr\u00e1ulicas confi\u00e1veis.<\/p>","protected":false},"excerpt":{"rendered":"<p>Italian Factory Dump Trailer Multi Stage Telescopic Hydraulic Cylinder The Italian Factory Dump Trailer Multi Stage Telescopic hydraulic cylinder is designed to provide exceptional functionality and performance in a variety of applications. With its standard structure and hydraulic power, it&#8217;s the ideal choice for a range of industries, from machinery repair shops and farms to [&hellip;]<\/p>","protected":false},"featured_media":6722,"comment_status":"closed","ping_status":"closed","template":"","meta":{"_et_pb_use_builder":"","_et_pb_old_content":"","_et_gb_content_width":""},"product_brand":[],"product_cat":[103],"product_tag":[34,105],"class_list":{"0":"post-6579","1":"product","2":"type-product","3":"status-publish","4":"has-post-thumbnail","6":"product_cat-telescopic-hydraulic-cylinders","7":"product_tag-hydraulic-cylinder","8":"product_tag-telescopic-hydraulic-cylinders","10":"first","11":"instock","12":"product-type-simple"},"_links":{"self":[{"href":"https:\/\/fmp-components.com\/pt\/wp-json\/wp\/v2\/product\/6579","targetHints":{"allow":["GET"]}}],"collection":[{"href":"https:\/\/fmp-components.com\/pt\/wp-json\/wp\/v2\/product"}],"about":[{"href":"https:\/\/fmp-components.com\/pt\/wp-json\/wp\/v2\/types\/product"}],"replies":[{"embeddable":true,"href":"https:\/\/fmp-components.com\/pt\/wp-json\/wp\/v2\/comments?post=6579"}],"wp:featuredmedia":[{"embeddable":true,"href":"https:\/\/fmp-components.com\/pt\/wp-json\/wp\/v2\/media\/6722"}],"wp:attachment":[{"href":"https:\/\/fmp-components.com\/pt\/wp-json\/wp\/v2\/media?parent=6579"}],"wp:term":[{"taxonomy":"product_brand","embeddable":true,"href":"https:\/\/fmp-components.com\/pt\/wp-json\/wp\/v2\/product_brand?post=6579"},{"taxonomy":"product_cat","embeddable":true,"href":"https:\/\/fmp-components.com\/pt\/wp-json\/wp\/v2\/product_cat?post=6579"},{"taxonomy":"product_tag","embeddable":true,"href":"https:\/\/fmp-components.com\/pt\/wp-json\/wp\/v2\/product_tag?post=6579"}],"curies":[{"name":"wp","href":"https:\/\/api.w.org\/{rel}","templated":true}]}}