{"id":6574,"date":"2025-03-11T06:31:13","date_gmt":"2025-03-11T06:31:13","guid":{"rendered":"https:\/\/fmp-components.com\/product\/factory-direct-sale-dump-truck-hoist-hydraulic-cylinder"},"modified":"2025-03-12T05:02:44","modified_gmt":"2025-03-12T05:02:44","slug":"factory-direct-sale-dump-truck-hoist-hydraulic-cylinder","status":"publish","type":"product","link":"https:\/\/fmp-components.com\/pt\/product\/factory-direct-sale-dump-truck-hoist-hydraulic-cylinder\/","title":{"rendered":"Cilindro hidr\u00e1ulico para guincho de caminh\u00e3o basculante de venda direta da f\u00e1brica"},"content":{"rendered":"<h2>Cilindro hidr\u00e1ulico para guincho de caminh\u00e3o basculante de venda direta da f\u00e1brica<\/h2>\n<p>Bem-vindo ao mundo dos cilindros hidr\u00e1ulicos! Apresentamos nosso novo produto: o Cilindro Hidr\u00e1ulico para Guincho de Caminh\u00e3o Basculante, dispon\u00edvel para venda direta da f\u00e1brica. Uma obra-prima da engenharia, este cilindro hidr\u00e1ulico foi projetado para alto desempenho, efici\u00eancia e durabilidade. \u00c9 a solu\u00e7\u00e3o ideal para oficinas de reparo de m\u00e1quinas, fazendas, setores de energia, minera\u00e7\u00e3o, fabrica\u00e7\u00e3o de m\u00e1quinas e f\u00e1bricas de maquin\u00e1rio.<\/p>\n<h3>Fun\u00e7\u00e3o e Import\u00e2ncia<\/h3>\n<p>O cilindro hidr\u00e1ulico do guincho do caminh\u00e3o basculante desempenha um papel crucial na opera\u00e7\u00e3o de sua m\u00e1quina. Ele transforma a energia hidr\u00e1ulica em energia mec\u00e2nica, tornando seu trabalho mais f\u00e1cil e eficiente.<\/p>\n<h3>Especifica\u00e7\u00f5es do produto<\/h3>\n<p>Nosso cilindro hidr\u00e1ulico \u00e9 fabricado em a\u00e7o de alta qualidade, garantindo m\u00e1xima durabilidade e confiabilidade. Ele vem com garantia de um ano para sua tranquilidade.<\/p>\n<table style=\"width: 96.7113%;\" border=\"\">\n<tbody>\n<tr>\n<td style=\"width: 42.9379%;\">Tamanho do furo<\/td>\n<td style=\"width: 457.062%;\">2-6 polegadas<\/td>\n<\/tr>\n<tr>\n<td style=\"width: 42.9379%;\">Tamanho da haste<\/td>\n<td style=\"width: 457.062%;\">1,125-4 polegadas<\/td>\n<\/tr>\n<tr>\n<td style=\"width: 42.9379%;\">Tamanho do tra\u00e7o<\/td>\n<td style=\"width: 457.062%;\">4-100 polegadas<\/td>\n<\/tr>\n<tr>\n<td style=\"width: 42.9379%;\">Tamanho do pino<\/td>\n<td style=\"width: 457.062%;\">0,5-2 polegadas<\/td>\n<\/tr>\n<tr>\n<td style=\"width: 42.9379%;\">Portos<\/td>\n<td style=\"width: 457.062%;\">G\/SAE\/NPT\/M<\/td>\n<\/tr>\n<\/tbody>\n<\/table>\n<h2>Principais recursos e vantagens<\/h2>\n<ul>\n<li>Efici\u00eancia energ\u00e9tica: Nosso cilindro hidr\u00e1ulico oferece desempenho m\u00e1ximo com consumo m\u00ednimo de energia.<\/li>\n<li>Dur\u00e1vel: Fabricado em a\u00e7o de alta qualidade, ele suporta condi\u00e7\u00f5es adversas e dura por muitos anos.<\/li>\n<li>Alto desempenho: Com um empuxo m\u00e1ximo de 3000 e uma for\u00e7a de tra\u00e7\u00e3o m\u00e1xima de 20 toneladas, garante alto desempenho em diversas aplica\u00e7\u00f5es.<\/li>\n<\/ul>\n<h2>Sistemas Hidr\u00e1ulicos e Princ\u00edpios de Funcionamento<\/h2>\n<p>O cilindro hidr\u00e1ulico do guincho do caminh\u00e3o basculante \u00e9 um componente vital de um sistema hidr\u00e1ulico, funcionando ao transformar energia hidr\u00e1ulica em movimento mec\u00e2nico. Esse processo gera for\u00e7a na haste do cilindro, permitindo que ele se mova e execute diversas tarefas com efici\u00eancia.<\/p>\n<p><img loading=\"lazy\" decoding=\"async\" class=\"alignnone wp-image-6661\" src=\"https:\/\/fmp-components.com\/wp-content\/uploads\/2025\/03\/telescopic-hydraulic-cylinder-10.webp\" alt=\"cilindro hidr\u00e1ulico telesc\u00f3pico\" width=\"919\" height=\"919\" title=\"\" srcset=\"https:\/\/fmp-components.com\/wp-content\/uploads\/2025\/03\/telescopic-hydraulic-cylinder-10.webp 919w, https:\/\/fmp-components.com\/wp-content\/uploads\/2025\/03\/telescopic-hydraulic-cylinder-10-480x480.webp 480w\" sizes=\"(min-width: 0px) and (max-width: 480px) 480px, (min-width: 481px) 919px, 100vw\" \/><\/p>\n<h2>Cilindros hidr\u00e1ulicos e unidades de pot\u00eancia<\/h2>\n<p>Cilindros hidr\u00e1ulicos e unidades de pot\u00eancia s\u00e3o elementos fundamentais de um sistema hidr\u00e1ulico, trabalhando em perfeita harmonia para garantir a ampla aplica\u00e7\u00e3o da tecnologia hidr\u00e1ulica em diversos setores. Essa colabora\u00e7\u00e3o proporciona pot\u00eancia e controle confi\u00e1veis \u200b\u200bpara v\u00e1rios equipamentos de engenharia e mec\u00e2nica. Os cilindros hidr\u00e1ulicos atuam como atuadores, convertendo energia hidr\u00e1ulica em movimento mec\u00e2nico ao transformar press\u00e3o em for\u00e7a. Enquanto isso, a unidade de pot\u00eancia serve como o cora\u00e7\u00e3o do sistema, fornecendo a energia e os sinais de controle necess\u00e1rios. Essa opera\u00e7\u00e3o coordenada \u00e9 essencial para o bom funcionamento do sistema hidr\u00e1ulico. Na FMP, temos orgulho de oferecer tanto cilindros hidr\u00e1ulicos quanto unidades de pot\u00eancia, garantindo que nossos clientes tenham acesso a solu\u00e7\u00f5es completas para suas necessidades hidr\u00e1ulicas.<\/p>\n<h2>Perguntas frequentes<\/h2>\n<p>P: Quanto tempo demora a entrega?<br \/>\nR: Geralmente s\u00e3o de 25 a 35 dias.<\/p>\n<p>P: Voc\u00eas fornecem amostras?<br \/>\nR: Sim, podemos oferecer a amostra, mas n\u00e3o \u00e9 gr\u00e1tis.<\/p>\n<p>P: Voc\u00eas podem produzir de acordo com as amostras?<br \/>\nR: Sim, podemos produzir com base em suas amostras ou desenhos t\u00e9cnicos. Podemos construir os moldes e acess\u00f3rios.<\/p>\n<p><img loading=\"lazy\" decoding=\"async\" class=\"alignnone size-full wp-image-6660\" src=\"https:\/\/fmp-components.com\/wp-content\/uploads\/2025\/03\/hydraulic-cylinder-workshop-4.webp\" alt=\"cilindro hidr\u00e1ulico telesc\u00f3pico\" width=\"914\" height=\"733\" title=\"\" srcset=\"https:\/\/fmp-components.com\/wp-content\/uploads\/2025\/03\/hydraulic-cylinder-workshop-4.webp 914w, https:\/\/fmp-components.com\/wp-content\/uploads\/2025\/03\/hydraulic-cylinder-workshop-4-480x385.webp 480w\" sizes=\"(min-width: 0px) and (max-width: 480px) 480px, (min-width: 481px) 914px, 100vw\" \/><\/p>\n<h3>Sobre a FMP<\/h3>\n<p>A FMP \u00e9 uma fabricante italiana de renome, especializada em projeto, desenvolvimento e produ\u00e7\u00e3o de cilindros hidr\u00e1ulicos de alta qualidade. Com um legado constru\u00eddo em d\u00e9cadas de experi\u00eancia, combinamos com maestria o artesanato italiano com tecnologia inovadora para oferecer solu\u00e7\u00f5es hidr\u00e1ulicas excepcionais, adaptadas \u00e0s diversas necessidades de nossos clientes globais. Localizada na It\u00e1lia, um centro de excel\u00eancia em engenharia, a FMP \u00e9 um nome confi\u00e1vel no setor hidr\u00e1ulico, dedicada a fornecer produtos confi\u00e1veis, dur\u00e1veis \u200b\u200be inovadores que impulsionam empresas em todo o mundo.<\/p>\n<p>Nossa empresa combina tradi\u00e7\u00f5es avan\u00e7adas de fabrica\u00e7\u00e3o com uma abordagem inovadora. Aproveitando anos de experi\u00eancia em sistemas hidr\u00e1ulicos, a FMP se transformou em uma empresa moderna, com excel\u00eancia em pesquisa, design e produ\u00e7\u00e3o. Oferecemos uma ampla gama de cilindros hidr\u00e1ulicos, incluindo cilindros de dupla a\u00e7\u00e3o, cilindros de eleva\u00e7\u00e3o automotiva, cilindros para m\u00e1quinas agr\u00edcolas e solu\u00e7\u00f5es personalizadas para diversas aplica\u00e7\u00f5es industriais. Seja para constru\u00e7\u00e3o, instala\u00e7\u00f5es industriais, agricultura ou m\u00e1quinas pesadas, nossos cilindros hidr\u00e1ulicos s\u00e3o projetados para operar nas condi\u00e7\u00f5es mais exigentes, garantindo seguran\u00e7a, efici\u00eancia e durabilidade.<\/p>\n<p>Na FMP, orgulhamo-nos de nossas instala\u00e7\u00f5es de produ\u00e7\u00e3o de \u00faltima gera\u00e7\u00e3o, equipadas com m\u00e1quinas de precis\u00e3o e sistemas de teste avan\u00e7ados. Nossos processos de fabrica\u00e7\u00e3o seguem rigorosos padr\u00f5es nacionais e internacionais, garantindo que cada cilindro hidr\u00e1ulico produzido atenda aos mais altos padr\u00f5es de qualidade e confiabilidade. Nossa equipe t\u00e9cnica qualificada, apoiada por equipamentos de \u00faltima gera\u00e7\u00e3o, nos permite manter um rigoroso controle de qualidade em todas as etapas da produ\u00e7\u00e3o \u2014 desde a sele\u00e7\u00e3o da mat\u00e9ria-prima at\u00e9 a inspe\u00e7\u00e3o final. Esse compromisso com a excel\u00eancia nos rendeu certifica\u00e7\u00f5es e reconhecimento de autoridades do setor, consolidando ainda mais nossa reputa\u00e7\u00e3o como um parceiro confi\u00e1vel.<\/p>\n<p><img loading=\"lazy\" decoding=\"async\" class=\"alignnone size-full wp-image-6720\" src=\"https:\/\/fmp-components.com\/wp-content\/uploads\/2025\/03\/hydraulic-cylinder-8.webp\" alt=\"Cilindros Hidr\u00e1ulicos Telesc\u00f3picos\" width=\"933\" height=\"526\" title=\"\" srcset=\"https:\/\/fmp-components.com\/wp-content\/uploads\/2025\/03\/hydraulic-cylinder-8.webp 933w, https:\/\/fmp-components.com\/wp-content\/uploads\/2025\/03\/hydraulic-cylinder-8-480x271.webp 480w\" sizes=\"(min-width: 0px) and (max-width: 480px) 480px, (min-width: 481px) 933px, 100vw\" \/><\/p>\n<p>Nossa miss\u00e3o \u00e9 simples, por\u00e9m ambiciosa: fornecer cilindros hidr\u00e1ulicos que superem as expectativas em desempenho, durabilidade e valor. Guiados por princ\u00edpios de profissionalismo, integridade e foco no cliente, cultivamos uma cultura de inova\u00e7\u00e3o e precis\u00e3o, aprimorando continuamente nossos produtos para permanecermos competitivos no mercado. Nossa abrangente linha de produtos e nossa capacidade de fornecer solu\u00e7\u00f5es personalizadas nos posicionam como a escolha preferida para empresas que buscam cilindros hidr\u00e1ulicos de alto desempenho.<\/p>\n<p>A FMP \u00e9 mais do que apenas uma fabricante; somos uma parceira para o seu sucesso. Entendemos que nossos clientes dependem de n\u00f3s para ferramentas que aumentam a produtividade e a seguran\u00e7a. Por isso, estamos comprometidos em fornecer n\u00e3o apenas produtos de primeira linha, mas tamb\u00e9m um servi\u00e7o excepcional. Da consultoria inicial ao suporte p\u00f3s-venda, colaboramos estreitamente com nossos clientes para garantir que suas necessidades sejam atendidas com profissionalismo e cuidado. Nossos pre\u00e7os competitivos, aliados a um compromisso inabal\u00e1vel com a qualidade, fazem da FMP a escolha inteligente para empresas que buscam investir em solu\u00e7\u00f5es hidr\u00e1ulicas confi\u00e1veis.<\/p>","protected":false},"excerpt":{"rendered":"<p>Factory Direct Sale Dump Truck Hoist Hydraulic Cylinder Welcome to the world of hydraulic cylinders! Introducing our new product &#8211; the Factory Direct Sale Dump Truck Hoist Hydraulic Cylinder. A masterpiece of engineering, this hydraulic cylinder is designed for high performance, efficiency, and durability. It&#8217;s the ultimate solution for machinery repair shops, farms, energy, mining, [&hellip;]<\/p>","protected":false},"featured_media":6715,"comment_status":"closed","ping_status":"closed","template":"","meta":{"_et_pb_use_builder":"","_et_pb_old_content":"","_et_gb_content_width":""},"product_brand":[],"product_cat":[103],"product_tag":[34,105],"class_list":{"0":"post-6574","1":"product","2":"type-product","3":"status-publish","4":"has-post-thumbnail","6":"product_cat-telescopic-hydraulic-cylinders","7":"product_tag-hydraulic-cylinder","8":"product_tag-telescopic-hydraulic-cylinders","10":"first","11":"instock","12":"product-type-simple"},"_links":{"self":[{"href":"https:\/\/fmp-components.com\/pt\/wp-json\/wp\/v2\/product\/6574","targetHints":{"allow":["GET"]}}],"collection":[{"href":"https:\/\/fmp-components.com\/pt\/wp-json\/wp\/v2\/product"}],"about":[{"href":"https:\/\/fmp-components.com\/pt\/wp-json\/wp\/v2\/types\/product"}],"replies":[{"embeddable":true,"href":"https:\/\/fmp-components.com\/pt\/wp-json\/wp\/v2\/comments?post=6574"}],"wp:featuredmedia":[{"embeddable":true,"href":"https:\/\/fmp-components.com\/pt\/wp-json\/wp\/v2\/media\/6715"}],"wp:attachment":[{"href":"https:\/\/fmp-components.com\/pt\/wp-json\/wp\/v2\/media?parent=6574"}],"wp:term":[{"taxonomy":"product_brand","embeddable":true,"href":"https:\/\/fmp-components.com\/pt\/wp-json\/wp\/v2\/product_brand?post=6574"},{"taxonomy":"product_cat","embeddable":true,"href":"https:\/\/fmp-components.com\/pt\/wp-json\/wp\/v2\/product_cat?post=6574"},{"taxonomy":"product_tag","embeddable":true,"href":"https:\/\/fmp-components.com\/pt\/wp-json\/wp\/v2\/product_tag?post=6574"}],"curies":[{"name":"wp","href":"https:\/\/api.w.org\/{rel}","templated":true}]}}