{"id":6572,"date":"2025-03-11T06:31:13","date_gmt":"2025-03-11T06:31:13","guid":{"rendered":"https:\/\/fmp-components.com\/product\/cost-effective-telescopic-hydraulic-cylinder-for-dump-trailer"},"modified":"2025-03-14T02:31:59","modified_gmt":"2025-03-14T02:31:59","slug":"cost-effective-telescopic-hydraulic-cylinder-for-dump-trailer","status":"publish","type":"product","link":"https:\/\/fmp-components.com\/pt\/product\/cost-effective-telescopic-hydraulic-cylinder-for-dump-trailer\/","title":{"rendered":"Cilindro hidr\u00e1ulico telesc\u00f3pico econ\u00f4mico para reboque basculante"},"content":{"rendered":"<h2>Cilindro hidr\u00e1ulico telesc\u00f3pico econ\u00f4mico para reboque basculante<\/h2>\n<p>Apresentamos o cilindro hidr\u00e1ulico telesc\u00f3pico de m\u00faltiplos est\u00e1gios, econ\u00f4mico e especialmente projetado para reboques basculantes. Este cilindro hidr\u00e1ulico de alta qualidade \u00e9 fabricado em a\u00e7o maci\u00e7o, garantindo durabilidade e robustez. Possui um empuxo m\u00e1ximo de 3000 e uma for\u00e7a de tra\u00e7\u00e3o m\u00e1xima de 20 toneladas. Seu di\u00e2metro interno varia de 2 a 6 polegadas, com hastes de 1,125 a 4 polegadas e curso de 4 a 100 polegadas.<\/p>\n<h2>Caracter\u00edsticas e benef\u00edcios<\/h2>\n<ul>\n<li>Efici\u00eancia energ\u00e9tica: Nosso cilindro hidr\u00e1ulico para reboque basculante foi projetado para m\u00e1xima efici\u00eancia energ\u00e9tica, reduzindo os custos operacionais.<\/li>\n<li>Altamente eficiente: Oferece desempenho superior com um empuxo m\u00e1ximo de 3000 e uma for\u00e7a de tra\u00e7\u00e3o m\u00e1xima de 20 toneladas.<\/li>\n<li>Seguran\u00e7a: Fabricado em a\u00e7o dur\u00e1vel, foi projetado para suportar condi\u00e7\u00f5es adversas, garantindo seguran\u00e7a e longa vida \u00fatil.<\/li>\n<\/ul>\n<h2>Sistemas hidr\u00e1ulicos e princ\u00edpio de funcionamento<\/h2>\n<p>O cilindro hidr\u00e1ulico \u00e9 uma pe\u00e7a fundamental do sistema hidr\u00e1ulico, convertendo energia hidr\u00e1ulica em energia mec\u00e2nica. Essa convers\u00e3o \u00e9 o que gera a for\u00e7a linear e o movimento necess\u00e1rios para o funcionamento da sua m\u00e1quina. O cilindro hidr\u00e1ulico \u00e9 projetado para trabalhar em conjunto com as unidades de pot\u00eancia, garantindo uma opera\u00e7\u00e3o cont\u00ednua e eficiente.<\/p>\n<p><img loading=\"lazy\" decoding=\"async\" class=\"alignnone size-full wp-image-6757\" src=\"https:\/\/fmp-components.com\/wp-content\/uploads\/2025\/03\/Telescopic-Hydraulic-Cylinders-114.webp\" alt=\"Cilindros Hidr\u00e1ulicos Telesc\u00f3picos\" width=\"2160\" height=\"2160\" title=\"\" srcset=\"https:\/\/fmp-components.com\/wp-content\/uploads\/2025\/03\/Telescopic-Hydraulic-Cylinders-114.webp 2160w, https:\/\/fmp-components.com\/wp-content\/uploads\/2025\/03\/Telescopic-Hydraulic-Cylinders-114-1280x1280.webp 1280w, https:\/\/fmp-components.com\/wp-content\/uploads\/2025\/03\/Telescopic-Hydraulic-Cylinders-114-980x980.webp 980w, https:\/\/fmp-components.com\/wp-content\/uploads\/2025\/03\/Telescopic-Hydraulic-Cylinders-114-480x480.webp 480w\" sizes=\"(min-width: 0px) and (max-width: 480px) 480px, (min-width: 481px) and (max-width: 980px) 980px, (min-width: 981px) and (max-width: 1280px) 1280px, (min-width: 1281px) 2160px, 100vw\" \/><\/p>\n<h2>Aplica\u00e7\u00f5es<\/h2>\n<p>Este cilindro hidr\u00e1ulico \u00e9 perfeitamente adequado para diversas ind\u00fastrias, incluindo oficinas de repara\u00e7\u00e3o de m\u00e1quinas, fazendas, energia e minera\u00e7\u00e3o, fabrica\u00e7\u00e3o de m\u00e1quinas e f\u00e1bricas de m\u00e1quinas. Com seu design robusto e desempenho superior, \u00e9 a solu\u00e7\u00e3o ideal para as necessidades do seu sistema hidr\u00e1ulico.<\/p>\n<h2>Cilindros Hidr\u00e1ulicos e Unidades de Pot\u00eancia<\/h2>\n<p>Cilindros hidr\u00e1ulicos e unidades de pot\u00eancia s\u00e3o componentes indissoci\u00e1veis \u200b\u200bde um sistema hidr\u00e1ulico. Sua a\u00e7\u00e3o conjunta garante a ampla aplica\u00e7\u00e3o da tecnologia hidr\u00e1ulica no setor industrial, fornecendo pot\u00eancia confi\u00e1vel e suporte de controle para diversos equipamentos de engenharia e mec\u00e2nica. A FMP tamb\u00e9m oferece unidades de pot\u00eancia para venda, garantindo que voc\u00ea tenha todos os componentes necess\u00e1rios para um sistema hidr\u00e1ulico totalmente funcional.<\/p>\n<h2>Perguntas frequentes<\/h2>\n<table border=\"\">\n<tbody>\n<tr>\n<td>P: Voc\u00ea \u00e9 uma empresa comercial ou fabricante?<\/td>\n<td>R: Somos um fabricante.<\/td>\n<\/tr>\n<tr>\n<td>P: Quanto tempo demora a entrega?<\/td>\n<td>R: Geralmente, s\u00e3o 25-35 dias.<\/td>\n<\/tr>\n<tr>\n<td>P: Voc\u00eas fornecem amostras? \u00c9 gr\u00e1tis ou extra?<\/td>\n<td>R: Sim, fornecemos amostras, mas elas n\u00e3o s\u00e3o gratuitas.<\/td>\n<\/tr>\n<\/tbody>\n<\/table>\n<h3>Sobre a FMP<\/h3>\n<p class=\"break-words\">A FMP \u00e9 uma fabricante italiana l\u00edder, especializada em projeto, desenvolvimento e produ\u00e7\u00e3o de cilindros hidr\u00e1ulicos de alta qualidade. Com uma rica heran\u00e7a alicer\u00e7ada em d\u00e9cadas de experi\u00eancia, combinamos com orgulho o artesanato italiano com tecnologia de ponta para oferecer solu\u00e7\u00f5es hidr\u00e1ulicas excepcionais, personalizadas para atender \u00e0s diversas necessidades de nossa clientela global. Com sede na It\u00e1lia, um polo de excel\u00eancia em engenharia, a FMP se destaca como uma marca confi\u00e1vel na ind\u00fastria hidr\u00e1ulica, comprometida em fornecer produtos confi\u00e1veis, dur\u00e1veis e inovadores que impulsionam empresas em todo o mundo.<\/p>\n<p class=\"break-words\">Nossa empresa integra o melhor das tradi\u00e7\u00f5es de fabrica\u00e7\u00e3o avan\u00e7ada com uma abordagem inovadora. Com anos de experi\u00eancia em sistemas hidr\u00e1ulicos, a FMP evoluiu para uma empresa moderna que se destaca em pesquisa, design e produ\u00e7\u00e3o. Somos especializados em uma ampla gama de cilindros hidr\u00e1ulicos, incluindo cilindros de dupla a\u00e7\u00e3o, cilindros de eleva\u00e7\u00e3o automotiva, cilindros para m\u00e1quinas agr\u00edcolas e solu\u00e7\u00f5es personalizadas para diversas aplica\u00e7\u00f5es industriais. Seja para constru\u00e7\u00e3o, instala\u00e7\u00f5es industriais, agricultura ou m\u00e1quinas pesadas, nossos cilindros hidr\u00e1ulicos s\u00e3o projetados para operar nas condi\u00e7\u00f5es mais dif\u00edceis, garantindo seguran\u00e7a, efici\u00eancia e durabilidade.<\/p>\n<p><img loading=\"lazy\" decoding=\"async\" class=\"alignnone size-full wp-image-6720\" src=\"https:\/\/fmp-components.com\/wp-content\/uploads\/2025\/03\/hydraulic-cylinder-8.webp\" alt=\"Cilindros Hidr\u00e1ulicos Telesc\u00f3picos\" width=\"933\" height=\"526\" title=\"\" srcset=\"https:\/\/fmp-components.com\/wp-content\/uploads\/2025\/03\/hydraulic-cylinder-8.webp 933w, https:\/\/fmp-components.com\/wp-content\/uploads\/2025\/03\/hydraulic-cylinder-8-480x271.webp 480w\" sizes=\"(min-width: 0px) and (max-width: 480px) 480px, (min-width: 481px) 933px, 100vw\" \/><\/p>\n<p class=\"break-words\">Na FMP, orgulhamo-nos de nossas instala\u00e7\u00f5es de produ\u00e7\u00e3o de \u00faltima gera\u00e7\u00e3o, equipadas com m\u00e1quinas de precis\u00e3o e sistemas de teste avan\u00e7ados. Nossos processos de fabrica\u00e7\u00e3o seguem rigorosos padr\u00f5es nacionais e internacionais, garantindo que cada cilindro hidr\u00e1ulico que sai de nossa f\u00e1brica seja de qualidade e confiabilidade superiores. Nossa equipe t\u00e9cnica qualificada, aliada a equipamentos de \u00faltima gera\u00e7\u00e3o, nos permite manter um rigoroso controle de qualidade em todas as etapas da produ\u00e7\u00e3o \u2014 desde a sele\u00e7\u00e3o da mat\u00e9ria-prima at\u00e9 a inspe\u00e7\u00e3o final. Essa dedica\u00e7\u00e3o \u00e0 excel\u00eancia nos rendeu certifica\u00e7\u00f5es e reconhecimento de autoridades do setor, consolidando ainda mais nossa reputa\u00e7\u00e3o como um parceiro confi\u00e1vel.<\/p>\n<p class=\"break-words\">Nossa miss\u00e3o \u00e9 simples, por\u00e9m ambiciosa: fornecer aos nossos clientes cilindros hidr\u00e1ulicos que superem as expectativas em desempenho, durabilidade e valor. Atuamos sob os princ\u00edpios norteadores de profissionalismo, integridade e foco no cliente. Ao fomentar uma cultura de inova\u00e7\u00e3o e precis\u00e3o, refinamos continuamente nossos produtos para nos mantermos \u00e0 frente em um mercado competitivo. Nossa abrangente linha de produtos e a capacidade de oferecer solu\u00e7\u00f5es personalizadas nos tornam a escolha ideal para empresas que buscam cilindros hidr\u00e1ulicos de alto desempenho.<\/p>\n<p class=\"break-words\">A FMP \u00e9 mais do que apenas uma fabricante \u2014 somos uma parceira para o seu sucesso. Entendemos que nossos clientes confiam em n\u00f3s para fornecer ferramentas que aumentam sua produtividade e seguran\u00e7a. \u00c9 por isso que nos comprometemos a oferecer n\u00e3o apenas produtos de primeira linha, mas tamb\u00e9m um servi\u00e7o excepcional. Da consultoria inicial ao suporte p\u00f3s-venda, trabalhamos em estreita colabora\u00e7\u00e3o com nossos clientes para garantir que suas necessidades sejam atendidas com profissionalismo e cuidado. Nossos pre\u00e7os competitivos, aliados ao nosso compromisso inabal\u00e1vel com a qualidade, fazem da FMP a escolha inteligente para empresas que buscam investir em solu\u00e7\u00f5es hidr\u00e1ulicas confi\u00e1veis.<\/p>","protected":false},"excerpt":{"rendered":"<p>Cost Effective Telescopic Hydraulic Cylinder for Dump Trailer Introducing the cost-effective, multi-stage telescopic hydraulic cylinder specially designed for dump trailers. This high-quality hydraulic cylinder is made with solid steel, ensuring durability and robustness. It boasts a maximum thrust of 3000 and a maximum pull of 20 tons. Its bore size ranges from 2 to 6 [&hellip;]<\/p>","protected":false},"featured_media":6792,"comment_status":"closed","ping_status":"closed","template":"","meta":{"_et_pb_use_builder":"","_et_pb_old_content":"","_et_gb_content_width":""},"product_brand":[],"product_cat":[103],"product_tag":[34,105],"class_list":{"0":"post-6572","1":"product","2":"type-product","3":"status-publish","4":"has-post-thumbnail","6":"product_cat-telescopic-hydraulic-cylinders","7":"product_tag-hydraulic-cylinder","8":"product_tag-telescopic-hydraulic-cylinders","10":"first","11":"instock","12":"product-type-simple"},"_links":{"self":[{"href":"https:\/\/fmp-components.com\/pt\/wp-json\/wp\/v2\/product\/6572","targetHints":{"allow":["GET"]}}],"collection":[{"href":"https:\/\/fmp-components.com\/pt\/wp-json\/wp\/v2\/product"}],"about":[{"href":"https:\/\/fmp-components.com\/pt\/wp-json\/wp\/v2\/types\/product"}],"replies":[{"embeddable":true,"href":"https:\/\/fmp-components.com\/pt\/wp-json\/wp\/v2\/comments?post=6572"}],"wp:featuredmedia":[{"embeddable":true,"href":"https:\/\/fmp-components.com\/pt\/wp-json\/wp\/v2\/media\/6792"}],"wp:attachment":[{"href":"https:\/\/fmp-components.com\/pt\/wp-json\/wp\/v2\/media?parent=6572"}],"wp:term":[{"taxonomy":"product_brand","embeddable":true,"href":"https:\/\/fmp-components.com\/pt\/wp-json\/wp\/v2\/product_brand?post=6572"},{"taxonomy":"product_cat","embeddable":true,"href":"https:\/\/fmp-components.com\/pt\/wp-json\/wp\/v2\/product_cat?post=6572"},{"taxonomy":"product_tag","embeddable":true,"href":"https:\/\/fmp-components.com\/pt\/wp-json\/wp\/v2\/product_tag?post=6572"}],"curies":[{"name":"wp","href":"https:\/\/api.w.org\/{rel}","templated":true}]}}