{"id":6565,"date":"2025-03-11T06:29:39","date_gmt":"2025-03-11T06:29:39","guid":{"rendered":"https:\/\/fmp-components.com\/product\/factory-price-mini-telescopic-double-acting-hydraulic-cylinder"},"modified":"2025-03-12T06:28:26","modified_gmt":"2025-03-12T06:28:26","slug":"factory-price-mini-telescopic-double-acting-hydraulic-cylinder","status":"publish","type":"product","link":"https:\/\/fmp-components.com\/pt\/product\/factory-price-mini-telescopic-double-acting-hydraulic-cylinder\/","title":{"rendered":"Mini cilindro hidr\u00e1ulico telesc\u00f3pico de dupla a\u00e7\u00e3o com pre\u00e7o de f\u00e1brica"},"content":{"rendered":"<h2>Mini cilindro hidr\u00e1ulico telesc\u00f3pico de dupla a\u00e7\u00e3o com pre\u00e7o de f\u00e1brica<\/h2>\n<p>Nosso Mini Cilindro Hidr\u00e1ulico Telesc\u00f3pico de Dupla A\u00e7\u00e3o com Pre\u00e7o de F\u00e1brica \u00e9 um componente vers\u00e1til e de alta qualidade, ideal para uso em diversos setores. Seja para oficinas de reparo de m\u00e1quinas, fazendas, energia e minera\u00e7\u00e3o ou fabrica\u00e7\u00e3o de m\u00e1quinas, este cilindro hidr\u00e1ulico foi projetado para oferecer efici\u00eancia e durabilidade. Seu corpo de a\u00e7o, estrutura padr\u00e3o e pot\u00eancia hidr\u00e1ulica o tornam uma escolha confi\u00e1vel para qualquer configura\u00e7\u00e3o de m\u00e1quinas.<\/p>\n<h3>Especifica\u00e7\u00f5es do produto<\/h3>\n<p>Nosso cilindro hidr\u00e1ulico n\u00e3o \u00e9 apenas robusto \u2013 ele tamb\u00e9m \u00e9 adapt\u00e1vel. Com um di\u00e2metro interno de 2 a 6 polegadas, um tamanho de haste de 1,125 a 4 polegadas e um curso de 4 a 100 polegadas, ele se adapta facilmente a uma variedade de configura\u00e7\u00f5es de equipamentos. Ele tamb\u00e9m possui um empuxo m\u00e1ximo de 3.000 e uma tra\u00e7\u00e3o m\u00e1xima de 20 toneladas, tornando-o um complemento poderoso para qualquer m\u00e1quina.<\/p>\n<table style=\"width: 94.502%;\" border=\"\">\n<tbody>\n<tr>\n<th style=\"width: 43.5028%;\">Tamanho do furo<\/th>\n<td style=\"width: 455.932%;\">2-6 polegadas<\/td>\n<\/tr>\n<tr>\n<th style=\"width: 43.5028%;\">Tamanho da haste<\/th>\n<td style=\"width: 455.932%;\">1,125-4 polegadas<\/td>\n<\/tr>\n<tr>\n<th style=\"width: 43.5028%;\">Tamanho do tra\u00e7o<\/th>\n<td style=\"width: 455.932%;\">4-100 polegadas<\/td>\n<\/tr>\n<tr>\n<th style=\"width: 43.5028%;\">Tamanho do pino<\/th>\n<td style=\"width: 455.932%;\">0,5-2 polegadas<\/td>\n<\/tr>\n<tr>\n<th style=\"width: 43.5028%;\">Portos<\/th>\n<td style=\"width: 455.932%;\">G\/SAE\/NPT\/M<\/td>\n<\/tr>\n<\/tbody>\n<\/table>\n<h2>Caracter\u00edsticas e vantagens do produto<\/h2>\n<p>Nosso cilindro hidr\u00e1ulico foi projetado pensando em efici\u00eancia, seguran\u00e7a e economia de energia. Sua estrutura multiest\u00e1gios permite uma opera\u00e7\u00e3o eficiente, enquanto a certifica\u00e7\u00e3o ISO9001:2000 comprova sua seguran\u00e7a e qualidade. E com sua for\u00e7a m\u00e1xima de tra\u00e7\u00e3o de 20 toneladas e empuxo m\u00e1ximo de 3000, \u00e9 uma adi\u00e7\u00e3o potente e com baixo consumo de energia ao seu maquin\u00e1rio.<\/p>\n<h2>Sistemas Hidr\u00e1ulicos e Princ\u00edpio de Funcionamento<\/h2>\n<p>Cilindros hidr\u00e1ulicos, como os nossos, funcionam convertendo a energia do fluido hidr\u00e1ulico sob press\u00e3o em uma for\u00e7a capaz de movimentar m\u00e1quinas. Isso \u00e9 obtido por meio do uso de um pist\u00e3o alojado dentro de um cilindro. \u00c0 medida que o fluido hidr\u00e1ulico \u00e9 for\u00e7ado para dentro do cilindro, ele empurra o pist\u00e3o, que por sua vez empurra a haste, criando movimento.<\/p>\n<p><img loading=\"lazy\" decoding=\"async\" class=\"alignnone  wp-image-6664\" src=\"https:\/\/fmp-components.com\/wp-content\/uploads\/2025\/03\/telescopic-hydraulic-cylinder-8.webp\" alt=\"cilindro hidr\u00e1ulico telesc\u00f3pico\" width=\"902\" height=\"902\" title=\"\" srcset=\"https:\/\/fmp-components.com\/wp-content\/uploads\/2025\/03\/telescopic-hydraulic-cylinder-8.webp 902w, https:\/\/fmp-components.com\/wp-content\/uploads\/2025\/03\/telescopic-hydraulic-cylinder-8-480x480.webp 480w\" sizes=\"(min-width: 0px) and (max-width: 480px) 480px, (min-width: 481px) 902px, 100vw\" \/><\/p>\n<h2>Aplica\u00e7\u00e3o do produto<\/h2>\n<p>Este cilindro hidr\u00e1ulico pode ser utilizado em diversos setores, incluindo oficinas de reparo de m\u00e1quinas, fazendas, energia e minera\u00e7\u00e3o, fabrica\u00e7\u00e3o de m\u00e1quinas e muitos outros. Seu design vers\u00e1til o torna um componente essencial em diversos tipos de m\u00e1quinas.<\/p>\n<h2>Cilindros hidr\u00e1ulicos e unidades de pot\u00eancia<\/h2>\n<p>Cilindros hidr\u00e1ulicos e unidades de pot\u00eancia s\u00e3o parte integrante de qualquer sistema hidr\u00e1ulico. Eles trabalham em conjunto para garantir a ampla aplica\u00e7\u00e3o da tecnologia hidr\u00e1ulica no setor industrial, fornecendo energia e controle confi\u00e1veis \u200b\u200bpara diversos equipamentos mec\u00e2nicos e de engenharia. O cilindro hidr\u00e1ulico, como atuador, \u00e9 respons\u00e1vel por converter energia hidr\u00e1ulica em movimento mec\u00e2nico, transformando press\u00e3o em for\u00e7a. A unidade de pot\u00eancia, por outro lado, \u00e9 o n\u00facleo que fornece a energia e os sinais de controle necess\u00e1rios ao sistema hidr\u00e1ulico. Sua coopera\u00e7\u00e3o coordenada garante o funcionamento normal do sistema hidr\u00e1ulico. Al\u00e9m dos cilindros hidr\u00e1ulicos, a FMP tamb\u00e9m fornece unidades de pot\u00eancia para venda.<\/p>\n<h2>Perguntas frequentes<\/h2>\n<p><b>P: Voc\u00ea \u00e9 uma empresa comercial ou um fabricante?<\/b><br \/>\nR: Somos uma f\u00e1brica.<\/p>\n<p><b>P: Quanto tempo demora a entrega?<\/b><br \/>\nR: Geralmente, s\u00e3o 25-35 dias.<\/p>\n<p><b>P: Voc\u00eas podem produzir de acordo com as amostras?<\/b><br \/>\nR: Sim, podemos produzir com base em suas amostras ou desenhos t\u00e9cnicos. Podemos construir os moldes e acess\u00f3rios.<\/p>\n<h3>Sobre a FMP<\/h3>\n<p>A FMP \u00e9 uma fabricante italiana de renome, reconhecida pelo design, desenvolvimento e produ\u00e7\u00e3o de cilindros hidr\u00e1ulicos de alta qualidade. Com d\u00e9cadas de experi\u00eancia, combinamos o artesanato tradicional italiano com tecnologia avan\u00e7ada para fornecer solu\u00e7\u00f5es hidr\u00e1ulicas excepcionais, adaptadas \u00e0s diversas necessidades de nossos clientes globais. Localizada na It\u00e1lia, um centro de excel\u00eancia em engenharia, a FMP se consolidou como uma marca confi\u00e1vel no setor hidr\u00e1ulico, dedicada a fornecer produtos confi\u00e1veis, dur\u00e1veis \u200b\u200be inovadores que impulsionam empresas em todo o mundo.<\/p>\n<p>Combinamos o melhor das tradi\u00e7\u00f5es de fabrica\u00e7\u00e3o avan\u00e7ada com uma abordagem inovadora. Com base em nossa vasta experi\u00eancia em sistemas hidr\u00e1ulicos, a FMP se transformou em uma empresa moderna que se destaca em pesquisa, design e produ\u00e7\u00e3o. Nossa especializa\u00e7\u00e3o inclui uma ampla gama de cilindros hidr\u00e1ulicos, como cilindros de dupla a\u00e7\u00e3o, cilindros de eleva\u00e7\u00e3o automotivos, cilindros para m\u00e1quinas agr\u00edcolas e solu\u00e7\u00f5es personalizadas para diversas aplica\u00e7\u00f5es industriais. Projetados para operar nas condi\u00e7\u00f5es mais desafiadoras, nossos cilindros hidr\u00e1ulicos garantem seguran\u00e7a, efici\u00eancia e longevidade em setores como constru\u00e7\u00e3o, instala\u00e7\u00f5es industriais, agricultura e m\u00e1quinas pesadas.<\/p>\n<p>Na FMP, orgulhamo-nos de nossas instala\u00e7\u00f5es de produ\u00e7\u00e3o de \u00faltima gera\u00e7\u00e3o, equipadas com m\u00e1quinas de precis\u00e3o e sistemas de teste avan\u00e7ados. Nossos processos de fabrica\u00e7\u00e3o seguem rigorosos padr\u00f5es nacionais e internacionais, garantindo que cada cilindro hidr\u00e1ulico que sai de nossa f\u00e1brica atenda aos mais altos padr\u00f5es de qualidade e confiabilidade. Nossa equipe t\u00e9cnica qualificada, aliada a equipamentos de \u00faltima gera\u00e7\u00e3o, nos permite manter um rigoroso controle de qualidade em todas as etapas da produ\u00e7\u00e3o \u2014 desde a sele\u00e7\u00e3o da mat\u00e9ria-prima at\u00e9 a inspe\u00e7\u00e3o final. Esse compromisso com a excel\u00eancia nos rendeu certifica\u00e7\u00f5es e reconhecimentos de autoridades do setor, refor\u00e7ando nossa reputa\u00e7\u00e3o como um parceiro confi\u00e1vel.<\/p>\n<p><img loading=\"lazy\" decoding=\"async\" class=\"alignnone size-full wp-image-6720\" src=\"https:\/\/fmp-components.com\/wp-content\/uploads\/2025\/03\/hydraulic-cylinder-8.webp\" alt=\"Cilindros Hidr\u00e1ulicos Telesc\u00f3picos\" width=\"933\" height=\"526\" title=\"\" srcset=\"https:\/\/fmp-components.com\/wp-content\/uploads\/2025\/03\/hydraulic-cylinder-8.webp 933w, https:\/\/fmp-components.com\/wp-content\/uploads\/2025\/03\/hydraulic-cylinder-8-480x271.webp 480w\" sizes=\"(min-width: 0px) and (max-width: 480px) 480px, (min-width: 481px) 933px, 100vw\" \/><\/p>\n<p>Nossa miss\u00e3o \u00e9 simples e ambiciosa: fornecer cilindros hidr\u00e1ulicos que superem as expectativas em desempenho, durabilidade e valor. Guiados por princ\u00edpios de profissionalismo, integridade e foco no cliente, promovemos uma cultura de inova\u00e7\u00e3o e precis\u00e3o, aprimorando continuamente nossos produtos para nos mantermos \u00e0 frente em um mercado competitivo. Com uma linha abrangente de produtos e a capacidade de oferecer solu\u00e7\u00f5es personalizadas, somos a escolha preferida de empresas que buscam cilindros hidr\u00e1ulicos de alto desempenho.<\/p>\n<p>A FMP \u00e9 mais do que apenas um fabricante; somos um parceiro para o seu sucesso. Reconhecemos que nossos clientes dependem de n\u00f3s para fornecer ferramentas que aumentam sua produtividade e seguran\u00e7a. Por isso, temos o compromisso de fornecer n\u00e3o apenas produtos de primeira linha, mas tamb\u00e9m um servi\u00e7o excepcional. Da consultoria inicial ao suporte p\u00f3s-venda, colaboramos estreitamente com nossos clientes para garantir que suas necessidades sejam atendidas com profissionalismo e cuidado. Nossos pre\u00e7os competitivos, combinados com nosso compromisso inabal\u00e1vel com a qualidade, fazem da FMP a escolha inteligente para empresas que buscam investir em solu\u00e7\u00f5es hidr\u00e1ulicas confi\u00e1veis.<\/p>","protected":false},"excerpt":{"rendered":"<p>Factory Price Mini Telescopic Double Acting Hydraulic Cylinder Our Factory Price Mini Telescopic Double Acting Hydraulic Cylinder is a high-quality, versatile component ideal for use in a variety of industries. Whether it&#8217;s for machinery repair shops, farms, energy &amp; mining, or machinery manufacturing, this hydraulic cylinder is designed for efficiency and durability. Its steel body, [&hellip;]<\/p>","protected":false},"featured_media":6743,"comment_status":"closed","ping_status":"closed","template":"","meta":{"_et_pb_use_builder":"","_et_pb_old_content":"","_et_gb_content_width":""},"product_brand":[],"product_cat":[103],"product_tag":[34,105],"class_list":{"0":"post-6565","1":"product","2":"type-product","3":"status-publish","4":"has-post-thumbnail","6":"product_cat-telescopic-hydraulic-cylinders","7":"product_tag-hydraulic-cylinder","8":"product_tag-telescopic-hydraulic-cylinders","10":"first","11":"instock","12":"product-type-simple"},"_links":{"self":[{"href":"https:\/\/fmp-components.com\/pt\/wp-json\/wp\/v2\/product\/6565","targetHints":{"allow":["GET"]}}],"collection":[{"href":"https:\/\/fmp-components.com\/pt\/wp-json\/wp\/v2\/product"}],"about":[{"href":"https:\/\/fmp-components.com\/pt\/wp-json\/wp\/v2\/types\/product"}],"replies":[{"embeddable":true,"href":"https:\/\/fmp-components.com\/pt\/wp-json\/wp\/v2\/comments?post=6565"}],"wp:featuredmedia":[{"embeddable":true,"href":"https:\/\/fmp-components.com\/pt\/wp-json\/wp\/v2\/media\/6743"}],"wp:attachment":[{"href":"https:\/\/fmp-components.com\/pt\/wp-json\/wp\/v2\/media?parent=6565"}],"wp:term":[{"taxonomy":"product_brand","embeddable":true,"href":"https:\/\/fmp-components.com\/pt\/wp-json\/wp\/v2\/product_brand?post=6565"},{"taxonomy":"product_cat","embeddable":true,"href":"https:\/\/fmp-components.com\/pt\/wp-json\/wp\/v2\/product_cat?post=6565"},{"taxonomy":"product_tag","embeddable":true,"href":"https:\/\/fmp-components.com\/pt\/wp-json\/wp\/v2\/product_tag?post=6565"}],"curies":[{"name":"wp","href":"https:\/\/api.w.org\/{rel}","templated":true}]}}