{"id":6563,"date":"2025-03-11T06:29:39","date_gmt":"2025-03-11T06:29:39","guid":{"rendered":"https:\/\/fmp-components.com\/product\/quality-manufacturing-4-stage-telescopic-hydraulic-cylinder-for-dump-trailer"},"modified":"2025-03-12T06:21:59","modified_gmt":"2025-03-12T06:21:59","slug":"quality-manufacturing-4-stage-telescopic-hydraulic-cylinder-for-dump-trailer","status":"publish","type":"product","link":"https:\/\/fmp-components.com\/pt\/product\/quality-manufacturing-4-stage-telescopic-hydraulic-cylinder-for-dump-trailer\/","title":{"rendered":"Cilindro hidr\u00e1ulico telesc\u00f3pico de 4 est\u00e1gios de fabrica\u00e7\u00e3o de qualidade para reboque basculante"},"content":{"rendered":"<h2>Cilindro hidr\u00e1ulico telesc\u00f3pico de 4 est\u00e1gios de fabrica\u00e7\u00e3o de qualidade para reboque basculante<\/h2>\n<p>O cilindro hidr\u00e1ulico telesc\u00f3pico de 4 est\u00e1gios \u00e9 um produto excepcional que oferece funcionalidade e desempenho impressionantes. Ele foi projetado para uso em diversos setores, incluindo oficinas de reparo de m\u00e1quinas, fazendas, energia e minera\u00e7\u00e3o, fabrica\u00e7\u00e3o de m\u00e1quinas e f\u00e1bricas de m\u00e1quinas.<\/p>\n<h2>Especifica\u00e7\u00f5es do produto<\/h2>\n<table style=\"width: 97.0168%; height: 123px;\" border=\"\">\n<tbody>\n<tr>\n<td><b>Tamanho do furo<\/b><\/td>\n<td>2-6 polegadas<\/td>\n<\/tr>\n<tr>\n<td><b>Tamanho da haste<\/b><\/td>\n<td>1,125-4 polegadas<\/td>\n<\/tr>\n<tr>\n<td><b>Tamanho do tra\u00e7o<\/b><\/td>\n<td>4-100 polegadas<\/td>\n<\/tr>\n<tr>\n<td><b>Tamanho do pino<\/b><\/td>\n<td>0,5-2 polegadas<\/td>\n<\/tr>\n<tr>\n<td><b>Portos<\/b><\/td>\n<td>G\/SAE\/NPT\/M<\/td>\n<\/tr>\n<\/tbody>\n<\/table>\n<h3>Recursos e benef\u00edcios exclusivos<\/h3>\n<ul>\n<li>Efici\u00eancia energ\u00e9tica<\/li>\n<li>Altamente eficiente<\/li>\n<li>Seguro para uso<\/li>\n<\/ul>\n<h2>Compreendendo o Sistema Hidr\u00e1ulico<\/h2>\n<p>O sistema hidr\u00e1ulico opera com base no princ\u00edpio fundamental da press\u00e3o do fluido, que \u00e9 a base de sua funcionalidade e efici\u00eancia. Em um sistema hidr\u00e1ulico, quando a press\u00e3o \u00e9 aplicada em qualquer ponto, ela cria uma for\u00e7a que \u00e9 transmitida atrav\u00e9s do fluido hidr\u00e1ulico para todos os outros pontos do sistema. Essa caracter\u00edstica permite que o sistema execute uma ampla gama de tarefas, desde o levantamento de cargas pesadas at\u00e9 movimentos precisos em m\u00e1quinas.<\/p>\n<p>A transmiss\u00e3o de press\u00e3o ocorre porque os fluidos hidr\u00e1ulicos s\u00e3o incompress\u00edveis; quando uma for\u00e7a \u00e9 aplicada ao fluido, ele deve se mover e exercer press\u00e3o em todas as dire\u00e7\u00f5es. Isso significa que uma pequena for\u00e7a de entrada pode levar a uma for\u00e7a de sa\u00edda significativa, tornando os sistemas hidr\u00e1ulicos excepcionalmente potentes e eficientes. Por exemplo, quando uma bomba hidr\u00e1ulica gera press\u00e3o, ela impulsiona o fluido atrav\u00e9s de tubos e mangueiras at\u00e9 v\u00e1rios componentes, como cilindros hidr\u00e1ulicos ou motores, onde a press\u00e3o \u00e9 convertida em movimento mec\u00e2nico.<\/p>\n<p><img loading=\"lazy\" decoding=\"async\" class=\"alignnone  wp-image-6663\" src=\"https:\/\/fmp-components.com\/wp-content\/uploads\/2025\/03\/telescopic-hydraulic-cylinder-11.webp\" alt=\"cilindro hidr\u00e1ulico telesc\u00f3pico\" width=\"914\" height=\"914\" title=\"\" srcset=\"https:\/\/fmp-components.com\/wp-content\/uploads\/2025\/03\/telescopic-hydraulic-cylinder-11.webp 914w, https:\/\/fmp-components.com\/wp-content\/uploads\/2025\/03\/telescopic-hydraulic-cylinder-11-480x480.webp 480w\" sizes=\"(min-width: 0px) and (max-width: 480px) 480px, (min-width: 481px) 914px, 100vw\" \/><\/p>\n<p>Al\u00e9m disso, a natureza interconectada dos sistemas hidr\u00e1ulicos permite a sincroniza\u00e7\u00e3o de m\u00faltiplos componentes, possibilitando que operem simultaneamente e com efici\u00eancia. Essa caracter\u00edstica \u00e9 particularmente ben\u00e9fica em aplica\u00e7\u00f5es que exigem movimentos coordenados, como em m\u00e1quinas de constru\u00e7\u00e3o, onde diversas fun\u00e7\u00f5es precisam ser executadas ao mesmo tempo.<\/p>\n<p>Al\u00e9m disso, os sistemas hidr\u00e1ulicos podem ser facilmente controlados e ajustados. Ao manipular o fluxo de fluido hidr\u00e1ulico por meio de v\u00e1lvulas e bombas, os operadores podem otimizar o desempenho do sistema para atender a requisitos espec\u00edficos. Essa versatilidade torna os sistemas hidr\u00e1ulicos adequados para diversas aplica\u00e7\u00f5es em v\u00e1rios setores, incluindo manufatura, agricultura, automotivo e energia.<\/p>\n<h2>Perguntas frequentes<\/h2>\n<dl>\n<dt><b>P: Voc\u00ea \u00e9 uma empresa comercial ou fabricante?<\/b><\/dt>\n<dd>R: Somos uma f\u00e1brica.<\/dd>\n<dt><b>P: Quanto tempo demora a entrega?<\/b><\/dt>\n<dd>R: Geralmente, leva de 25 a 35 dias.<\/dd>\n<dt><b>P: Voc\u00eas fornecem amostras? \u00c9 gr\u00e1tis ou extra?<\/b><\/dt>\n<dd>R: Sim, fornecemos amostras, mas elas n\u00e3o s\u00e3o gratuitas.<\/dd>\n<\/dl>\n<h3>Sobre a FMP<\/h3>\n<p>A FMP \u00e9 uma fabricante italiana de renome, reconhecida pelo design, desenvolvimento e produ\u00e7\u00e3o de cilindros hidr\u00e1ulicos de alta qualidade. Com d\u00e9cadas de experi\u00eancia, combinamos o artesanato tradicional italiano com tecnologia avan\u00e7ada para fornecer solu\u00e7\u00f5es hidr\u00e1ulicas excepcionais, adaptadas \u00e0s diversas necessidades de nossos clientes globais. Localizada na It\u00e1lia, um centro de excel\u00eancia em engenharia, a FMP se consolidou como uma marca confi\u00e1vel no setor hidr\u00e1ulico, dedicada a fornecer produtos confi\u00e1veis, dur\u00e1veis \u200b\u200be inovadores que impulsionam empresas em todo o mundo.<\/p>\n<p>Combinamos o melhor das tradi\u00e7\u00f5es de fabrica\u00e7\u00e3o avan\u00e7ada com uma abordagem inovadora. Com base em nossa vasta experi\u00eancia em sistemas hidr\u00e1ulicos, a FMP se transformou em uma empresa moderna que se destaca em pesquisa, design e produ\u00e7\u00e3o. Nossa especializa\u00e7\u00e3o inclui uma ampla gama de cilindros hidr\u00e1ulicos, como cilindros de dupla a\u00e7\u00e3o, cilindros de eleva\u00e7\u00e3o automotivos, cilindros para m\u00e1quinas agr\u00edcolas e solu\u00e7\u00f5es personalizadas para diversas aplica\u00e7\u00f5es industriais. Projetados para operar nas condi\u00e7\u00f5es mais desafiadoras, nossos cilindros hidr\u00e1ulicos garantem seguran\u00e7a, efici\u00eancia e longevidade em setores como constru\u00e7\u00e3o, instala\u00e7\u00f5es industriais, agricultura e m\u00e1quinas pesadas.<\/p>\n<p>Na FMP, orgulhamo-nos de nossas instala\u00e7\u00f5es de produ\u00e7\u00e3o de \u00faltima gera\u00e7\u00e3o, equipadas com m\u00e1quinas de precis\u00e3o e sistemas de teste avan\u00e7ados. Nossos processos de fabrica\u00e7\u00e3o seguem rigorosos padr\u00f5es nacionais e internacionais, garantindo que cada cilindro hidr\u00e1ulico que sai de nossa f\u00e1brica atenda aos mais altos padr\u00f5es de qualidade e confiabilidade. Nossa equipe t\u00e9cnica qualificada, aliada a equipamentos de \u00faltima gera\u00e7\u00e3o, nos permite manter um rigoroso controle de qualidade em todas as etapas da produ\u00e7\u00e3o \u2014 desde a sele\u00e7\u00e3o da mat\u00e9ria-prima at\u00e9 a inspe\u00e7\u00e3o final. Esse compromisso com a excel\u00eancia nos rendeu certifica\u00e7\u00f5es e reconhecimentos de autoridades do setor, refor\u00e7ando nossa reputa\u00e7\u00e3o como um parceiro confi\u00e1vel.<\/p>\n<p><img loading=\"lazy\" decoding=\"async\" class=\"alignnone size-full wp-image-6720\" src=\"https:\/\/fmp-components.com\/wp-content\/uploads\/2025\/03\/hydraulic-cylinder-8.webp\" alt=\"Cilindros Hidr\u00e1ulicos Telesc\u00f3picos\" width=\"933\" height=\"526\" title=\"\" srcset=\"https:\/\/fmp-components.com\/wp-content\/uploads\/2025\/03\/hydraulic-cylinder-8.webp 933w, https:\/\/fmp-components.com\/wp-content\/uploads\/2025\/03\/hydraulic-cylinder-8-480x271.webp 480w\" sizes=\"(min-width: 0px) and (max-width: 480px) 480px, (min-width: 481px) 933px, 100vw\" \/><\/p>\n<p>Nossa miss\u00e3o \u00e9 simples e ambiciosa: fornecer cilindros hidr\u00e1ulicos que superem as expectativas em desempenho, durabilidade e valor. Guiados por princ\u00edpios de profissionalismo, integridade e foco no cliente, promovemos uma cultura de inova\u00e7\u00e3o e precis\u00e3o, aprimorando continuamente nossos produtos para nos mantermos \u00e0 frente em um mercado competitivo. Com uma linha abrangente de produtos e a capacidade de oferecer solu\u00e7\u00f5es personalizadas, somos a escolha preferida de empresas que buscam cilindros hidr\u00e1ulicos de alto desempenho.<\/p>\n<p>A FMP \u00e9 mais do que apenas um fabricante; somos um parceiro para o seu sucesso. Reconhecemos que nossos clientes dependem de n\u00f3s para fornecer ferramentas que aumentam sua produtividade e seguran\u00e7a. Por isso, temos o compromisso de fornecer n\u00e3o apenas produtos de primeira linha, mas tamb\u00e9m um servi\u00e7o excepcional. Da consultoria inicial ao suporte p\u00f3s-venda, colaboramos estreitamente com nossos clientes para garantir que suas necessidades sejam atendidas com profissionalismo e cuidado. Nossos pre\u00e7os competitivos, combinados com nosso compromisso inabal\u00e1vel com a qualidade, fazem da FMP a escolha inteligente para empresas que buscam investir em solu\u00e7\u00f5es hidr\u00e1ulicas confi\u00e1veis.<\/p>","protected":false},"excerpt":{"rendered":"<p>Quality Manufacturing 4 Stage Telescopic Hydraulic Cylinder for Dump Trailer The 4 Stage Telescopic Hydraulic Cylinder is an exceptional product that offers impressive functionality and performance. It is designed for use in various industries including Machinery Repair Shops, Farms, Energy &amp; Mining, Machinery manufacturing and Machinery Factories. Product Specifications Bore Size 2-6 inch Rod Size [&hellip;]<\/p>","protected":false},"featured_media":6739,"comment_status":"closed","ping_status":"closed","template":"","meta":{"_et_pb_use_builder":"","_et_pb_old_content":"","_et_gb_content_width":""},"product_brand":[],"product_cat":[103],"product_tag":[34,105],"class_list":{"0":"post-6563","1":"product","2":"type-product","3":"status-publish","4":"has-post-thumbnail","6":"product_cat-telescopic-hydraulic-cylinders","7":"product_tag-hydraulic-cylinder","8":"product_tag-telescopic-hydraulic-cylinders","10":"first","11":"instock","12":"product-type-simple"},"_links":{"self":[{"href":"https:\/\/fmp-components.com\/pt\/wp-json\/wp\/v2\/product\/6563","targetHints":{"allow":["GET"]}}],"collection":[{"href":"https:\/\/fmp-components.com\/pt\/wp-json\/wp\/v2\/product"}],"about":[{"href":"https:\/\/fmp-components.com\/pt\/wp-json\/wp\/v2\/types\/product"}],"replies":[{"embeddable":true,"href":"https:\/\/fmp-components.com\/pt\/wp-json\/wp\/v2\/comments?post=6563"}],"wp:featuredmedia":[{"embeddable":true,"href":"https:\/\/fmp-components.com\/pt\/wp-json\/wp\/v2\/media\/6739"}],"wp:attachment":[{"href":"https:\/\/fmp-components.com\/pt\/wp-json\/wp\/v2\/media?parent=6563"}],"wp:term":[{"taxonomy":"product_brand","embeddable":true,"href":"https:\/\/fmp-components.com\/pt\/wp-json\/wp\/v2\/product_brand?post=6563"},{"taxonomy":"product_cat","embeddable":true,"href":"https:\/\/fmp-components.com\/pt\/wp-json\/wp\/v2\/product_cat?post=6563"},{"taxonomy":"product_tag","embeddable":true,"href":"https:\/\/fmp-components.com\/pt\/wp-json\/wp\/v2\/product_tag?post=6563"}],"curies":[{"name":"wp","href":"https:\/\/api.w.org\/{rel}","templated":true}]}}