{"id":6562,"date":"2025-03-11T06:29:39","date_gmt":"2025-03-11T06:29:39","guid":{"rendered":"https:\/\/fmp-components.com\/product\/high-quality-5-stage-flatbed-tow-truck-hydraulic-cylinder"},"modified":"2025-03-12T06:17:04","modified_gmt":"2025-03-12T06:17:04","slug":"high-quality-5-stage-flatbed-tow-truck-hydraulic-cylinder","status":"publish","type":"product","link":"https:\/\/fmp-components.com\/pt\/product\/high-quality-5-stage-flatbed-tow-truck-hydraulic-cylinder\/","title":{"rendered":"Cilindro hidr\u00e1ulico de caminh\u00e3o de reboque de plataforma plana de 5 est\u00e1gios de alta qualidade"},"content":{"rendered":"<h2>Cilindro hidr\u00e1ulico de caminh\u00e3o de reboque de plataforma plana de 5 est\u00e1gios de alta qualidade<\/h2>\n<p>Atualize seu maquin\u00e1rio com o Cilindro Hidr\u00e1ulico de 5 Est\u00e1gios de Alta Qualidade para Reboque de Plataforma. Este cilindro hidr\u00e1ulico robusto e eficiente \u00e9 essencial para oficinas de reparo de m\u00e1quinas, fazendas, setores de energia e minera\u00e7\u00e3o e f\u00e1bricas de m\u00e1quinas.<\/p>\n<h3>Fun\u00e7\u00e3o e import\u00e2ncia do produto<\/h3>\n<p>O Cilindro Hidr\u00e1ulico desempenha um papel crucial na convers\u00e3o de energia fluida em energia mec\u00e2nica. Essa convers\u00e3o facilita a movimenta\u00e7\u00e3o de pe\u00e7as de m\u00e1quinas, tornando-o um componente essencial para diversos setores. Com sua fabrica\u00e7\u00e3o e design de ponta, este cilindro garante desempenho e durabilidade ideais.<\/p>\n<h3>Especifica\u00e7\u00f5es t\u00e9cnicas<\/h3>\n<table style=\"width: 96.9442%;\" border=\"\">\n<tbody>\n<tr>\n<td style=\"width: 43.5028%;\"><b>Tamanho do furo<\/b><\/td>\n<td style=\"width: 468.927%;\">2-6 polegadas<\/td>\n<\/tr>\n<tr>\n<td style=\"width: 43.5028%;\"><b>Tamanho da haste<\/b><\/td>\n<td style=\"width: 468.927%;\">1,125-4 polegadas<\/td>\n<\/tr>\n<tr>\n<td style=\"width: 43.5028%;\"><b>Tamanho do tra\u00e7o<\/b><\/td>\n<td style=\"width: 468.927%;\">4-100 polegadas<\/td>\n<\/tr>\n<tr>\n<td style=\"width: 43.5028%;\"><b>Tamanho do pino<\/b><\/td>\n<td style=\"width: 468.927%;\">0,5-2 polegadas<\/td>\n<\/tr>\n<tr>\n<td style=\"width: 43.5028%;\"><b>Portos<\/b><\/td>\n<td style=\"width: 468.927%;\">G\/SAE\/NPT\/M<\/td>\n<\/tr>\n<\/tbody>\n<\/table>\n<h2>Caracter\u00edsticas e vantagens exclusivas<\/h2>\n<ul>\n<li>Efici\u00eancia energ\u00e9tica: projetado para fornecimento m\u00e1ximo de pot\u00eancia com consumo m\u00ednimo de energia.<\/li>\n<li>Alto desempenho: oferece alta for\u00e7a de empuxo e for\u00e7a de tra\u00e7\u00e3o de 20 toneladas, garantindo alto desempenho em condi\u00e7\u00f5es exigentes.<\/li>\n<li>Seguro e confi\u00e1vel: feito de a\u00e7o dur\u00e1vel e certificado pela ISO9001:2000 para seguran\u00e7a e qualidade.<\/li>\n<\/ul>\n<h2>Compreendendo os sistemas hidr\u00e1ulicos<\/h2>\n<p>Um sistema hidr\u00e1ulico \u00e9 uma tecnologia que utiliza fluido pressurizado para gerar energia. A energia gerada \u00e9 ent\u00e3o utilizada para realizar diversas tarefas, como levantar cargas pesadas ou movimentar pe\u00e7as de m\u00e1quinas. O Cilindro Hidr\u00e1ulico \u00e9 um componente essencial deste sistema.<\/p>\n<h2>Aplica\u00e7\u00e3o de Cilindros Hidr\u00e1ulicos<\/h2>\n<p>Nossos Cilindros Hidr\u00e1ulicos s\u00e3o amplamente utilizados em oficinas de reparo de m\u00e1quinas, fazendas, setores de energia e minera\u00e7\u00e3o, e f\u00e1bricas de m\u00e1quinas. Eles s\u00e3o essenciais para o bom funcionamento e desempenho dessas ind\u00fastrias.<\/p>\n<p><img loading=\"lazy\" decoding=\"async\" class=\"alignnone  wp-image-6665\" src=\"https:\/\/fmp-components.com\/wp-content\/uploads\/2025\/03\/telescopic-hydraulic-cylinder-9.webp\" alt=\"cilindro hidr\u00e1ulico telesc\u00f3pico\" width=\"912\" height=\"912\" title=\"\" srcset=\"https:\/\/fmp-components.com\/wp-content\/uploads\/2025\/03\/telescopic-hydraulic-cylinder-9.webp 912w, https:\/\/fmp-components.com\/wp-content\/uploads\/2025\/03\/telescopic-hydraulic-cylinder-9-480x480.webp 480w\" sizes=\"(min-width: 0px) and (max-width: 480px) 480px, (min-width: 481px) 912px, 100vw\" \/><\/p>\n<h2>Cilindros Hidr\u00e1ulicos e Unidades de Pot\u00eancia<\/h2>\n<p>Cilindros hidr\u00e1ulicos e unidades de pot\u00eancia s\u00e3o componentes insepar\u00e1veis \u200b\u200bde um sistema hidr\u00e1ulico. Ambos trabalham em harmonia para garantir a ampla aplica\u00e7\u00e3o da tecnologia hidr\u00e1ulica em diversos setores. Na FMP, tamb\u00e9m fornecemos unidades de pot\u00eancia para venda, garantindo que seu sistema hidr\u00e1ulico opere com desempenho ideal.<\/p>\n<h2>Perguntas frequentes<\/h2>\n<dl>\n<dt>P: Voc\u00ea \u00e9 uma empresa comercial ou fabricante?<\/dt>\n<dd>R: Somos uma f\u00e1brica que fabrica nossos pr\u00f3prios produtos.<\/dd>\n<dt>P: Qual \u00e9 o prazo de entrega?<\/dt>\n<dd>R: Geralmente, a entrega leva de 25 a 35 dias.<\/dd>\n<dt>P: Voc\u00eas fornecem amostras? Elas s\u00e3o gratuitas ou extras?<\/dt>\n<dd>R: Sim, fornecemos amostras, mas elas n\u00e3o s\u00e3o gratuitas.<\/dd>\n<\/dl>\n<h3>Sobre a FMP<\/h3>\n<p>A FMP \u00e9 uma fabricante italiana de renome, reconhecida pelo design, desenvolvimento e produ\u00e7\u00e3o de cilindros hidr\u00e1ulicos de alta qualidade. Com d\u00e9cadas de experi\u00eancia, combinamos o artesanato tradicional italiano com tecnologia avan\u00e7ada para fornecer solu\u00e7\u00f5es hidr\u00e1ulicas excepcionais, adaptadas \u00e0s diversas necessidades de nossos clientes globais. Localizada na It\u00e1lia, um centro de excel\u00eancia em engenharia, a FMP se consolidou como uma marca confi\u00e1vel no setor hidr\u00e1ulico, dedicada a fornecer produtos confi\u00e1veis, dur\u00e1veis \u200b\u200be inovadores que impulsionam empresas em todo o mundo.<\/p>\n<p>Combinamos o melhor das tradi\u00e7\u00f5es de fabrica\u00e7\u00e3o avan\u00e7ada com uma abordagem inovadora. Com base em nossa vasta experi\u00eancia em sistemas hidr\u00e1ulicos, a FMP se transformou em uma empresa moderna que se destaca em pesquisa, design e produ\u00e7\u00e3o. Nossa especializa\u00e7\u00e3o inclui uma ampla gama de cilindros hidr\u00e1ulicos, como cilindros de dupla a\u00e7\u00e3o, cilindros de eleva\u00e7\u00e3o automotivos, cilindros para m\u00e1quinas agr\u00edcolas e solu\u00e7\u00f5es personalizadas para diversas aplica\u00e7\u00f5es industriais. Projetados para operar nas condi\u00e7\u00f5es mais desafiadoras, nossos cilindros hidr\u00e1ulicos garantem seguran\u00e7a, efici\u00eancia e longevidade em setores como constru\u00e7\u00e3o, instala\u00e7\u00f5es industriais, agricultura e m\u00e1quinas pesadas.<\/p>\n<p>Na FMP, orgulhamo-nos de nossas instala\u00e7\u00f5es de produ\u00e7\u00e3o de \u00faltima gera\u00e7\u00e3o, equipadas com m\u00e1quinas de precis\u00e3o e sistemas de teste avan\u00e7ados. Nossos processos de fabrica\u00e7\u00e3o seguem rigorosos padr\u00f5es nacionais e internacionais, garantindo que cada cilindro hidr\u00e1ulico que sai de nossa f\u00e1brica atenda aos mais altos padr\u00f5es de qualidade e confiabilidade. Nossa equipe t\u00e9cnica qualificada, aliada a equipamentos de \u00faltima gera\u00e7\u00e3o, nos permite manter um rigoroso controle de qualidade em todas as etapas da produ\u00e7\u00e3o \u2014 desde a sele\u00e7\u00e3o da mat\u00e9ria-prima at\u00e9 a inspe\u00e7\u00e3o final. Esse compromisso com a excel\u00eancia nos rendeu certifica\u00e7\u00f5es e reconhecimentos de autoridades do setor, refor\u00e7ando nossa reputa\u00e7\u00e3o como um parceiro confi\u00e1vel.<\/p>\n<p><img loading=\"lazy\" decoding=\"async\" class=\"alignnone size-full wp-image-6720\" src=\"https:\/\/fmp-components.com\/wp-content\/uploads\/2025\/03\/hydraulic-cylinder-8.webp\" alt=\"Cilindros Hidr\u00e1ulicos Telesc\u00f3picos\" width=\"933\" height=\"526\" title=\"\" srcset=\"https:\/\/fmp-components.com\/wp-content\/uploads\/2025\/03\/hydraulic-cylinder-8.webp 933w, https:\/\/fmp-components.com\/wp-content\/uploads\/2025\/03\/hydraulic-cylinder-8-480x271.webp 480w\" sizes=\"(min-width: 0px) and (max-width: 480px) 480px, (min-width: 481px) 933px, 100vw\" \/><\/p>\n<p>Nossa miss\u00e3o \u00e9 simples e ambiciosa: fornecer cilindros hidr\u00e1ulicos que superem as expectativas em desempenho, durabilidade e valor. Guiados por princ\u00edpios de profissionalismo, integridade e foco no cliente, promovemos uma cultura de inova\u00e7\u00e3o e precis\u00e3o, aprimorando continuamente nossos produtos para nos mantermos \u00e0 frente em um mercado competitivo. Com uma linha abrangente de produtos e a capacidade de oferecer solu\u00e7\u00f5es personalizadas, somos a escolha preferida de empresas que buscam cilindros hidr\u00e1ulicos de alto desempenho.<\/p>\n<p>A FMP \u00e9 mais do que apenas um fabricante; somos um parceiro para o seu sucesso. Reconhecemos que nossos clientes dependem de n\u00f3s para fornecer ferramentas que aumentam sua produtividade e seguran\u00e7a. Por isso, temos o compromisso de fornecer n\u00e3o apenas produtos de primeira linha, mas tamb\u00e9m um servi\u00e7o excepcional. Da consultoria inicial ao suporte p\u00f3s-venda, colaboramos estreitamente com nossos clientes para garantir que suas necessidades sejam atendidas com profissionalismo e cuidado. Nossos pre\u00e7os competitivos, combinados com nosso compromisso inabal\u00e1vel com a qualidade, fazem da FMP a escolha inteligente para empresas que buscam investir em solu\u00e7\u00f5es hidr\u00e1ulicas confi\u00e1veis.<\/p>","protected":false},"excerpt":{"rendered":"<p>High Quality 5 Stage Flatbed Tow Truck Hydraulic Cylinder Upgrade your machinery with the High Quality 5 Stage Flatbed Tow Truck Hydraulic Cylinder. This robust and efficient hydraulic cylinder is a must-have for any machinery repair shops, farms, energy and mining sectors, and machinery factories. Product Function and Importance The Hydraulic Cylinder plays a crucial [&hellip;]<\/p>","protected":false},"featured_media":6737,"comment_status":"closed","ping_status":"closed","template":"","meta":{"_et_pb_use_builder":"","_et_pb_old_content":"","_et_gb_content_width":""},"product_brand":[],"product_cat":[103],"product_tag":[34,105],"class_list":{"0":"post-6562","1":"product","2":"type-product","3":"status-publish","4":"has-post-thumbnail","6":"product_cat-telescopic-hydraulic-cylinders","7":"product_tag-hydraulic-cylinder","8":"product_tag-telescopic-hydraulic-cylinders","10":"first","11":"instock","12":"product-type-simple"},"_links":{"self":[{"href":"https:\/\/fmp-components.com\/pt\/wp-json\/wp\/v2\/product\/6562","targetHints":{"allow":["GET"]}}],"collection":[{"href":"https:\/\/fmp-components.com\/pt\/wp-json\/wp\/v2\/product"}],"about":[{"href":"https:\/\/fmp-components.com\/pt\/wp-json\/wp\/v2\/types\/product"}],"replies":[{"embeddable":true,"href":"https:\/\/fmp-components.com\/pt\/wp-json\/wp\/v2\/comments?post=6562"}],"wp:featuredmedia":[{"embeddable":true,"href":"https:\/\/fmp-components.com\/pt\/wp-json\/wp\/v2\/media\/6737"}],"wp:attachment":[{"href":"https:\/\/fmp-components.com\/pt\/wp-json\/wp\/v2\/media?parent=6562"}],"wp:term":[{"taxonomy":"product_brand","embeddable":true,"href":"https:\/\/fmp-components.com\/pt\/wp-json\/wp\/v2\/product_brand?post=6562"},{"taxonomy":"product_cat","embeddable":true,"href":"https:\/\/fmp-components.com\/pt\/wp-json\/wp\/v2\/product_cat?post=6562"},{"taxonomy":"product_tag","embeddable":true,"href":"https:\/\/fmp-components.com\/pt\/wp-json\/wp\/v2\/product_tag?post=6562"}],"curies":[{"name":"wp","href":"https:\/\/api.w.org\/{rel}","templated":true}]}}