{"id":6560,"date":"2025-03-11T06:29:39","date_gmt":"2025-03-11T06:29:39","guid":{"rendered":"https:\/\/fmp-components.com\/product\/high-quality-small-dump-truck-hoist-hydraulic-cylinder"},"modified":"2025-03-12T06:11:55","modified_gmt":"2025-03-12T06:11:55","slug":"high-quality-small-dump-truck-hoist-hydraulic-cylinder","status":"publish","type":"product","link":"https:\/\/fmp-components.com\/pt\/product\/high-quality-small-dump-truck-hoist-hydraulic-cylinder\/","title":{"rendered":"Cilindro hidr\u00e1ulico de eleva\u00e7\u00e3o de caminh\u00e3o basculante pequeno de alta qualidade"},"content":{"rendered":"<h2>Cilindro hidr\u00e1ulico de eleva\u00e7\u00e3o de caminh\u00e3o basculante pequeno de alta qualidade<\/h2>\n<p>Experimente a pot\u00eancia superior do nosso cilindro hidr\u00e1ulico para guincho de caminh\u00e3o basculante de pequeno porte. Este produto padr\u00e3o de alta qualidade \u00e9 perfeito para diversos setores, incluindo oficinas de reparo de m\u00e1quinas, fazendas, energia e minera\u00e7\u00e3o, fabrica\u00e7\u00e3o de m\u00e1quinas e f\u00e1bricas de maquin\u00e1rio. Nosso cilindro hidr\u00e1ulico \u00e9 novo, feito de a\u00e7o dur\u00e1vel e acompanha garantia de um ano para sua tranquilidade.<\/p>\n<h3>Caracter\u00edsticas e fun\u00e7\u00f5es<\/h3>\n<p>Nosso cilindro hidr\u00e1ulico oferece um empuxo m\u00e1ximo de 3000 e uma for\u00e7a de tra\u00e7\u00e3o m\u00e1xima de 20 toneladas. O cilindro hidr\u00e1ulico de m\u00faltiplos est\u00e1gios garante efici\u00eancia e seguran\u00e7a em suas opera\u00e7\u00f5es. As conex\u00f5es do cilindro s\u00e3o dos tipos G\/SAE\/NPT\/M, tornando-o vers\u00e1til para diferentes aplica\u00e7\u00f5es. Possui certifica\u00e7\u00e3o ISO 9001:2000, garantindo sua excelente qualidade e conformidade com as normas internacionais.<\/p>\n<h3>Especifica\u00e7\u00f5es t\u00e9cnicas<\/h3>\n<table style=\"width: 94.6494%;\" border=\"\">\n<tbody>\n<tr>\n<td style=\"width: 42.9379%;\"><i>Tamanho do furo<\/i><\/td>\n<td style=\"width: 446.328%;\">2-6 polegadas<\/td>\n<\/tr>\n<tr>\n<td style=\"width: 42.9379%;\"><i>Tamanho da haste<\/i><\/td>\n<td style=\"width: 446.328%;\">1,125-4 polegadas<\/td>\n<\/tr>\n<tr>\n<td style=\"width: 42.9379%;\"><i>Tamanho do tra\u00e7o<\/i><\/td>\n<td style=\"width: 446.328%;\">4-100 polegadas<\/td>\n<\/tr>\n<tr>\n<td style=\"width: 42.9379%;\"><i>Tamanho do pino<\/i><\/td>\n<td style=\"width: 446.328%;\">0,5-2 polegadas<\/td>\n<\/tr>\n<tr>\n<td style=\"width: 42.9379%;\"><i>Portos<\/i><\/td>\n<td style=\"width: 446.328%;\">G\/SAE\/NPT\/M<\/td>\n<\/tr>\n<\/tbody>\n<\/table>\n<h2>Vantagens Distintivas<\/h2>\n<ul>\n<li>Economia de energia<\/li>\n<li>Alta efici\u00eancia<\/li>\n<li>Seguro e confi\u00e1vel<\/li>\n<\/ul>\n<h2>Sistema hidr\u00e1ulico e princ\u00edpio de funcionamento<\/h2>\n<p>Nosso cilindro hidr\u00e1ulico opera com base em um princ\u00edpio simples, por\u00e9m altamente eficaz. Ele utiliza fluido hidr\u00e1ulico sob press\u00e3o para gerar movimento linear, tornando-se um componente crucial em diversas aplica\u00e7\u00f5es industriais. O processo come\u00e7a quando o fluido hidr\u00e1ulico \u00e9 bombeado para dentro do cilindro, criando press\u00e3o que atua sobre o pist\u00e3o interno. \u00c0 medida que o pist\u00e3o se move em resposta a essa press\u00e3o, ele converte a energia hidr\u00e1ulica em movimento mec\u00e2nico, permitindo a execu\u00e7\u00e3o de uma variedade de tarefas com facilidade.<\/p>\n<p>Esse mecanismo n\u00e3o s\u00f3 garante a transmiss\u00e3o eficiente de pot\u00eancia, como tamb\u00e9m proporciona um desempenho confi\u00e1vel e potente, essencial para ambientes industriais exigentes. A capacidade de controlar a velocidade e a for\u00e7a do movimento com precis\u00e3o aumenta ainda mais a utilidade dos cilindros hidr\u00e1ulicos, tornando-os indispens\u00e1veis \u200b\u200bem aplica\u00e7\u00f5es que requerem movimentos exatos. Seja para levantar cargas pesadas ou para viabilizar opera\u00e7\u00f5es complexas em m\u00e1quinas, os cilindros hidr\u00e1ulicos desempenham um papel fundamental na otimiza\u00e7\u00e3o do desempenho e da produtividade em diversos setores.<\/p>\n<p><img loading=\"lazy\" decoding=\"async\" class=\"alignnone  wp-image-6661\" src=\"https:\/\/fmp-components.com\/wp-content\/uploads\/2025\/03\/telescopic-hydraulic-cylinder-10.webp\" alt=\"cilindro hidr\u00e1ulico telesc\u00f3pico\" width=\"948\" height=\"948\" title=\"\" srcset=\"https:\/\/fmp-components.com\/wp-content\/uploads\/2025\/03\/telescopic-hydraulic-cylinder-10.webp 948w, https:\/\/fmp-components.com\/wp-content\/uploads\/2025\/03\/telescopic-hydraulic-cylinder-10-480x480.webp 480w\" sizes=\"(min-width: 0px) and (max-width: 480px) 480px, (min-width: 481px) 948px, 100vw\" \/><\/p>\n<h2>Cen\u00e1rios de Aplica\u00e7\u00e3o<\/h2>\n<p>Este cilindro hidr\u00e1ulico \u00e9 excepcionalmente vers\u00e1til e ideal para uso em uma ampla gama de cen\u00e1rios. Em oficinas de reparo de m\u00e1quinas, ele facilita o levantamento e o posicionamento de equipamentos pesados, otimizando as tarefas de manuten\u00e7\u00e3o e aumentando a efici\u00eancia operacional geral. Sua constru\u00e7\u00e3o robusta garante que ele suporte os rigores do uso frequente, tornando-o uma escolha confi\u00e1vel para profissionais de reparo.<\/p>\n<p>Nas fazendas, os cilindros hidr\u00e1ulicos s\u00e3o essenciais para operar diversas m\u00e1quinas agr\u00edcolas, incluindo tratores, carregadeiras e outros implementos. Eles possibilitam tarefas como levantar, inclinar e despejar materiais, aumentando significativamente a produtividade e a efic\u00e1cia nas opera\u00e7\u00f5es agr\u00edcolas. A capacidade de executar essas fun\u00e7\u00f5es com precis\u00e3o \u00e9 vital para as pr\u00e1ticas agr\u00edcolas modernas.<\/p>\n<p>Nos setores de energia e minera\u00e7\u00e3o, os cilindros hidr\u00e1ulicos s\u00e3o empregados em aplica\u00e7\u00f5es como perfura\u00e7\u00e3o, escava\u00e7\u00e3o e movimenta\u00e7\u00e3o de materiais. Sua capacidade de gerar for\u00e7a substancial os torna adequados para as tarefas exigentes frequentemente encontradas nessas ind\u00fastrias, onde confiabilidade e desempenho s\u00e3o cruciais.<\/p>\n<p>Al\u00e9m disso, na fabrica\u00e7\u00e3o de m\u00e1quinas e f\u00e1bricas, os cilindros hidr\u00e1ulicos s\u00e3o parte integrante das linhas de montagem e dos sistemas automatizados. Eles contribuem para processos de produ\u00e7\u00e3o eficientes, permitindo movimentos e opera\u00e7\u00f5es precisos, o que, em \u00faltima an\u00e1lise, aumenta a produtividade. A capacidade do cilindro hidr\u00e1ulico de fornecer movimentos potentes e precisos o torna uma excelente escolha para qualquer aplica\u00e7\u00e3o de alta exig\u00eancia, garantindo que atenda aos altos padr\u00f5es exigidos no cen\u00e1rio industrial atual.<\/p>\n<p><img loading=\"lazy\" decoding=\"async\" class=\"alignnone size-full wp-image-6660\" src=\"https:\/\/fmp-components.com\/wp-content\/uploads\/2025\/03\/hydraulic-cylinder-workshop-4.webp\" alt=\"cilindro hidr\u00e1ulico telesc\u00f3pico\" width=\"914\" height=\"733\" title=\"\" srcset=\"https:\/\/fmp-components.com\/wp-content\/uploads\/2025\/03\/hydraulic-cylinder-workshop-4.webp 914w, https:\/\/fmp-components.com\/wp-content\/uploads\/2025\/03\/hydraulic-cylinder-workshop-4-480x385.webp 480w\" sizes=\"(min-width: 0px) and (max-width: 480px) 480px, (min-width: 481px) 914px, 100vw\" \/><\/p>\n<h2>Perguntas frequentes<\/h2>\n<ol>\n<li><strong>P: Voc\u00ea \u00e9 uma empresa comercial ou fabricante?<\/strong><br \/>\nR: Somos um fabricante.<\/li>\n<li><strong>P: Qual \u00e9 o seu prazo de entrega?<\/strong><br \/>\nA: Nosso prazo de entrega geral \u00e9 de 25 a 35 dias.<\/li>\n<li><strong>P: Voc\u00eas fornecem amostras?<\/strong><br \/>\nR: Sim, fornecemos amostras, mas elas n\u00e3o s\u00e3o gratuitas.<\/li>\n<\/ol>\n<h3>Sobre a FMP<\/h3>\n<p class=\"break-words\">A FMP \u00e9 uma fabricante italiana l\u00edder, especializada em projeto, desenvolvimento e produ\u00e7\u00e3o de cilindros hidr\u00e1ulicos de alta qualidade. Com uma rica heran\u00e7a alicer\u00e7ada em d\u00e9cadas de experi\u00eancia, combinamos com orgulho o artesanato italiano com tecnologia de ponta para oferecer solu\u00e7\u00f5es hidr\u00e1ulicas excepcionais, personalizadas para atender \u00e0s diversas necessidades de nossa clientela global. Com sede na It\u00e1lia, um polo de excel\u00eancia em engenharia, a FMP se destaca como uma marca confi\u00e1vel na ind\u00fastria hidr\u00e1ulica, comprometida em fornecer produtos confi\u00e1veis, dur\u00e1veis e inovadores que impulsionam empresas em todo o mundo.<\/p>\n<p class=\"break-words\">Nossa empresa integra o melhor das tradi\u00e7\u00f5es de fabrica\u00e7\u00e3o avan\u00e7ada com uma abordagem inovadora. Com anos de experi\u00eancia em sistemas hidr\u00e1ulicos, a FMP evoluiu para uma empresa moderna que se destaca em pesquisa, design e produ\u00e7\u00e3o. Somos especializados em uma ampla gama de cilindros hidr\u00e1ulicos, incluindo cilindros de dupla a\u00e7\u00e3o, cilindros de eleva\u00e7\u00e3o automotiva, cilindros para m\u00e1quinas agr\u00edcolas e solu\u00e7\u00f5es personalizadas para diversas aplica\u00e7\u00f5es industriais. Seja para constru\u00e7\u00e3o, instala\u00e7\u00f5es industriais, agricultura ou m\u00e1quinas pesadas, nossos cilindros hidr\u00e1ulicos s\u00e3o projetados para operar nas condi\u00e7\u00f5es mais dif\u00edceis, garantindo seguran\u00e7a, efici\u00eancia e durabilidade.<\/p>\n<p><img loading=\"lazy\" decoding=\"async\" class=\"alignnone size-full wp-image-6720\" src=\"https:\/\/fmp-components.com\/wp-content\/uploads\/2025\/03\/hydraulic-cylinder-8.webp\" alt=\"Cilindros Hidr\u00e1ulicos Telesc\u00f3picos\" width=\"933\" height=\"526\" title=\"\" srcset=\"https:\/\/fmp-components.com\/wp-content\/uploads\/2025\/03\/hydraulic-cylinder-8.webp 933w, https:\/\/fmp-components.com\/wp-content\/uploads\/2025\/03\/hydraulic-cylinder-8-480x271.webp 480w\" sizes=\"(min-width: 0px) and (max-width: 480px) 480px, (min-width: 481px) 933px, 100vw\" \/><\/p>\n<p class=\"break-words\">Na FMP, orgulhamo-nos de nossas instala\u00e7\u00f5es de produ\u00e7\u00e3o de \u00faltima gera\u00e7\u00e3o, equipadas com m\u00e1quinas de precis\u00e3o e sistemas de teste avan\u00e7ados. Nossos processos de fabrica\u00e7\u00e3o seguem rigorosos padr\u00f5es nacionais e internacionais, garantindo que cada cilindro hidr\u00e1ulico que sai de nossa f\u00e1brica seja de qualidade e confiabilidade superiores. Nossa equipe t\u00e9cnica qualificada, aliada a equipamentos de \u00faltima gera\u00e7\u00e3o, nos permite manter um rigoroso controle de qualidade em todas as etapas da produ\u00e7\u00e3o \u2014 desde a sele\u00e7\u00e3o da mat\u00e9ria-prima at\u00e9 a inspe\u00e7\u00e3o final. Essa dedica\u00e7\u00e3o \u00e0 excel\u00eancia nos rendeu certifica\u00e7\u00f5es e reconhecimento de autoridades do setor, consolidando ainda mais nossa reputa\u00e7\u00e3o como um parceiro confi\u00e1vel.<\/p>\n<p class=\"break-words\">Nossa miss\u00e3o \u00e9 simples, por\u00e9m ambiciosa: fornecer aos nossos clientes cilindros hidr\u00e1ulicos que superem as expectativas em desempenho, durabilidade e valor. Atuamos sob os princ\u00edpios norteadores de profissionalismo, integridade e foco no cliente. Ao fomentar uma cultura de inova\u00e7\u00e3o e precis\u00e3o, refinamos continuamente nossos produtos para nos mantermos \u00e0 frente em um mercado competitivo. Nossa abrangente linha de produtos e a capacidade de oferecer solu\u00e7\u00f5es personalizadas nos tornam a escolha ideal para empresas que buscam cilindros hidr\u00e1ulicos de alto desempenho.<\/p>\n<p class=\"break-words\">A FMP \u00e9 mais do que apenas uma fabricante \u2014 somos uma parceira para o seu sucesso. Entendemos que nossos clientes confiam em n\u00f3s para fornecer ferramentas que aumentam sua produtividade e seguran\u00e7a. \u00c9 por isso que nos comprometemos a oferecer n\u00e3o apenas produtos de primeira linha, mas tamb\u00e9m um servi\u00e7o excepcional. Da consultoria inicial ao suporte p\u00f3s-venda, trabalhamos em estreita colabora\u00e7\u00e3o com nossos clientes para garantir que suas necessidades sejam atendidas com profissionalismo e cuidado. Nossos pre\u00e7os competitivos, aliados ao nosso compromisso inabal\u00e1vel com a qualidade, fazem da FMP a escolha inteligente para empresas que buscam investir em solu\u00e7\u00f5es hidr\u00e1ulicas confi\u00e1veis.<\/p>","protected":false},"excerpt":{"rendered":"<p>High Quality Small Dump Truck Hoist Hydraulic Cylinder Experience the premium power of our small dump truck hoist hydraulic cylinder. This high-quality, standard product is perfect for various industries including machinery repair shops, farms, energy and mining, machinery manufacturing, and machinery factories. Our hydraulic cylinder is new, made of durable steel, and comes with a [&hellip;]<\/p>","protected":false},"featured_media":6735,"comment_status":"closed","ping_status":"closed","template":"","meta":{"_et_pb_use_builder":"","_et_pb_old_content":"","_et_gb_content_width":""},"product_brand":[],"product_cat":[103],"product_tag":[34,105],"class_list":{"0":"post-6560","1":"product","2":"type-product","3":"status-publish","4":"has-post-thumbnail","6":"product_cat-telescopic-hydraulic-cylinders","7":"product_tag-hydraulic-cylinder","8":"product_tag-telescopic-hydraulic-cylinders","10":"first","11":"instock","12":"product-type-simple"},"_links":{"self":[{"href":"https:\/\/fmp-components.com\/pt\/wp-json\/wp\/v2\/product\/6560","targetHints":{"allow":["GET"]}}],"collection":[{"href":"https:\/\/fmp-components.com\/pt\/wp-json\/wp\/v2\/product"}],"about":[{"href":"https:\/\/fmp-components.com\/pt\/wp-json\/wp\/v2\/types\/product"}],"replies":[{"embeddable":true,"href":"https:\/\/fmp-components.com\/pt\/wp-json\/wp\/v2\/comments?post=6560"}],"wp:featuredmedia":[{"embeddable":true,"href":"https:\/\/fmp-components.com\/pt\/wp-json\/wp\/v2\/media\/6735"}],"wp:attachment":[{"href":"https:\/\/fmp-components.com\/pt\/wp-json\/wp\/v2\/media?parent=6560"}],"wp:term":[{"taxonomy":"product_brand","embeddable":true,"href":"https:\/\/fmp-components.com\/pt\/wp-json\/wp\/v2\/product_brand?post=6560"},{"taxonomy":"product_cat","embeddable":true,"href":"https:\/\/fmp-components.com\/pt\/wp-json\/wp\/v2\/product_cat?post=6560"},{"taxonomy":"product_tag","embeddable":true,"href":"https:\/\/fmp-components.com\/pt\/wp-json\/wp\/v2\/product_tag?post=6560"}],"curies":[{"name":"wp","href":"https:\/\/api.w.org\/{rel}","templated":true}]}}