{"id":6556,"date":"2025-03-11T06:29:39","date_gmt":"2025-03-11T06:29:39","guid":{"rendered":"https:\/\/fmp-components.com\/product\/factory-direct-sale-telescopic-double-acting-dump-truck-hydraulic-cylinder"},"modified":"2025-03-12T06:02:22","modified_gmt":"2025-03-12T06:02:22","slug":"factory-direct-sale-telescopic-double-acting-dump-truck-hydraulic-cylinder","status":"publish","type":"product","link":"https:\/\/fmp-components.com\/pt\/product\/factory-direct-sale-telescopic-double-acting-dump-truck-hydraulic-cylinder\/","title":{"rendered":"Cilindro hidr\u00e1ulico telesc\u00f3pico de dupla a\u00e7\u00e3o para caminh\u00e3o basculante de venda direta da f\u00e1brica"},"content":{"rendered":"<h2>Cilindro hidr\u00e1ulico telesc\u00f3pico de dupla a\u00e7\u00e3o para caminh\u00e3o basculante de venda direta da f\u00e1brica<\/h2>\n<p>Apresentamos o cilindro hidr\u00e1ulico telesc\u00f3pico de dupla a\u00e7\u00e3o para caminh\u00f5es basculantes, um produto de venda direta da f\u00e1brica. Este cilindro hidr\u00e1ulico \u00e9 um componente essencial para diversos setores, como oficinas de reparo de m\u00e1quinas, fazendas, energia e minera\u00e7\u00e3o, fabrica\u00e7\u00e3o de m\u00e1quinas e f\u00e1bricas de maquin\u00e1rio. \u00c9 um cilindro hidr\u00e1ulico multiest\u00e1gios com capacidade m\u00e1xima de tra\u00e7\u00e3o de 20 toneladas e for\u00e7a m\u00e1xima de empuxo de 3000.<\/p>\n<h3>Fun\u00e7\u00f5es e import\u00e2ncia do cilindro hidr\u00e1ulico<\/h3>\n<p>Este cilindro hidr\u00e1ulico desempenha um papel crucial na convers\u00e3o de energia hidr\u00e1ulica em energia mec\u00e2nica, transformando press\u00e3o em for\u00e7a. Sua estrutura padr\u00e3o e o corpo em a\u00e7o de alta qualidade aumentam sua durabilidade, tornando-o uma escolha confi\u00e1vel e eficiente para opera\u00e7\u00f5es com m\u00e1quinas pesadas.<\/p>\n<h3>Detalhes t\u00e9cnicos do produto<\/h3>\n<p>O cilindro hidr\u00e1ulico possui di\u00e2metro interno variando de 2 a 6 polegadas, haste com di\u00e2metro de 1,125 a 4 polegadas, curso de 4 a 100 polegadas e pino com di\u00e2metro de 0,5 a 2 polegadas. O cilindro \u00e9 preto e acompanha garantia de 1 ano. Possui certifica\u00e7\u00e3o ISO9001:2000, garantindo sua alta qualidade e confiabilidade.<\/p>\n<table style=\"width: 97.3625%;\" border=\"\">\n<tbody>\n<tr>\n<td style=\"width: 42.9379%;\"><i>Tamanho do furo<\/i><\/td>\n<td style=\"width: 460.452%;\">2-6 polegadas<\/td>\n<\/tr>\n<tr>\n<td style=\"width: 42.9379%;\"><i>Tamanho da haste<\/i><\/td>\n<td style=\"width: 460.452%;\">1,125-4 polegadas<\/td>\n<\/tr>\n<tr>\n<td style=\"width: 42.9379%;\"><i>Tamanho do tra\u00e7o<\/i><\/td>\n<td style=\"width: 460.452%;\">4-100 polegadas<\/td>\n<\/tr>\n<tr>\n<td style=\"width: 42.9379%;\"><i>Tamanho do pino<\/i><\/td>\n<td style=\"width: 460.452%;\">0,5-2 polegadas<\/td>\n<\/tr>\n<tr>\n<td style=\"width: 42.9379%;\"><i>Portos<\/i><\/td>\n<td style=\"width: 460.452%;\">G\/SAE\/NPT\/M<\/td>\n<\/tr>\n<\/tbody>\n<\/table>\n<h2>Caracter\u00edsticas e vantagens exclusivas do produto<\/h2>\n<ul>\n<li>Efici\u00eancia energ\u00e9tica: Gra\u00e7as \u00e0 sua alimenta\u00e7\u00e3o hidr\u00e1ulica e estrutura padr\u00e3o, economiza energia e, ao mesmo tempo, oferece desempenho ideal.<\/li>\n<li>Altamente eficiente: O cilindro hidr\u00e1ulico de m\u00faltiplos est\u00e1gios garante alta efici\u00eancia nas opera\u00e7\u00f5es.<\/li>\n<li>Seguran\u00e7a: O cilindro foi projetado com foco na seguran\u00e7a, reduzindo o risco de acidentes durante as opera\u00e7\u00f5es.<\/li>\n<\/ul>\n<p><img loading=\"lazy\" decoding=\"async\" class=\"alignnone  wp-image-6665\" src=\"https:\/\/fmp-components.com\/wp-content\/uploads\/2025\/03\/telescopic-hydraulic-cylinder-9.webp\" alt=\"cilindro hidr\u00e1ulico telesc\u00f3pico\" width=\"901\" height=\"901\" title=\"\" srcset=\"https:\/\/fmp-components.com\/wp-content\/uploads\/2025\/03\/telescopic-hydraulic-cylinder-9.webp 901w, https:\/\/fmp-components.com\/wp-content\/uploads\/2025\/03\/telescopic-hydraulic-cylinder-9-480x480.webp 480w\" sizes=\"(min-width: 0px) and (max-width: 480px) 480px, (min-width: 481px) 901px, 100vw\" \/><\/p>\n<h2>Princ\u00edpio de funcionamento e aplica\u00e7\u00f5es<\/h2>\n<p>O cilindro hidr\u00e1ulico funciona com base no princ\u00edpio da energia hidr\u00e1ulica, onde a press\u00e3o do fluido \u00e9 utilizada para gerar for\u00e7a e movimento. Este cilindro hidr\u00e1ulico \u00e9 amplamente utilizado em diversos setores, como oficinas de repara\u00e7\u00e3o de m\u00e1quinas, fazendas, energia e minera\u00e7\u00e3o, e f\u00e1bricas de m\u00e1quinas, devido \u00e0 sua robustez e confiabilidade.<\/p>\n<h2>Cilindros Hidr\u00e1ulicos e Unidades de Pot\u00eancia<\/h2>\n<p>Cilindros hidr\u00e1ulicos e unidades de pot\u00eancia s\u00e3o componentes indispens\u00e1veis \u200b\u200bde sistemas hidr\u00e1ulicos. Suas fun\u00e7\u00f5es sin\u00e9rgicas garantem a ampla aplica\u00e7\u00e3o da tecnologia hidr\u00e1ulica no setor industrial, fornecendo pot\u00eancia confi\u00e1vel e suporte de controle para diversos equipamentos de engenharia e mec\u00e2nica. A FMP tamb\u00e9m fornece unidades de pot\u00eancia para venda.<\/p>\n<h2>Perguntas frequentes<\/h2>\n<dl>\n<dt><b>P: Qual \u00e9 o per\u00edodo de garantia do cilindro hidr\u00e1ulico?<\/b><\/dt>\n<dd>A: A garantia do cilindro hidr\u00e1ulico \u00e9 de um ano.<\/dd>\n<dt><b>P: Qual \u00e9 o empuxo m\u00e1ximo do cilindro hidr\u00e1ulico?<\/b><\/dt>\n<dd>A: O empuxo m\u00e1ximo do cilindro hidr\u00e1ulico \u00e9 de 3000.<\/dd>\n<dt><b>P: O cilindro hidr\u00e1ulico possui certifica\u00e7\u00e3o ISO?<\/b><\/dt>\n<dd>A: Sim, o cilindro hidr\u00e1ulico possui certifica\u00e7\u00e3o ISO9001:2000.<\/dd>\n<\/dl>\n<h3>Sobre a FMP<\/h3>\n<p class=\"break-words\">A FMP \u00e9 uma fabricante italiana l\u00edder, especializada em projeto, desenvolvimento e produ\u00e7\u00e3o de cilindros hidr\u00e1ulicos de alta qualidade. Com uma rica heran\u00e7a alicer\u00e7ada em d\u00e9cadas de experi\u00eancia, combinamos com orgulho o artesanato italiano com tecnologia de ponta para oferecer solu\u00e7\u00f5es hidr\u00e1ulicas excepcionais, personalizadas para atender \u00e0s diversas necessidades de nossa clientela global. Com sede na It\u00e1lia, um polo de excel\u00eancia em engenharia, a FMP se destaca como uma marca confi\u00e1vel na ind\u00fastria hidr\u00e1ulica, comprometida em fornecer produtos confi\u00e1veis, dur\u00e1veis e inovadores que impulsionam empresas em todo o mundo.<\/p>\n<p class=\"break-words\">Nossa empresa integra o melhor das tradi\u00e7\u00f5es de fabrica\u00e7\u00e3o avan\u00e7ada com uma abordagem inovadora. Com anos de experi\u00eancia em sistemas hidr\u00e1ulicos, a FMP evoluiu para uma empresa moderna que se destaca em pesquisa, design e produ\u00e7\u00e3o. Somos especializados em uma ampla gama de cilindros hidr\u00e1ulicos, incluindo cilindros de dupla a\u00e7\u00e3o, cilindros de eleva\u00e7\u00e3o automotiva, cilindros para m\u00e1quinas agr\u00edcolas e solu\u00e7\u00f5es personalizadas para diversas aplica\u00e7\u00f5es industriais. Seja para constru\u00e7\u00e3o, instala\u00e7\u00f5es industriais, agricultura ou m\u00e1quinas pesadas, nossos cilindros hidr\u00e1ulicos s\u00e3o projetados para operar nas condi\u00e7\u00f5es mais dif\u00edceis, garantindo seguran\u00e7a, efici\u00eancia e durabilidade.<\/p>\n<p><img loading=\"lazy\" decoding=\"async\" class=\"alignnone size-full wp-image-6720\" src=\"https:\/\/fmp-components.com\/wp-content\/uploads\/2025\/03\/hydraulic-cylinder-8.webp\" alt=\"Cilindros Hidr\u00e1ulicos Telesc\u00f3picos\" width=\"933\" height=\"526\" title=\"\" srcset=\"https:\/\/fmp-components.com\/wp-content\/uploads\/2025\/03\/hydraulic-cylinder-8.webp 933w, https:\/\/fmp-components.com\/wp-content\/uploads\/2025\/03\/hydraulic-cylinder-8-480x271.webp 480w\" sizes=\"(min-width: 0px) and (max-width: 480px) 480px, (min-width: 481px) 933px, 100vw\" \/><\/p>\n<p class=\"break-words\">Na FMP, orgulhamo-nos de nossas instala\u00e7\u00f5es de produ\u00e7\u00e3o de \u00faltima gera\u00e7\u00e3o, equipadas com m\u00e1quinas de precis\u00e3o e sistemas de teste avan\u00e7ados. Nossos processos de fabrica\u00e7\u00e3o seguem rigorosos padr\u00f5es nacionais e internacionais, garantindo que cada cilindro hidr\u00e1ulico que sai de nossa f\u00e1brica seja de qualidade e confiabilidade superiores. Nossa equipe t\u00e9cnica qualificada, aliada a equipamentos de \u00faltima gera\u00e7\u00e3o, nos permite manter um rigoroso controle de qualidade em todas as etapas da produ\u00e7\u00e3o \u2014 desde a sele\u00e7\u00e3o da mat\u00e9ria-prima at\u00e9 a inspe\u00e7\u00e3o final. Essa dedica\u00e7\u00e3o \u00e0 excel\u00eancia nos rendeu certifica\u00e7\u00f5es e reconhecimento de autoridades do setor, consolidando ainda mais nossa reputa\u00e7\u00e3o como um parceiro confi\u00e1vel.<\/p>\n<p class=\"break-words\">Nossa miss\u00e3o \u00e9 simples, por\u00e9m ambiciosa: fornecer aos nossos clientes cilindros hidr\u00e1ulicos que superem as expectativas em desempenho, durabilidade e valor. Atuamos sob os princ\u00edpios norteadores de profissionalismo, integridade e foco no cliente. Ao fomentar uma cultura de inova\u00e7\u00e3o e precis\u00e3o, refinamos continuamente nossos produtos para nos mantermos \u00e0 frente em um mercado competitivo. Nossa abrangente linha de produtos e a capacidade de oferecer solu\u00e7\u00f5es personalizadas nos tornam a escolha ideal para empresas que buscam cilindros hidr\u00e1ulicos de alto desempenho.<\/p>\n<p class=\"break-words\">A FMP \u00e9 mais do que apenas uma fabricante \u2014 somos uma parceira para o seu sucesso. Entendemos que nossos clientes confiam em n\u00f3s para fornecer ferramentas que aumentam sua produtividade e seguran\u00e7a. \u00c9 por isso que nos comprometemos a oferecer n\u00e3o apenas produtos de primeira linha, mas tamb\u00e9m um servi\u00e7o excepcional. Da consultoria inicial ao suporte p\u00f3s-venda, trabalhamos em estreita colabora\u00e7\u00e3o com nossos clientes para garantir que suas necessidades sejam atendidas com profissionalismo e cuidado. Nossos pre\u00e7os competitivos, aliados ao nosso compromisso inabal\u00e1vel com a qualidade, fazem da FMP a escolha inteligente para empresas que buscam investir em solu\u00e7\u00f5es hidr\u00e1ulicas confi\u00e1veis.<\/p>","protected":false},"excerpt":{"rendered":"<p>Factory Direct Sale Telescopic Double Acting Dump Truck Hydraulic Cylinder Presenting the Telescopic Double Acting Dump Truck hydraulic cylinder, a factory direct sale product. This hydraulic cylinder is an essential component for various industries such as machinery repair shops, farms, energy &amp; mining, machinery manufacturing, and machinery factories. It is a multi-stage hydraulic cylinder with [&hellip;]<\/p>","protected":false},"featured_media":6731,"comment_status":"closed","ping_status":"closed","template":"","meta":{"_et_pb_use_builder":"","_et_pb_old_content":"","_et_gb_content_width":""},"product_brand":[],"product_cat":[103],"product_tag":[34,105],"class_list":{"0":"post-6556","1":"product","2":"type-product","3":"status-publish","4":"has-post-thumbnail","6":"product_cat-telescopic-hydraulic-cylinders","7":"product_tag-hydraulic-cylinder","8":"product_tag-telescopic-hydraulic-cylinders","10":"first","11":"instock","12":"product-type-simple"},"_links":{"self":[{"href":"https:\/\/fmp-components.com\/pt\/wp-json\/wp\/v2\/product\/6556","targetHints":{"allow":["GET"]}}],"collection":[{"href":"https:\/\/fmp-components.com\/pt\/wp-json\/wp\/v2\/product"}],"about":[{"href":"https:\/\/fmp-components.com\/pt\/wp-json\/wp\/v2\/types\/product"}],"replies":[{"embeddable":true,"href":"https:\/\/fmp-components.com\/pt\/wp-json\/wp\/v2\/comments?post=6556"}],"wp:featuredmedia":[{"embeddable":true,"href":"https:\/\/fmp-components.com\/pt\/wp-json\/wp\/v2\/media\/6731"}],"wp:attachment":[{"href":"https:\/\/fmp-components.com\/pt\/wp-json\/wp\/v2\/media?parent=6556"}],"wp:term":[{"taxonomy":"product_brand","embeddable":true,"href":"https:\/\/fmp-components.com\/pt\/wp-json\/wp\/v2\/product_brand?post=6556"},{"taxonomy":"product_cat","embeddable":true,"href":"https:\/\/fmp-components.com\/pt\/wp-json\/wp\/v2\/product_cat?post=6556"},{"taxonomy":"product_tag","embeddable":true,"href":"https:\/\/fmp-components.com\/pt\/wp-json\/wp\/v2\/product_tag?post=6556"}],"curies":[{"name":"wp","href":"https:\/\/api.w.org\/{rel}","templated":true}]}}