{"id":6550,"date":"2025-03-11T06:29:39","date_gmt":"2025-03-11T06:29:39","guid":{"rendered":"https:\/\/fmp-components.com\/product\/quality-manufacturing-4-stage-dump-trailer-hydraulic-cylinder"},"modified":"2025-03-18T01:58:46","modified_gmt":"2025-03-18T01:58:46","slug":"quality-manufacturing-4-stage-dump-trailer-hydraulic-cylinder","status":"publish","type":"product","link":"https:\/\/fmp-components.com\/pt\/product\/quality-manufacturing-4-stage-dump-trailer-hydraulic-cylinder\/","title":{"rendered":"Cilindro hidr\u00e1ulico de reboque basculante de 4 est\u00e1gios de fabrica\u00e7\u00e3o de qualidade"},"content":{"rendered":"<h2>Cilindro hidr\u00e1ulico de reboque basculante de 4 est\u00e1gios de fabrica\u00e7\u00e3o de qualidade<\/h2>\n<p>O cilindro hidr\u00e1ulico de 4 est\u00e1gios para reboque basculante da Quality Manufacturing \u00e9 um cilindro hidr\u00e1ulico de alto desempenho e multiest\u00e1gios, projetado para aplica\u00e7\u00f5es de servi\u00e7o pesado. \u00c9 ideal para uso em oficinas de reparo de m\u00e1quinas, fazendas, ind\u00fastrias de energia e minera\u00e7\u00e3o, fabrica\u00e7\u00e3o de m\u00e1quinas e f\u00e1bricas.<\/p>\n<h3>Fun\u00e7\u00e3o e Import\u00e2ncia<\/h3>\n<p>Este cilindro hidr\u00e1ulico desempenha um papel crucial na convers\u00e3o da energia do fluido em for\u00e7a e movimento mec\u00e2nico linear. Ele fornece a pot\u00eancia necess\u00e1ria para levantar, empurrar ou puxar cargas pesadas, tornando-se um componente vital em diversas m\u00e1quinas e equipamentos.<\/p>\n<h3>Especifica\u00e7\u00f5es do produto<\/h3>\n<table style=\"width: 97.1561%;\" border=\"\">\n<tbody>\n<tr>\n<th style=\"width: 43.5028%;\">Tamanho do furo<\/th>\n<td style=\"width: 470.056%;\">2-6 polegadas<\/td>\n<\/tr>\n<tr>\n<th style=\"width: 43.5028%;\">Tamanho da haste<\/th>\n<td style=\"width: 470.056%;\">1,125-4 polegadas<\/td>\n<\/tr>\n<tr>\n<th style=\"width: 43.5028%;\">Tamanho do tra\u00e7o<\/th>\n<td style=\"width: 470.056%;\">4-100 polegadas<\/td>\n<\/tr>\n<tr>\n<th style=\"width: 43.5028%;\">Tamanho do pino<\/th>\n<td style=\"width: 470.056%;\">0,5-2 polegadas<\/td>\n<\/tr>\n<tr>\n<th style=\"width: 43.5028%;\">Portos<\/th>\n<td style=\"width: 470.056%;\">G\/SAE\/NPT\/M<\/td>\n<\/tr>\n<\/tbody>\n<\/table>\n<h3>Principais recursos e vantagens<\/h3>\n<ul>\n<li>Efici\u00eancia energ\u00e9tica: Projetado para operar com consumo m\u00ednimo de energia.<\/li>\n<li>Altamente eficiente: Proporciona m\u00e1xima capacidade de empuxo e tra\u00e7\u00e3o para um desempenho superior.<\/li>\n<li>Seguro: Fabricado sob certifica\u00e7\u00e3o ISO9001:2000 para garantir seguran\u00e7a e confiabilidade.<\/li>\n<\/ul>\n<h2>Entendendo o Sistema Hidr\u00e1ulico e seu Princ\u00edpio de Funcionamento<\/h2>\n<p>O cilindro hidr\u00e1ulico funciona com base no princ\u00edpio da lei de Pascal. Ele utiliza fluido hidr\u00e1ulico sob press\u00e3o para criar movimento linear e for\u00e7a. Essa for\u00e7a pode ser usada para acionar dispositivos mec\u00e2nicos e realizar trabalho.<\/p>\n<p><img loading=\"lazy\" decoding=\"async\" class=\"alignnone wp-image-6663\" src=\"https:\/\/fmp-components.com\/wp-content\/uploads\/2025\/03\/telescopic-hydraulic-cylinder-11.webp\" alt=\"cilindro hidr\u00e1ulico telesc\u00f3pico\" width=\"932\" height=\"932\" title=\"\" srcset=\"https:\/\/fmp-components.com\/wp-content\/uploads\/2025\/03\/telescopic-hydraulic-cylinder-11.webp 932w, https:\/\/fmp-components.com\/wp-content\/uploads\/2025\/03\/telescopic-hydraulic-cylinder-11-480x480.webp 480w\" sizes=\"(min-width: 0px) and (max-width: 480px) 480px, (min-width: 481px) 932px, 100vw\" \/><\/p>\n<h2>Cen\u00e1rios de Aplica\u00e7\u00e3o<\/h2>\n<p>Nosso cilindro hidr\u00e1ulico encontra aplica\u00e7\u00f5es em reboques basculantes, m\u00e1quinas de constru\u00e7\u00e3o, m\u00e1quinas agr\u00edcolas e diversos outros equipamentos pesados.<\/p>\n<h2>Cilindros Hidr\u00e1ulicos e Unidades de Pot\u00eancia<\/h2>\n<p>O cilindro hidr\u00e1ulico e a unidade de pot\u00eancia s\u00e3o componentes indispens\u00e1veis \u200b\u200bde um sistema hidr\u00e1ulico. Sua a\u00e7\u00e3o conjunta garante a ampla aplica\u00e7\u00e3o da tecnologia hidr\u00e1ulica no setor industrial, fornecendo energia confi\u00e1vel e suporte de controle para diversos equipamentos de engenharia e mec\u00e2nica. O cilindro hidr\u00e1ulico, como atuador, \u00e9 respons\u00e1vel por converter energia hidr\u00e1ulica em movimento mec\u00e2nico, convertendo press\u00e3o em for\u00e7a. A unidade de pot\u00eancia \u00e9 o n\u00facleo que fornece a energia e os sinais de controle necess\u00e1rios ao sistema hidr\u00e1ulico. A coordena\u00e7\u00e3o entre os dois permite o funcionamento normal do sistema hidr\u00e1ulico.<\/p>\n<h2>Perguntas frequentes<\/h2>\n<h3>P: Voc\u00ea \u00e9 uma empresa comercial ou fabricante?<\/h3>\n<p>R: Somos uma f\u00e1brica.<\/p>\n<h3>P: Quanto tempo demora a entrega?<\/h3>\n<p>R: Geralmente, s\u00e3o 25-35 dias.<\/p>\n<h3>P: Voc\u00eas fornecem amostras? \u00c9 gr\u00e1tis ou extra?<\/h3>\n<p>R: Sim, podemos oferecer a amostra, mas n\u00e3o \u00e9 gr\u00e1tis.<\/p>\n<h3>Sobre a FMP<\/h3>\n<p>A FMP \u00e9 uma fabricante italiana de renome, reconhecida pelo design, desenvolvimento e produ\u00e7\u00e3o de cilindros hidr\u00e1ulicos de alta qualidade. Com d\u00e9cadas de experi\u00eancia, combinamos o artesanato tradicional italiano com tecnologia avan\u00e7ada para fornecer solu\u00e7\u00f5es hidr\u00e1ulicas excepcionais, adaptadas \u00e0s diversas necessidades de nossos clientes globais. Localizada na It\u00e1lia, um centro de excel\u00eancia em engenharia, a FMP se consolidou como uma marca confi\u00e1vel no setor hidr\u00e1ulico, dedicada a fornecer produtos confi\u00e1veis, dur\u00e1veis \u200b\u200be inovadores que impulsionam empresas em todo o mundo.<\/p>\n<p>Combinamos o melhor das tradi\u00e7\u00f5es de fabrica\u00e7\u00e3o avan\u00e7ada com uma abordagem inovadora. Com base em nossa vasta experi\u00eancia em sistemas hidr\u00e1ulicos, a FMP se transformou em uma empresa moderna que se destaca em pesquisa, design e produ\u00e7\u00e3o. Nossa especializa\u00e7\u00e3o inclui uma ampla gama de cilindros hidr\u00e1ulicos, como cilindros de dupla a\u00e7\u00e3o, cilindros de eleva\u00e7\u00e3o automotivos, cilindros para m\u00e1quinas agr\u00edcolas e solu\u00e7\u00f5es personalizadas para diversas aplica\u00e7\u00f5es industriais. Projetados para operar nas condi\u00e7\u00f5es mais desafiadoras, nossos cilindros hidr\u00e1ulicos garantem seguran\u00e7a, efici\u00eancia e longevidade em setores como constru\u00e7\u00e3o, instala\u00e7\u00f5es industriais, agricultura e m\u00e1quinas pesadas.<\/p>\n<p>Na FMP, orgulhamo-nos de nossas instala\u00e7\u00f5es de produ\u00e7\u00e3o de \u00faltima gera\u00e7\u00e3o, equipadas com m\u00e1quinas de precis\u00e3o e sistemas de teste avan\u00e7ados. Nossos processos de fabrica\u00e7\u00e3o seguem rigorosos padr\u00f5es nacionais e internacionais, garantindo que cada cilindro hidr\u00e1ulico que sai de nossa f\u00e1brica atenda aos mais altos padr\u00f5es de qualidade e confiabilidade. Nossa equipe t\u00e9cnica qualificada, aliada a equipamentos de \u00faltima gera\u00e7\u00e3o, nos permite manter um rigoroso controle de qualidade em todas as etapas da produ\u00e7\u00e3o \u2014 desde a sele\u00e7\u00e3o da mat\u00e9ria-prima at\u00e9 a inspe\u00e7\u00e3o final. Esse compromisso com a excel\u00eancia nos rendeu certifica\u00e7\u00f5es e reconhecimentos de autoridades do setor, refor\u00e7ando nossa reputa\u00e7\u00e3o como um parceiro confi\u00e1vel.<\/p>\n<p><img loading=\"lazy\" decoding=\"async\" class=\"alignnone size-full wp-image-6720\" src=\"https:\/\/fmp-components.com\/wp-content\/uploads\/2025\/03\/hydraulic-cylinder-8.webp\" alt=\"Cilindros Hidr\u00e1ulicos Telesc\u00f3picos\" width=\"933\" height=\"526\" title=\"\" srcset=\"https:\/\/fmp-components.com\/wp-content\/uploads\/2025\/03\/hydraulic-cylinder-8.webp 933w, https:\/\/fmp-components.com\/wp-content\/uploads\/2025\/03\/hydraulic-cylinder-8-480x271.webp 480w\" sizes=\"(min-width: 0px) and (max-width: 480px) 480px, (min-width: 481px) 933px, 100vw\" \/><\/p>\n<p>Nossa miss\u00e3o \u00e9 simples e ambiciosa: fornecer cilindros hidr\u00e1ulicos que superem as expectativas em desempenho, durabilidade e valor. Guiados por princ\u00edpios de profissionalismo, integridade e foco no cliente, promovemos uma cultura de inova\u00e7\u00e3o e precis\u00e3o, aprimorando continuamente nossos produtos para nos mantermos \u00e0 frente em um mercado competitivo. Com uma linha abrangente de produtos e a capacidade de oferecer solu\u00e7\u00f5es personalizadas, somos a escolha preferida de empresas que buscam cilindros hidr\u00e1ulicos de alto desempenho.<\/p>\n<p>A FMP \u00e9 mais do que apenas um fabricante; somos um parceiro para o seu sucesso. Reconhecemos que nossos clientes dependem de n\u00f3s para fornecer ferramentas que aumentam sua produtividade e seguran\u00e7a. Por isso, temos o compromisso de fornecer n\u00e3o apenas produtos de primeira linha, mas tamb\u00e9m um servi\u00e7o excepcional. Da consultoria inicial ao suporte p\u00f3s-venda, colaboramos estreitamente com nossos clientes para garantir que suas necessidades sejam atendidas com profissionalismo e cuidado. Nossos pre\u00e7os competitivos, combinados com nosso compromisso inabal\u00e1vel com a qualidade, fazem da FMP a escolha inteligente para empresas que buscam investir em solu\u00e7\u00f5es hidr\u00e1ulicas confi\u00e1veis.<\/p>","protected":false},"excerpt":{"rendered":"<p>Quality Manufacturing 4 Stage Dump Trailer Hydraulic Cylinder The Quality Manufacturing 4 Stage Dump Trailer Hydraulic Cylinder is a high-performance, multi-stage hydraulic cylinder designed for heavy-duty applications. It is ideal for use in machinery repair shops, farms, energy and mining industries, machinery manufacturing, and factories. Function and Importance This hydraulic cylinder plays a crucial role [&hellip;]<\/p>","protected":false},"featured_media":6744,"comment_status":"closed","ping_status":"closed","template":"","meta":{"_et_pb_use_builder":"","_et_pb_old_content":"","_et_gb_content_width":""},"product_brand":[],"product_cat":[103],"product_tag":[34,105],"class_list":{"0":"post-6550","1":"product","2":"type-product","3":"status-publish","4":"has-post-thumbnail","6":"product_cat-telescopic-hydraulic-cylinders","7":"product_tag-hydraulic-cylinder","8":"product_tag-telescopic-hydraulic-cylinders","10":"first","11":"instock","12":"product-type-simple"},"_links":{"self":[{"href":"https:\/\/fmp-components.com\/pt\/wp-json\/wp\/v2\/product\/6550","targetHints":{"allow":["GET"]}}],"collection":[{"href":"https:\/\/fmp-components.com\/pt\/wp-json\/wp\/v2\/product"}],"about":[{"href":"https:\/\/fmp-components.com\/pt\/wp-json\/wp\/v2\/types\/product"}],"replies":[{"embeddable":true,"href":"https:\/\/fmp-components.com\/pt\/wp-json\/wp\/v2\/comments?post=6550"}],"wp:featuredmedia":[{"embeddable":true,"href":"https:\/\/fmp-components.com\/pt\/wp-json\/wp\/v2\/media\/6744"}],"wp:attachment":[{"href":"https:\/\/fmp-components.com\/pt\/wp-json\/wp\/v2\/media?parent=6550"}],"wp:term":[{"taxonomy":"product_brand","embeddable":true,"href":"https:\/\/fmp-components.com\/pt\/wp-json\/wp\/v2\/product_brand?post=6550"},{"taxonomy":"product_cat","embeddable":true,"href":"https:\/\/fmp-components.com\/pt\/wp-json\/wp\/v2\/product_cat?post=6550"},{"taxonomy":"product_tag","embeddable":true,"href":"https:\/\/fmp-components.com\/pt\/wp-json\/wp\/v2\/product_tag?post=6550"}],"curies":[{"name":"wp","href":"https:\/\/api.w.org\/{rel}","templated":true}]}}