{"id":6547,"date":"2025-03-11T06:29:39","date_gmt":"2025-03-11T06:29:39","guid":{"rendered":"https:\/\/fmp-components.com\/product\/factory-direct-sale-hydraulic-telescope-cylinder-dump-truck-multistage-hydraulic-cylinder"},"modified":"2025-03-12T06:19:29","modified_gmt":"2025-03-12T06:19:29","slug":"factory-direct-sale-hydraulic-telescope-cylinder-dump-truck-multistage-hydraulic-cylinder","status":"publish","type":"product","link":"https:\/\/fmp-components.com\/pt\/product\/factory-direct-sale-hydraulic-telescope-cylinder-dump-truck-multistage-hydraulic-cylinder\/","title":{"rendered":"Cilindro hidr\u00e1ulico telesc\u00f3pico para caminh\u00e3o basculante, venda direta da f\u00e1brica, cilindro hidr\u00e1ulico multiest\u00e1gios."},"content":{"rendered":"<h2>Cilindro hidr\u00e1ulico telesc\u00f3pico para caminh\u00e3o basculante, venda direta da f\u00e1brica, cilindro hidr\u00e1ulico multiest\u00e1gios.<\/h2>\n<p>Diretamente da f\u00e1brica, nosso nov\u00edssimo cilindro hidr\u00e1ulico telesc\u00f3pico para caminh\u00e3o basculante, com m\u00faltiplos est\u00e1gios, \u00e9 essencial para diversos setores, incluindo oficinas de reparo de m\u00e1quinas, fazendas, energia e minera\u00e7\u00e3o, fabrica\u00e7\u00e3o de m\u00e1quinas e f\u00e1bricas de m\u00e1quinas.<\/p>\n<h3>Especifica\u00e7\u00f5es do produto<\/h3>\n<p>Este cilindro hidr\u00e1ulico de m\u00faltiplos est\u00e1gios possui estrutura padr\u00e3o, \u00e9 fabricado em a\u00e7o e acionado hidraulicamente. Apresenta um empuxo m\u00e1ximo de 3000 e uma for\u00e7a de tra\u00e7\u00e3o m\u00e1xima de 20 toneladas. Com di\u00e2metro interno variando de 2 a 6 polegadas e di\u00e2metro da haste de 1,125 a 4 polegadas, este cilindro hidr\u00e1ulico foi projetado para aplica\u00e7\u00f5es de servi\u00e7o pesado.<\/p>\n<h3>Par\u00e2metros t\u00e9cnicos<\/h3>\n<table style=\"width: 97.5804%;\" border=\"\">\n<tbody>\n<tr>\n<td style=\"width: 42.9379%;\"><i>Tamanho do furo<\/i><\/td>\n<td style=\"width: 461.582%;\">2-6 polegadas<\/td>\n<\/tr>\n<tr>\n<td style=\"width: 42.9379%;\"><i>Tamanho da haste<\/i><\/td>\n<td style=\"width: 461.582%;\">1,125-4 polegadas<\/td>\n<\/tr>\n<tr>\n<td style=\"width: 42.9379%;\"><i>Tamanho do tra\u00e7o<\/i><\/td>\n<td style=\"width: 461.582%;\">4-100 polegadas<\/td>\n<\/tr>\n<tr>\n<td style=\"width: 42.9379%;\"><i>Tamanho do pino<\/i><\/td>\n<td style=\"width: 461.582%;\">0,5-2 polegadas<\/td>\n<\/tr>\n<tr>\n<td style=\"width: 42.9379%;\"><i>Portos<\/i><\/td>\n<td style=\"width: 461.582%;\">G\/SAE\/NPT\/M<\/td>\n<\/tr>\n<\/tbody>\n<\/table>\n<h2>Caracter\u00edsticas e vantagens exclusivas<\/h2>\n<ul>\n<li>Economia de energia<\/li>\n<li>Desempenho eficiente<\/li>\n<li>Altos padr\u00f5es de seguran\u00e7a<\/li>\n<\/ul>\n<h2>Aplica\u00e7\u00f5es e Utiliza\u00e7\u00e3o<\/h2>\n<p>Nosso cilindro hidr\u00e1ulico telesc\u00f3pico para caminh\u00e3o basculante, com m\u00faltiplos est\u00e1gios, encontra aplica\u00e7\u00e3o em diversos setores, atendendo a diferentes finalidades, como reparo de m\u00e1quinas, agricultura, energia e minera\u00e7\u00e3o, fabrica\u00e7\u00e3o de m\u00e1quinas e f\u00e1bricas de maquin\u00e1rio.<\/p>\n<p><img loading=\"lazy\" decoding=\"async\" class=\"alignnone  wp-image-6664\" src=\"https:\/\/fmp-components.com\/wp-content\/uploads\/2025\/03\/telescopic-hydraulic-cylinder-8.webp\" alt=\"cilindro hidr\u00e1ulico telesc\u00f3pico\" width=\"899\" height=\"899\" title=\"\" srcset=\"https:\/\/fmp-components.com\/wp-content\/uploads\/2025\/03\/telescopic-hydraulic-cylinder-8.webp 899w, https:\/\/fmp-components.com\/wp-content\/uploads\/2025\/03\/telescopic-hydraulic-cylinder-8-480x480.webp 480w\" sizes=\"(min-width: 0px) and (max-width: 480px) 480px, (min-width: 481px) 899px, 100vw\" \/><\/p>\n<h2>Cilindros hidr\u00e1ulicos e unidades de pot\u00eancia<\/h2>\n<p>Os cilindros hidr\u00e1ulicos e as unidades de pot\u00eancia formam parte integrante do sistema hidr\u00e1ulico. Trabalham em conjunto para garantir a ampla aplica\u00e7\u00e3o da tecnologia hidr\u00e1ulica no setor industrial, fornecendo energia confi\u00e1vel e suporte de controle para diversos equipamentos de engenharia e mec\u00e2nicos.<\/p>\n<h2>Perguntas frequentes<\/h2>\n<p><b>P: Quanto tempo demora a entrega?<\/b><br \/>\nR: Geralmente, s\u00e3o 25-35 dias.<\/p>\n<p><b>P: Voc\u00eas fornecem amostras?<\/b><br \/>\nR: Sim, podemos oferecer a amostra, mas n\u00e3o \u00e9 gr\u00e1tis.<\/p>\n<p><b>P: Voc\u00eas podem produzir de acordo com as amostras?<\/b><br \/>\nR: Sim, podemos produzir com base em suas amostras ou desenhos t\u00e9cnicos. Podemos construir os moldes e acess\u00f3rios.<\/p>\n<p>Convidamos voc\u00ea a explorar nosso produto e entrar em contato conosco para adquiri-lo. Descubra a diferen\u00e7a que um cilindro hidr\u00e1ulico de qualidade pode fazer nas opera\u00e7\u00f5es da sua empresa.<\/p>\n<h3>Sobre a FMP<\/h3>\n<p>A FMP \u00e9 uma fabricante italiana de renome, reconhecida pelo design, desenvolvimento e produ\u00e7\u00e3o de cilindros hidr\u00e1ulicos de alta qualidade. Com d\u00e9cadas de experi\u00eancia, combinamos o artesanato tradicional italiano com tecnologia avan\u00e7ada para fornecer solu\u00e7\u00f5es hidr\u00e1ulicas excepcionais, adaptadas \u00e0s diversas necessidades de nossos clientes globais. Localizada na It\u00e1lia, um centro de excel\u00eancia em engenharia, a FMP se consolidou como uma marca confi\u00e1vel no setor hidr\u00e1ulico, dedicada a fornecer produtos confi\u00e1veis, dur\u00e1veis \u200b\u200be inovadores que impulsionam empresas em todo o mundo.<\/p>\n<p>Combinamos o melhor das tradi\u00e7\u00f5es de fabrica\u00e7\u00e3o avan\u00e7ada com uma abordagem inovadora. Com base em nossa vasta experi\u00eancia em sistemas hidr\u00e1ulicos, a FMP se transformou em uma empresa moderna que se destaca em pesquisa, design e produ\u00e7\u00e3o. Nossa especializa\u00e7\u00e3o inclui uma ampla gama de cilindros hidr\u00e1ulicos, como cilindros de dupla a\u00e7\u00e3o, cilindros de eleva\u00e7\u00e3o automotivos, cilindros para m\u00e1quinas agr\u00edcolas e solu\u00e7\u00f5es personalizadas para diversas aplica\u00e7\u00f5es industriais. Projetados para operar nas condi\u00e7\u00f5es mais desafiadoras, nossos cilindros hidr\u00e1ulicos garantem seguran\u00e7a, efici\u00eancia e longevidade em setores como constru\u00e7\u00e3o, instala\u00e7\u00f5es industriais, agricultura e m\u00e1quinas pesadas.<\/p>\n<p>Na FMP, orgulhamo-nos de nossas instala\u00e7\u00f5es de produ\u00e7\u00e3o de \u00faltima gera\u00e7\u00e3o, equipadas com m\u00e1quinas de precis\u00e3o e sistemas de teste avan\u00e7ados. Nossos processos de fabrica\u00e7\u00e3o seguem rigorosos padr\u00f5es nacionais e internacionais, garantindo que cada cilindro hidr\u00e1ulico que sai de nossa f\u00e1brica atenda aos mais altos padr\u00f5es de qualidade e confiabilidade. Nossa equipe t\u00e9cnica qualificada, aliada a equipamentos de \u00faltima gera\u00e7\u00e3o, nos permite manter um rigoroso controle de qualidade em todas as etapas da produ\u00e7\u00e3o \u2014 desde a sele\u00e7\u00e3o da mat\u00e9ria-prima at\u00e9 a inspe\u00e7\u00e3o final. Esse compromisso com a excel\u00eancia nos rendeu certifica\u00e7\u00f5es e reconhecimentos de autoridades do setor, refor\u00e7ando nossa reputa\u00e7\u00e3o como um parceiro confi\u00e1vel.<\/p>\n<p><img loading=\"lazy\" decoding=\"async\" class=\"alignnone size-full wp-image-6720\" src=\"https:\/\/fmp-components.com\/wp-content\/uploads\/2025\/03\/hydraulic-cylinder-8.webp\" alt=\"Cilindros Hidr\u00e1ulicos Telesc\u00f3picos\" width=\"933\" height=\"526\" title=\"\" srcset=\"https:\/\/fmp-components.com\/wp-content\/uploads\/2025\/03\/hydraulic-cylinder-8.webp 933w, https:\/\/fmp-components.com\/wp-content\/uploads\/2025\/03\/hydraulic-cylinder-8-480x271.webp 480w\" sizes=\"(min-width: 0px) and (max-width: 480px) 480px, (min-width: 481px) 933px, 100vw\" \/><\/p>\n<p>Nossa miss\u00e3o \u00e9 simples e ambiciosa: fornecer cilindros hidr\u00e1ulicos que superem as expectativas em desempenho, durabilidade e valor. Guiados por princ\u00edpios de profissionalismo, integridade e foco no cliente, promovemos uma cultura de inova\u00e7\u00e3o e precis\u00e3o, aprimorando continuamente nossos produtos para nos mantermos \u00e0 frente em um mercado competitivo. Com uma linha abrangente de produtos e a capacidade de oferecer solu\u00e7\u00f5es personalizadas, somos a escolha preferida de empresas que buscam cilindros hidr\u00e1ulicos de alto desempenho.<\/p>\n<p>A FMP \u00e9 mais do que apenas um fabricante; somos um parceiro para o seu sucesso. Reconhecemos que nossos clientes dependem de n\u00f3s para fornecer ferramentas que aumentam sua produtividade e seguran\u00e7a. Por isso, temos o compromisso de fornecer n\u00e3o apenas produtos de primeira linha, mas tamb\u00e9m um servi\u00e7o excepcional. Da consultoria inicial ao suporte p\u00f3s-venda, colaboramos estreitamente com nossos clientes para garantir que suas necessidades sejam atendidas com profissionalismo e cuidado. Nossos pre\u00e7os competitivos, combinados com nosso compromisso inabal\u00e1vel com a qualidade, fazem da FMP a escolha inteligente para empresas que buscam investir em solu\u00e7\u00f5es hidr\u00e1ulicas confi\u00e1veis.<\/p>","protected":false},"excerpt":{"rendered":"<p>Factory Direct Sale Hydraulic Telescope Cylinder Dump Truck Multistage Hydraulic Cylinder Direct from the factory, our brand-new hydraulic telescope cylinder dump truck multistage hydraulic cylinder is essential for various industries including machinery repair shops, farms, energy and mining, machinery manufacturing, and machinery factories. Product Specifications This multistage hydraulic cylinder is of standard structure, made of [&hellip;]<\/p>","protected":false},"featured_media":6738,"comment_status":"closed","ping_status":"closed","template":"","meta":{"_et_pb_use_builder":"","_et_pb_old_content":"","_et_gb_content_width":""},"product_brand":[],"product_cat":[103],"product_tag":[34,105],"class_list":{"0":"post-6547","1":"product","2":"type-product","3":"status-publish","4":"has-post-thumbnail","6":"product_cat-telescopic-hydraulic-cylinders","7":"product_tag-hydraulic-cylinder","8":"product_tag-telescopic-hydraulic-cylinders","10":"first","11":"instock","12":"product-type-simple"},"_links":{"self":[{"href":"https:\/\/fmp-components.com\/pt\/wp-json\/wp\/v2\/product\/6547","targetHints":{"allow":["GET"]}}],"collection":[{"href":"https:\/\/fmp-components.com\/pt\/wp-json\/wp\/v2\/product"}],"about":[{"href":"https:\/\/fmp-components.com\/pt\/wp-json\/wp\/v2\/types\/product"}],"replies":[{"embeddable":true,"href":"https:\/\/fmp-components.com\/pt\/wp-json\/wp\/v2\/comments?post=6547"}],"wp:featuredmedia":[{"embeddable":true,"href":"https:\/\/fmp-components.com\/pt\/wp-json\/wp\/v2\/media\/6738"}],"wp:attachment":[{"href":"https:\/\/fmp-components.com\/pt\/wp-json\/wp\/v2\/media?parent=6547"}],"wp:term":[{"taxonomy":"product_brand","embeddable":true,"href":"https:\/\/fmp-components.com\/pt\/wp-json\/wp\/v2\/product_brand?post=6547"},{"taxonomy":"product_cat","embeddable":true,"href":"https:\/\/fmp-components.com\/pt\/wp-json\/wp\/v2\/product_cat?post=6547"},{"taxonomy":"product_tag","embeddable":true,"href":"https:\/\/fmp-components.com\/pt\/wp-json\/wp\/v2\/product_tag?post=6547"}],"curies":[{"name":"wp","href":"https:\/\/api.w.org\/{rel}","templated":true}]}}