{"id":6543,"date":"2025-03-11T06:28:19","date_gmt":"2025-03-11T06:28:19","guid":{"rendered":"https:\/\/fmp-components.com\/product\/effective-3-stage-20-ton-telescopic-hydraulic-cylinder"},"modified":"2025-03-12T06:53:32","modified_gmt":"2025-03-12T06:53:32","slug":"effective-3-stage-20-ton-telescopic-hydraulic-cylinder","status":"publish","type":"product","link":"https:\/\/fmp-components.com\/pt\/product\/effective-3-stage-20-ton-telescopic-hydraulic-cylinder\/","title":{"rendered":"Cilindro hidr\u00e1ulico telesc\u00f3pico eficaz de 3 est\u00e1gios e 20 toneladas"},"content":{"rendered":"<h2>Cilindro hidr\u00e1ulico telesc\u00f3pico eficaz de 3 est\u00e1gios e 20 toneladas<\/h2>\n<p>O Cilindro Hidr\u00e1ulico Telesc\u00f3pico de 3 Est\u00e1gios e 20 Toneladas \u00e9 uma ferramenta de alta qualidade, vers\u00e1til e eficiente, que pode ser utilizada em uma ampla gama de aplica\u00e7\u00f5es. Este cilindro hidr\u00e1ulico \u00e9 perfeito para uso em oficinas de reparo de m\u00e1quinas, fazendas, energia e minera\u00e7\u00e3o, fabrica\u00e7\u00e3o de m\u00e1quinas e f\u00e1bricas de m\u00e1quinas.<\/p>\n<h3>Fun\u00e7\u00f5es e recursos<\/h3>\n<p>O cilindro hidr\u00e1ulico multiest\u00e1gio \u00e9 alimentado por energia hidr\u00e1ulica e \u00e9 feito de a\u00e7o de alta qualidade para maior durabilidade e resist\u00eancia. Possui uma estrutura de \u00eambolo padr\u00e3o e seus principais componentes incluem rolamentos e o pr\u00f3prio cilindro hidr\u00e1ulico. O empuxo m\u00e1ximo deste cilindro \u00e9 de 3000, enquanto sua tra\u00e7\u00e3o m\u00e1xima \u00e9 de impressionantes 20 toneladas. Ele vem com garantia de um ano e \u00e9 certificado pela ISO9001:2000.<\/p>\n<p><img loading=\"lazy\" decoding=\"async\" class=\"alignnone  wp-image-6659\" src=\"https:\/\/fmp-components.com\/wp-content\/uploads\/2025\/03\/telescopic-hydraulic-cylinder-12.webp\" alt=\"cilindro hidr\u00e1ulico telesc\u00f3pico\" width=\"848\" height=\"848\" title=\"\" srcset=\"https:\/\/fmp-components.com\/wp-content\/uploads\/2025\/03\/telescopic-hydraulic-cylinder-12.webp 848w, https:\/\/fmp-components.com\/wp-content\/uploads\/2025\/03\/telescopic-hydraulic-cylinder-12-480x480.webp 480w\" sizes=\"(min-width: 0px) and (max-width: 480px) 480px, (min-width: 481px) 848px, 100vw\" \/><\/p>\n<h3>Par\u00e2metros t\u00e9cnicos<\/h3>\n<p>O Cilindro Hidr\u00e1ulico Telesc\u00f3pico Eficaz de 3 Est\u00e1gios e 20 Toneladas possui di\u00e2metro interno de 2 a 6 polegadas, haste de 1,125 a 4 polegadas, curso de 4 a 100 polegadas e pino de 0,5 a 2 polegadas. Dispon\u00edvel na cor preta, elegante. O cilindro \u00e9 enviado em caixa de ferro, madeira compensada ou caixa de papel\u00e3o, conforme sua prefer\u00eancia.<\/p>\n<h3>Tabela de Par\u00e2metros T\u00e9cnicos<\/h3>\n<table style=\"width: 97.7143%; height: 115px;\" border=\"\">\n<tbody>\n<tr style=\"height: 23px;\">\n<td style=\"height: 23px;\">Tamanho do furo<\/td>\n<td style=\"height: 23px;\">2-6 polegadas<\/td>\n<\/tr>\n<tr style=\"height: 23px;\">\n<td style=\"height: 23px;\">Tamanho da haste<\/td>\n<td style=\"height: 23px;\">1,125-4 polegadas<\/td>\n<\/tr>\n<tr style=\"height: 23px;\">\n<td style=\"height: 23px;\">Tamanho do tra\u00e7o<\/td>\n<td style=\"height: 23px;\">4-100 polegadas<\/td>\n<\/tr>\n<tr style=\"height: 23px;\">\n<td style=\"height: 23px;\">Tamanho do pino<\/td>\n<td style=\"height: 23px;\">0,5-2 polegadas<\/td>\n<\/tr>\n<tr style=\"height: 23px;\">\n<td style=\"height: 23px;\">Portos<\/td>\n<td style=\"height: 23px;\">G\/SAE\/NPT\/M<\/td>\n<\/tr>\n<\/tbody>\n<\/table>\n<h2>Caracter\u00edsticas e vantagens exclusivas<\/h2>\n<ul>\n<li>Eficiente em termos de energia<\/li>\n<li>Altamente eficaz<\/li>\n<li>Seguran\u00e7a garantida<\/li>\n<\/ul>\n<h2>Sistema hidr\u00e1ulico e princ\u00edpio de funcionamento<\/h2>\n<p>O sistema hidr\u00e1ulico do Cilindro Hidr\u00e1ulico Telesc\u00f3pico Eficaz de 3 Est\u00e1gios e 20 Toneladas funciona convertendo energia hidr\u00e1ulica em movimento mec\u00e2nico e traduzindo press\u00e3o em for\u00e7a. O cilindro e a unidade de pot\u00eancia trabalham em conjunto para garantir o bom funcionamento do sistema hidr\u00e1ulico.<\/p>\n<h2>Cen\u00e1rios de Aplica\u00e7\u00e3o<\/h2>\n<p>Este cilindro hidr\u00e1ulico \u00e9 amplamente utilizado em oficinas de reparo de m\u00e1quinas, fazendas, energia e minera\u00e7\u00e3o, fabrica\u00e7\u00e3o de m\u00e1quinas e f\u00e1bricas de m\u00e1quinas.<\/p>\n<h2>Cilindros Hidr\u00e1ulicos e Unidades de Pot\u00eancia<\/h2>\n<p>O cilindro hidr\u00e1ulico e a unidade de pot\u00eancia s\u00e3o partes indispens\u00e1veis \u200b\u200bdo sistema hidr\u00e1ulico. Sua sinergia garante a ampla aplica\u00e7\u00e3o da tecnologia hidr\u00e1ulica no setor industrial, fornecendo energia e controle confi\u00e1veis \u200b\u200bpara diversos equipamentos mec\u00e2nicos e de engenharia. O cilindro hidr\u00e1ulico, como atuador, \u00e9 respons\u00e1vel por converter energia hidr\u00e1ulica em movimento mec\u00e2nico e converter press\u00e3o em for\u00e7a. A unidade de pot\u00eancia \u00e9 o n\u00facleo que fornece a energia e o sinal de controle necess\u00e1rios ao sistema hidr\u00e1ulico. A coordena\u00e7\u00e3o entre os dois garante o funcionamento normal do sistema hidr\u00e1ulico. Tamb\u00e9m fornecemos unidades de pot\u00eancia para venda.<\/p>\n<p><img loading=\"lazy\" decoding=\"async\" class=\"alignnone size-full wp-image-6660\" src=\"https:\/\/fmp-components.com\/wp-content\/uploads\/2025\/03\/hydraulic-cylinder-workshop-4.webp\" alt=\"cilindro hidr\u00e1ulico telesc\u00f3pico\" width=\"914\" height=\"733\" title=\"\" srcset=\"https:\/\/fmp-components.com\/wp-content\/uploads\/2025\/03\/hydraulic-cylinder-workshop-4.webp 914w, https:\/\/fmp-components.com\/wp-content\/uploads\/2025\/03\/hydraulic-cylinder-workshop-4-480x385.webp 480w\" sizes=\"(min-width: 0px) and (max-width: 480px) 480px, (min-width: 481px) 914px, 100vw\" \/><\/p>\n<h2>Perguntas frequentes<\/h2>\n<ol>\n<li><strong>Voc\u00ea \u00e9 uma empresa comercial ou fabricante?<\/strong><br \/>\nSomos uma f\u00e1brica.<\/li>\n<li><strong>Quanto tempo demora a entrega?<\/strong><br \/>\nGeralmente, s\u00e3o 25-35 dias.<\/li>\n<li><strong>Voc\u00eas fornecem amostras? \u00c9 gr\u00e1tis ou extra?<\/strong><br \/>\nSim, podemos oferecer a amostra, mas n\u00e3o \u00e9 gr\u00e1tis.<\/li>\n<\/ol>\n<h3>Sobre a FMP<\/h3>\n<p>A FMP \u00e9 uma fabricante italiana de renome, especializada em projeto, desenvolvimento e produ\u00e7\u00e3o de cilindros hidr\u00e1ulicos de alta qualidade. Com d\u00e9cadas de experi\u00eancia, combinamos o artesanato tradicional italiano com tecnologia de ponta para fornecer solu\u00e7\u00f5es hidr\u00e1ulicas excepcionais que atendem \u00e0s diversas necessidades de nossos clientes globais. Com sede na It\u00e1lia, um centro de excel\u00eancia em engenharia, a FMP se consolidou como uma marca confi\u00e1vel na ind\u00fastria hidr\u00e1ulica, dedicada a fornecer produtos confi\u00e1veis, dur\u00e1veis e inovadores que impulsionam empresas em todo o mundo.<\/p>\n<p>Nossa empresa harmoniza tradi\u00e7\u00f5es avan\u00e7adas de fabrica\u00e7\u00e3o com uma abordagem inovadora. Aproveitando anos de experi\u00eancia em sistemas hidr\u00e1ulicos, a FMP se transformou em uma empresa moderna, com excel\u00eancia em pesquisa, design e produ\u00e7\u00e3o. Oferecemos uma ampla gama de cilindros hidr\u00e1ulicos, incluindo cilindros de dupla a\u00e7\u00e3o, cilindros para eleva\u00e7\u00e3o automotiva, cilindros para m\u00e1quinas agr\u00edcolas e solu\u00e7\u00f5es personalizadas para diversas aplica\u00e7\u00f5es industriais. Seja para constru\u00e7\u00e3o, instala\u00e7\u00f5es industriais, agricultura ou m\u00e1quinas pesadas, nossos cilindros hidr\u00e1ulicos s\u00e3o projetados para operar nas condi\u00e7\u00f5es mais exigentes, garantindo seguran\u00e7a, efici\u00eancia e durabilidade.<\/p>\n<p><img loading=\"lazy\" decoding=\"async\" class=\"alignnone size-full wp-image-6720\" src=\"https:\/\/fmp-components.com\/wp-content\/uploads\/2025\/03\/hydraulic-cylinder-8.webp\" alt=\"Cilindros Hidr\u00e1ulicos Telesc\u00f3picos\" width=\"933\" height=\"526\" title=\"\" srcset=\"https:\/\/fmp-components.com\/wp-content\/uploads\/2025\/03\/hydraulic-cylinder-8.webp 933w, https:\/\/fmp-components.com\/wp-content\/uploads\/2025\/03\/hydraulic-cylinder-8-480x271.webp 480w\" sizes=\"(min-width: 0px) and (max-width: 480px) 480px, (min-width: 481px) 933px, 100vw\" \/><\/p>\n<p>Na FMP, orgulhamo-nos de nossas instala\u00e7\u00f5es de produ\u00e7\u00e3o de \u00faltima gera\u00e7\u00e3o, equipadas com m\u00e1quinas de precis\u00e3o e sistemas de teste avan\u00e7ados. Nossos processos de fabrica\u00e7\u00e3o atendem a rigorosos padr\u00f5es nacionais e internacionais, garantindo que cada cilindro hidr\u00e1ulico produzido atenda aos mais altos padr\u00f5es de qualidade e confiabilidade. Nossa equipe t\u00e9cnica qualificada, aliada a equipamentos de \u00faltima gera\u00e7\u00e3o, nos permite manter um rigoroso controle de qualidade em todas as etapas da produ\u00e7\u00e3o \u2014 desde a sele\u00e7\u00e3o da mat\u00e9ria-prima at\u00e9 a inspe\u00e7\u00e3o final. Esse compromisso com a excel\u00eancia nos rendeu certifica\u00e7\u00f5es e reconhecimento de autoridades do setor, consolidando nossa reputa\u00e7\u00e3o como um parceiro confi\u00e1vel.<\/p>\n<p>Nossa miss\u00e3o \u00e9 simples e ambiciosa: fornecer aos nossos clientes cilindros hidr\u00e1ulicos que superem as expectativas em desempenho, durabilidade e valor. Atuamos sob os princ\u00edpios de profissionalismo, integridade e foco no cliente. Cultivando uma cultura de inova\u00e7\u00e3o e precis\u00e3o, refinamos continuamente nossos produtos para nos mantermos \u00e0 frente em um mercado competitivo. Nossa ampla gama de produtos e a capacidade de oferecer solu\u00e7\u00f5es personalizadas nos tornam a escolha preferida para empresas que buscam cilindros hidr\u00e1ulicos de alto desempenho.<\/p>\n<p>A FMP \u00e9 mais do que apenas uma fabricante; somos uma parceira para o seu sucesso. Entendemos que nossos clientes dependem de n\u00f3s para fornecer ferramentas que aprimoram sua produtividade e seguran\u00e7a. \u00c9 por isso que nos dedicamos a fornecer n\u00e3o apenas produtos de primeira linha, mas tamb\u00e9m um servi\u00e7o excepcional. Da consultoria inicial ao suporte p\u00f3s-venda, colaboramos estreitamente com nossos clientes para garantir que suas necessidades sejam atendidas com profissionalismo e cuidado. Nossos pre\u00e7os competitivos, aliados a um compromisso inabal\u00e1vel com a qualidade, fazem da FMP a escolha inteligente para empresas que buscam investir em solu\u00e7\u00f5es hidr\u00e1ulicas confi\u00e1veis.<\/p>","protected":false},"excerpt":{"rendered":"<p>Effective 3 Stage 20 Ton Telescopic Hydraulic Cylinder The Effective 3 Stage 20 Ton Telescopic Hydraulic Cylinder is a high-quality, versatile, and efficient tool that can be used in a wide range of applications. This hydraulic cylinder is perfect for use in machinery repair shops, farms, energy &amp; mining, machinery manufacturing, and machinery factories. Functions [&hellip;]<\/p>","protected":false},"featured_media":6703,"comment_status":"closed","ping_status":"closed","template":"","meta":{"_et_pb_use_builder":"","_et_pb_old_content":"","_et_gb_content_width":""},"product_brand":[],"product_cat":[103],"product_tag":[34,105],"class_list":{"0":"post-6543","1":"product","2":"type-product","3":"status-publish","4":"has-post-thumbnail","6":"product_cat-telescopic-hydraulic-cylinders","7":"product_tag-hydraulic-cylinder","8":"product_tag-telescopic-hydraulic-cylinders","10":"first","11":"instock","12":"product-type-simple"},"_links":{"self":[{"href":"https:\/\/fmp-components.com\/pt\/wp-json\/wp\/v2\/product\/6543","targetHints":{"allow":["GET"]}}],"collection":[{"href":"https:\/\/fmp-components.com\/pt\/wp-json\/wp\/v2\/product"}],"about":[{"href":"https:\/\/fmp-components.com\/pt\/wp-json\/wp\/v2\/types\/product"}],"replies":[{"embeddable":true,"href":"https:\/\/fmp-components.com\/pt\/wp-json\/wp\/v2\/comments?post=6543"}],"wp:featuredmedia":[{"embeddable":true,"href":"https:\/\/fmp-components.com\/pt\/wp-json\/wp\/v2\/media\/6703"}],"wp:attachment":[{"href":"https:\/\/fmp-components.com\/pt\/wp-json\/wp\/v2\/media?parent=6543"}],"wp:term":[{"taxonomy":"product_brand","embeddable":true,"href":"https:\/\/fmp-components.com\/pt\/wp-json\/wp\/v2\/product_brand?post=6543"},{"taxonomy":"product_cat","embeddable":true,"href":"https:\/\/fmp-components.com\/pt\/wp-json\/wp\/v2\/product_cat?post=6543"},{"taxonomy":"product_tag","embeddable":true,"href":"https:\/\/fmp-components.com\/pt\/wp-json\/wp\/v2\/product_tag?post=6543"}],"curies":[{"name":"wp","href":"https:\/\/api.w.org\/{rel}","templated":true}]}}