{"id":6539,"date":"2025-03-11T06:28:19","date_gmt":"2025-03-11T06:28:19","guid":{"rendered":"https:\/\/fmp-components.com\/product\/professional-craftsmanship-telescopic-double-acting-hydraulic-cylinder-for-dump-truck"},"modified":"2025-03-18T01:59:35","modified_gmt":"2025-03-18T01:59:35","slug":"professional-craftsmanship-telescopic-double-acting-hydraulic-cylinder-for-dump-truck","status":"publish","type":"product","link":"https:\/\/fmp-components.com\/pt\/product\/professional-craftsmanship-telescopic-double-acting-hydraulic-cylinder-for-dump-truck\/","title":{"rendered":"Cilindro hidr\u00e1ulico telesc\u00f3pico de dupla a\u00e7\u00e3o com acabamento profissional para caminh\u00e3o basculante"},"content":{"rendered":"<h2>Cilindro hidr\u00e1ulico telesc\u00f3pico de dupla a\u00e7\u00e3o com acabamento profissional para caminh\u00e3o basculante<\/h2>\n<p>Nosso cilindro hidr\u00e1ulico telesc\u00f3pico de dupla a\u00e7\u00e3o foi projetado com precis\u00e3o profissional, especificamente para caminh\u00f5es basculantes. Fabricado pela FMP, l\u00edder do setor localizada na It\u00e1lia, este cilindro hidr\u00e1ulico garante desempenho confi\u00e1vel e eficiente. Suas principais caracter\u00edsticas incluem estrutura multiest\u00e1gios, alta capacidade de empuxo e tra\u00e7\u00e3o, e certifica\u00e7\u00e3o ISO 9001:2000.<\/p>\n<p><img loading=\"lazy\" decoding=\"async\" class=\"alignnone wp-image-6665\" src=\"https:\/\/fmp-components.com\/wp-content\/uploads\/2025\/03\/telescopic-hydraulic-cylinder-9.webp\" alt=\"cilindro hidr\u00e1ulico telesc\u00f3pico\" width=\"934\" height=\"934\" title=\"\" srcset=\"https:\/\/fmp-components.com\/wp-content\/uploads\/2025\/03\/telescopic-hydraulic-cylinder-9.webp 934w, https:\/\/fmp-components.com\/wp-content\/uploads\/2025\/03\/telescopic-hydraulic-cylinder-9-480x480.webp 480w\" sizes=\"(min-width: 0px) and (max-width: 480px) 480px, (min-width: 481px) 934px, 100vw\" \/><\/p>\n<h3>Caracter\u00edsticas e import\u00e2ncia do produto<\/h3>\n<p>Com uma estrutura padr\u00e3o de cilindro de pist\u00e3o, nosso cilindro hidr\u00e1ulico opera com um empuxo m\u00e1ximo de 3000 e uma capacidade m\u00e1xima de tra\u00e7\u00e3o de 20 toneladas. O corpo \u00e9 feito de a\u00e7o dur\u00e1vel, garantindo longa vida \u00fatil e resist\u00eancia ao desgaste. Os di\u00e2metros do cilindro e da haste variam de 2 a 6 polegadas e de 1,125 a 4 polegadas, respectivamente, oferecendo versatilidade para diversas aplica\u00e7\u00f5es.<\/p>\n<h3>Especifica\u00e7\u00f5es t\u00e9cnicas<\/h3>\n<table style=\"width: 101.297%; height: 118px;\" border=\"\">\n<tbody>\n<tr>\n<td><i>Tamanho do furo<\/i><\/td>\n<td>2-6 polegadas<\/td>\n<\/tr>\n<tr>\n<td><i>Tamanho da haste<\/i><\/td>\n<td>1,125-4 polegadas<\/td>\n<\/tr>\n<tr>\n<td><i>Tamanho do tra\u00e7o<\/i><\/td>\n<td>4-100 polegadas<\/td>\n<\/tr>\n<tr>\n<td><i>Tamanho do pino<\/i><\/td>\n<td>0,5-2 polegadas<\/td>\n<\/tr>\n<tr>\n<td><i>Portos<\/i><\/td>\n<td>G\/SAE\/NPT\/M<\/td>\n<\/tr>\n<\/tbody>\n<\/table>\n<h2>Recursos e benef\u00edcios exclusivos<\/h2>\n<h3>Efici\u00eancia energ\u00e9tica<\/h3>\n<p>Nossos cilindros hidr\u00e1ulicos s\u00e3o meticulosamente projetados para otimizar a efici\u00eancia energ\u00e9tica, reduzindo significativamente o consumo de energia durante a opera\u00e7\u00e3o. Isso n\u00e3o s\u00f3 ajuda a diminuir os custos operacionais para as empresas, como tamb\u00e9m contribui para a sustentabilidade ambiental, minimizando o desperd\u00edcio e o consumo de energia. Ao empregar t\u00e9cnicas avan\u00e7adas de engenharia, nossos cilindros garantem que cada unidade de energia seja utilizada de forma eficaz, maximizando a produtividade e conservando recursos.<\/p>\n<h3>Altamente eficaz<\/h3>\n<p>Com impressionantes capacidades de empuxo e tra\u00e7\u00e3o, nossos cilindros hidr\u00e1ulicos se destacam em condi\u00e7\u00f5es exigentes. Projetados para oferecer alto desempenho mesmo nos ambientes mais desafiadores, s\u00e3o ideais para aplica\u00e7\u00f5es pesadas. Sua constru\u00e7\u00e3o robusta garante durabilidade e confiabilidade, permitindo que suportem grandes cargas e apresentem desempenho consistente, seja levantando, empurrando ou puxando em diversos ambientes industriais.<\/p>\n<h3>Seguran\u00e7a<\/h3>\n<p>A seguran\u00e7a \u00e9 fundamental em nossa filosofia de projeto. Nossos cilindros hidr\u00e1ulicos s\u00e3o certificados pela norma ISO 9001:2000, que garante a conformidade com rigorosos padr\u00f5es de seguran\u00e7a e qualidade. Essa certifica\u00e7\u00e3o proporciona tranquilidade aos nossos clientes, que sabem que nossos produtos atendem aos mais altos padr\u00f5es da ind\u00fastria em termos de desempenho e confiabilidade. Ao priorizar a seguran\u00e7a, ajudamos a mitigar os riscos associados \u00e0s opera\u00e7\u00f5es hidr\u00e1ulicas, garantindo um ambiente de trabalho seguro.<\/p>\n<h2>Princ\u00edpio de funcionamento e aplica\u00e7\u00f5es<\/h2>\n<p>O cilindro hidr\u00e1ulico funciona convertendo energia hidr\u00e1ulica em energia mec\u00e2nica. Essa transforma\u00e7\u00e3o \u00e9 realizada por meio da pressuriza\u00e7\u00e3o do fluido hidr\u00e1ulico, que move um pist\u00e3o dentro do cilindro, gerando movimento linear. Esse princ\u00edpio torna os cilindros hidr\u00e1ulicos indispens\u00e1veis \u200b\u200bem diversos setores industriais, incluindo:<\/p>\n<ul>\n<li><strong>Oficinas de Reparo de M\u00e1quinas:<\/strong> Ideal para levantar e posicionar m\u00e1quinas pesadas, facilitando trabalhos de manuten\u00e7\u00e3o e reparo eficientes.<\/li>\n<li><strong>Fazendas:<\/strong> Essencial para tarefas como movimentar cargas pesadas e operar equipamentos agr\u00edcolas, aumentando a produtividade e a efici\u00eancia.<\/li>\n<li><strong>Energia e Minera\u00e7\u00e3o:<\/strong> Utilizado em opera\u00e7\u00f5es que exigem levantamento e for\u00e7a consider\u00e1veis, proporcionando pot\u00eancia e confiabilidade em ambientes adversos.<\/li>\n<li><strong>Fabrica\u00e7\u00e3o de m\u00e1quinas:<\/strong> Essencial para a montagem e movimenta\u00e7\u00e3o de componentes de m\u00e1quinas, garantindo precis\u00e3o e efic\u00e1cia nos processos de produ\u00e7\u00e3o.<\/li>\n<li><strong>F\u00e1bricas de M\u00e1quinas:<\/strong> Utilizada em diversas aplica\u00e7\u00f5es, desde i\u00e7amento at\u00e9 prensagem, garantindo o bom funcionamento das linhas de produ\u00e7\u00e3o.<\/li>\n<\/ul>\n<p><img loading=\"lazy\" decoding=\"async\" class=\"alignnone wp-image-6664\" src=\"https:\/\/fmp-components.com\/wp-content\/uploads\/2025\/03\/telescopic-hydraulic-cylinder-8.webp\" alt=\"cilindro hidr\u00e1ulico telesc\u00f3pico\" width=\"907\" height=\"907\" title=\"\" srcset=\"https:\/\/fmp-components.com\/wp-content\/uploads\/2025\/03\/telescopic-hydraulic-cylinder-8.webp 907w, https:\/\/fmp-components.com\/wp-content\/uploads\/2025\/03\/telescopic-hydraulic-cylinder-8-480x480.webp 480w\" sizes=\"(min-width: 0px) and (max-width: 480px) 480px, (min-width: 481px) 907px, 100vw\" \/><\/p>\n<h2>Cilindros Hidr\u00e1ulicos e Unidades de Pot\u00eancia<\/h2>\n<p>Os cilindros hidr\u00e1ulicos e as unidades de pot\u00eancia s\u00e3o componentes essenciais do sistema hidr\u00e1ulico, trabalhando em harmonia para facilitar a aplica\u00e7\u00e3o eficaz da tecnologia hidr\u00e1ulica em diversos setores industriais. O cilindro hidr\u00e1ulico atua como atuador, transformando a energia hidr\u00e1ulica em movimento mec\u00e2nico, enquanto a unidade de pot\u00eancia gera e regula a press\u00e3o hidr\u00e1ulica necess\u00e1ria.<\/p>\n<p>A opera\u00e7\u00e3o sin\u00e9rgica dos nossos cilindros hidr\u00e1ulicos garante a ampla utiliza\u00e7\u00e3o da tecnologia hidr\u00e1ulica em aplica\u00e7\u00f5es industriais, fornecendo energia confi\u00e1vel e controle preciso para uma variedade de equipamentos de engenharia e mec\u00e2nicos. Na FMP, tamb\u00e9m oferecemos uma sele\u00e7\u00e3o de unidades de pot\u00eancia de alta qualidade para venda, projetadas para complementar nossos cilindros hidr\u00e1ulicos e aprimorar o desempenho geral do sistema. Essa abordagem abrangente ajuda nossos clientes a alcan\u00e7arem efici\u00eancia e produtividade ideais em suas opera\u00e7\u00f5es.<\/p>\n<h2>Perguntas frequentes<\/h2>\n<h3>P: Voc\u00ea \u00e9 uma empresa comercial ou fabricante?<\/h3>\n<p>R: Somos um fabricante.<\/p>\n<h3>P: Quanto tempo demora a entrega?<\/h3>\n<p>R: Geralmente, s\u00e3o 25-35 dias.<\/p>\n<h3>P: Voc\u00eas fornecem amostras?<\/h3>\n<p>R: Sim, podemos oferecer a amostra, mas n\u00e3o \u00e9 gr\u00e1tis.<\/p>\n<h3>Sobre a FMP<\/h3>\n<p>A FMP \u00e9 uma fabricante italiana de renome, especializada em projeto, desenvolvimento e produ\u00e7\u00e3o de cilindros hidr\u00e1ulicos de alta qualidade. Com d\u00e9cadas de experi\u00eancia, combinamos o artesanato tradicional italiano com tecnologia de ponta para fornecer solu\u00e7\u00f5es hidr\u00e1ulicas excepcionais que atendem \u00e0s diversas necessidades de nossos clientes globais. Com sede na It\u00e1lia, um centro de excel\u00eancia em engenharia, a FMP se consolidou como uma marca confi\u00e1vel na ind\u00fastria hidr\u00e1ulica, dedicada a fornecer produtos confi\u00e1veis, dur\u00e1veis e inovadores que impulsionam empresas em todo o mundo.<\/p>\n<p>Nossa empresa harmoniza tradi\u00e7\u00f5es avan\u00e7adas de fabrica\u00e7\u00e3o com uma abordagem inovadora. Aproveitando anos de experi\u00eancia em sistemas hidr\u00e1ulicos, a FMP se transformou em uma empresa moderna, com excel\u00eancia em pesquisa, design e produ\u00e7\u00e3o. Oferecemos uma ampla gama de cilindros hidr\u00e1ulicos, incluindo cilindros de dupla a\u00e7\u00e3o, cilindros para eleva\u00e7\u00e3o automotiva, cilindros para m\u00e1quinas agr\u00edcolas e solu\u00e7\u00f5es personalizadas para diversas aplica\u00e7\u00f5es industriais. Seja para constru\u00e7\u00e3o, instala\u00e7\u00f5es industriais, agricultura ou m\u00e1quinas pesadas, nossos cilindros hidr\u00e1ulicos s\u00e3o projetados para operar nas condi\u00e7\u00f5es mais exigentes, garantindo seguran\u00e7a, efici\u00eancia e durabilidade.<\/p>\n<p><img loading=\"lazy\" decoding=\"async\" class=\"alignnone size-full wp-image-6720\" src=\"https:\/\/fmp-components.com\/wp-content\/uploads\/2025\/03\/hydraulic-cylinder-8.webp\" alt=\"Cilindros Hidr\u00e1ulicos Telesc\u00f3picos\" width=\"933\" height=\"526\" title=\"\" srcset=\"https:\/\/fmp-components.com\/wp-content\/uploads\/2025\/03\/hydraulic-cylinder-8.webp 933w, https:\/\/fmp-components.com\/wp-content\/uploads\/2025\/03\/hydraulic-cylinder-8-480x271.webp 480w\" sizes=\"(min-width: 0px) and (max-width: 480px) 480px, (min-width: 481px) 933px, 100vw\" \/><\/p>\n<p>Na FMP, orgulhamo-nos de nossas instala\u00e7\u00f5es de produ\u00e7\u00e3o de \u00faltima gera\u00e7\u00e3o, equipadas com m\u00e1quinas de precis\u00e3o e sistemas de teste avan\u00e7ados. Nossos processos de fabrica\u00e7\u00e3o atendem a rigorosos padr\u00f5es nacionais e internacionais, garantindo que cada cilindro hidr\u00e1ulico produzido atenda aos mais altos padr\u00f5es de qualidade e confiabilidade. Nossa equipe t\u00e9cnica qualificada, aliada a equipamentos de \u00faltima gera\u00e7\u00e3o, nos permite manter um rigoroso controle de qualidade em todas as etapas da produ\u00e7\u00e3o \u2014 desde a sele\u00e7\u00e3o da mat\u00e9ria-prima at\u00e9 a inspe\u00e7\u00e3o final. Esse compromisso com a excel\u00eancia nos rendeu certifica\u00e7\u00f5es e reconhecimento de autoridades do setor, consolidando nossa reputa\u00e7\u00e3o como um parceiro confi\u00e1vel.<\/p>\n<p>Nossa miss\u00e3o \u00e9 simples e ambiciosa: fornecer aos nossos clientes cilindros hidr\u00e1ulicos que superem as expectativas em desempenho, durabilidade e valor. Atuamos sob os princ\u00edpios de profissionalismo, integridade e foco no cliente. Cultivando uma cultura de inova\u00e7\u00e3o e precis\u00e3o, refinamos continuamente nossos produtos para nos mantermos \u00e0 frente em um mercado competitivo. Nossa ampla gama de produtos e a capacidade de oferecer solu\u00e7\u00f5es personalizadas nos tornam a escolha preferida para empresas que buscam cilindros hidr\u00e1ulicos de alto desempenho.<\/p>\n<p>A FMP \u00e9 mais do que apenas uma fabricante; somos uma parceira para o seu sucesso. Entendemos que nossos clientes dependem de n\u00f3s para fornecer ferramentas que aprimoram sua produtividade e seguran\u00e7a. \u00c9 por isso que nos dedicamos a fornecer n\u00e3o apenas produtos de primeira linha, mas tamb\u00e9m um servi\u00e7o excepcional. Da consultoria inicial ao suporte p\u00f3s-venda, colaboramos estreitamente com nossos clientes para garantir que suas necessidades sejam atendidas com profissionalismo e cuidado. Nossos pre\u00e7os competitivos, aliados a um compromisso inabal\u00e1vel com a qualidade, fazem da FMP a escolha inteligente para empresas que buscam investir em solu\u00e7\u00f5es hidr\u00e1ulicas confi\u00e1veis.<\/p>","protected":false},"excerpt":{"rendered":"<p>Professional Craftsmanship Telescopic Double Acting Hydraulic Cylinder For Dump Truck Our Telescopic Double Acting Hydraulic Cylinder is designed with professional craftsmanship, specifically for Dump Trucks. Manufactured by FMP, an industry leader located in Italy City, this hydraulic cylinder is guaranteed to provide reliable and efficient performance. Its key features include its multistage structure, high thrust [&hellip;]<\/p>","protected":false},"featured_media":6751,"comment_status":"closed","ping_status":"closed","template":"","meta":{"_et_pb_use_builder":"","_et_pb_old_content":"","_et_gb_content_width":""},"product_brand":[],"product_cat":[103],"product_tag":[34,105],"class_list":{"0":"post-6539","1":"product","2":"type-product","3":"status-publish","4":"has-post-thumbnail","6":"product_cat-telescopic-hydraulic-cylinders","7":"product_tag-hydraulic-cylinder","8":"product_tag-telescopic-hydraulic-cylinders","10":"first","11":"instock","12":"product-type-simple"},"_links":{"self":[{"href":"https:\/\/fmp-components.com\/pt\/wp-json\/wp\/v2\/product\/6539","targetHints":{"allow":["GET"]}}],"collection":[{"href":"https:\/\/fmp-components.com\/pt\/wp-json\/wp\/v2\/product"}],"about":[{"href":"https:\/\/fmp-components.com\/pt\/wp-json\/wp\/v2\/types\/product"}],"replies":[{"embeddable":true,"href":"https:\/\/fmp-components.com\/pt\/wp-json\/wp\/v2\/comments?post=6539"}],"wp:featuredmedia":[{"embeddable":true,"href":"https:\/\/fmp-components.com\/pt\/wp-json\/wp\/v2\/media\/6751"}],"wp:attachment":[{"href":"https:\/\/fmp-components.com\/pt\/wp-json\/wp\/v2\/media?parent=6539"}],"wp:term":[{"taxonomy":"product_brand","embeddable":true,"href":"https:\/\/fmp-components.com\/pt\/wp-json\/wp\/v2\/product_brand?post=6539"},{"taxonomy":"product_cat","embeddable":true,"href":"https:\/\/fmp-components.com\/pt\/wp-json\/wp\/v2\/product_cat?post=6539"},{"taxonomy":"product_tag","embeddable":true,"href":"https:\/\/fmp-components.com\/pt\/wp-json\/wp\/v2\/product_tag?post=6539"}],"curies":[{"name":"wp","href":"https:\/\/api.w.org\/{rel}","templated":true}]}}