{"id":6538,"date":"2025-03-11T06:28:19","date_gmt":"2025-03-11T06:28:19","guid":{"rendered":"https:\/\/fmp-components.com\/product\/high-quality-telescopic-hydraulic-cylinder-dump-truck-4-stage-hydraulic-cylinder"},"modified":"2025-10-16T06:03:21","modified_gmt":"2025-10-16T06:03:21","slug":"high-quality-telescopic-hydraulic-cylinder-dump-truck-4-stage-hydraulic-cylinder","status":"publish","type":"product","link":"https:\/\/fmp-components.com\/pt\/product\/high-quality-telescopic-hydraulic-cylinder-dump-truck-4-stage-hydraulic-cylinder\/","title":{"rendered":"Cilindro hidr\u00e1ulico telesc\u00f3pico de alta qualidade para caminh\u00e3o basculante, cilindro hidr\u00e1ulico de 4 est\u00e1gios"},"content":{"rendered":"<h2>Cilindro hidr\u00e1ulico telesc\u00f3pico para caminh\u00e3o basculante Cilindro hidr\u00e1ulico de 4 est\u00e1gios<\/h2>\n<p>Apresentamos nosso Cilindro Hidr\u00e1ulico Telesc\u00f3pico de alta qualidade para Caminh\u00f5es Basculantes, um lan\u00e7amento de 2025 que garante alta efici\u00eancia e desempenho confi\u00e1vel. Este robusto cilindro hidr\u00e1ulico multiest\u00e1gios \u00e9 projetado em tamanhos padr\u00e3o e constru\u00eddo para fornecer pot\u00eancia substancial. Composto por material de corpo de a\u00e7o de alta qualidade, este cilindro hidr\u00e1ulico proporciona um empuxo m\u00e1ximo de 3000 e uma tra\u00e7\u00e3o m\u00e1xima de 20 toneladas.<\/p>\n<h3>Especifica\u00e7\u00f5es t\u00e9cnicas<\/h3>\n<table style=\"width: 95.7264%;\" border=\"\">\n<tbody>\n<tr>\n<td style=\"width: 41.5179%;\">Nome do produto<\/td>\n<td style=\"width: 353.571%;\">Cilindro Telesc\u00f3pico<\/td>\n<\/tr>\n<tr>\n<td style=\"width: 41.5179%;\">Certifica\u00e7\u00e3o<\/td>\n<td style=\"width: 353.571%;\">ISO9001:2000<\/td>\n<\/tr>\n<tr>\n<td style=\"width: 41.5179%;\">Tamanho do furo<\/td>\n<td style=\"width: 353.571%;\">2-6 polegadas<\/td>\n<\/tr>\n<tr>\n<td style=\"width: 41.5179%;\">Tamanho da haste<\/td>\n<td style=\"width: 353.571%;\">1,125-4 polegadas<\/td>\n<\/tr>\n<tr>\n<td style=\"width: 41.5179%;\">Tamanho do tra\u00e7o<\/td>\n<td style=\"width: 353.571%;\">4-100 polegadas<\/td>\n<\/tr>\n<tr>\n<td style=\"width: 41.5179%;\">Tamanho do pino<\/td>\n<td style=\"width: 353.571%;\">0,5-2 polegadas<\/td>\n<\/tr>\n<tr>\n<td style=\"width: 41.5179%;\">Portos<\/td>\n<td style=\"width: 353.571%;\">G\/SAE\/NPT\/M<\/td>\n<\/tr>\n<\/tbody>\n<\/table>\n<h3>Recursos e benef\u00edcios exclusivos<\/h3>\n<ul>\n<li>Efici\u00eancia energ\u00e9tica<\/li>\n<li>Alto desempenho<\/li>\n<li>Seguran\u00e7a garantida<\/li>\n<\/ul>\n<h2>Sistemas Hidr\u00e1ulicos e Princ\u00edpio de Funcionamento<\/h2>\n<p>Cilindros hidr\u00e1ulicos e unidades de pot\u00eancia s\u00e3o componentes integrais dos sistemas hidr\u00e1ulicos. Eles trabalham em conjunto para garantir a ampla aplica\u00e7\u00e3o da tecnologia hidr\u00e1ulica em diversos setores, oferecendo energia e controle confi\u00e1veis para todos os tipos de equipamentos mec\u00e2nicos e de engenharia. O cilindro hidr\u00e1ulico, como atuador, \u00e9 respons\u00e1vel por converter energia hidr\u00e1ulica em movimento mec\u00e2nico, transformando press\u00e3o em for\u00e7a. Enquanto isso, a unidade de pot\u00eancia atua como o n\u00facleo que fornece a energia e os sinais de controle necess\u00e1rios ao sistema hidr\u00e1ulico. Sua opera\u00e7\u00e3o coordenada permite que o sistema hidr\u00e1ulico funcione normalmente.<\/p>\n<p><img loading=\"lazy\" decoding=\"async\" class=\"alignnone wp-image-6717\" src=\"https:\/\/fmp-components.com\/wp-content\/uploads\/2025\/03\/hydraulic-cylinder-211.webp\" alt=\"Cilindros Hidr\u00e1ulicos\" width=\"897\" height=\"899\" title=\"\" srcset=\"https:\/\/fmp-components.com\/wp-content\/uploads\/2025\/03\/hydraulic-cylinder-211.webp 897w, https:\/\/fmp-components.com\/wp-content\/uploads\/2025\/03\/hydraulic-cylinder-211-480x481.webp 480w\" sizes=\"(min-width: 0px) and (max-width: 480px) 480px, (min-width: 481px) 897px, 100vw\" \/><\/p>\n<h2>Aplica\u00e7\u00f5es do Nosso Cilindro Hidr\u00e1ulico<\/h2>\n<p>Nosso cilindro hidr\u00e1ulico encontra ampla aplica\u00e7\u00e3o em oficinas de reparo de m\u00e1quinas, fazendas, setores de energia e minera\u00e7\u00e3o, fabrica\u00e7\u00e3o de m\u00e1quinas e f\u00e1bricas de m\u00e1quinas.<\/p>\n<h2>Cilindros Hidr\u00e1ulicos e Unidades de Pot\u00eancia<\/h2>\n<p>Na FMP, entendemos a liga\u00e7\u00e3o inquebr\u00e1vel entre cilindros hidr\u00e1ulicos e unidades de pot\u00eancia. Tamb\u00e9m fornecemos unidades de pot\u00eancia para venda, garantindo que voc\u00ea tenha tudo o que precisa para seus sistemas hidr\u00e1ulicos.<\/p>\n<h2>Perguntas frequentes<\/h2>\n<p><strong>P: Voc\u00ea \u00e9 uma empresa comercial ou fabricante?<\/strong><br \/>\nR: Somos uma f\u00e1brica.<\/p>\n<p><strong>P: Quanto tempo demora a entrega?<\/strong><br \/>\nR: Geralmente s\u00e3o de 25 a 35 dias.<\/p>\n<p><strong>P: Voc\u00eas fornecem amostras? \u00c9 gr\u00e1tis ou extra?<\/strong><br \/>\nR: Sim, podemos oferecer a amostra, mas n\u00e3o \u00e9 gr\u00e1tis.<\/p>\n<h3>Sobre a FMP<\/h3>\n<p>A FMP \u00e9 uma fabricante italiana de renome, especializada em projeto, desenvolvimento e produ\u00e7\u00e3o de cilindros hidr\u00e1ulicos de alta qualidade. Com d\u00e9cadas de experi\u00eancia, combinamos o artesanato tradicional italiano com tecnologia de ponta para fornecer solu\u00e7\u00f5es hidr\u00e1ulicas excepcionais que atendem \u00e0s diversas necessidades de nossos clientes globais. Com sede na It\u00e1lia, um centro de excel\u00eancia em engenharia, a FMP se consolidou como uma marca confi\u00e1vel na ind\u00fastria hidr\u00e1ulica, dedicada a fornecer produtos confi\u00e1veis, dur\u00e1veis e inovadores que impulsionam empresas em todo o mundo.<\/p>\n<p>Nossa empresa harmoniza tradi\u00e7\u00f5es avan\u00e7adas de fabrica\u00e7\u00e3o com uma abordagem inovadora. Aproveitando anos de experi\u00eancia em sistemas hidr\u00e1ulicos, a FMP se transformou em uma empresa moderna, com excel\u00eancia em pesquisa, design e produ\u00e7\u00e3o. Oferecemos uma ampla gama de cilindros hidr\u00e1ulicos, incluindo cilindros de dupla a\u00e7\u00e3o, cilindros para eleva\u00e7\u00e3o automotiva, cilindros para m\u00e1quinas agr\u00edcolas e solu\u00e7\u00f5es personalizadas para diversas aplica\u00e7\u00f5es industriais. Seja para constru\u00e7\u00e3o, instala\u00e7\u00f5es industriais, agricultura ou m\u00e1quinas pesadas, nossos cilindros hidr\u00e1ulicos s\u00e3o projetados para operar nas condi\u00e7\u00f5es mais exigentes, garantindo seguran\u00e7a, efici\u00eancia e durabilidade.<\/p>\n<p><img loading=\"lazy\" decoding=\"async\" class=\"alignnone size-full wp-image-6720\" src=\"https:\/\/fmp-components.com\/wp-content\/uploads\/2025\/03\/hydraulic-cylinder-8.webp\" alt=\"Cilindros Hidr\u00e1ulicos Telesc\u00f3picos\" width=\"933\" height=\"526\" title=\"\" srcset=\"https:\/\/fmp-components.com\/wp-content\/uploads\/2025\/03\/hydraulic-cylinder-8.webp 933w, https:\/\/fmp-components.com\/wp-content\/uploads\/2025\/03\/hydraulic-cylinder-8-480x271.webp 480w\" sizes=\"(min-width: 0px) and (max-width: 480px) 480px, (min-width: 481px) 933px, 100vw\" \/><\/p>\n<p>Na FMP, orgulhamo-nos de nossas instala\u00e7\u00f5es de produ\u00e7\u00e3o de \u00faltima gera\u00e7\u00e3o, equipadas com m\u00e1quinas de precis\u00e3o e sistemas de teste avan\u00e7ados. Nossos processos de fabrica\u00e7\u00e3o atendem a rigorosos padr\u00f5es nacionais e internacionais, garantindo que cada cilindro hidr\u00e1ulico produzido atenda aos mais altos padr\u00f5es de qualidade e confiabilidade. Nossa equipe t\u00e9cnica qualificada, aliada a equipamentos de \u00faltima gera\u00e7\u00e3o, nos permite manter um rigoroso controle de qualidade em todas as etapas da produ\u00e7\u00e3o \u2014 desde a sele\u00e7\u00e3o da mat\u00e9ria-prima at\u00e9 a inspe\u00e7\u00e3o final. Esse compromisso com a excel\u00eancia nos rendeu certifica\u00e7\u00f5es e reconhecimento de autoridades do setor, consolidando nossa reputa\u00e7\u00e3o como um parceiro confi\u00e1vel.<\/p>\n<p>Nossa miss\u00e3o \u00e9 simples e ambiciosa: fornecer aos nossos clientes cilindros hidr\u00e1ulicos que superem as expectativas em desempenho, durabilidade e valor. Atuamos sob os princ\u00edpios de profissionalismo, integridade e foco no cliente. Cultivando uma cultura de inova\u00e7\u00e3o e precis\u00e3o, refinamos continuamente nossos produtos para nos mantermos \u00e0 frente em um mercado competitivo. Nossa ampla gama de produtos e a capacidade de oferecer solu\u00e7\u00f5es personalizadas nos tornam a escolha preferida para empresas que buscam cilindros hidr\u00e1ulicos de alto desempenho.<\/p>\n<p>A FMP \u00e9 mais do que apenas uma fabricante; somos uma parceira para o seu sucesso. Entendemos que nossos clientes dependem de n\u00f3s para fornecer ferramentas que aprimoram sua produtividade e seguran\u00e7a. \u00c9 por isso que nos dedicamos a fornecer n\u00e3o apenas produtos de primeira linha, mas tamb\u00e9m um servi\u00e7o excepcional. Da consultoria inicial ao suporte p\u00f3s-venda, colaboramos estreitamente com nossos clientes para garantir que suas necessidades sejam atendidas com profissionalismo e cuidado. Nossos pre\u00e7os competitivos, aliados a um compromisso inabal\u00e1vel com a qualidade, fazem da FMP a escolha inteligente para empresas que buscam investir em solu\u00e7\u00f5es hidr\u00e1ulicas confi\u00e1veis.<\/p>","protected":false},"excerpt":{"rendered":"<p>A FMP produz o cilindro hidr\u00e1ulico telesc\u00f3pico de 4 est\u00e1gios para caminh\u00f5es basculantes, projetado para eleva\u00e7\u00e3o e durabilidade em aplica\u00e7\u00f5es pesadas. Como f\u00e1brica e fabricante na China, oferecemos este produto a um pre\u00e7o competitivo. Ele proporciona desempenho confi\u00e1vel e maior vida \u00fatil para caminh\u00f5es na constru\u00e7\u00e3o e minera\u00e7\u00e3o. O design compacto permite maior carga \u00fatil e menos manuten\u00e7\u00e3o.<\/p>","protected":false},"featured_media":6750,"comment_status":"closed","ping_status":"closed","template":"","meta":{"_et_pb_use_builder":"","_et_pb_old_content":"","_et_gb_content_width":""},"product_brand":[],"product_cat":[103],"product_tag":[34,105],"class_list":{"0":"post-6538","1":"product","2":"type-product","3":"status-publish","4":"has-post-thumbnail","6":"product_cat-telescopic-hydraulic-cylinders","7":"product_tag-hydraulic-cylinder","8":"product_tag-telescopic-hydraulic-cylinders","10":"first","11":"instock","12":"product-type-simple"},"_links":{"self":[{"href":"https:\/\/fmp-components.com\/pt\/wp-json\/wp\/v2\/product\/6538","targetHints":{"allow":["GET"]}}],"collection":[{"href":"https:\/\/fmp-components.com\/pt\/wp-json\/wp\/v2\/product"}],"about":[{"href":"https:\/\/fmp-components.com\/pt\/wp-json\/wp\/v2\/types\/product"}],"replies":[{"embeddable":true,"href":"https:\/\/fmp-components.com\/pt\/wp-json\/wp\/v2\/comments?post=6538"}],"wp:featuredmedia":[{"embeddable":true,"href":"https:\/\/fmp-components.com\/pt\/wp-json\/wp\/v2\/media\/6750"}],"wp:attachment":[{"href":"https:\/\/fmp-components.com\/pt\/wp-json\/wp\/v2\/media?parent=6538"}],"wp:term":[{"taxonomy":"product_brand","embeddable":true,"href":"https:\/\/fmp-components.com\/pt\/wp-json\/wp\/v2\/product_brand?post=6538"},{"taxonomy":"product_cat","embeddable":true,"href":"https:\/\/fmp-components.com\/pt\/wp-json\/wp\/v2\/product_cat?post=6538"},{"taxonomy":"product_tag","embeddable":true,"href":"https:\/\/fmp-components.com\/pt\/wp-json\/wp\/v2\/product_tag?post=6538"}],"curies":[{"name":"wp","href":"https:\/\/api.w.org\/{rel}","templated":true}]}}