{"id":6533,"date":"2025-03-11T06:28:19","date_gmt":"2025-03-11T06:28:19","guid":{"rendered":"https:\/\/fmp-components.com\/product\/factory-price-multi-stage-hydraulic-cylinder-dump-truck-4-stage-hydraulic-cylinder"},"modified":"2025-03-14T02:39:28","modified_gmt":"2025-03-14T02:39:28","slug":"factory-price-multi-stage-hydraulic-cylinder-dump-truck-4-stage-hydraulic-cylinder","status":"publish","type":"product","link":"https:\/\/fmp-components.com\/pt\/product\/factory-price-multi-stage-hydraulic-cylinder-dump-truck-4-stage-hydraulic-cylinder\/","title":{"rendered":"Pre\u00e7o de f\u00e1brica Cilindro hidr\u00e1ulico multiest\u00e1gios Caminh\u00e3o basculante Cilindro hidr\u00e1ulico de 4 est\u00e1gios"},"content":{"rendered":"<h2>Pre\u00e7o de f\u00e1brica Cilindro hidr\u00e1ulico multiest\u00e1gios Caminh\u00e3o basculante Cilindro hidr\u00e1ulico de 4 est\u00e1gios<\/h2>\n<p>O cilindro hidr\u00e1ulico multiest\u00e1gios para caminh\u00f5es basculantes \u00e9 um produto de \u00faltima gera\u00e7\u00e3o projetado para oferecer m\u00e1xima efici\u00eancia e opera\u00e7\u00e3o confi\u00e1vel. \u00c9 a solu\u00e7\u00e3o perfeita para diversos setores, como oficinas de reparo de m\u00e1quinas, fazendas, energia e minera\u00e7\u00e3o, fabrica\u00e7\u00e3o de m\u00e1quinas e f\u00e1bricas de maquin\u00e1rio. Este cilindro hidr\u00e1ulico possui estrutura padr\u00e3o, cilindro de pist\u00e3o e \u00e9 acionado por sistema hidr\u00e1ulico.<\/p>\n<h2>Especifica\u00e7\u00f5es do produto<\/h2>\n<p><img alt=\"\" \/><\/p>\n<table style=\"width: 99.7899%;\" border=\"\">\n<tbody>\n<tr>\n<th style=\"width: 43.29%;\">Nome do produto<\/th>\n<td style=\"width: 294.805%;\">Cilindro Telesc\u00f3pico<\/td>\n<\/tr>\n<tr>\n<th style=\"width: 43.29%;\">Certifica\u00e7\u00e3o<\/th>\n<td style=\"width: 294.805%;\">ISO9001:2000<\/td>\n<\/tr>\n<tr>\n<th style=\"width: 43.29%;\">Tamanho do furo<\/th>\n<td style=\"width: 294.805%;\">2-6 polegadas<\/td>\n<\/tr>\n<tr>\n<th style=\"width: 43.29%;\">Tamanho da haste<\/th>\n<td style=\"width: 294.805%;\">1,125-4 polegadas<\/td>\n<\/tr>\n<tr>\n<th style=\"width: 43.29%;\">Tamanho do tra\u00e7o<\/th>\n<td style=\"width: 294.805%;\">4-100 polegadas<\/td>\n<\/tr>\n<tr>\n<th style=\"width: 43.29%;\">Tamanho do pino<\/th>\n<td style=\"width: 294.805%;\">0,5-2 polegadas<\/td>\n<\/tr>\n<tr>\n<th style=\"width: 43.29%;\">Portos<\/th>\n<td style=\"width: 294.805%;\">G\/SAE\/NPT\/M<\/td>\n<\/tr>\n<\/tbody>\n<\/table>\n<h2>Caracter\u00edsticas e benef\u00edcios distintivos<\/h2>\n<p>Este cilindro hidr\u00e1ulico \u00e9 constru\u00eddo com a\u00e7o de alta qualidade e oferece impressionantes capacidades m\u00e1ximas de empuxo e tra\u00e7\u00e3o. Al\u00e9m disso, conta com garantia de um ano para todos os componentes principais, garantindo uma compra sem riscos. Este produto \u00e9 eficiente em termos energ\u00e9ticos, confi\u00e1vel e seguro, tornando-o a escolha perfeita para as necessidades de m\u00e1quinas industriais.<\/p>\n<p><img loading=\"lazy\" decoding=\"async\" class=\"alignnone size-full wp-image-6736\" src=\"https:\/\/fmp-components.com\/wp-content\/uploads\/2025\/03\/Telescopic-Hydraulic-Cylinders-94.webp\" alt=\"Cilindros Hidr\u00e1ulicos Telesc\u00f3picos\" width=\"800\" height=\"800\" title=\"\" srcset=\"https:\/\/fmp-components.com\/wp-content\/uploads\/2025\/03\/Telescopic-Hydraulic-Cylinders-94.webp 800w, https:\/\/fmp-components.com\/wp-content\/uploads\/2025\/03\/Telescopic-Hydraulic-Cylinders-94-480x480.webp 480w\" sizes=\"(min-width: 0px) and (max-width: 480px) 480px, (min-width: 481px) 800px, 100vw\" \/><\/p>\n<h2>Sistema hidr\u00e1ulico e princ\u00edpio de funcionamento<\/h2>\n<p>O cilindro hidr\u00e1ulico funciona com base no princ\u00edpio da convers\u00e3o de energia hidr\u00e1ulica em movimento mec\u00e2nico. A press\u00e3o do fluido atua sobre a superf\u00edcie do cilindro, criando uma for\u00e7a que move o pist\u00e3o e a carga a ele conectada. Esse mecanismo \u00e9 o que permite ao cilindro hidr\u00e1ulico realizar tarefas de movimento linear potentes.<\/p>\n<h2>Aplicativo<\/h2>\n<p>Nosso cilindro hidr\u00e1ulico de m\u00faltiplos est\u00e1gios \u00e9 ideal para uso em caminh\u00f5es basculantes, fornecendo a pot\u00eancia necess\u00e1ria para levantar, sustentar e abaixar a ca\u00e7amba. Seu design robusto e alta capacidade de carga o tornam adequado para aplica\u00e7\u00f5es pesadas em diversos setores.<\/p>\n<h2>Cilindros Hidr\u00e1ulicos e Unidades de Pot\u00eancia<\/h2>\n<p>Cilindros hidr\u00e1ulicos e unidades de pot\u00eancia trabalham em conjunto, em harmonia, para garantir a ampla aplica\u00e7\u00e3o da tecnologia hidr\u00e1ulica no setor industrial. Como componentes essenciais de sistemas hidr\u00e1ulicos, sua opera\u00e7\u00e3o combinada proporciona suporte confi\u00e1vel de energia e controle para diversos equipamentos de engenharia e mec\u00e2nica. A FMP tamb\u00e9m fornece unidades de pot\u00eancia para venda.<\/p>\n<h2>Perguntas frequentes<\/h2>\n<p><strong>P: Voc\u00ea \u00e9 uma empresa comercial ou fabricante?<\/strong><\/p>\n<p>R: Somos uma f\u00e1brica.<\/p>\n<p><strong>P: Quanto tempo demora a entrega?<\/strong><\/p>\n<p>R: Geralmente, leva de 25 a 35 dias.<\/p>\n<p><strong>P: Voc\u00eas fornecem amostras?<\/strong><\/p>\n<p>R: Sim, oferecemos amostras, mas elas n\u00e3o s\u00e3o gratuitas.<\/p>\n<h3>Sobre a FMP<\/h3>\n<p class=\"break-words\">A FMP \u00e9 uma fabricante italiana l\u00edder, especializada em projeto, desenvolvimento e produ\u00e7\u00e3o de cilindros hidr\u00e1ulicos de alta qualidade. Com uma rica heran\u00e7a alicer\u00e7ada em d\u00e9cadas de experi\u00eancia, combinamos com orgulho o artesanato italiano com tecnologia de ponta para oferecer solu\u00e7\u00f5es hidr\u00e1ulicas excepcionais, personalizadas para atender \u00e0s diversas necessidades de nossa clientela global. Com sede na It\u00e1lia, um polo de excel\u00eancia em engenharia, a FMP se destaca como uma marca confi\u00e1vel na ind\u00fastria hidr\u00e1ulica, comprometida em fornecer produtos confi\u00e1veis, dur\u00e1veis e inovadores que impulsionam empresas em todo o mundo.<\/p>\n<p class=\"break-words\">Nossa empresa integra o melhor das tradi\u00e7\u00f5es de fabrica\u00e7\u00e3o avan\u00e7ada com uma abordagem inovadora. Com anos de experi\u00eancia em sistemas hidr\u00e1ulicos, a FMP evoluiu para uma empresa moderna que se destaca em pesquisa, design e produ\u00e7\u00e3o. Somos especializados em uma ampla gama de cilindros hidr\u00e1ulicos, incluindo cilindros de dupla a\u00e7\u00e3o, cilindros de eleva\u00e7\u00e3o automotiva, cilindros para m\u00e1quinas agr\u00edcolas e solu\u00e7\u00f5es personalizadas para diversas aplica\u00e7\u00f5es industriais. Seja para constru\u00e7\u00e3o, instala\u00e7\u00f5es industriais, agricultura ou m\u00e1quinas pesadas, nossos cilindros hidr\u00e1ulicos s\u00e3o projetados para operar nas condi\u00e7\u00f5es mais dif\u00edceis, garantindo seguran\u00e7a, efici\u00eancia e durabilidade.<\/p>\n<p><img loading=\"lazy\" decoding=\"async\" class=\"alignnone size-full wp-image-6720\" src=\"https:\/\/fmp-components.com\/wp-content\/uploads\/2025\/03\/hydraulic-cylinder-8.webp\" alt=\"Cilindros Hidr\u00e1ulicos Telesc\u00f3picos\" width=\"933\" height=\"526\" title=\"\" srcset=\"https:\/\/fmp-components.com\/wp-content\/uploads\/2025\/03\/hydraulic-cylinder-8.webp 933w, https:\/\/fmp-components.com\/wp-content\/uploads\/2025\/03\/hydraulic-cylinder-8-480x271.webp 480w\" sizes=\"(min-width: 0px) and (max-width: 480px) 480px, (min-width: 481px) 933px, 100vw\" \/><\/p>\n<p class=\"break-words\">Na FMP, orgulhamo-nos de nossas instala\u00e7\u00f5es de produ\u00e7\u00e3o de \u00faltima gera\u00e7\u00e3o, equipadas com m\u00e1quinas de precis\u00e3o e sistemas de teste avan\u00e7ados. Nossos processos de fabrica\u00e7\u00e3o seguem rigorosos padr\u00f5es nacionais e internacionais, garantindo que cada cilindro hidr\u00e1ulico que sai de nossa f\u00e1brica seja de qualidade e confiabilidade superiores. Nossa equipe t\u00e9cnica qualificada, aliada a equipamentos de \u00faltima gera\u00e7\u00e3o, nos permite manter um rigoroso controle de qualidade em todas as etapas da produ\u00e7\u00e3o \u2014 desde a sele\u00e7\u00e3o da mat\u00e9ria-prima at\u00e9 a inspe\u00e7\u00e3o final. Essa dedica\u00e7\u00e3o \u00e0 excel\u00eancia nos rendeu certifica\u00e7\u00f5es e reconhecimento de autoridades do setor, consolidando ainda mais nossa reputa\u00e7\u00e3o como um parceiro confi\u00e1vel.<\/p>\n<p class=\"break-words\">Nossa miss\u00e3o \u00e9 simples, por\u00e9m ambiciosa: fornecer aos nossos clientes cilindros hidr\u00e1ulicos que superem as expectativas em desempenho, durabilidade e valor. Atuamos sob os princ\u00edpios norteadores de profissionalismo, integridade e foco no cliente. Ao fomentar uma cultura de inova\u00e7\u00e3o e precis\u00e3o, refinamos continuamente nossos produtos para nos mantermos \u00e0 frente em um mercado competitivo. Nossa abrangente linha de produtos e a capacidade de oferecer solu\u00e7\u00f5es personalizadas nos tornam a escolha ideal para empresas que buscam cilindros hidr\u00e1ulicos de alto desempenho.<\/p>\n<p class=\"break-words\">A FMP \u00e9 mais do que apenas uma fabricante \u2014 somos uma parceira para o seu sucesso. Entendemos que nossos clientes confiam em n\u00f3s para fornecer ferramentas que aumentam sua produtividade e seguran\u00e7a. \u00c9 por isso que nos comprometemos a oferecer n\u00e3o apenas produtos de primeira linha, mas tamb\u00e9m um servi\u00e7o excepcional. Da consultoria inicial ao suporte p\u00f3s-venda, trabalhamos em estreita colabora\u00e7\u00e3o com nossos clientes para garantir que suas necessidades sejam atendidas com profissionalismo e cuidado. Nossos pre\u00e7os competitivos, aliados ao nosso compromisso inabal\u00e1vel com a qualidade, fazem da FMP a escolha inteligente para empresas que buscam investir em solu\u00e7\u00f5es hidr\u00e1ulicas confi\u00e1veis.<\/p>","protected":false},"excerpt":{"rendered":"<p>Factory Price Multi Stage Hydraulic Cylinder Dump Truck 4 Stage Hydraulic Cylinder The multi-stage hydraulic cylinder for dump trucks is a state-of-the-art product designed for top-notch efficiency and reliable operation. It&#8217;s a perfect solution for various industries such as machinery repair shops, farms, energy &amp; mining, machinery manufacturing, and machinery factories. This hydraulic cylinder boasts [&hellip;]<\/p>","protected":false},"featured_media":6800,"comment_status":"closed","ping_status":"closed","template":"","meta":{"_et_pb_use_builder":"","_et_pb_old_content":"","_et_gb_content_width":""},"product_brand":[],"product_cat":[103],"product_tag":[34,105],"class_list":{"0":"post-6533","1":"product","2":"type-product","3":"status-publish","4":"has-post-thumbnail","6":"product_cat-telescopic-hydraulic-cylinders","7":"product_tag-hydraulic-cylinder","8":"product_tag-telescopic-hydraulic-cylinders","10":"first","11":"instock","12":"product-type-simple"},"_links":{"self":[{"href":"https:\/\/fmp-components.com\/pt\/wp-json\/wp\/v2\/product\/6533","targetHints":{"allow":["GET"]}}],"collection":[{"href":"https:\/\/fmp-components.com\/pt\/wp-json\/wp\/v2\/product"}],"about":[{"href":"https:\/\/fmp-components.com\/pt\/wp-json\/wp\/v2\/types\/product"}],"replies":[{"embeddable":true,"href":"https:\/\/fmp-components.com\/pt\/wp-json\/wp\/v2\/comments?post=6533"}],"wp:featuredmedia":[{"embeddable":true,"href":"https:\/\/fmp-components.com\/pt\/wp-json\/wp\/v2\/media\/6800"}],"wp:attachment":[{"href":"https:\/\/fmp-components.com\/pt\/wp-json\/wp\/v2\/media?parent=6533"}],"wp:term":[{"taxonomy":"product_brand","embeddable":true,"href":"https:\/\/fmp-components.com\/pt\/wp-json\/wp\/v2\/product_brand?post=6533"},{"taxonomy":"product_cat","embeddable":true,"href":"https:\/\/fmp-components.com\/pt\/wp-json\/wp\/v2\/product_cat?post=6533"},{"taxonomy":"product_tag","embeddable":true,"href":"https:\/\/fmp-components.com\/pt\/wp-json\/wp\/v2\/product_tag?post=6533"}],"curies":[{"name":"wp","href":"https:\/\/api.w.org\/{rel}","templated":true}]}}