{"id":6531,"date":"2025-03-11T06:28:19","date_gmt":"2025-03-11T06:28:19","guid":{"rendered":"https:\/\/fmp-components.com\/product\/quality-assurance-dump-truck-hydraulic-hoist-cylinder-4-stage-small-dump-truck-hydraulic-cylinder"},"modified":"2025-03-18T01:06:05","modified_gmt":"2025-03-18T01:06:05","slug":"quality-assurance-dump-truck-hydraulic-hoist-cylinder-4-stage-small-dump-truck-hydraulic-cylinder","status":"publish","type":"product","link":"https:\/\/fmp-components.com\/pt\/product\/quality-assurance-dump-truck-hydraulic-hoist-cylinder-4-stage-small-dump-truck-hydraulic-cylinder\/","title":{"rendered":"Cilindro hidr\u00e1ulico de caminh\u00e3o basculante com garantia de qualidade, cilindro hidr\u00e1ulico de caminh\u00e3o basculante pequeno de 4 est\u00e1gios"},"content":{"rendered":"<h2>Cilindro hidr\u00e1ulico de caminh\u00e3o basculante com garantia de qualidade, cilindro hidr\u00e1ulico de caminh\u00e3o basculante pequeno de 4 est\u00e1gios<\/h2>\n<p>Nosso cilindro hidr\u00e1ulico de 4 est\u00e1gios para caminh\u00f5es basculantes pequenos \u00e9 um produto com garantia de qualidade que garante desempenho ideal. \u00c9 um produto novo, com lan\u00e7amento previsto para 2025, com garantia de 1 ano. Este cilindro hidr\u00e1ulico foi projetado para uso em oficinas de reparo de m\u00e1quinas, fazendas, ind\u00fastrias de energia e minera\u00e7\u00e3o, fabrica\u00e7\u00e3o de m\u00e1quinas e f\u00e1bricas de m\u00e1quinas.<\/p>\n<h3>Caracter\u00edsticas e benef\u00edcios<\/h3>\n<ul>\n<li>Possui uma estrutura padr\u00e3o de cilindro de \u00eambolo com pot\u00eancia hidr\u00e1ulica.<\/li>\n<li>\u00c9 feito de a\u00e7o, o que aumenta sua durabilidade.<\/li>\n<li>Ele tem um empuxo m\u00e1ximo de 3000 e uma tra\u00e7\u00e3o m\u00e1xima de 20 toneladas.<\/li>\n<li>\u00c9 um cilindro hidr\u00e1ulico multiest\u00e1gio com portas G\/SAE\/NPT\/M.<\/li>\n<li>\u00c9 certificado pela ISO9001:2000 para garantia de qualidade.<\/li>\n<li>O tamanho do furo \u00e9 de 2 a 6 polegadas, o tamanho da haste \u00e9 de 1,125 a 4 polegadas e o tamanho do curso \u00e9 de 4 a 100 polegadas.<\/li>\n<\/ul>\n<h2>Especifica\u00e7\u00f5es t\u00e9cnicas<\/h2>\n<table style=\"width: 100.336%;\" border=\"\">\n<tbody>\n<tr>\n<th style=\"width: 42.9185%;\">Nome do produto<\/th>\n<td style=\"width: 348.498%;\">Cilindro Telesc\u00f3pico<\/td>\n<\/tr>\n<tr>\n<th style=\"width: 42.9185%;\">Certifica\u00e7\u00e3o<\/th>\n<td style=\"width: 348.498%;\">ISO9001:2000<\/td>\n<\/tr>\n<tr>\n<th style=\"width: 42.9185%;\">Tamanho do furo<\/th>\n<td style=\"width: 348.498%;\">2-6 polegadas<\/td>\n<\/tr>\n<tr>\n<th style=\"width: 42.9185%;\">Tamanho da haste<\/th>\n<td style=\"width: 348.498%;\">1,125-4 polegadas<\/td>\n<\/tr>\n<tr>\n<th style=\"width: 42.9185%;\">Tamanho do tra\u00e7o<\/th>\n<td style=\"width: 348.498%;\">4-100 polegadas<\/td>\n<\/tr>\n<tr>\n<th style=\"width: 42.9185%;\">Tamanho do pino<\/th>\n<td style=\"width: 348.498%;\">0,5-2 polegadas<\/td>\n<\/tr>\n<tr>\n<th style=\"width: 42.9185%;\">Portos<\/th>\n<td style=\"width: 348.498%;\">G\/SAE\/NPT\/M<\/td>\n<\/tr>\n<\/tbody>\n<\/table>\n<h2>Caracter\u00edsticas e vantagens exclusivas<\/h2>\n<p>Nosso cilindro hidr\u00e1ulico se destaca pela efici\u00eancia energ\u00e9tica, alto desempenho e seguran\u00e7a. Ele tamb\u00e9m oferece uma ampla gama de aplica\u00e7\u00f5es, tornando-se uma escolha vers\u00e1til para diversos setores.<\/p>\n<h2>Sistemas Hidr\u00e1ulicos e Princ\u00edpios de Funcionamento<\/h2>\n<p>Nosso cilindro hidr\u00e1ulico opera com base no princ\u00edpio fundamental da for\u00e7a de fluidos pressurizados, essencial para gerar for\u00e7a e facilitar o movimento. Esse princ\u00edpio se fundamenta no conceito de que l\u00edquidos, quando pressurizados, podem transmitir for\u00e7a de forma eficaz e eficiente. Em nosso cilindro hidr\u00e1ulico, o fluido hidr\u00e1ulico pressurizado \u00e9 introduzido em uma c\u00e2mara fechada, onde atua sobre um pist\u00e3o. Essa intera\u00e7\u00e3o gera uma for\u00e7a significativa, permitindo que o cilindro execute uma variedade de tarefas.<\/p>\n<p>Como componente integral do sistema hidr\u00e1ulico, o cilindro hidr\u00e1ulico desempenha um papel crucial na convers\u00e3o de energia hidr\u00e1ulica em energia mec\u00e2nica. Quando o fluido hidr\u00e1ulico \u00e9 bombeado para o cilindro, ele cria press\u00e3o que empurra o pist\u00e3o em linha reta. Esse movimento se traduz em for\u00e7a mec\u00e2nica, permitindo que o cilindro levante, empurre ou puxe cargas pesadas com not\u00e1vel precis\u00e3o e controle. A capacidade de aproveitar a energia hidr\u00e1ulica dessa maneira torna os cilindros hidr\u00e1ulicos uma ferramenta indispens\u00e1vel em in\u00fameras aplica\u00e7\u00f5es industriais.<\/p>\n<p><img loading=\"lazy\" decoding=\"async\" class=\"alignnone wp-image-6664\" src=\"https:\/\/fmp-components.com\/wp-content\/uploads\/2025\/03\/telescopic-hydraulic-cylinder-8.webp\" alt=\"cilindro hidr\u00e1ulico telesc\u00f3pico\" width=\"928\" height=\"928\" title=\"\" srcset=\"https:\/\/fmp-components.com\/wp-content\/uploads\/2025\/03\/telescopic-hydraulic-cylinder-8.webp 928w, https:\/\/fmp-components.com\/wp-content\/uploads\/2025\/03\/telescopic-hydraulic-cylinder-8-480x480.webp 480w\" sizes=\"(min-width: 0px) and (max-width: 480px) 480px, (min-width: 481px) 928px, 100vw\" \/><\/p>\n<p>A efici\u00eancia do nosso cilindro hidr\u00e1ulico deriva do seu design, que maximiza a transfer\u00eancia de energia do fluido para o movimento mec\u00e2nico. Ao utilizar fluidos incompress\u00edveis, o sistema garante que mesmo pequenas varia\u00e7\u00f5es de press\u00e3o resultem em movimentos significativos, proporcionando uma grande vantagem em tarefas que exigem alta for\u00e7a com o m\u00ednimo de esfor\u00e7o. Essa efici\u00eancia n\u00e3o s\u00f3 melhora o desempenho, como tamb\u00e9m contribui para a longevidade do sistema hidr\u00e1ulico, reduzindo o desgaste dos componentes.<\/p>\n<p>Em resumo, nosso cilindro hidr\u00e1ulico exemplifica a aplica\u00e7\u00e3o eficaz da energia de fluidos pressurizados para gerar for\u00e7a e movimento. Seu papel dentro do sistema hidr\u00e1ulico destaca sua import\u00e2ncia na convers\u00e3o de energia hidr\u00e1ulica em energia mec\u00e2nica, permitindo a execu\u00e7\u00e3o de uma ampla gama de tarefas em diversos setores. Os princ\u00edpios que regem seu funcionamento garantem que nossos cilindros hidr\u00e1ulicos ofere\u00e7am desempenho confi\u00e1vel, tornando-os uma escolha essencial para qualquer aplica\u00e7\u00e3o que exija for\u00e7a e efici\u00eancia.<\/p>\n<p><img loading=\"lazy\" decoding=\"async\" class=\"alignnone wp-image-6663\" src=\"https:\/\/fmp-components.com\/wp-content\/uploads\/2025\/03\/telescopic-hydraulic-cylinder-11.webp\" alt=\"cilindro hidr\u00e1ulico telesc\u00f3pico\" width=\"923\" height=\"923\" title=\"\" srcset=\"https:\/\/fmp-components.com\/wp-content\/uploads\/2025\/03\/telescopic-hydraulic-cylinder-11.webp 923w, https:\/\/fmp-components.com\/wp-content\/uploads\/2025\/03\/telescopic-hydraulic-cylinder-11-480x480.webp 480w\" sizes=\"(min-width: 0px) and (max-width: 480px) 480px, (min-width: 481px) 923px, 100vw\" \/><\/p>\n<h2>Perguntas frequentes<\/h2>\n<p><strong>P: Qual \u00e9 o prazo de entrega? <\/strong><br \/>\nR: O prazo geral de entrega \u00e9 de 25 a 35 dias.<\/p>\n<p><strong>P: Voc\u00eas fornecem amostras? <\/strong><br \/>\nR: Sim, fornecemos amostras, mas elas n\u00e3o s\u00e3o gratuitas.<\/p>\n<p><strong>P: Voc\u00eas podem produzir de acordo com as amostras? <\/strong><br \/>\nR: Sim, podemos produzir com base em suas amostras ou desenhos t\u00e9cnicos. Podemos construir os moldes e acess\u00f3rios.<\/p>\n<h3>Sobre a FMP<\/h3>\n<p>A FMP \u00e9 uma fabricante italiana de renome, especializada em projeto, desenvolvimento e produ\u00e7\u00e3o de cilindros hidr\u00e1ulicos de alta qualidade. Com um legado constru\u00eddo em d\u00e9cadas de expertise, combinamos perfeitamente o artesanato italiano com tecnologia de ponta, oferecendo solu\u00e7\u00f5es hidr\u00e1ulicas excepcionais, adaptadas \u00e0s diversas necessidades de nossa clientela global. Situada na It\u00e1lia \u2014 um epicentro de excel\u00eancia em engenharia \u2014, a FMP se consolidou como uma marca confi\u00e1vel na ind\u00fastria hidr\u00e1ulica, dedicada a fornecer produtos confi\u00e1veis, dur\u00e1veis \u200b\u200be inovadores que impulsionam empresas em todo o mundo.<\/p>\n<p>Nossa empresa integra tradi\u00e7\u00f5es avan\u00e7adas de fabrica\u00e7\u00e3o com uma abordagem inovadora. Com vasta experi\u00eancia em sistemas hidr\u00e1ulicos, a FMP se transformou em uma empresa moderna que se destaca em pesquisa, design e produ\u00e7\u00e3o. Oferecemos uma ampla gama de cilindros hidr\u00e1ulicos, incluindo cilindros de dupla a\u00e7\u00e3o, cilindros de eleva\u00e7\u00e3o automotiva, cilindros para m\u00e1quinas agr\u00edcolas e solu\u00e7\u00f5es personalizadas para diversas aplica\u00e7\u00f5es industriais. Independentemente do setor \u2013 seja constru\u00e7\u00e3o, instala\u00e7\u00f5es industriais, agricultura ou m\u00e1quinas pesadas \u2013 nossos cilindros hidr\u00e1ulicos s\u00e3o projetados para operar nas condi\u00e7\u00f5es mais exigentes, garantindo seguran\u00e7a, efici\u00eancia e durabilidade.<\/p>\n<p><img loading=\"lazy\" decoding=\"async\" class=\"alignnone size-full wp-image-6720\" src=\"https:\/\/fmp-components.com\/wp-content\/uploads\/2025\/03\/hydraulic-cylinder-8.webp\" alt=\"Cilindros Hidr\u00e1ulicos Telesc\u00f3picos\" width=\"933\" height=\"526\" title=\"\" srcset=\"https:\/\/fmp-components.com\/wp-content\/uploads\/2025\/03\/hydraulic-cylinder-8.webp 933w, https:\/\/fmp-components.com\/wp-content\/uploads\/2025\/03\/hydraulic-cylinder-8-480x271.webp 480w\" sizes=\"(min-width: 0px) and (max-width: 480px) 480px, (min-width: 481px) 933px, 100vw\" \/><\/p>\n<p>Na FMP, orgulhamo-nos de nossas instala\u00e7\u00f5es de produ\u00e7\u00e3o de \u00faltima gera\u00e7\u00e3o, equipadas com m\u00e1quinas de precis\u00e3o e sistemas de teste avan\u00e7ados. Nossos processos de fabrica\u00e7\u00e3o atendem a rigorosos padr\u00f5es nacionais e internacionais, garantindo que cada cilindro hidr\u00e1ulico produzido seja da mais alta qualidade e confiabilidade. Nossa equipe t\u00e9cnica qualificada, aliada a equipamentos de \u00faltima gera\u00e7\u00e3o, nos permite manter um rigoroso controle de qualidade em todas as etapas da produ\u00e7\u00e3o \u2014 desde a sele\u00e7\u00e3o da mat\u00e9ria-prima at\u00e9 a inspe\u00e7\u00e3o final. Esse compromisso com a excel\u00eancia nos rendeu certifica\u00e7\u00f5es e reconhecimento de autoridades do setor, consolidando ainda mais nossa reputa\u00e7\u00e3o como um parceiro confi\u00e1vel.<\/p>\n<p>Nossa miss\u00e3o \u00e9 simples e ambiciosa: fornecer aos nossos clientes cilindros hidr\u00e1ulicos que superem as expectativas em desempenho, durabilidade e valor. Atuamos sob os princ\u00edpios fundamentais de profissionalismo, integridade e foco no cliente. Promovendo uma cultura de inova\u00e7\u00e3o e precis\u00e3o, refinamos continuamente nossos produtos para nos mantermos \u00e0 frente em um mercado competitivo. Nossa abrangente linha de produtos e a capacidade de oferecer solu\u00e7\u00f5es personalizadas nos tornam a escolha preferida para empresas que buscam cilindros hidr\u00e1ulicos de alto desempenho.<\/p>\n<p>A FMP \u00e9 mais do que apenas uma fabricante; somos uma parceira para o seu sucesso. Entendemos que nossos clientes dependem de n\u00f3s para fornecer ferramentas que aumentam a produtividade e a seguran\u00e7a. \u00c9 por isso que nos comprometemos n\u00e3o apenas a fornecer produtos de primeira linha, mas tamb\u00e9m a oferecer um servi\u00e7o excepcional. Das consultas iniciais ao suporte p\u00f3s-venda, trabalhamos em estreita colabora\u00e7\u00e3o com nossos clientes para garantir que suas necessidades sejam atendidas com profissionalismo e cuidado. Nossos pre\u00e7os competitivos, combinados com nosso compromisso inabal\u00e1vel com a qualidade, fazem da FMP a escolha inteligente para empresas que buscam investir em solu\u00e7\u00f5es hidr\u00e1ulicas confi\u00e1veis.<\/p>","protected":false},"excerpt":{"rendered":"<p>Quality Assurance Dump Truck Hydraulic Hoist Cylinder 4 Stage Small Dump Truck Hydraulic Cylinder Our 4 Stage Small Dump Truck hydraulic cylinder is a quality assured product that ensures optimal performance. It is a new product, launching in 2025, with a 1-year warranty. This hydraulic cylinder is designed for use in machinery repair shops, farms, [&hellip;]<\/p>","protected":false},"featured_media":6696,"comment_status":"closed","ping_status":"closed","template":"","meta":{"_et_pb_use_builder":"","_et_pb_old_content":"","_et_gb_content_width":""},"product_brand":[],"product_cat":[103],"product_tag":[34,105],"class_list":{"0":"post-6531","1":"product","2":"type-product","3":"status-publish","4":"has-post-thumbnail","6":"product_cat-telescopic-hydraulic-cylinders","7":"product_tag-hydraulic-cylinder","8":"product_tag-telescopic-hydraulic-cylinders","10":"first","11":"instock","12":"product-type-simple"},"_links":{"self":[{"href":"https:\/\/fmp-components.com\/pt\/wp-json\/wp\/v2\/product\/6531","targetHints":{"allow":["GET"]}}],"collection":[{"href":"https:\/\/fmp-components.com\/pt\/wp-json\/wp\/v2\/product"}],"about":[{"href":"https:\/\/fmp-components.com\/pt\/wp-json\/wp\/v2\/types\/product"}],"replies":[{"embeddable":true,"href":"https:\/\/fmp-components.com\/pt\/wp-json\/wp\/v2\/comments?post=6531"}],"wp:featuredmedia":[{"embeddable":true,"href":"https:\/\/fmp-components.com\/pt\/wp-json\/wp\/v2\/media\/6696"}],"wp:attachment":[{"href":"https:\/\/fmp-components.com\/pt\/wp-json\/wp\/v2\/media?parent=6531"}],"wp:term":[{"taxonomy":"product_brand","embeddable":true,"href":"https:\/\/fmp-components.com\/pt\/wp-json\/wp\/v2\/product_brand?post=6531"},{"taxonomy":"product_cat","embeddable":true,"href":"https:\/\/fmp-components.com\/pt\/wp-json\/wp\/v2\/product_cat?post=6531"},{"taxonomy":"product_tag","embeddable":true,"href":"https:\/\/fmp-components.com\/pt\/wp-json\/wp\/v2\/product_tag?post=6531"}],"curies":[{"name":"wp","href":"https:\/\/api.w.org\/{rel}","templated":true}]}}