{"id":6525,"date":"2025-03-11T06:26:57","date_gmt":"2025-03-11T06:26:57","guid":{"rendered":"https:\/\/fmp-components.com\/product\/chinese-factory-dump-trailer-hydraulic-cylinders-multistage-hydraulic-cylinder-for-sale"},"modified":"2025-03-18T02:13:23","modified_gmt":"2025-03-18T02:13:23","slug":"italian-factory-dump-trailer-hydraulic-cylinders-multistage-hydraulic-cylinder-for-sale","status":"publish","type":"product","link":"https:\/\/fmp-components.com\/pt\/product\/italian-factory-dump-trailer-hydraulic-cylinders-multistage-hydraulic-cylinder-for-sale\/","title":{"rendered":"Cilindros hidr\u00e1ulicos multiest\u00e1gios para reboque basculante de f\u00e1brica italiana \u00e0 venda"},"content":{"rendered":"<h2>Cilindros hidr\u00e1ulicos multiest\u00e1gios para reboque basculante de f\u00e1brica italiana \u00e0 venda<\/h2>\n<p>Descubra o poder dos nossos cilindros hidr\u00e1ulicos multiest\u00e1gios. Esses cilindros altamente eficientes e confi\u00e1veis \u200b\u200bs\u00e3o projetados para aplica\u00e7\u00f5es de servi\u00e7o pesado, oferecendo excelente desempenho em diversos setores, incluindo oficinas de reparo de m\u00e1quinas, fazendas, energia e minera\u00e7\u00e3o, e fabrica\u00e7\u00e3o de m\u00e1quinas. Nossos cilindros hidr\u00e1ulicos s\u00e3o fabricados com precis\u00e3o, garantindo funcionalidade e durabilidade de alto n\u00edvel. Com um empuxo m\u00e1ximo de 3000 e uma for\u00e7a de tra\u00e7\u00e3o m\u00e1xima de 20 toneladas, eles s\u00e3o realmente constru\u00eddos para durar.<\/p>\n<h3>Especifica\u00e7\u00f5es do produto<\/h3>\n<table style=\"width: 101.086%;\" border=\"\">\n<tbody>\n<tr>\n<td style=\"width: 43.5028%;\"><b>Tamanho do furo<\/b><\/td>\n<td style=\"width: 490.96%;\">2-6 polegadas<\/td>\n<\/tr>\n<tr>\n<td style=\"width: 43.5028%;\"><b>Tamanho da haste<\/b><\/td>\n<td style=\"width: 490.96%;\">1,125-4 polegadas<\/td>\n<\/tr>\n<tr>\n<td style=\"width: 43.5028%;\"><b>Tamanho do tra\u00e7o<\/b><\/td>\n<td style=\"width: 490.96%;\">4-100 polegadas<\/td>\n<\/tr>\n<tr>\n<td style=\"width: 43.5028%;\"><b>Tamanho do pino<\/b><\/td>\n<td style=\"width: 490.96%;\">0,5-2 polegadas<\/td>\n<\/tr>\n<tr>\n<td style=\"width: 43.5028%;\"><b>Portos<\/b><\/td>\n<td style=\"width: 490.96%;\">G\/SAE\/NPT\/M<\/td>\n<\/tr>\n<\/tbody>\n<\/table>\n<h3>Recursos e benef\u00edcios exclusivos<\/h3>\n<ul>\n<li>Efici\u00eancia energ\u00e9tica<\/li>\n<li>Alto desempenho<\/li>\n<li>Seguran\u00e7a garantida<\/li>\n<\/ul>\n<h3>Compreens\u00e3o do sistema hidr\u00e1ulico e seus princ\u00edpios de funcionamento.<\/h3>\n<p>Os sistemas hidr\u00e1ulicos s\u00e3o indispens\u00e1veis \u200b\u200bem muitas ind\u00fastrias, principalmente devido \u00e0 sua not\u00e1vel capacidade de gerar grandes quantidades de energia e proporcionar altos n\u00edveis de controle. Esses sistemas utilizam os princ\u00edpios da mec\u00e2nica dos fluidos para transmitir e amplificar a for\u00e7a, tornando-os ideais para aplica\u00e7\u00f5es que exigem movimentos precisos e capacidades de eleva\u00e7\u00e3o significativas. Um componente chave dos sistemas hidr\u00e1ulicos \u00e9 o cilindro hidr\u00e1ulico de m\u00faltiplos est\u00e1gios, que funciona convertendo energia hidr\u00e1ulica em movimento mec\u00e2nico. Esse processo de convers\u00e3o gera uma for\u00e7a poderosa que pode ser aproveitada para uma variedade de aplica\u00e7\u00f5es, desde o levantamento de cargas pesadas at\u00e9 o posicionamento preciso de m\u00e1quinas. O projeto desses cilindros permite uma opera\u00e7\u00e3o eficiente em diferentes n\u00edveis de press\u00e3o, garantindo seu desempenho confi\u00e1vel em diversas condi\u00e7\u00f5es.<\/p>\n<p><img loading=\"lazy\" decoding=\"async\" class=\"alignnone wp-image-6659\" src=\"https:\/\/fmp-components.com\/wp-content\/uploads\/2025\/03\/telescopic-hydraulic-cylinder-12.webp\" alt=\"cilindro hidr\u00e1ulico telesc\u00f3pico\" width=\"953\" height=\"953\" title=\"\" srcset=\"https:\/\/fmp-components.com\/wp-content\/uploads\/2025\/03\/telescopic-hydraulic-cylinder-12.webp 953w, https:\/\/fmp-components.com\/wp-content\/uploads\/2025\/03\/telescopic-hydraulic-cylinder-12-480x480.webp 480w\" sizes=\"(min-width: 0px) and (max-width: 480px) 480px, (min-width: 481px) 953px, 100vw\" \/><\/p>\n<h3>Aplica\u00e7\u00f5es do Cilindro Hidr\u00e1ulico<\/h3>\n<p>Nossos cilindros hidr\u00e1ulicos s\u00e3o incrivelmente vers\u00e1teis e encontram utilidade em uma ampla gama de aplica\u00e7\u00f5es. No setor de m\u00e1quinas, s\u00e3o essenciais para operar equipamentos que exigem movimentos fortes e controlados, como prensas, elevadores e transportadores. Na constru\u00e7\u00e3o civil, esses cilindros facilitam a opera\u00e7\u00e3o de guindastes, escavadeiras e outras m\u00e1quinas pesadas, permitindo o levantamento e a movimenta\u00e7\u00e3o de materiais volumosos com facilidade. Al\u00e9m disso, na ind\u00fastria agr\u00edcola, os cilindros hidr\u00e1ulicos acionam equipamentos como tratores e colheitadeiras, possibilitando opera\u00e7\u00f5es agr\u00edcolas eficientes que aumentam a produtividade.<\/p>\n<p>Sua constru\u00e7\u00e3o robusta e opera\u00e7\u00e3o eficiente fazem dos cilindros hidr\u00e1ulicos um recurso valioso em qualquer ind\u00fastria que exija movimentos potentes e controle preciso. Sejam utilizados nos setores de manufatura, transporte ou energia, esses cilindros aumentam a efici\u00eancia e a efic\u00e1cia operacional, ajudando as empresas a atingirem seus objetivos, mantendo a seguran\u00e7a e a confiabilidade. A adaptabilidade e a resist\u00eancia de nossos cilindros hidr\u00e1ulicos garantem que eles atendam \u00e0s diversas necessidades de v\u00e1rias aplica\u00e7\u00f5es, tornando-os uma ferramenta essencial nas opera\u00e7\u00f5es industriais modernas.<\/p>\n<h3>Sobre a FMP<\/h3>\n<p class=\"break-words\">A FMP \u00e9 uma fabricante italiana l\u00edder, especializada em projeto, desenvolvimento e produ\u00e7\u00e3o de cilindros hidr\u00e1ulicos de alta qualidade. Com uma rica heran\u00e7a alicer\u00e7ada em d\u00e9cadas de experi\u00eancia, combinamos com orgulho o artesanato italiano com tecnologia de ponta para oferecer solu\u00e7\u00f5es hidr\u00e1ulicas excepcionais, personalizadas para atender \u00e0s diversas necessidades de nossa clientela global. Com sede na It\u00e1lia, um polo de excel\u00eancia em engenharia, a FMP se destaca como uma marca confi\u00e1vel na ind\u00fastria hidr\u00e1ulica, comprometida em fornecer produtos confi\u00e1veis, dur\u00e1veis e inovadores que impulsionam empresas em todo o mundo.<\/p>\n<p class=\"break-words\">Nossa empresa integra o melhor das tradi\u00e7\u00f5es de fabrica\u00e7\u00e3o avan\u00e7ada com uma abordagem inovadora. Com anos de experi\u00eancia em sistemas hidr\u00e1ulicos, a FMP evoluiu para uma empresa moderna que se destaca em pesquisa, design e produ\u00e7\u00e3o. Somos especializados em uma ampla gama de cilindros hidr\u00e1ulicos, incluindo cilindros de dupla a\u00e7\u00e3o, cilindros de eleva\u00e7\u00e3o automotiva, cilindros para m\u00e1quinas agr\u00edcolas e solu\u00e7\u00f5es personalizadas para diversas aplica\u00e7\u00f5es industriais. Seja para constru\u00e7\u00e3o, instala\u00e7\u00f5es industriais, agricultura ou m\u00e1quinas pesadas, nossos cilindros hidr\u00e1ulicos s\u00e3o projetados para operar nas condi\u00e7\u00f5es mais dif\u00edceis, garantindo seguran\u00e7a, efici\u00eancia e durabilidade.<\/p>\n<p><img loading=\"lazy\" decoding=\"async\" class=\"alignnone size-full wp-image-6720\" src=\"https:\/\/fmp-components.com\/wp-content\/uploads\/2025\/03\/hydraulic-cylinder-8.webp\" alt=\"Cilindros Hidr\u00e1ulicos Telesc\u00f3picos\" width=\"933\" height=\"526\" title=\"\" srcset=\"https:\/\/fmp-components.com\/wp-content\/uploads\/2025\/03\/hydraulic-cylinder-8.webp 933w, https:\/\/fmp-components.com\/wp-content\/uploads\/2025\/03\/hydraulic-cylinder-8-480x271.webp 480w\" sizes=\"(min-width: 0px) and (max-width: 480px) 480px, (min-width: 481px) 933px, 100vw\" \/><\/p>\n<p class=\"break-words\">Na FMP, orgulhamo-nos de nossas instala\u00e7\u00f5es de produ\u00e7\u00e3o de \u00faltima gera\u00e7\u00e3o, equipadas com m\u00e1quinas de precis\u00e3o e sistemas de teste avan\u00e7ados. Nossos processos de fabrica\u00e7\u00e3o seguem rigorosos padr\u00f5es nacionais e internacionais, garantindo que cada cilindro hidr\u00e1ulico que sai de nossa f\u00e1brica seja de qualidade e confiabilidade superiores. Nossa equipe t\u00e9cnica qualificada, aliada a equipamentos de \u00faltima gera\u00e7\u00e3o, nos permite manter um rigoroso controle de qualidade em todas as etapas da produ\u00e7\u00e3o \u2014 desde a sele\u00e7\u00e3o da mat\u00e9ria-prima at\u00e9 a inspe\u00e7\u00e3o final. Essa dedica\u00e7\u00e3o \u00e0 excel\u00eancia nos rendeu certifica\u00e7\u00f5es e reconhecimento de autoridades do setor, consolidando ainda mais nossa reputa\u00e7\u00e3o como um parceiro confi\u00e1vel.<\/p>\n<p class=\"break-words\">Nossa miss\u00e3o \u00e9 simples, por\u00e9m ambiciosa: fornecer aos nossos clientes cilindros hidr\u00e1ulicos que superem as expectativas em desempenho, durabilidade e valor. Atuamos sob os princ\u00edpios norteadores de profissionalismo, integridade e foco no cliente. Ao fomentar uma cultura de inova\u00e7\u00e3o e precis\u00e3o, refinamos continuamente nossos produtos para nos mantermos \u00e0 frente em um mercado competitivo. Nossa abrangente linha de produtos e a capacidade de oferecer solu\u00e7\u00f5es personalizadas nos tornam a escolha ideal para empresas que buscam cilindros hidr\u00e1ulicos de alto desempenho.<\/p>\n<p class=\"break-words\">A FMP \u00e9 mais do que apenas uma fabricante \u2014 somos uma parceira para o seu sucesso. Entendemos que nossos clientes confiam em n\u00f3s para fornecer ferramentas que aumentam sua produtividade e seguran\u00e7a. \u00c9 por isso que nos comprometemos a oferecer n\u00e3o apenas produtos de primeira linha, mas tamb\u00e9m um servi\u00e7o excepcional. Da consultoria inicial ao suporte p\u00f3s-venda, trabalhamos em estreita colabora\u00e7\u00e3o com nossos clientes para garantir que suas necessidades sejam atendidas com profissionalismo e cuidado. Nossos pre\u00e7os competitivos, aliados ao nosso compromisso inabal\u00e1vel com a qualidade, fazem da FMP a escolha inteligente para empresas que buscam investir em solu\u00e7\u00f5es hidr\u00e1ulicas confi\u00e1veis.<\/p>\n<h2>Perguntas frequentes<\/h2>\n<p><b>P: Voc\u00ea \u00e9 uma empresa comercial ou fabricante?<\/b><br \/>\nR: Somos um fabricante.<\/p>\n<p><b>P: Quanto tempo demora a entrega?<\/b><br \/>\nR: Geralmente, s\u00e3o 25-35 dias.<\/p>\n<p><b>P: Voc\u00eas fornecem amostras? \u00c9 gr\u00e1tis ou extra?<\/b><br \/>\nR: Sim, fornecemos amostras, mas elas n\u00e3o s\u00e3o gratuitas.<\/p>\n<p><img loading=\"lazy\" decoding=\"async\" class=\"alignnone size-full wp-image-6660\" src=\"https:\/\/fmp-components.com\/wp-content\/uploads\/2025\/03\/hydraulic-cylinder-workshop-4.webp\" alt=\"cilindro hidr\u00e1ulico telesc\u00f3pico\" width=\"914\" height=\"733\" title=\"\" srcset=\"https:\/\/fmp-components.com\/wp-content\/uploads\/2025\/03\/hydraulic-cylinder-workshop-4.webp 914w, https:\/\/fmp-components.com\/wp-content\/uploads\/2025\/03\/hydraulic-cylinder-workshop-4-480x385.webp 480w\" sizes=\"(min-width: 0px) and (max-width: 480px) 480px, (min-width: 481px) 914px, 100vw\" \/><\/p>","protected":false},"excerpt":{"rendered":"<p>Italian Factory Dump Trailer Hydraulic Cylinders Multistage Hydraulic Cylinder For Sale Discover the power of our multistage hydraulic cylinders. These highly efficient and reliable cylinders are designed for heavy-duty applications, offering excellent performance in a variety of industries including machinery repair shops, farms, energy and mining, and machinery manufacturing. Our hydraulic cylinders are crafted with [&hellip;]<\/p>","protected":false},"featured_media":6686,"comment_status":"closed","ping_status":"closed","template":"","meta":{"_et_pb_use_builder":"","_et_pb_old_content":"","_et_gb_content_width":""},"product_brand":[],"product_cat":[103],"product_tag":[34,105],"class_list":{"0":"post-6525","1":"product","2":"type-product","3":"status-publish","4":"has-post-thumbnail","6":"product_cat-telescopic-hydraulic-cylinders","7":"product_tag-hydraulic-cylinder","8":"product_tag-telescopic-hydraulic-cylinders","10":"first","11":"instock","12":"product-type-simple"},"_links":{"self":[{"href":"https:\/\/fmp-components.com\/pt\/wp-json\/wp\/v2\/product\/6525","targetHints":{"allow":["GET"]}}],"collection":[{"href":"https:\/\/fmp-components.com\/pt\/wp-json\/wp\/v2\/product"}],"about":[{"href":"https:\/\/fmp-components.com\/pt\/wp-json\/wp\/v2\/types\/product"}],"replies":[{"embeddable":true,"href":"https:\/\/fmp-components.com\/pt\/wp-json\/wp\/v2\/comments?post=6525"}],"wp:featuredmedia":[{"embeddable":true,"href":"https:\/\/fmp-components.com\/pt\/wp-json\/wp\/v2\/media\/6686"}],"wp:attachment":[{"href":"https:\/\/fmp-components.com\/pt\/wp-json\/wp\/v2\/media?parent=6525"}],"wp:term":[{"taxonomy":"product_brand","embeddable":true,"href":"https:\/\/fmp-components.com\/pt\/wp-json\/wp\/v2\/product_brand?post=6525"},{"taxonomy":"product_cat","embeddable":true,"href":"https:\/\/fmp-components.com\/pt\/wp-json\/wp\/v2\/product_cat?post=6525"},{"taxonomy":"product_tag","embeddable":true,"href":"https:\/\/fmp-components.com\/pt\/wp-json\/wp\/v2\/product_tag?post=6525"}],"curies":[{"name":"wp","href":"https:\/\/api.w.org\/{rel}","templated":true}]}}