{"id":6523,"date":"2025-03-11T06:26:57","date_gmt":"2025-03-11T06:26:57","guid":{"rendered":"https:\/\/fmp-components.com\/product\/chinese-factory-5-stage-telescopic-hydraulic-cylinder-multistage-hydraulic-cylinder"},"modified":"2025-03-18T02:13:27","modified_gmt":"2025-03-18T02:13:27","slug":"italian-factory-5-stage-telescopic-hydraulic-cylinder-multistage-hydraulic-cylinder","status":"publish","type":"product","link":"https:\/\/fmp-components.com\/pt\/product\/italian-factory-5-stage-telescopic-hydraulic-cylinder-multistage-hydraulic-cylinder\/","title":{"rendered":"Cilindro hidr\u00e1ulico telesc\u00f3pico de 5 est\u00e1gios de f\u00e1brica italiana Cilindro hidr\u00e1ulico multiest\u00e1gios"},"content":{"rendered":"<h2>Cilindro hidr\u00e1ulico telesc\u00f3pico de f\u00e1brica de 5 est\u00e1gios Cilindro hidr\u00e1ulico multiest\u00e1gios<\/h2>\n<p>Apresentando o cilindro hidr\u00e1ulico telesc\u00f3pico de 5 est\u00e1gios da FMP, uma f\u00e1brica italiana renomada por seus cilindros hidr\u00e1ulicos de alta qualidade. Fabricado com perfei\u00e7\u00e3o, este cilindro hidr\u00e1ulico multiest\u00e1gios oferece efici\u00eancia e desempenho incompar\u00e1veis \u200b\u200bem diversos setores, como oficinas de reparo de m\u00e1quinas, fazendas, energia e minera\u00e7\u00e3o, fabrica\u00e7\u00e3o de m\u00e1quinas e f\u00e1bricas de m\u00e1quinas.<\/p>\n<h3>Caracter\u00edsticas e fun\u00e7\u00f5es<\/h3>\n<p>Nosso cilindro hidr\u00e1ulico \u00e9 projetado com um corpo de a\u00e7o resistente, oferecendo um empuxo m\u00e1ximo de 3000 e uma capacidade de tra\u00e7\u00e3o de 20 toneladas. O cilindro tamb\u00e9m possui certifica\u00e7\u00e3o ISO9001:2000, garantindo a mais alta qualidade e confiabilidade.<\/p>\n<h3>Especifica\u00e7\u00f5es t\u00e9cnicas<\/h3>\n<table style=\"width: 98.6435%;\" border=\"\">\n<tbody>\n<tr>\n<td style=\"width: 43.5028%;\"><b>Tamanho do furo<\/b><\/td>\n<td style=\"width: 477.966%;\">2-6 polegadas<\/td>\n<\/tr>\n<tr>\n<td style=\"width: 43.5028%;\"><b>Tamanho da haste<\/b><\/td>\n<td style=\"width: 477.966%;\">1,125-4 polegadas<\/td>\n<\/tr>\n<tr>\n<td style=\"width: 43.5028%;\"><b>Tamanho do tra\u00e7o<\/b><\/td>\n<td style=\"width: 477.966%;\">4-100 polegadas<\/td>\n<\/tr>\n<tr>\n<td style=\"width: 43.5028%;\"><b>Tamanho do pino<\/b><\/td>\n<td style=\"width: 477.966%;\">0,5-2 polegadas<\/td>\n<\/tr>\n<tr>\n<td style=\"width: 43.5028%;\"><b>Portos<\/b><\/td>\n<td style=\"width: 477.966%;\">G\/SAE\/NPT\/M<\/td>\n<\/tr>\n<\/tbody>\n<\/table>\n<h3>Vantagens \u00danicas<\/h3>\n<ul>\n<li>Efici\u00eancia energ\u00e9tica: Nosso cilindro hidr\u00e1ulico oferece desempenho ideal com consumo m\u00ednimo de energia.<\/li>\n<li>Altamente eficiente: o design multiest\u00e1gio permite maior efici\u00eancia em diversas aplica\u00e7\u00f5es.<\/li>\n<li>Seguran\u00e7a: O produto vem com garantia de 1 ano dos componentes principais para garantir a seguran\u00e7a do usu\u00e1rio.<\/li>\n<\/ul>\n<h2>Sistema hidr\u00e1ulico e princ\u00edpio de funcionamento<\/h2>\n<p>O sistema hidr\u00e1ulico opera com base no princ\u00edpio fundamental de convers\u00e3o de energia hidr\u00e1ulica em movimento mec\u00e2nico, um processo que depende fortemente do cilindro hidr\u00e1ulico. Este cilindro \u00e9 fundamental na transforma\u00e7\u00e3o de fluido pressurizado em movimento potente, possibilitando uma ampla gama de aplica\u00e7\u00f5es em diferentes setores. A capacidade do cilindro hidr\u00e1ulico de gerar for\u00e7a significativa o torna inestim\u00e1vel para tarefas que exigem controle e pot\u00eancia precisos.<\/p>\n<p>Complementando o cilindro hidr\u00e1ulico, est\u00e1 a unidade de pot\u00eancia, que fornece a energia e os sinais de controle necess\u00e1rios ao sistema hidr\u00e1ulico. Esta unidade gera e regula a press\u00e3o do fluido hidr\u00e1ulico, garantindo que o sistema opere de forma eficaz e eficiente. A intera\u00e7\u00e3o harmoniosa entre o cilindro hidr\u00e1ulico e a unidade de pot\u00eancia resulta em um sistema robusto que maximiza o desempenho, minimiza a perda de energia e aumenta a produtividade geral. Juntos, eles criam uma opera\u00e7\u00e3o perfeita, essencial para diversas aplica\u00e7\u00f5es mec\u00e2nicas e industriais.<\/p>\n<p><img loading=\"lazy\" decoding=\"async\" class=\"alignnone wp-image-6662\" src=\"https:\/\/fmp-components.com\/wp-content\/uploads\/2025\/03\/telescopic-hydraulic-cylinder-4.webp\" alt=\"cilindro hidr\u00e1ulico telesc\u00f3pico\" width=\"931\" height=\"931\" title=\"\" srcset=\"https:\/\/fmp-components.com\/wp-content\/uploads\/2025\/03\/telescopic-hydraulic-cylinder-4.webp 931w, https:\/\/fmp-components.com\/wp-content\/uploads\/2025\/03\/telescopic-hydraulic-cylinder-4-480x480.webp 480w\" sizes=\"(min-width: 0px) and (max-width: 480px) 480px, (min-width: 481px) 931px, 100vw\" \/><\/p>\n<h2>Aplicativo<\/h2>\n<p>Nossos cilindros hidr\u00e1ulicos s\u00e3o perfeitamente adequados para uma ampla gama de aplica\u00e7\u00f5es, tornando-os a escolha ideal para setores como oficinas de reparo de m\u00e1quinas, fazendas, energia e minera\u00e7\u00e3o, fabrica\u00e7\u00e3o de m\u00e1quinas e f\u00e1bricas de m\u00e1quinas. Em oficinas de reparo de m\u00e1quinas, eles facilitam o levantamento e a manobra de componentes pesados, permitindo que os t\u00e9cnicos realizem reparos com seguran\u00e7a e efici\u00eancia. Em ambientes agr\u00edcolas, esses cilindros aumentam a funcionalidade de equipamentos como tratores, permitindo o manuseio eficiente de materiais. Os setores de energia e minera\u00e7\u00e3o se beneficiam do desempenho robusto de nossos cilindros hidr\u00e1ulicos, que podem suportar as condi\u00e7\u00f5es exigentes de tarefas pesadas. Al\u00e9m disso, em ambientes de manufatura, nossos cilindros auxiliam diversos processos de produ\u00e7\u00e3o, garantindo que as opera\u00e7\u00f5es ocorram de forma tranquila e eficaz.<\/p>\n<p>Convidamos voc\u00ea a entrar em nosso mundo e testemunhar o artesanato por tr\u00e1s dos nossos produtos. Visite nossa F\u00e1brica em RV, onde voc\u00ea poder\u00e1 vivenciar nosso processo de produ\u00e7\u00e3o em a\u00e7\u00e3o. Este tour virtual lhe dar\u00e1 uma vis\u00e3o geral do nosso compromisso com a qualidade e a inova\u00e7\u00e3o, mostrando como damos vida \u00e0s nossas solu\u00e7\u00f5es hidr\u00e1ulicas.<\/p>\n<h2>Cilindros Hidr\u00e1ulicos e Unidades de Pot\u00eancia<\/h2>\n<p>Cilindros hidr\u00e1ulicos e unidades de pot\u00eancia s\u00e3o componentes integrais de qualquer sistema hidr\u00e1ulico. Sua colabora\u00e7\u00e3o \u00e9 essencial para a ampla aplica\u00e7\u00e3o da tecnologia hidr\u00e1ulica no setor industrial. Juntos, eles fornecem energia e controle confi\u00e1veis \u200b\u200bpara uma variedade de equipamentos mec\u00e2nicos e de engenharia. O cilindro hidr\u00e1ulico atua como atuador, convertendo energia hidr\u00e1ulica em movimento mec\u00e2nico, enquanto a unidade de pot\u00eancia atua como fonte de energia, fornecendo os sinais de press\u00e3o e controle necess\u00e1rios.<\/p>\n<p>Na FMP, tamb\u00e9m oferecemos uma sele\u00e7\u00e3o de unidades de pot\u00eancia para venda, tornando-nos a sua solu\u00e7\u00e3o completa para todas as suas necessidades hidr\u00e1ulicas. Nosso compromisso em fornecer solu\u00e7\u00f5es hidr\u00e1ulicas de alta qualidade garante que voc\u00ea possa contar conosco tanto para cilindros quanto para unidades de pot\u00eancia, otimizando suas opera\u00e7\u00f5es e aumentando sua produtividade. Com nossa ampla gama de produtos, nos dedicamos a atender \u00e0s diversas necessidades de nossos clientes em diversos setores.<\/p>\n<p><img loading=\"lazy\" decoding=\"async\" class=\"alignnone wp-image-6663\" src=\"https:\/\/fmp-components.com\/wp-content\/uploads\/2025\/03\/telescopic-hydraulic-cylinder-11.webp\" alt=\"cilindro hidr\u00e1ulico telesc\u00f3pico\" width=\"941\" height=\"941\" title=\"\" srcset=\"https:\/\/fmp-components.com\/wp-content\/uploads\/2025\/03\/telescopic-hydraulic-cylinder-11.webp 941w, https:\/\/fmp-components.com\/wp-content\/uploads\/2025\/03\/telescopic-hydraulic-cylinder-11-480x480.webp 480w\" sizes=\"(min-width: 0px) and (max-width: 480px) 480px, (min-width: 481px) 941px, 100vw\" \/><\/p>\n<h2>Perguntas frequentes<\/h2>\n<p><b>P: Voc\u00ea \u00e9 uma empresa comercial ou fabricante?<\/b><br \/>\nR: Somos um fabricante sediado na It\u00e1lia.<\/p>\n<p><b>P: Qual \u00e9 o prazo de entrega dos seus cilindros hidr\u00e1ulicos?<\/b><br \/>\nR: Geralmente, s\u00e3o 25-35 dias.<\/p>\n<p><b>P: Voc\u00eas fornecem amostras?<\/b><br \/>\nR: Sim, fornecemos amostras, mas elas n\u00e3o s\u00e3o gratuitas.<\/p>\n<h3>Sobre a FMP<\/h3>\n<p>A FMP \u00e9 uma fabricante italiana de renome, reconhecida por sua expertise em projeto, desenvolvimento e produ\u00e7\u00e3o de cilindros hidr\u00e1ulicos de alta qualidade. Com um rico legado constru\u00eddo ao longo de d\u00e9cadas, combinamos o artesanato tradicional italiano com tecnologia de ponta para criar solu\u00e7\u00f5es hidr\u00e1ulicas excepcionais que atendem \u00e0s diversas necessidades de nossos clientes globais. Com sede na It\u00e1lia, um centro de excel\u00eancia em engenharia, a FMP se consolidou como uma marca confi\u00e1vel na ind\u00fastria hidr\u00e1ulica, dedicada a fornecer produtos confi\u00e1veis, dur\u00e1veis \u200b\u200be inovadores que impulsionam empresas em todo o mundo.<\/p>\n<p>Nossa empresa une tradi\u00e7\u00f5es avan\u00e7adas de fabrica\u00e7\u00e3o com uma mentalidade progressista. Aproveitando nossa vasta experi\u00eancia em sistemas hidr\u00e1ulicos, a FMP se transformou em uma empresa moderna que se destaca em pesquisa, design e produ\u00e7\u00e3o. Oferecemos uma gama completa de cilindros hidr\u00e1ulicos, incluindo cilindros de dupla a\u00e7\u00e3o, cilindros de eleva\u00e7\u00e3o automotiva, cilindros para m\u00e1quinas agr\u00edcolas e solu\u00e7\u00f5es personalizadas para diversas aplica\u00e7\u00f5es industriais. Seja para constru\u00e7\u00e3o, instala\u00e7\u00f5es industriais, agricultura ou m\u00e1quinas pesadas, nossos cilindros hidr\u00e1ulicos s\u00e3o projetados para operar nas condi\u00e7\u00f5es mais exigentes, garantindo seguran\u00e7a, efici\u00eancia e durabilidade.<\/p>\n<p>Na FMP, orgulhamo-nos de nossas instala\u00e7\u00f5es de produ\u00e7\u00e3o de ponta, equipadas com m\u00e1quinas de precis\u00e3o e sistemas de teste avan\u00e7ados. Nossos processos de fabrica\u00e7\u00e3o atendem a rigorosos padr\u00f5es nacionais e internacionais, garantindo que cada cilindro hidr\u00e1ulico produzido atenda aos mais altos padr\u00f5es de qualidade e confiabilidade. Nossa equipe t\u00e9cnica qualificada, aliada a equipamentos avan\u00e7ados, nos permite manter um rigoroso controle de qualidade em todas as etapas da produ\u00e7\u00e3o \u2014 desde a sele\u00e7\u00e3o da mat\u00e9ria-prima at\u00e9 a inspe\u00e7\u00e3o final. Esse compromisso com a excel\u00eancia nos rendeu certifica\u00e7\u00f5es e reconhecimentos de autoridades do setor, refor\u00e7ando nossa reputa\u00e7\u00e3o como um parceiro confi\u00e1vel.<\/p>\n<p><img loading=\"lazy\" decoding=\"async\" class=\"alignnone size-full wp-image-6720\" src=\"https:\/\/fmp-components.com\/wp-content\/uploads\/2025\/03\/hydraulic-cylinder-8.webp\" alt=\"Cilindros Hidr\u00e1ulicos Telesc\u00f3picos\" width=\"933\" height=\"526\" title=\"\" srcset=\"https:\/\/fmp-components.com\/wp-content\/uploads\/2025\/03\/hydraulic-cylinder-8.webp 933w, https:\/\/fmp-components.com\/wp-content\/uploads\/2025\/03\/hydraulic-cylinder-8-480x271.webp 480w\" sizes=\"(min-width: 0px) and (max-width: 480px) 480px, (min-width: 481px) 933px, 100vw\" \/><\/p>\n<p>Nossa miss\u00e3o \u00e9 simples, por\u00e9m ambiciosa: fornecer aos nossos clientes cilindros hidr\u00e1ulicos que superem as expectativas em desempenho, durabilidade e valor. Atuamos com base em profissionalismo, integridade e foco no cliente. Promovendo uma cultura de inova\u00e7\u00e3o e precis\u00e3o, aprimoramos continuamente nossos produtos para manter uma vantagem competitiva no mercado. Nossa ampla gama de produtos e a capacidade de oferecer solu\u00e7\u00f5es personalizadas nos tornam a escolha preferida para empresas que buscam cilindros hidr\u00e1ulicos de alto desempenho.<\/p>\n<p>A FMP \u00e9 mais do que apenas um fabricante; somos um parceiro para o seu sucesso. Reconhecemos que nossos clientes dependem de n\u00f3s para fornecer ferramentas que aumentam sua produtividade e seguran\u00e7a. Por isso, estamos comprometidos em fornecer n\u00e3o apenas produtos de alta qualidade, mas tamb\u00e9m um servi\u00e7o excepcional. Da consulta inicial ao suporte p\u00f3s-venda, colaboramos estreitamente com nossos clientes para garantir que suas necessidades sejam atendidas com profissionalismo e cuidado. Nossos pre\u00e7os competitivos, combinados com nosso compromisso inabal\u00e1vel com a qualidade, posicionam a FMP como a escolha inteligente para empresas que buscam investir em solu\u00e7\u00f5es hidr\u00e1ulicas confi\u00e1veis.<\/p>","protected":false},"excerpt":{"rendered":"<p>Factory 5 Stage Telescopic Hydraulic Cylinder Multistage Hydraulic Cylinder Introducing the 5 Stage Telescopic hydraulic cylinder From FMP, a Italian Factory renowned for its high-quality hydraulic cylinders. Crafted to perfection, this multistage hydraulic cylinder offers unparalleled efficiency and performance in various industries such as machinery repair shops, farms, energy &amp; mining, machinery manufacturing, and machinery [&hellip;]<\/p>","protected":false},"featured_media":6688,"comment_status":"closed","ping_status":"closed","template":"","meta":{"_et_pb_use_builder":"","_et_pb_old_content":"","_et_gb_content_width":""},"product_brand":[],"product_cat":[103],"product_tag":[34,105],"class_list":{"0":"post-6523","1":"product","2":"type-product","3":"status-publish","4":"has-post-thumbnail","6":"product_cat-telescopic-hydraulic-cylinders","7":"product_tag-hydraulic-cylinder","8":"product_tag-telescopic-hydraulic-cylinders","10":"first","11":"instock","12":"product-type-simple"},"_links":{"self":[{"href":"https:\/\/fmp-components.com\/pt\/wp-json\/wp\/v2\/product\/6523","targetHints":{"allow":["GET"]}}],"collection":[{"href":"https:\/\/fmp-components.com\/pt\/wp-json\/wp\/v2\/product"}],"about":[{"href":"https:\/\/fmp-components.com\/pt\/wp-json\/wp\/v2\/types\/product"}],"replies":[{"embeddable":true,"href":"https:\/\/fmp-components.com\/pt\/wp-json\/wp\/v2\/comments?post=6523"}],"wp:featuredmedia":[{"embeddable":true,"href":"https:\/\/fmp-components.com\/pt\/wp-json\/wp\/v2\/media\/6688"}],"wp:attachment":[{"href":"https:\/\/fmp-components.com\/pt\/wp-json\/wp\/v2\/media?parent=6523"}],"wp:term":[{"taxonomy":"product_brand","embeddable":true,"href":"https:\/\/fmp-components.com\/pt\/wp-json\/wp\/v2\/product_brand?post=6523"},{"taxonomy":"product_cat","embeddable":true,"href":"https:\/\/fmp-components.com\/pt\/wp-json\/wp\/v2\/product_cat?post=6523"},{"taxonomy":"product_tag","embeddable":true,"href":"https:\/\/fmp-components.com\/pt\/wp-json\/wp\/v2\/product_tag?post=6523"}],"curies":[{"name":"wp","href":"https:\/\/api.w.org\/{rel}","templated":true}]}}