{"id":6520,"date":"2025-03-11T06:26:57","date_gmt":"2025-03-11T06:26:57","guid":{"rendered":"https:\/\/fmp-components.com\/product\/durable-hydraulic-cylinders-5-stage-telescopic-hydraulic-cylinder-for-sale"},"modified":"2025-03-12T01:16:29","modified_gmt":"2025-03-12T01:16:29","slug":"durable-hydraulic-cylinders-5-stage-telescopic-hydraulic-cylinder-for-sale","status":"publish","type":"product","link":"https:\/\/fmp-components.com\/pt\/product\/durable-hydraulic-cylinders-5-stage-telescopic-hydraulic-cylinder-for-sale\/","title":{"rendered":"Cilindros hidr\u00e1ulicos dur\u00e1veis, cilindro hidr\u00e1ulico telesc\u00f3pico de 5 est\u00e1gios para venda"},"content":{"rendered":"<h2>Cilindros hidr\u00e1ulicos dur\u00e1veis, cilindro hidr\u00e1ulico telesc\u00f3pico de 5 est\u00e1gios para venda<\/h2>\n<p>Descubra a pot\u00eancia dos nossos Cilindros Hidr\u00e1ulicos Dur\u00e1veis, um Cilindro Hidr\u00e1ulico Telesc\u00f3pico de 5 Est\u00e1gios, agora dispon\u00edvel para venda. Esta nova unidade foi projetada para aprimorar o desempenho em diversos setores, incluindo oficinas de reparo de m\u00e1quinas, fazendas, energia e minera\u00e7\u00e3o, fabrica\u00e7\u00e3o de m\u00e1quinas e f\u00e1bricas de m\u00e1quinas.<\/p>\n<h2>Caracter\u00edsticas e funcionalidades do produto<\/h2>\n<p>Nosso cilindro hidr\u00e1ulico possui uma estrutura padr\u00e3o com corpo em a\u00e7o, garantindo durabilidade e uso a longo prazo. O cilindro hidr\u00e1ulico multiest\u00e1gios possui um empuxo m\u00e1ximo de 3000 e uma tra\u00e7\u00e3o m\u00e1xima de 20 toneladas, o que demonstra sua alta efici\u00eancia e confiabilidade na gera\u00e7\u00e3o de energia. Esta impressionante unidade possui certifica\u00e7\u00e3o ISO9001:2000, garantindo seus padr\u00f5es de qualidade e seguran\u00e7a.<\/p>\n<h3>Especifica\u00e7\u00f5es t\u00e9cnicas<\/h3>\n<p>Nosso cilindro hidr\u00e1ulico possui di\u00e2metro interno de 2 a 6 polegadas, haste de 1,125 a 4 polegadas, curso de 4 a 100 polegadas e pino de 0,5 a 2 polegadas. Est\u00e1 dispon\u00edvel na cor preta e pesa aproximadamente 42 kg.<\/p>\n<table style=\"width: 98.2317%;\" border=\"\">\n<tbody>\n<tr>\n<td style=\"width: 42.9379%;\"><i>Tamanho do furo<\/i><\/td>\n<td style=\"width: 464.972%;\">2-6 polegadas<\/td>\n<\/tr>\n<tr>\n<td style=\"width: 42.9379%;\"><i>Tamanho da haste<\/i><\/td>\n<td style=\"width: 464.972%;\">1,125-4 polegadas<\/td>\n<\/tr>\n<tr>\n<td style=\"width: 42.9379%;\"><i>Tamanho do tra\u00e7o<\/i><\/td>\n<td style=\"width: 464.972%;\">4-100 polegadas<\/td>\n<\/tr>\n<tr>\n<td style=\"width: 42.9379%;\"><i>Tamanho do pino<\/i><\/td>\n<td style=\"width: 464.972%;\">0,5-2 polegadas<\/td>\n<\/tr>\n<tr>\n<td style=\"width: 42.9379%;\"><i>Portos<\/i><\/td>\n<td style=\"width: 464.972%;\">G\/SAE\/NPT\/M<\/td>\n<\/tr>\n<\/tbody>\n<\/table>\n<h3>Pontos de venda exclusivos<\/h3>\n<ul>\n<li>Efici\u00eancia energ\u00e9tica: Nosso cilindro hidr\u00e1ulico foi projetado para reduzir o consumo de energia, tornando-o uma escolha sustent\u00e1vel para as necessidades do seu maquin\u00e1rio.<\/li>\n<li>Alta Efici\u00eancia: Com sua alta capacidade de empuxo e tra\u00e7\u00e3o, este cilindro hidr\u00e1ulico garante m\u00e1xima produtividade e efici\u00eancia em suas opera\u00e7\u00f5es.<\/li>\n<li>Seguran\u00e7a: Nosso cilindro hidr\u00e1ulico \u00e9 certificado pela ISO9001:2000, garantindo os mais altos padr\u00f5es de seguran\u00e7a em seu desempenho.<\/li>\n<\/ul>\n<p><img loading=\"lazy\" decoding=\"async\" class=\"alignnone  wp-image-6658\" src=\"https:\/\/fmp-components.com\/wp-content\/uploads\/2025\/03\/telescopic-hydraulic-cylinder-6.webp\" alt=\"cilindro hidr\u00e1ulico telesc\u00f3pico\" width=\"935\" height=\"935\" title=\"\" srcset=\"https:\/\/fmp-components.com\/wp-content\/uploads\/2025\/03\/telescopic-hydraulic-cylinder-6.webp 935w, https:\/\/fmp-components.com\/wp-content\/uploads\/2025\/03\/telescopic-hydraulic-cylinder-6-480x480.webp 480w\" sizes=\"(min-width: 0px) and (max-width: 480px) 480px, (min-width: 481px) 935px, 100vw\" \/><\/p>\n<h2>Compreendendo os sistemas hidr\u00e1ulicos e seu princ\u00edpio de funcionamento<\/h2>\n<p>Os sistemas hidr\u00e1ulicos desempenham um papel crucial em diversos setores devido \u00e0 sua capacidade de gerar grandes quantidades de energia e controlar m\u00e1quinas. Cilindros hidr\u00e1ulicos, como os nossos, convertem energia hidr\u00e1ulica em energia mec\u00e2nica, resultando em movimentos potentes e controlados.<\/p>\n<h2>Cilindros Hidr\u00e1ulicos e Unidades de Pot\u00eancia<\/h2>\n<p>O cilindro hidr\u00e1ulico e a unidade de pot\u00eancia s\u00e3o componentes indispens\u00e1veis \u200b\u200bem um sistema hidr\u00e1ulico. Eles trabalham juntos para garantir a ampla aplica\u00e7\u00e3o da tecnologia hidr\u00e1ulica no setor industrial. O cilindro hidr\u00e1ulico, como atuador, \u00e9 respons\u00e1vel por converter energia hidr\u00e1ulica em movimento mec\u00e2nico, transformando press\u00e3o em for\u00e7a. A unidade de pot\u00eancia \u00e9 o n\u00facleo que fornece a energia e os sinais de controle necess\u00e1rios ao sistema hidr\u00e1ulico. A coopera\u00e7\u00e3o coordenada entre os dois permite a opera\u00e7\u00e3o normal do sistema hidr\u00e1ulico. A FMP tamb\u00e9m fornece unidades de pot\u00eancia para venda.<\/p>\n<p><img loading=\"lazy\" decoding=\"async\" class=\"alignnone  wp-image-6659\" src=\"https:\/\/fmp-components.com\/wp-content\/uploads\/2025\/03\/telescopic-hydraulic-cylinder-12.webp\" alt=\"cilindro hidr\u00e1ulico telesc\u00f3pico\" width=\"921\" height=\"921\" title=\"\" srcset=\"https:\/\/fmp-components.com\/wp-content\/uploads\/2025\/03\/telescopic-hydraulic-cylinder-12.webp 921w, https:\/\/fmp-components.com\/wp-content\/uploads\/2025\/03\/telescopic-hydraulic-cylinder-12-480x480.webp 480w\" sizes=\"(min-width: 0px) and (max-width: 480px) 480px, (min-width: 481px) 921px, 100vw\" \/><\/p>\n<h2>Perguntas frequentes<\/h2>\n<p>P: Voc\u00ea \u00e9 uma empresa comercial ou um fabricante?<br \/>\nR: Somos uma f\u00e1brica.<br \/>\nP: Quanto tempo demora a entrega?<br \/>\nR: Geralmente s\u00e3o de 25 a 35 dias.<br \/>\nP: Voc\u00eas fornecem amostras? \u00c9 gr\u00e1tis ou extra?<br \/>\nR: Sim, podemos oferecer a amostra, mas n\u00e3o \u00e9 gr\u00e1tis.<\/p>\n<h3>Sobre a FMP<\/h3>\n<p>A FMP \u00e9 uma fabricante italiana de renome, reconhecida por sua expertise em projeto, desenvolvimento e produ\u00e7\u00e3o de cilindros hidr\u00e1ulicos de alta qualidade. Com um rico legado constru\u00eddo ao longo de d\u00e9cadas, combinamos o artesanato tradicional italiano com tecnologia de ponta para criar solu\u00e7\u00f5es hidr\u00e1ulicas excepcionais que atendem \u00e0s diversas necessidades de nossos clientes globais. Com sede na It\u00e1lia, um centro de excel\u00eancia em engenharia, a FMP se consolidou como uma marca confi\u00e1vel na ind\u00fastria hidr\u00e1ulica, dedicada a fornecer produtos confi\u00e1veis, dur\u00e1veis \u200b\u200be inovadores que impulsionam empresas em todo o mundo.<\/p>\n<p>Nossa empresa une tradi\u00e7\u00f5es avan\u00e7adas de fabrica\u00e7\u00e3o com uma mentalidade progressista. Aproveitando nossa vasta experi\u00eancia em sistemas hidr\u00e1ulicos, a FMP se transformou em uma empresa moderna que se destaca em pesquisa, design e produ\u00e7\u00e3o. Oferecemos uma gama completa de cilindros hidr\u00e1ulicos, incluindo cilindros de dupla a\u00e7\u00e3o, cilindros de eleva\u00e7\u00e3o automotiva, cilindros para m\u00e1quinas agr\u00edcolas e solu\u00e7\u00f5es personalizadas para diversas aplica\u00e7\u00f5es industriais. Seja para constru\u00e7\u00e3o, instala\u00e7\u00f5es industriais, agricultura ou m\u00e1quinas pesadas, nossos cilindros hidr\u00e1ulicos s\u00e3o projetados para operar nas condi\u00e7\u00f5es mais exigentes, garantindo seguran\u00e7a, efici\u00eancia e durabilidade.<\/p>\n<p>Na FMP, orgulhamo-nos de nossas instala\u00e7\u00f5es de produ\u00e7\u00e3o de ponta, equipadas com m\u00e1quinas de precis\u00e3o e sistemas de teste avan\u00e7ados. Nossos processos de fabrica\u00e7\u00e3o atendem a rigorosos padr\u00f5es nacionais e internacionais, garantindo que cada cilindro hidr\u00e1ulico produzido atenda aos mais altos padr\u00f5es de qualidade e confiabilidade. Nossa equipe t\u00e9cnica qualificada, aliada a equipamentos avan\u00e7ados, nos permite manter um rigoroso controle de qualidade em todas as etapas da produ\u00e7\u00e3o \u2014 desde a sele\u00e7\u00e3o da mat\u00e9ria-prima at\u00e9 a inspe\u00e7\u00e3o final. Esse compromisso com a excel\u00eancia nos rendeu certifica\u00e7\u00f5es e reconhecimentos de autoridades do setor, refor\u00e7ando nossa reputa\u00e7\u00e3o como um parceiro confi\u00e1vel.<\/p>\n<p><img loading=\"lazy\" decoding=\"async\" class=\"alignnone size-full wp-image-6720\" src=\"https:\/\/fmp-components.com\/wp-content\/uploads\/2025\/03\/hydraulic-cylinder-8.webp\" alt=\"Cilindros Hidr\u00e1ulicos Telesc\u00f3picos\" width=\"933\" height=\"526\" title=\"\" srcset=\"https:\/\/fmp-components.com\/wp-content\/uploads\/2025\/03\/hydraulic-cylinder-8.webp 933w, https:\/\/fmp-components.com\/wp-content\/uploads\/2025\/03\/hydraulic-cylinder-8-480x271.webp 480w\" sizes=\"(min-width: 0px) and (max-width: 480px) 480px, (min-width: 481px) 933px, 100vw\" \/><\/p>\n<p>Nossa miss\u00e3o \u00e9 simples, por\u00e9m ambiciosa: fornecer aos nossos clientes cilindros hidr\u00e1ulicos que superem as expectativas em desempenho, durabilidade e valor. Atuamos com base em profissionalismo, integridade e foco no cliente. Promovendo uma cultura de inova\u00e7\u00e3o e precis\u00e3o, aprimoramos continuamente nossos produtos para manter uma vantagem competitiva no mercado. Nossa ampla gama de produtos e a capacidade de oferecer solu\u00e7\u00f5es personalizadas nos tornam a escolha preferida para empresas que buscam cilindros hidr\u00e1ulicos de alto desempenho.<\/p>\n<p>A FMP \u00e9 mais do que apenas um fabricante; somos um parceiro para o seu sucesso. Reconhecemos que nossos clientes dependem de n\u00f3s para fornecer ferramentas que aumentam sua produtividade e seguran\u00e7a. Por isso, estamos comprometidos em fornecer n\u00e3o apenas produtos de alta qualidade, mas tamb\u00e9m um servi\u00e7o excepcional. Da consulta inicial ao suporte p\u00f3s-venda, colaboramos estreitamente com nossos clientes para garantir que suas necessidades sejam atendidas com profissionalismo e cuidado. Nossos pre\u00e7os competitivos, combinados com nosso compromisso inabal\u00e1vel com a qualidade, posicionam a FMP como a escolha inteligente para empresas que buscam investir em solu\u00e7\u00f5es hidr\u00e1ulicas confi\u00e1veis.<\/p>","protected":false},"excerpt":{"rendered":"<p>Durable Hydraulic Cylinders 5 Stage Telescopic Hydraulic Cylinder For Sale Discover the power of our Durable Hydraulic Cylinders, a 5 Stage Telescopic Hydraulic Cylinder, now available for sale. This brand-new unit is designed to enhance performance across a variety of industries, including machinery repair shops, farms, energy and mining, machinery manufacturing, and machinery factories. Product [&hellip;]<\/p>","protected":false},"featured_media":6691,"comment_status":"closed","ping_status":"closed","template":"","meta":{"_et_pb_use_builder":"","_et_pb_old_content":"","_et_gb_content_width":""},"product_brand":[],"product_cat":[103],"product_tag":[34,105],"class_list":{"0":"post-6520","1":"product","2":"type-product","3":"status-publish","4":"has-post-thumbnail","6":"product_cat-telescopic-hydraulic-cylinders","7":"product_tag-hydraulic-cylinder","8":"product_tag-telescopic-hydraulic-cylinders","10":"first","11":"instock","12":"product-type-simple"},"_links":{"self":[{"href":"https:\/\/fmp-components.com\/pt\/wp-json\/wp\/v2\/product\/6520","targetHints":{"allow":["GET"]}}],"collection":[{"href":"https:\/\/fmp-components.com\/pt\/wp-json\/wp\/v2\/product"}],"about":[{"href":"https:\/\/fmp-components.com\/pt\/wp-json\/wp\/v2\/types\/product"}],"replies":[{"embeddable":true,"href":"https:\/\/fmp-components.com\/pt\/wp-json\/wp\/v2\/comments?post=6520"}],"wp:featuredmedia":[{"embeddable":true,"href":"https:\/\/fmp-components.com\/pt\/wp-json\/wp\/v2\/media\/6691"}],"wp:attachment":[{"href":"https:\/\/fmp-components.com\/pt\/wp-json\/wp\/v2\/media?parent=6520"}],"wp:term":[{"taxonomy":"product_brand","embeddable":true,"href":"https:\/\/fmp-components.com\/pt\/wp-json\/wp\/v2\/product_brand?post=6520"},{"taxonomy":"product_cat","embeddable":true,"href":"https:\/\/fmp-components.com\/pt\/wp-json\/wp\/v2\/product_cat?post=6520"},{"taxonomy":"product_tag","embeddable":true,"href":"https:\/\/fmp-components.com\/pt\/wp-json\/wp\/v2\/product_tag?post=6520"}],"curies":[{"name":"wp","href":"https:\/\/api.w.org\/{rel}","templated":true}]}}