{"id":6519,"date":"2025-03-11T06:26:57","date_gmt":"2025-03-11T06:26:57","guid":{"rendered":"https:\/\/fmp-components.com\/product\/quality-manufacturing-small-dump-truck-telescopic-hydraulic-cylinder-for-sale"},"modified":"2025-03-12T01:20:27","modified_gmt":"2025-03-12T01:20:27","slug":"quality-manufacturing-small-dump-truck-telescopic-hydraulic-cylinder-for-sale","status":"publish","type":"product","link":"https:\/\/fmp-components.com\/pt\/product\/quality-manufacturing-small-dump-truck-telescopic-hydraulic-cylinder-for-sale\/","title":{"rendered":"Cilindro hidr\u00e1ulico telesc\u00f3pico de alta qualidade para caminh\u00e3o basculante de pequeno porte \u00e0 venda."},"content":{"rendered":"<h2>Cilindro hidr\u00e1ulico telesc\u00f3pico de alta qualidade para caminh\u00e3o basculante de pequeno porte \u00e0 venda.<\/h2>\n<p>Apresentamos nosso cilindro hidr\u00e1ulico telesc\u00f3pico para caminh\u00f5es basculantes de pequeno porte, fabricado com t\u00e9cnicas de produ\u00e7\u00e3o de ponta. Este produto \u00e9 um divisor de \u00e1guas no setor, oferecendo um ano de garantia e sendo entregue em perfeitas condi\u00e7\u00f5es. Sua qualidade \u00e9 garantida pela certifica\u00e7\u00e3o ISO 9001:2000.<\/p>\n<h3>Caracter\u00edsticas do produto<\/h3>\n<p>Nosso produto \u00e9 um cilindro hidr\u00e1ulico multiest\u00e1gios que oferece um impressionante empuxo m\u00e1ximo de 3000 e uma for\u00e7a de tra\u00e7\u00e3o m\u00e1xima de 20 toneladas. Sua estrutura padr\u00e3o consiste em um cilindro de pist\u00e3o, acionado hidraulicamente e fabricado em a\u00e7o resistente.<\/p>\n<h3>Par\u00e2metros t\u00e9cnicos<\/h3>\n<table style=\"width: 101.206%;\" border=\"\">\n<tbody>\n<tr>\n<th style=\"width: 16.9576%;\">Tamanho do furo<\/th>\n<th style=\"width: 20.4489%;\">Tamanho da haste<\/th>\n<th style=\"width: 19.9501%;\">Tamanho do tra\u00e7o<\/th>\n<th style=\"width: 16.4589%;\">Tamanho do pino<\/th>\n<th style=\"width: 156.608%;\">Portos<\/th>\n<\/tr>\n<tr>\n<td style=\"width: 16.9576%;\">2-6 polegadas<\/td>\n<td style=\"width: 20.4489%;\">1,125-4 polegadas<\/td>\n<td style=\"width: 19.9501%;\">4-100 polegadas<\/td>\n<td style=\"width: 16.4589%;\">0,5-2 polegadas<\/td>\n<td style=\"width: 156.608%;\">G\/SAE\/NPT\/M<\/td>\n<\/tr>\n<\/tbody>\n<\/table>\n<h3>Vantagens \u00danicas<\/h3>\n<p>Nossos cilindros hidr\u00e1ulicos se destacam por diversas vantagens exclusivas, incluindo excepcional efici\u00eancia energ\u00e9tica, alto desempenho e recursos de seguran\u00e7a robustos. Projetados para minimizar o consumo de energia e maximizar a produ\u00e7\u00e3o, esses cilindros s\u00e3o n\u00e3o apenas econ\u00f4micos, mas tamb\u00e9m ecologicamente corretos. Seu alto desempenho garante a execu\u00e7\u00e3o de tarefas exigentes com precis\u00e3o e pot\u00eancia, tornando-os adequados para uma ampla gama de aplica\u00e7\u00f5es industriais. A seguran\u00e7a \u00e9 uma considera\u00e7\u00e3o primordial em nosso processo de projeto; nossos cilindros hidr\u00e1ulicos s\u00e3o equipados com mecanismos de seguran\u00e7a avan\u00e7ados que previnem a sobrepressuriza\u00e7\u00e3o e proporcionam opera\u00e7\u00e3o confi\u00e1vel em condi\u00e7\u00f5es adversas. Essa combina\u00e7\u00e3o de confiabilidade e consist\u00eancia faz de nossos cilindros hidr\u00e1ulicos um componente essencial em diversos setores, incluindo oficinas de reparo de m\u00e1quinas, fazendas, energia e minera\u00e7\u00e3o, fabrica\u00e7\u00e3o de m\u00e1quinas e f\u00e1bricas de m\u00e1quinas.<\/p>\n<h3>Princ\u00edpio de funcionamento e aplica\u00e7\u00f5es<\/h3>\n<p>O cilindro hidr\u00e1ulico funciona convertendo energia hidr\u00e1ulica em movimento mec\u00e2nico, traduzindo efetivamente a press\u00e3o em for\u00e7a. Quando o fluido hidr\u00e1ulico \u00e9 bombeado para dentro do cilindro, ele cria press\u00e3o que move um pist\u00e3o interno. Esse movimento gera uma for\u00e7a linear que pode ser aproveitada para realizar diversas tarefas, tornando os cilindros hidr\u00e1ulicos essenciais em muitas aplica\u00e7\u00f5es. Por exemplo, eles s\u00e3o cruciais na opera\u00e7\u00e3o de pequenos caminh\u00f5es basculantes e outros ve\u00edculos pesados, onde facilitam os mecanismos de eleva\u00e7\u00e3o e inclina\u00e7\u00e3o. Al\u00e9m disso, sua capacidade de fornecer movimento controlado e potente \u00e9 inestim\u00e1vel na constru\u00e7\u00e3o civil, em m\u00e1quinas agr\u00edcolas e em equipamentos de movimenta\u00e7\u00e3o de materiais, onde precis\u00e3o e for\u00e7a s\u00e3o fundamentais.<\/p>\n<p><img loading=\"lazy\" decoding=\"async\" class=\"alignnone  wp-image-6661\" src=\"https:\/\/fmp-components.com\/wp-content\/uploads\/2025\/03\/telescopic-hydraulic-cylinder-10.webp\" alt=\"cilindro hidr\u00e1ulico telesc\u00f3pico\" width=\"911\" height=\"911\" title=\"\" srcset=\"https:\/\/fmp-components.com\/wp-content\/uploads\/2025\/03\/telescopic-hydraulic-cylinder-10.webp 911w, https:\/\/fmp-components.com\/wp-content\/uploads\/2025\/03\/telescopic-hydraulic-cylinder-10-480x480.webp 480w\" sizes=\"(min-width: 0px) and (max-width: 480px) 480px, (min-width: 481px) 911px, 100vw\" \/><\/p>\n<h2>Cilindros Hidr\u00e1ulicos e Unidades de Pot\u00eancia<\/h2>\n<p>Cilindros hidr\u00e1ulicos e unidades de pot\u00eancia s\u00e3o componentes indispens\u00e1veis \u200b\u200bde qualquer sistema hidr\u00e1ulico. Sua sinergia \u00e9 vital para a aplica\u00e7\u00e3o eficaz da tecnologia hidr\u00e1ulica em diversos setores industriais. O cilindro hidr\u00e1ulico funciona como atuador, convertendo energia hidr\u00e1ulica em movimento mec\u00e2nico, enquanto a unidade de pot\u00eancia atua como o cora\u00e7\u00e3o do sistema, fornecendo o fluido hidr\u00e1ulico e a press\u00e3o necess\u00e1rios para acionar o cilindro. Juntos, eles fornecem pot\u00eancia confi\u00e1vel e suporte de controle para uma ampla gama de equipamentos de engenharia e mec\u00e2nica.<\/p>\n<p>Na FMP, reconhecemos o papel fundamental que tanto os cilindros hidr\u00e1ulicos quanto as unidades de pot\u00eancia desempenham na otimiza\u00e7\u00e3o da efici\u00eancia operacional. Por isso, tamb\u00e9m oferecemos uma sele\u00e7\u00e3o de unidades de pot\u00eancia para venda, garantindo que voc\u00ea tenha acesso a uma solu\u00e7\u00e3o hidr\u00e1ulica completa. Nosso compromisso com a entrega de produtos de alta qualidade significa que voc\u00ea pode confiar em nossas solu\u00e7\u00f5es para aprimorar a confiabilidade e a efic\u00e1cia de suas opera\u00e7\u00f5es, independentemente do setor ou da aplica\u00e7\u00e3o espec\u00edfica.<\/p>\n<h2>Perguntas frequentes<\/h2>\n<p><b>P: Voc\u00ea \u00e9 uma empresa comercial ou fabricante?<\/b><br \/>\nR: Somos um fabricante.<\/p>\n<p><b>P: Quanto tempo demora a entrega?<\/b><br \/>\nR: Geralmente, s\u00e3o 25-35 dias.<\/p>\n<p><b>P: Voc\u00eas fornecem amostras?<\/b><br \/>\nR: Sim, oferecemos amostras, mas elas n\u00e3o s\u00e3o gratuitas.<\/p>\n<p><img loading=\"lazy\" decoding=\"async\" class=\"alignnone size-full wp-image-6660\" src=\"https:\/\/fmp-components.com\/wp-content\/uploads\/2025\/03\/hydraulic-cylinder-workshop-4.webp\" alt=\"cilindro hidr\u00e1ulico telesc\u00f3pico\" width=\"914\" height=\"733\" title=\"\" srcset=\"https:\/\/fmp-components.com\/wp-content\/uploads\/2025\/03\/hydraulic-cylinder-workshop-4.webp 914w, https:\/\/fmp-components.com\/wp-content\/uploads\/2025\/03\/hydraulic-cylinder-workshop-4-480x385.webp 480w\" sizes=\"(min-width: 0px) and (max-width: 480px) 480px, (min-width: 481px) 914px, 100vw\" \/><\/p>\n<h3>Sobre a FMP<\/h3>\n<p>A FMP \u00e9 uma fabricante italiana de renome, reconhecida por sua expertise em projeto, desenvolvimento e produ\u00e7\u00e3o de cilindros hidr\u00e1ulicos de alta qualidade. Com um rico legado constru\u00eddo ao longo de d\u00e9cadas, combinamos o artesanato tradicional italiano com tecnologia de ponta para criar solu\u00e7\u00f5es hidr\u00e1ulicas excepcionais que atendem \u00e0s diversas necessidades de nossos clientes globais. Com sede na It\u00e1lia, um centro de excel\u00eancia em engenharia, a FMP se consolidou como uma marca confi\u00e1vel na ind\u00fastria hidr\u00e1ulica, dedicada a fornecer produtos confi\u00e1veis, dur\u00e1veis \u200b\u200be inovadores que impulsionam empresas em todo o mundo.<\/p>\n<p>Nossa empresa une tradi\u00e7\u00f5es avan\u00e7adas de fabrica\u00e7\u00e3o com uma mentalidade progressista. Aproveitando nossa vasta experi\u00eancia em sistemas hidr\u00e1ulicos, a FMP se transformou em uma empresa moderna que se destaca em pesquisa, design e produ\u00e7\u00e3o. Oferecemos uma gama completa de cilindros hidr\u00e1ulicos, incluindo cilindros de dupla a\u00e7\u00e3o, cilindros de eleva\u00e7\u00e3o automotiva, cilindros para m\u00e1quinas agr\u00edcolas e solu\u00e7\u00f5es personalizadas para diversas aplica\u00e7\u00f5es industriais. Seja para constru\u00e7\u00e3o, instala\u00e7\u00f5es industriais, agricultura ou m\u00e1quinas pesadas, nossos cilindros hidr\u00e1ulicos s\u00e3o projetados para operar nas condi\u00e7\u00f5es mais exigentes, garantindo seguran\u00e7a, efici\u00eancia e durabilidade.<\/p>\n<p>Na FMP, orgulhamo-nos de nossas instala\u00e7\u00f5es de produ\u00e7\u00e3o de ponta, equipadas com m\u00e1quinas de precis\u00e3o e sistemas de teste avan\u00e7ados. Nossos processos de fabrica\u00e7\u00e3o atendem a rigorosos padr\u00f5es nacionais e internacionais, garantindo que cada cilindro hidr\u00e1ulico produzido atenda aos mais altos padr\u00f5es de qualidade e confiabilidade. Nossa equipe t\u00e9cnica qualificada, aliada a equipamentos avan\u00e7ados, nos permite manter um rigoroso controle de qualidade em todas as etapas da produ\u00e7\u00e3o \u2014 desde a sele\u00e7\u00e3o da mat\u00e9ria-prima at\u00e9 a inspe\u00e7\u00e3o final. Esse compromisso com a excel\u00eancia nos rendeu certifica\u00e7\u00f5es e reconhecimentos de autoridades do setor, refor\u00e7ando nossa reputa\u00e7\u00e3o como um parceiro confi\u00e1vel.<\/p>\n<p><img loading=\"lazy\" decoding=\"async\" class=\"alignnone size-full wp-image-6720\" src=\"https:\/\/fmp-components.com\/wp-content\/uploads\/2025\/03\/hydraulic-cylinder-8.webp\" alt=\"Cilindros Hidr\u00e1ulicos Telesc\u00f3picos\" width=\"933\" height=\"526\" title=\"\" srcset=\"https:\/\/fmp-components.com\/wp-content\/uploads\/2025\/03\/hydraulic-cylinder-8.webp 933w, https:\/\/fmp-components.com\/wp-content\/uploads\/2025\/03\/hydraulic-cylinder-8-480x271.webp 480w\" sizes=\"(min-width: 0px) and (max-width: 480px) 480px, (min-width: 481px) 933px, 100vw\" \/><\/p>\n<p>Nossa miss\u00e3o \u00e9 simples, por\u00e9m ambiciosa: fornecer aos nossos clientes cilindros hidr\u00e1ulicos que superem as expectativas em desempenho, durabilidade e valor. Atuamos com base em profissionalismo, integridade e foco no cliente. Promovendo uma cultura de inova\u00e7\u00e3o e precis\u00e3o, aprimoramos continuamente nossos produtos para manter uma vantagem competitiva no mercado. Nossa ampla gama de produtos e a capacidade de oferecer solu\u00e7\u00f5es personalizadas nos tornam a escolha preferida para empresas que buscam cilindros hidr\u00e1ulicos de alto desempenho.<\/p>\n<p>A FMP \u00e9 mais do que apenas um fabricante; somos um parceiro para o seu sucesso. Reconhecemos que nossos clientes dependem de n\u00f3s para fornecer ferramentas que aumentam sua produtividade e seguran\u00e7a. Por isso, estamos comprometidos em fornecer n\u00e3o apenas produtos de alta qualidade, mas tamb\u00e9m um servi\u00e7o excepcional. Da consulta inicial ao suporte p\u00f3s-venda, colaboramos estreitamente com nossos clientes para garantir que suas necessidades sejam atendidas com profissionalismo e cuidado. Nossos pre\u00e7os competitivos, combinados com nosso compromisso inabal\u00e1vel com a qualidade, posicionam a FMP como a escolha inteligente para empresas que buscam investir em solu\u00e7\u00f5es hidr\u00e1ulicas confi\u00e1veis.<\/p>","protected":false},"excerpt":{"rendered":"<p>Quality Manufacturing Small Dump Truck Telescopic Hydraulic Cylinder For Sale Introducing our top-quality small dump truck telescopic hydraulic cylinder, made with supreme manufacturing techniques. This product is a game-changer in the industry, offering a one-year warranty and a new condition. Its quality is guaranteed by ISO9001:2000 certification. Product Features Our product is a multistage hydraulic [&hellip;]<\/p>","protected":false},"featured_media":6692,"comment_status":"closed","ping_status":"closed","template":"","meta":{"_et_pb_use_builder":"","_et_pb_old_content":"","_et_gb_content_width":""},"product_brand":[],"product_cat":[103],"product_tag":[34,105],"class_list":{"0":"post-6519","1":"product","2":"type-product","3":"status-publish","4":"has-post-thumbnail","6":"product_cat-telescopic-hydraulic-cylinders","7":"product_tag-hydraulic-cylinder","8":"product_tag-telescopic-hydraulic-cylinders","10":"first","11":"instock","12":"product-type-simple"},"_links":{"self":[{"href":"https:\/\/fmp-components.com\/pt\/wp-json\/wp\/v2\/product\/6519","targetHints":{"allow":["GET"]}}],"collection":[{"href":"https:\/\/fmp-components.com\/pt\/wp-json\/wp\/v2\/product"}],"about":[{"href":"https:\/\/fmp-components.com\/pt\/wp-json\/wp\/v2\/types\/product"}],"replies":[{"embeddable":true,"href":"https:\/\/fmp-components.com\/pt\/wp-json\/wp\/v2\/comments?post=6519"}],"wp:featuredmedia":[{"embeddable":true,"href":"https:\/\/fmp-components.com\/pt\/wp-json\/wp\/v2\/media\/6692"}],"wp:attachment":[{"href":"https:\/\/fmp-components.com\/pt\/wp-json\/wp\/v2\/media?parent=6519"}],"wp:term":[{"taxonomy":"product_brand","embeddable":true,"href":"https:\/\/fmp-components.com\/pt\/wp-json\/wp\/v2\/product_brand?post=6519"},{"taxonomy":"product_cat","embeddable":true,"href":"https:\/\/fmp-components.com\/pt\/wp-json\/wp\/v2\/product_cat?post=6519"},{"taxonomy":"product_tag","embeddable":true,"href":"https:\/\/fmp-components.com\/pt\/wp-json\/wp\/v2\/product_tag?post=6519"}],"curies":[{"name":"wp","href":"https:\/\/api.w.org\/{rel}","templated":true}]}}