{"id":6517,"date":"2025-03-11T06:26:57","date_gmt":"2025-03-11T06:26:57","guid":{"rendered":"https:\/\/fmp-components.com\/product\/factory-serving-small-dump-truck-hydraulic-hoist-cylinder-multistage-hydraulic-cylinder"},"modified":"2025-03-12T01:35:55","modified_gmt":"2025-03-12T01:35:55","slug":"factory-serving-small-dump-truck-hydraulic-hoist-cylinder-multistage-hydraulic-cylinder","status":"publish","type":"product","link":"https:\/\/fmp-components.com\/pt\/product\/factory-serving-small-dump-truck-hydraulic-hoist-cylinder-multistage-hydraulic-cylinder\/","title":{"rendered":"F\u00e1brica que atende pequenos caminh\u00f5es basculantes Cilindro hidr\u00e1ulico de eleva\u00e7\u00e3o Cilindro hidr\u00e1ulico multiest\u00e1gio"},"content":{"rendered":"<h2>F\u00e1brica que atende pequenos caminh\u00f5es basculantes Cilindro hidr\u00e1ulico de eleva\u00e7\u00e3o Cilindro hidr\u00e1ulico multiest\u00e1gio<\/h2>\n<p>Apresentamos nosso nov\u00edssimo Cilindro Hidr\u00e1ulico Multiest\u00e1gios para Caminh\u00f5es Basculantes Pequenos, dispon\u00edvel em f\u00e1brica, uma solu\u00e7\u00e3o de ponta projetada para atender \u00e0s suas necessidades de maquin\u00e1rio. Constru\u00eddo com materiais da mais alta qualidade e projetado para desempenho superior, este cilindro hidr\u00e1ulico \u00e9 a escolha certa para uma ampla gama de aplica\u00e7\u00f5es.<\/p>\n<h3>Caracter\u00edsticas e import\u00e2ncia do produto<\/h3>\n<p>Nosso cilindro hidr\u00e1ulico multiest\u00e1gio foi projetado para caminh\u00f5es basculantes de pequeno porte e atua como um guincho hidr\u00e1ulico robusto e confi\u00e1vel. Ele desempenha um papel crucial na eleva\u00e7\u00e3o e movimenta\u00e7\u00e3o de cargas pesadas, aumentando assim a produtividade e a efici\u00eancia em diversos setores, como oficinas mec\u00e2nicas, fazendas, energia e minera\u00e7\u00e3o, fabrica\u00e7\u00e3o de m\u00e1quinas e f\u00e1bricas de m\u00e1quinas.<\/p>\n<h3>Especifica\u00e7\u00f5es t\u00e9cnicas<\/h3>\n<p>Nosso cilindro hidr\u00e1ulico de eleva\u00e7\u00e3o \u00e9 fabricado com especifica\u00e7\u00f5es detalhadas que garantem desempenho e durabilidade ideais.<\/p>\n<table style=\"width: 101.27%;\" border=\"\">\n<tbody>\n<tr>\n<td style=\"width: 42.9379%;\"><i>Tamanho do furo<\/i><\/td>\n<td style=\"width: 480.791%;\">2-6 polegadas<\/td>\n<\/tr>\n<tr>\n<td style=\"width: 42.9379%;\"><i>Tamanho da haste<\/i><\/td>\n<td style=\"width: 480.791%;\">1,125-4 polegadas<\/td>\n<\/tr>\n<tr>\n<td style=\"width: 42.9379%;\"><i>Tamanho do tra\u00e7o<\/i><\/td>\n<td style=\"width: 480.791%;\">4-100 polegadas<\/td>\n<\/tr>\n<tr>\n<td style=\"width: 42.9379%;\"><i>Tamanho do pino<\/i><\/td>\n<td style=\"width: 480.791%;\">0,5-2 polegadas<\/td>\n<\/tr>\n<tr>\n<td style=\"width: 42.9379%;\"><i>Portos<\/i><\/td>\n<td style=\"width: 480.791%;\">G\/SAE\/NPT\/M<\/td>\n<\/tr>\n<\/tbody>\n<\/table>\n<h2>Caracter\u00edsticas e vantagens exclusivas<\/h2>\n<p>Nosso cilindro hidr\u00e1ulico multiest\u00e1gio foi projetado com uma s\u00e9rie de caracter\u00edsticas e vantagens exclusivas que o diferenciam no mercado. Com um empuxo m\u00e1ximo not\u00e1vel de 3000 e uma capacidade m\u00e1xima de tra\u00e7\u00e3o de 20 toneladas, este cilindro oferece pot\u00eancia e efici\u00eancia excepcionais, tornando-o ideal para aplica\u00e7\u00f5es pesadas. Seu design de economia de energia n\u00e3o apenas maximiza o desempenho, mas tamb\u00e9m minimiza os custos operacionais, garantindo que os usu\u00e1rios se beneficiem tanto da efic\u00e1cia quanto da sustentabilidade.<\/p>\n<p>Constru\u00eddo em a\u00e7o de alta qualidade, o cilindro apresenta durabilidade e seguran\u00e7a incompar\u00e1veis, tornando-o adequado para ambientes de trabalho rigorosos. O corpo robusto em a\u00e7o garante a resist\u00eancia \u00e0s tens\u00f5es e esfor\u00e7os associados a tarefas exigentes, proporcionando tranquilidade aos operadores. Al\u00e9m disso, nosso cilindro hidr\u00e1ulico multiest\u00e1gio possui a certifica\u00e7\u00e3o ISO9001:2000, refletindo nosso compromisso em manter os mais altos padr\u00f5es de qualidade e confiabilidade em nossos produtos. Essa certifica\u00e7\u00e3o garante aos clientes que est\u00e3o investindo em um produto que atende aos rigorosos padr\u00f5es internacionais de gest\u00e3o da qualidade, aumentando ainda mais sua atratividade em diversas aplica\u00e7\u00f5es industriais.<\/p>\n<p><img loading=\"lazy\" decoding=\"async\" class=\"alignnone  wp-image-6664\" src=\"https:\/\/fmp-components.com\/wp-content\/uploads\/2025\/03\/telescopic-hydraulic-cylinder-8.webp\" alt=\"cilindro hidr\u00e1ulico telesc\u00f3pico\" width=\"919\" height=\"919\" title=\"\" srcset=\"https:\/\/fmp-components.com\/wp-content\/uploads\/2025\/03\/telescopic-hydraulic-cylinder-8.webp 919w, https:\/\/fmp-components.com\/wp-content\/uploads\/2025\/03\/telescopic-hydraulic-cylinder-8-480x480.webp 480w\" sizes=\"(min-width: 0px) and (max-width: 480px) 480px, (min-width: 481px) 919px, 100vw\" \/><\/p>\n<h2>Sistema hidr\u00e1ulico e princ\u00edpios de funcionamento<\/h2>\n<p>Nosso cilindro hidr\u00e1ulico para eleva\u00e7\u00e3o opera com base nos princ\u00edpios da pot\u00eancia do fluido pressurizado, essencial para gerar movimento linear e for\u00e7a. Neste sistema, o fluido hidr\u00e1ulico pressurizado \u00e9 direcionado para dentro do cilindro, fazendo com que o pist\u00e3o se mova. Esse movimento gera a for\u00e7a necess\u00e1ria para levantar ou movimentar cargas pesadas com efici\u00eancia. O design do cilindro hidr\u00e1ulico para eleva\u00e7\u00e3o garante que esse processo seja suave e potente, contribuindo para alto desempenho e confiabilidade.<\/p>\n<p>A convers\u00e3o eficaz de energia hidr\u00e1ulica em movimento mec\u00e2nico permite que nosso cilindro hidr\u00e1ulico de eleva\u00e7\u00e3o execute uma ampla gama de tarefas com precis\u00e3o. Este sistema eficiente n\u00e3o s\u00f3 aumenta a produtividade, como tamb\u00e9m garante que as cargas possam ser manuseadas com seguran\u00e7a, tornando-se um componente vital em diversas aplica\u00e7\u00f5es industriais, incluindo constru\u00e7\u00e3o, manufatura e transporte.<\/p>\n<p><img loading=\"lazy\" decoding=\"async\" class=\"alignnone  wp-image-6665\" src=\"https:\/\/fmp-components.com\/wp-content\/uploads\/2025\/03\/telescopic-hydraulic-cylinder-9.webp\" alt=\"cilindro hidr\u00e1ulico telesc\u00f3pico\" width=\"906\" height=\"906\" title=\"\" srcset=\"https:\/\/fmp-components.com\/wp-content\/uploads\/2025\/03\/telescopic-hydraulic-cylinder-9.webp 906w, https:\/\/fmp-components.com\/wp-content\/uploads\/2025\/03\/telescopic-hydraulic-cylinder-9-480x480.webp 480w\" sizes=\"(min-width: 0px) and (max-width: 480px) 480px, (min-width: 481px) 906px, 100vw\" \/><\/p>\n<h2>Cilindros Hidr\u00e1ulicos e Unidades de Pot\u00eancia<\/h2>\n<p>Cilindros hidr\u00e1ulicos e unidades de pot\u00eancia s\u00e3o elementos indispens\u00e1veis \u200b\u200bdos sistemas hidr\u00e1ulicos, cada um desempenhando um papel crucial em sua funcionalidade geral. O cilindro hidr\u00e1ulico atua como atuador, convertendo energia hidr\u00e1ulica em movimento mec\u00e2nico, enquanto a unidade de pot\u00eancia atua como o cora\u00e7\u00e3o do sistema, fornecendo o fluido hidr\u00e1ulico e a press\u00e3o necess\u00e1rios para impulsionar a opera\u00e7\u00e3o do cilindro.<\/p>\n<p>A fun\u00e7\u00e3o coordenada desses dois componentes \u00e9 essencial para a ampla aplica\u00e7\u00e3o da tecnologia hidr\u00e1ulica no setor industrial. Juntos, eles fornecem energia confi\u00e1vel e suporte de controle para uma ampla gama de equipamentos mec\u00e2nicos e de engenharia, garantindo que as opera\u00e7\u00f5es ocorram de forma suave e eficiente.<\/p>\n<p>Em nossa empresa, entendemos a import\u00e2ncia desses componentes para o aumento da efici\u00eancia operacional, e \u00e9 por isso que tamb\u00e9m oferecemos unidades de energia de alta qualidade para venda. Nosso compromisso em fornecer solu\u00e7\u00f5es hidr\u00e1ulicas confi\u00e1veis \u200b\u200bgarante que voc\u00ea possa contar com nossos produtos para o desempenho e o controle necess\u00e1rios em suas aplica\u00e7\u00f5es espec\u00edficas.<\/p>\n<p><img loading=\"lazy\" decoding=\"async\" class=\"alignnone  wp-image-6717\" src=\"https:\/\/fmp-components.com\/wp-content\/uploads\/2025\/03\/hydraulic-cylinder-211.webp\" alt=\"Cilindros Hidr\u00e1ulicos\" width=\"910\" height=\"912\" title=\"\" srcset=\"https:\/\/fmp-components.com\/wp-content\/uploads\/2025\/03\/hydraulic-cylinder-211.webp 910w, https:\/\/fmp-components.com\/wp-content\/uploads\/2025\/03\/hydraulic-cylinder-211-480x481.webp 480w\" sizes=\"(min-width: 0px) and (max-width: 480px) 480px, (min-width: 481px) 910px, 100vw\" \/><\/p>\n<h2>Perguntas frequentes<\/h2>\n<p><b>P: Voc\u00ea \u00e9 uma empresa comercial ou fabricante?<\/b><br \/>\nR: Somos uma f\u00e1brica.<\/p>\n<p><b>P: Quanto tempo demora a entrega?<\/b><br \/>\nR: Geralmente s\u00e3o de 25 a 35 dias.<\/p>\n<p><b>P: Voc\u00eas fornecem amostras?<\/b><br \/>\nR: Sim, podemos oferecer a amostra, mas n\u00e3o \u00e9 gr\u00e1tis.<\/p>\n<h3>Sobre a FMP<\/h3>\n<p>A FMP \u00e9 uma fabricante italiana de renome, reconhecida por sua expertise em projeto, desenvolvimento e produ\u00e7\u00e3o de cilindros hidr\u00e1ulicos de alta qualidade. Com um rico legado constru\u00eddo ao longo de d\u00e9cadas, combinamos o artesanato tradicional italiano com tecnologia de ponta para criar solu\u00e7\u00f5es hidr\u00e1ulicas excepcionais que atendem \u00e0s diversas necessidades de nossos clientes globais. Com sede na It\u00e1lia, um centro de excel\u00eancia em engenharia, a FMP se consolidou como uma marca confi\u00e1vel na ind\u00fastria hidr\u00e1ulica, dedicada a fornecer produtos confi\u00e1veis, dur\u00e1veis \u200b\u200be inovadores que impulsionam empresas em todo o mundo.<\/p>\n<p>Nossa empresa une tradi\u00e7\u00f5es avan\u00e7adas de fabrica\u00e7\u00e3o com uma mentalidade progressista. Aproveitando nossa vasta experi\u00eancia em sistemas hidr\u00e1ulicos, a FMP se transformou em uma empresa moderna que se destaca em pesquisa, design e produ\u00e7\u00e3o. Oferecemos uma gama completa de cilindros hidr\u00e1ulicos, incluindo cilindros de dupla a\u00e7\u00e3o, cilindros de eleva\u00e7\u00e3o automotiva, cilindros para m\u00e1quinas agr\u00edcolas e solu\u00e7\u00f5es personalizadas para diversas aplica\u00e7\u00f5es industriais. Seja para constru\u00e7\u00e3o, instala\u00e7\u00f5es industriais, agricultura ou m\u00e1quinas pesadas, nossos cilindros hidr\u00e1ulicos s\u00e3o projetados para operar nas condi\u00e7\u00f5es mais exigentes, garantindo seguran\u00e7a, efici\u00eancia e durabilidade.<\/p>\n<p>Na FMP, orgulhamo-nos de nossas instala\u00e7\u00f5es de produ\u00e7\u00e3o de ponta, equipadas com m\u00e1quinas de precis\u00e3o e sistemas de teste avan\u00e7ados. Nossos processos de fabrica\u00e7\u00e3o atendem a rigorosos padr\u00f5es nacionais e internacionais, garantindo que cada cilindro hidr\u00e1ulico produzido atenda aos mais altos padr\u00f5es de qualidade e confiabilidade. Nossa equipe t\u00e9cnica qualificada, aliada a equipamentos avan\u00e7ados, nos permite manter um rigoroso controle de qualidade em todas as etapas da produ\u00e7\u00e3o \u2014 desde a sele\u00e7\u00e3o da mat\u00e9ria-prima at\u00e9 a inspe\u00e7\u00e3o final. Esse compromisso com a excel\u00eancia nos rendeu certifica\u00e7\u00f5es e reconhecimentos de autoridades do setor, refor\u00e7ando nossa reputa\u00e7\u00e3o como um parceiro confi\u00e1vel.<\/p>\n<p><img loading=\"lazy\" decoding=\"async\" class=\"alignnone size-full wp-image-6720\" src=\"https:\/\/fmp-components.com\/wp-content\/uploads\/2025\/03\/hydraulic-cylinder-8.webp\" alt=\"Cilindros Hidr\u00e1ulicos Telesc\u00f3picos\" width=\"933\" height=\"526\" title=\"\" srcset=\"https:\/\/fmp-components.com\/wp-content\/uploads\/2025\/03\/hydraulic-cylinder-8.webp 933w, https:\/\/fmp-components.com\/wp-content\/uploads\/2025\/03\/hydraulic-cylinder-8-480x271.webp 480w\" sizes=\"(min-width: 0px) and (max-width: 480px) 480px, (min-width: 481px) 933px, 100vw\" \/><\/p>\n<p>Nossa miss\u00e3o \u00e9 simples, por\u00e9m ambiciosa: fornecer aos nossos clientes cilindros hidr\u00e1ulicos que superem as expectativas em desempenho, durabilidade e valor. Atuamos com base em profissionalismo, integridade e foco no cliente. Promovendo uma cultura de inova\u00e7\u00e3o e precis\u00e3o, aprimoramos continuamente nossos produtos para manter uma vantagem competitiva no mercado. Nossa ampla gama de produtos e a capacidade de oferecer solu\u00e7\u00f5es personalizadas nos tornam a escolha preferida para empresas que buscam cilindros hidr\u00e1ulicos de alto desempenho.<\/p>\n<p>A FMP \u00e9 mais do que apenas um fabricante; somos um parceiro para o seu sucesso. Reconhecemos que nossos clientes dependem de n\u00f3s para fornecer ferramentas que aumentam sua produtividade e seguran\u00e7a. Por isso, estamos comprometidos em fornecer n\u00e3o apenas produtos de alta qualidade, mas tamb\u00e9m um servi\u00e7o excepcional. Da consulta inicial ao suporte p\u00f3s-venda, colaboramos estreitamente com nossos clientes para garantir que suas necessidades sejam atendidas com profissionalismo e cuidado. Nossos pre\u00e7os competitivos, combinados com nosso compromisso inabal\u00e1vel com a qualidade, posicionam a FMP como a escolha inteligente para empresas que buscam investir em solu\u00e7\u00f5es hidr\u00e1ulicas confi\u00e1veis.<\/p>","protected":false},"excerpt":{"rendered":"<p>Factory Serving Small Dump Truck Hydraulic Hoist Cylinder Multistage Hydraulic Cylinder Introducing our brand new Factory Serving Small Dump Truck Hydraulic Hoist Cylinder Multistage Hydraulic Cylinder, a cutting-edge solution designed to meet your machinery needs. Built with the highest quality materials and engineered for superior performance, this hydraulic cylinder is the right choice for a [&hellip;]<\/p>","protected":false},"featured_media":6694,"comment_status":"closed","ping_status":"closed","template":"","meta":{"_et_pb_use_builder":"","_et_pb_old_content":"","_et_gb_content_width":""},"product_brand":[],"product_cat":[103],"product_tag":[34,105],"class_list":{"0":"post-6517","1":"product","2":"type-product","3":"status-publish","4":"has-post-thumbnail","6":"product_cat-telescopic-hydraulic-cylinders","7":"product_tag-hydraulic-cylinder","8":"product_tag-telescopic-hydraulic-cylinders","10":"first","11":"instock","12":"product-type-simple"},"_links":{"self":[{"href":"https:\/\/fmp-components.com\/pt\/wp-json\/wp\/v2\/product\/6517","targetHints":{"allow":["GET"]}}],"collection":[{"href":"https:\/\/fmp-components.com\/pt\/wp-json\/wp\/v2\/product"}],"about":[{"href":"https:\/\/fmp-components.com\/pt\/wp-json\/wp\/v2\/types\/product"}],"replies":[{"embeddable":true,"href":"https:\/\/fmp-components.com\/pt\/wp-json\/wp\/v2\/comments?post=6517"}],"wp:featuredmedia":[{"embeddable":true,"href":"https:\/\/fmp-components.com\/pt\/wp-json\/wp\/v2\/media\/6694"}],"wp:attachment":[{"href":"https:\/\/fmp-components.com\/pt\/wp-json\/wp\/v2\/media?parent=6517"}],"wp:term":[{"taxonomy":"product_brand","embeddable":true,"href":"https:\/\/fmp-components.com\/pt\/wp-json\/wp\/v2\/product_brand?post=6517"},{"taxonomy":"product_cat","embeddable":true,"href":"https:\/\/fmp-components.com\/pt\/wp-json\/wp\/v2\/product_cat?post=6517"},{"taxonomy":"product_tag","embeddable":true,"href":"https:\/\/fmp-components.com\/pt\/wp-json\/wp\/v2\/product_tag?post=6517"}],"curies":[{"name":"wp","href":"https:\/\/api.w.org\/{rel}","templated":true}]}}