{"id":6515,"date":"2025-03-11T06:26:57","date_gmt":"2025-03-11T06:26:57","guid":{"rendered":"https:\/\/fmp-components.com\/product\/factory-price-hydraulic-cylinder-telescopic-hydraulic-cylinder-for-dump-trailer"},"modified":"2025-03-18T01:06:13","modified_gmt":"2025-03-18T01:06:13","slug":"factory-price-hydraulic-cylinder-telescopic-hydraulic-cylinder-for-dump-trailer","status":"publish","type":"product","link":"https:\/\/fmp-components.com\/pt\/product\/factory-price-hydraulic-cylinder-telescopic-hydraulic-cylinder-for-dump-trailer\/","title":{"rendered":"Cilindro hidr\u00e1ulico telesc\u00f3pico de f\u00e1brica para reboque basculante"},"content":{"rendered":"<h2>Cilindro hidr\u00e1ulico telesc\u00f3pico de f\u00e1brica para reboque basculante<\/h2>\n<p>Apresentamos a voc\u00ea o cilindro hidr\u00e1ulico telesc\u00f3pico com pre\u00e7o de f\u00e1brica para reboques basculantes. Um novo produto de 2025, especialmente projetado para diversos setores, como oficinas de reparo de m\u00e1quinas, fazendas, energia e minera\u00e7\u00e3o, fabrica\u00e7\u00e3o de m\u00e1quinas e f\u00e1bricas de m\u00e1quinas. Este cilindro hidr\u00e1ulico n\u00e3o \u00e9 apenas um produto, mas uma solu\u00e7\u00e3o eficiente e confi\u00e1vel para uma ampla gama de aplica\u00e7\u00f5es industriais.<\/p>\n<p><img loading=\"lazy\" decoding=\"async\" class=\"alignnone size-full wp-image-6786\" src=\"https:\/\/fmp-components.com\/wp-content\/uploads\/2025\/03\/Telescopic-Hydraulic-Cylinders-2.webp\" alt=\"Cilindros Hidr\u00e1ulicos Telesc\u00f3picos\" width=\"800\" height=\"800\" title=\"\" srcset=\"https:\/\/fmp-components.com\/wp-content\/uploads\/2025\/03\/Telescopic-Hydraulic-Cylinders-2.webp 800w, https:\/\/fmp-components.com\/wp-content\/uploads\/2025\/03\/Telescopic-Hydraulic-Cylinders-2-480x480.webp 480w\" sizes=\"(min-width: 0px) and (max-width: 480px) 480px, (min-width: 481px) 800px, 100vw\" \/><\/p>\n<h3>Especifica\u00e7\u00f5es do produto<\/h3>\n<p>Este cilindro hidr\u00e1ulico possui um corpo de a\u00e7o resistente e uma estrutura de cilindro de \u00eambolo. Possui uma configura\u00e7\u00e3o padr\u00e3o com empuxo m\u00e1ximo de 3000 e capacidade m\u00e1xima de tra\u00e7\u00e3o de 20 toneladas. Al\u00e9m disso, possui certifica\u00e7\u00e3o ISO9001:2000 e garantia de 1 ano.<\/p>\n<table style=\"width: 97.7104%;\" border=\"\">\n<tbody>\n<tr>\n<td style=\"width: 43.4286%;\"><b>Tamanho do furo<\/b><\/td>\n<td style=\"width: 406.286%;\">2-6 polegadas<\/td>\n<\/tr>\n<tr>\n<td style=\"width: 43.4286%;\"><b>Tamanho da haste<\/b><\/td>\n<td style=\"width: 406.286%;\">1,125-4 polegadas<\/td>\n<\/tr>\n<tr>\n<td style=\"width: 43.4286%;\"><b>Tamanho do tra\u00e7o<\/b><\/td>\n<td style=\"width: 406.286%;\">4-100 polegadas<\/td>\n<\/tr>\n<tr>\n<td style=\"width: 43.4286%;\"><b>Tamanho do pino<\/b><\/td>\n<td style=\"width: 406.286%;\">0,5-2 polegadas<\/td>\n<\/tr>\n<tr>\n<td style=\"width: 43.4286%;\"><b>Portos<\/b><\/td>\n<td style=\"width: 406.286%;\">G\/SAE\/NPT\/M<\/td>\n<\/tr>\n<\/tbody>\n<\/table>\n<h2>Recursos e benef\u00edcios exclusivos<\/h2>\n<ul>\n<li>Economia de energia<\/li>\n<li>Alta efici\u00eancia<\/li>\n<li>Seguran\u00e7a<\/li>\n<li>Alta capacidade de carga<\/li>\n<\/ul>\n<h2>Compreendendo o Sistema Hidr\u00e1ulico<\/h2>\n<p>Um sistema hidr\u00e1ulico opera com base no princ\u00edpio de transmiss\u00e3o de for\u00e7a por meio de um l\u00edquido confinado. O cilindro hidr\u00e1ulico \u00e9 um componente essencial desse sistema, convertendo energia hidr\u00e1ulica em movimento mec\u00e2nico.<\/p>\n<h2>Aplica\u00e7\u00e3o do Cilindro Hidr\u00e1ulico<\/h2>\n<p>Este cilindro hidr\u00e1ulico demonstra ser uma ferramenta indispens\u00e1vel em diversos setores. Ideal para uso em reboques basculantes, aumenta a efici\u00eancia e garante opera\u00e7\u00f5es suaves.<\/p>\n<h2>Cilindros Hidr\u00e1ulicos e Unidades de Pot\u00eancia<\/h2>\n<p>Cilindros hidr\u00e1ulicos e unidades de pot\u00eancia s\u00e3o partes integrantes do sistema hidr\u00e1ulico. Sua colabora\u00e7\u00e3o garante a ampla aplica\u00e7\u00e3o da tecnologia hidr\u00e1ulica no setor industrial, fornecendo energia e controle confi\u00e1veis \u200b\u200bpara diversos equipamentos mec\u00e2nicos e de engenharia.<\/p>\n<h2>Perguntas frequentes<\/h2>\n<p><b>P: Voc\u00ea \u00e9 uma empresa comercial ou fabricante?<\/b><br \/>\nR: Somos uma f\u00e1brica.<\/p>\n<p><b>P: Quanto tempo demora a entrega?<\/b><br \/>\nR: Geralmente s\u00e3o de 25 a 35 dias.<\/p>\n<p><b>P: Voc\u00eas fornecem amostras? Elas s\u00e3o gratuitas ou extras?<\/b><br \/>\nR: Sim, podemos oferecer a amostra, mas n\u00e3o \u00e9 gr\u00e1tis.<\/p>\n<h3>Sobre a FMP<\/h3>\n<p class=\"break-words\">A FMP \u00e9 uma fabricante italiana l\u00edder, especializada em projeto, desenvolvimento e produ\u00e7\u00e3o de cilindros hidr\u00e1ulicos de alta qualidade. Com uma rica heran\u00e7a alicer\u00e7ada em d\u00e9cadas de experi\u00eancia, combinamos com orgulho o artesanato italiano com tecnologia de ponta para oferecer solu\u00e7\u00f5es hidr\u00e1ulicas excepcionais, personalizadas para atender \u00e0s diversas necessidades de nossa clientela global. Com sede na It\u00e1lia, um polo de excel\u00eancia em engenharia, a FMP se destaca como uma marca confi\u00e1vel na ind\u00fastria hidr\u00e1ulica, comprometida em fornecer produtos confi\u00e1veis, dur\u00e1veis e inovadores que impulsionam empresas em todo o mundo.<\/p>\n<p class=\"break-words\">Nossa empresa integra o melhor das tradi\u00e7\u00f5es de fabrica\u00e7\u00e3o avan\u00e7ada com uma abordagem inovadora. Com anos de experi\u00eancia em sistemas hidr\u00e1ulicos, a FMP evoluiu para uma empresa moderna que se destaca em pesquisa, design e produ\u00e7\u00e3o. Somos especializados em uma ampla gama de cilindros hidr\u00e1ulicos, incluindo cilindros de dupla a\u00e7\u00e3o, cilindros de eleva\u00e7\u00e3o automotiva, cilindros para m\u00e1quinas agr\u00edcolas e solu\u00e7\u00f5es personalizadas para diversas aplica\u00e7\u00f5es industriais. Seja para constru\u00e7\u00e3o, instala\u00e7\u00f5es industriais, agricultura ou m\u00e1quinas pesadas, nossos cilindros hidr\u00e1ulicos s\u00e3o projetados para operar nas condi\u00e7\u00f5es mais dif\u00edceis, garantindo seguran\u00e7a, efici\u00eancia e durabilidade.<\/p>\n<p><img loading=\"lazy\" decoding=\"async\" class=\"alignnone size-full wp-image-6720\" src=\"https:\/\/fmp-components.com\/wp-content\/uploads\/2025\/03\/hydraulic-cylinder-8.webp\" alt=\"Cilindros Hidr\u00e1ulicos Telesc\u00f3picos\" width=\"933\" height=\"526\" title=\"\" srcset=\"https:\/\/fmp-components.com\/wp-content\/uploads\/2025\/03\/hydraulic-cylinder-8.webp 933w, https:\/\/fmp-components.com\/wp-content\/uploads\/2025\/03\/hydraulic-cylinder-8-480x271.webp 480w\" sizes=\"(min-width: 0px) and (max-width: 480px) 480px, (min-width: 481px) 933px, 100vw\" \/><\/p>\n<p class=\"break-words\">Na FMP, orgulhamo-nos de nossas instala\u00e7\u00f5es de produ\u00e7\u00e3o de \u00faltima gera\u00e7\u00e3o, equipadas com m\u00e1quinas de precis\u00e3o e sistemas de teste avan\u00e7ados. Nossos processos de fabrica\u00e7\u00e3o seguem rigorosos padr\u00f5es nacionais e internacionais, garantindo que cada cilindro hidr\u00e1ulico que sai de nossa f\u00e1brica seja de qualidade e confiabilidade superiores. Nossa equipe t\u00e9cnica qualificada, aliada a equipamentos de \u00faltima gera\u00e7\u00e3o, nos permite manter um rigoroso controle de qualidade em todas as etapas da produ\u00e7\u00e3o \u2014 desde a sele\u00e7\u00e3o da mat\u00e9ria-prima at\u00e9 a inspe\u00e7\u00e3o final. Essa dedica\u00e7\u00e3o \u00e0 excel\u00eancia nos rendeu certifica\u00e7\u00f5es e reconhecimento de autoridades do setor, consolidando ainda mais nossa reputa\u00e7\u00e3o como um parceiro confi\u00e1vel.<\/p>\n<p class=\"break-words\">Nossa miss\u00e3o \u00e9 simples, por\u00e9m ambiciosa: fornecer aos nossos clientes cilindros hidr\u00e1ulicos que superem as expectativas em desempenho, durabilidade e valor. Atuamos sob os princ\u00edpios norteadores de profissionalismo, integridade e foco no cliente. Ao fomentar uma cultura de inova\u00e7\u00e3o e precis\u00e3o, refinamos continuamente nossos produtos para nos mantermos \u00e0 frente em um mercado competitivo. Nossa abrangente linha de produtos e a capacidade de oferecer solu\u00e7\u00f5es personalizadas nos tornam a escolha ideal para empresas que buscam cilindros hidr\u00e1ulicos de alto desempenho.<\/p>\n<p class=\"break-words\">A FMP \u00e9 mais do que apenas uma fabricante \u2014 somos uma parceira para o seu sucesso. Entendemos que nossos clientes confiam em n\u00f3s para fornecer ferramentas que aumentam sua produtividade e seguran\u00e7a. \u00c9 por isso que nos comprometemos a oferecer n\u00e3o apenas produtos de primeira linha, mas tamb\u00e9m um servi\u00e7o excepcional. Da consultoria inicial ao suporte p\u00f3s-venda, trabalhamos em estreita colabora\u00e7\u00e3o com nossos clientes para garantir que suas necessidades sejam atendidas com profissionalismo e cuidado. Nossos pre\u00e7os competitivos, aliados ao nosso compromisso inabal\u00e1vel com a qualidade, fazem da FMP a escolha inteligente para empresas que buscam investir em solu\u00e7\u00f5es hidr\u00e1ulicas confi\u00e1veis.<\/p>","protected":false},"excerpt":{"rendered":"<p>Factory Price Hydraulic Cylinder Telescopic Hydraulic Cylinder For Dump Trailer Presenting to you, the factory-priced hydraulic cylinder telescopic hydraulic cylinder for dump trailers. A new product of 2025, specially designed for various industries such as machinery repair shops, farms, energy &amp; mining, machinery manufacturing, and machinery factories. This hydraulic cylinder is not just a product, [&hellip;]<\/p>","protected":false},"featured_media":6784,"comment_status":"closed","ping_status":"closed","template":"","meta":{"_et_pb_use_builder":"","_et_pb_old_content":"","_et_gb_content_width":""},"product_brand":[],"product_cat":[103],"product_tag":[34,105],"class_list":{"0":"post-6515","1":"product","2":"type-product","3":"status-publish","4":"has-post-thumbnail","6":"product_cat-telescopic-hydraulic-cylinders","7":"product_tag-hydraulic-cylinder","8":"product_tag-telescopic-hydraulic-cylinders","10":"first","11":"instock","12":"product-type-simple"},"_links":{"self":[{"href":"https:\/\/fmp-components.com\/pt\/wp-json\/wp\/v2\/product\/6515","targetHints":{"allow":["GET"]}}],"collection":[{"href":"https:\/\/fmp-components.com\/pt\/wp-json\/wp\/v2\/product"}],"about":[{"href":"https:\/\/fmp-components.com\/pt\/wp-json\/wp\/v2\/types\/product"}],"replies":[{"embeddable":true,"href":"https:\/\/fmp-components.com\/pt\/wp-json\/wp\/v2\/comments?post=6515"}],"wp:featuredmedia":[{"embeddable":true,"href":"https:\/\/fmp-components.com\/pt\/wp-json\/wp\/v2\/media\/6784"}],"wp:attachment":[{"href":"https:\/\/fmp-components.com\/pt\/wp-json\/wp\/v2\/media?parent=6515"}],"wp:term":[{"taxonomy":"product_brand","embeddable":true,"href":"https:\/\/fmp-components.com\/pt\/wp-json\/wp\/v2\/product_brand?post=6515"},{"taxonomy":"product_cat","embeddable":true,"href":"https:\/\/fmp-components.com\/pt\/wp-json\/wp\/v2\/product_cat?post=6515"},{"taxonomy":"product_tag","embeddable":true,"href":"https:\/\/fmp-components.com\/pt\/wp-json\/wp\/v2\/product_tag?post=6515"}],"curies":[{"name":"wp","href":"https:\/\/api.w.org\/{rel}","templated":true}]}}