{"id":6502,"date":"2025-03-11T06:25:30","date_gmt":"2025-03-11T06:25:30","guid":{"rendered":"https:\/\/fmp-components.com\/product\/high-quality-small-dump-truck-double-acting-multistage-hydraulic-cylinder"},"modified":"2025-03-18T02:00:39","modified_gmt":"2025-03-18T02:00:39","slug":"high-quality-small-dump-truck-double-acting-multistage-hydraulic-cylinder","status":"publish","type":"product","link":"https:\/\/fmp-components.com\/pt\/product\/high-quality-small-dump-truck-double-acting-multistage-hydraulic-cylinder\/","title":{"rendered":"Cilindro hidr\u00e1ulico multiest\u00e1gio de dupla a\u00e7\u00e3o para caminh\u00e3o basculante pequeno de alta qualidade"},"content":{"rendered":"<h2>Cilindro hidr\u00e1ulico multiest\u00e1gio de dupla a\u00e7\u00e3o para caminh\u00e3o basculante pequeno de alta qualidade<\/h2>\n<p>Apresentamos o cilindro hidr\u00e1ulico de dupla a\u00e7\u00e3o e m\u00faltiplos est\u00e1gios de alta qualidade para caminh\u00f5es basculantes de pequeno porte, uma ferramenta confi\u00e1vel e eficiente que aprimora o desempenho de suas m\u00e1quinas. Este cilindro hidr\u00e1ulico foi projetado para suportar opera\u00e7\u00f5es rigorosas e fornecer solu\u00e7\u00f5es ideais para diversos setores, como oficinas de reparo de m\u00e1quinas, fazendas, energia e minera\u00e7\u00e3o, fabrica\u00e7\u00e3o de m\u00e1quinas e f\u00e1bricas de maquin\u00e1rio.<\/p>\n<h2>Especifica\u00e7\u00f5es do produto<\/h2>\n<p>Projetado para atender aos requisitos padr\u00e3o, o cilindro hidr\u00e1ulico possui uma estrutura de \u00eambolo e opera por meio de energia hidr\u00e1ulica. O corpo \u00e9 feito de a\u00e7o robusto para garantir durabilidade e confiabilidade. Este cilindro hidr\u00e1ulico multiest\u00e1gios possui certifica\u00e7\u00e3o ISO 9001:2000, o que atesta ainda mais sua qualidade e desempenho.<\/p>\n<table style=\"width: 100.343%;\" border=\"\">\n<tbody>\n<tr>\n<th style=\"width: 43.5028%;\">Tamanho do furo<\/th>\n<td style=\"width: 487.006%;\">2-6 polegadas<\/td>\n<\/tr>\n<tr>\n<th style=\"width: 43.5028%;\">Tamanho da haste<\/th>\n<td style=\"width: 487.006%;\">1,125-4 polegadas<\/td>\n<\/tr>\n<tr>\n<th style=\"width: 43.5028%;\">Tamanho do tra\u00e7o<\/th>\n<td style=\"width: 487.006%;\">4-100 polegadas<\/td>\n<\/tr>\n<tr>\n<th style=\"width: 43.5028%;\">Tamanho do pino<\/th>\n<td style=\"width: 487.006%;\">0,5-2 polegadas<\/td>\n<\/tr>\n<tr>\n<th style=\"width: 43.5028%;\">Portos<\/th>\n<td style=\"width: 487.006%;\">G\/SAE\/NPT\/M<\/td>\n<\/tr>\n<\/tbody>\n<\/table>\n<h2>Principais recursos e vantagens<\/h2>\n<ul>\n<li>Efici\u00eancia energ\u00e9tica<\/li>\n<li>Alto desempenho<\/li>\n<li>Seguro e confi\u00e1vel<\/li>\n<\/ul>\n<h2>Sistemas Hidr\u00e1ulicos e Princ\u00edpio de Funcionamento<\/h2>\n<p>Nosso cilindro hidr\u00e1ulico funciona convertendo a press\u00e3o do fluido em for\u00e7a mec\u00e2nica, proporcionando uma rela\u00e7\u00e3o pot\u00eancia\/peso e um tamanho incompar\u00e1veis. Essa tecnologia superior garante o desempenho consistente de suas m\u00e1quinas.<\/p>\n<p><img loading=\"lazy\" decoding=\"async\" class=\"alignnone wp-image-6659\" src=\"https:\/\/fmp-components.com\/wp-content\/uploads\/2025\/03\/telescopic-hydraulic-cylinder-12.webp\" alt=\"cilindro hidr\u00e1ulico telesc\u00f3pico\" width=\"965\" height=\"965\" title=\"\" srcset=\"https:\/\/fmp-components.com\/wp-content\/uploads\/2025\/03\/telescopic-hydraulic-cylinder-12.webp 965w, https:\/\/fmp-components.com\/wp-content\/uploads\/2025\/03\/telescopic-hydraulic-cylinder-12-480x480.webp 480w\" sizes=\"(min-width: 0px) and (max-width: 480px) 480px, (min-width: 481px) 965px, 100vw\" \/><\/p>\n<h2>Cilindros Hidr\u00e1ulicos e Unidades de Pot\u00eancia<\/h2>\n<p>Cilindros hidr\u00e1ulicos e unidades de pot\u00eancia s\u00e3o componentes indispens\u00e1veis \u200b\u200bde sistemas hidr\u00e1ulicos. Sua fun\u00e7\u00e3o combinada garante a ampla aplica\u00e7\u00e3o da tecnologia hidr\u00e1ulica em diversos setores, fornecendo pot\u00eancia confi\u00e1vel e suporte de controle para diferentes tipos de m\u00e1quinas. Na FMP, tamb\u00e9m oferecemos unidades de pot\u00eancia para venda juntamente com nossos cilindros hidr\u00e1ulicos.<\/p>\n<h2>Perguntas frequentes<\/h2>\n<p><b>P: Voc\u00ea \u00e9 uma empresa comercial ou fabricante?<\/b><br \/>\nR: Somos um fabricante.<\/p>\n<p><b>P: Quanto tempo demora a entrega?<\/b><br \/>\nR: Geralmente, nosso prazo de entrega \u00e9 entre 25 e 35 dias.<\/p>\n<p><b>P: Voc\u00eas fornecem amostras?<\/b><br \/>\nR: Sim, fornecemos amostras, mas elas n\u00e3o s\u00e3o gratuitas.<\/p>\n<h3>Sobre a FMP<\/h3>\n<p>A FMP \u00e9 uma fabricante italiana de renome, reconhecida por sua expertise em projeto, desenvolvimento e produ\u00e7\u00e3o de cilindros hidr\u00e1ulicos de alta qualidade. Com um rico legado constru\u00eddo ao longo de d\u00e9cadas, combinamos perfeitamente o artesanato italiano com tecnologia de ponta para fornecer solu\u00e7\u00f5es hidr\u00e1ulicas excepcionais, adaptadas \u00e0s diversas necessidades de nossos clientes globais. Localizada na It\u00e1lia, um centro de excel\u00eancia em engenharia, a FMP se consolidou como l\u00edder confi\u00e1vel no setor hidr\u00e1ulico, dedicada a fornecer produtos confi\u00e1veis, dur\u00e1veis \u200b\u200be inovadores que impulsionam empresas em todo o mundo.<\/p>\n<p>Combinamos tradi\u00e7\u00f5es avan\u00e7adas de fabrica\u00e7\u00e3o com uma vis\u00e3o progressista. Com anos de experi\u00eancia em sistemas hidr\u00e1ulicos, a FMP se transformou em uma empresa moderna, com excel\u00eancia em pesquisa, design e produ\u00e7\u00e3o. Nossa especializa\u00e7\u00e3o abrange um amplo espectro de cilindros hidr\u00e1ulicos, incluindo cilindros de dupla a\u00e7\u00e3o, cilindros de eleva\u00e7\u00e3o automotiva, cilindros para m\u00e1quinas agr\u00edcolas e solu\u00e7\u00f5es personalizadas para diversas aplica\u00e7\u00f5es industriais. Seja para constru\u00e7\u00e3o, instala\u00e7\u00f5es industriais, agricultura ou m\u00e1quinas pesadas, nossos cilindros hidr\u00e1ulicos s\u00e3o projetados para operar nas condi\u00e7\u00f5es mais exigentes, garantindo seguran\u00e7a, efici\u00eancia e durabilidade.<\/p>\n<p><img loading=\"lazy\" decoding=\"async\" class=\"alignnone size-full wp-image-6720\" src=\"https:\/\/fmp-components.com\/wp-content\/uploads\/2025\/03\/hydraulic-cylinder-8.webp\" alt=\"Cilindros Hidr\u00e1ulicos Telesc\u00f3picos\" width=\"933\" height=\"526\" title=\"\" srcset=\"https:\/\/fmp-components.com\/wp-content\/uploads\/2025\/03\/hydraulic-cylinder-8.webp 933w, https:\/\/fmp-components.com\/wp-content\/uploads\/2025\/03\/hydraulic-cylinder-8-480x271.webp 480w\" sizes=\"(min-width: 0px) and (max-width: 480px) 480px, (min-width: 481px) 933px, 100vw\" \/><\/p>\n<p>Na FMP, orgulhamo-nos de nossas instala\u00e7\u00f5es de produ\u00e7\u00e3o de ponta, equipadas com m\u00e1quinas de precis\u00e3o e sistemas de teste avan\u00e7ados. Nossos processos de fabrica\u00e7\u00e3o atendem a rigorosos padr\u00f5es nacionais e internacionais, garantindo que cada cilindro hidr\u00e1ulico produzido seja da mais alta qualidade e confiabilidade. Nossa equipe t\u00e9cnica qualificada, aliada a equipamentos avan\u00e7ados, nos permite manter um rigoroso controle de qualidade em todas as etapas da produ\u00e7\u00e3o \u2014 desde a sele\u00e7\u00e3o da mat\u00e9ria-prima at\u00e9 a inspe\u00e7\u00e3o final. Esse compromisso com a excel\u00eancia nos rendeu certifica\u00e7\u00f5es e reconhecimento de autoridades do setor, consolidando ainda mais nossa reputa\u00e7\u00e3o como um parceiro confi\u00e1vel.<\/p>\n<p>Nossa miss\u00e3o \u00e9 simples, por\u00e9m ambiciosa: fornecer cilindros hidr\u00e1ulicos que superem as expectativas em desempenho, durabilidade e valor. Seguimos os princ\u00edpios de profissionalismo, integridade e foco no cliente. Promovendo uma cultura de inova\u00e7\u00e3o e precis\u00e3o, aprimoramos continuamente nossos produtos para permanecermos competitivos no mercado. Nossa ampla gama de produtos e a capacidade de oferecer solu\u00e7\u00f5es personalizadas nos posicionam como a escolha preferida para empresas que precisam de cilindros hidr\u00e1ulicos de alto desempenho.<\/p>\n<p>A FMP \u00e9 mais do que apenas uma fabricante; somos uma parceira para o seu sucesso. Reconhecemos que nossos clientes dependem de n\u00f3s para ferramentas que aumentam a produtividade e a seguran\u00e7a. Por isso, estamos comprometidos em fornecer n\u00e3o apenas produtos de alta qualidade, mas tamb\u00e9m um servi\u00e7o excepcional. Das consultas iniciais ao suporte p\u00f3s-venda, colaboramos estreitamente com nossos clientes para garantir que suas necessidades sejam atendidas com profissionalismo e cuidado. Nossos pre\u00e7os competitivos, aliados ao nosso compromisso inabal\u00e1vel com a qualidade, fazem da FMP a escolha inteligente para empresas que buscam solu\u00e7\u00f5es hidr\u00e1ulicas confi\u00e1veis.<\/p>","protected":false},"excerpt":{"rendered":"<p>High Quality Small Dump Truck Double Acting Multistage Hydraulic Cylinder Introducing the High Quality Small Dump Truck Double Acting Multistage hydraulic cylinder, a reliable and efficient tool that enhances your machinery&#8217;s performance. This hydraulic cylinder is designed to withstand rigorous operations and provide optimal solutions for various industries such as machinery repair shops, farms, energy [&hellip;]<\/p>","protected":false},"featured_media":6675,"comment_status":"closed","ping_status":"closed","template":"","meta":{"_et_pb_use_builder":"","_et_pb_old_content":"","_et_gb_content_width":""},"product_brand":[],"product_cat":[103],"product_tag":[34,105],"class_list":{"0":"post-6502","1":"product","2":"type-product","3":"status-publish","4":"has-post-thumbnail","6":"product_cat-telescopic-hydraulic-cylinders","7":"product_tag-hydraulic-cylinder","8":"product_tag-telescopic-hydraulic-cylinders","10":"first","11":"instock","12":"product-type-simple"},"_links":{"self":[{"href":"https:\/\/fmp-components.com\/pt\/wp-json\/wp\/v2\/product\/6502","targetHints":{"allow":["GET"]}}],"collection":[{"href":"https:\/\/fmp-components.com\/pt\/wp-json\/wp\/v2\/product"}],"about":[{"href":"https:\/\/fmp-components.com\/pt\/wp-json\/wp\/v2\/types\/product"}],"replies":[{"embeddable":true,"href":"https:\/\/fmp-components.com\/pt\/wp-json\/wp\/v2\/comments?post=6502"}],"wp:featuredmedia":[{"embeddable":true,"href":"https:\/\/fmp-components.com\/pt\/wp-json\/wp\/v2\/media\/6675"}],"wp:attachment":[{"href":"https:\/\/fmp-components.com\/pt\/wp-json\/wp\/v2\/media?parent=6502"}],"wp:term":[{"taxonomy":"product_brand","embeddable":true,"href":"https:\/\/fmp-components.com\/pt\/wp-json\/wp\/v2\/product_brand?post=6502"},{"taxonomy":"product_cat","embeddable":true,"href":"https:\/\/fmp-components.com\/pt\/wp-json\/wp\/v2\/product_cat?post=6502"},{"taxonomy":"product_tag","embeddable":true,"href":"https:\/\/fmp-components.com\/pt\/wp-json\/wp\/v2\/product_tag?post=6502"}],"curies":[{"name":"wp","href":"https:\/\/api.w.org\/{rel}","templated":true}]}}