{"id":6501,"date":"2025-03-11T06:25:30","date_gmt":"2025-03-11T06:25:30","guid":{"rendered":"https:\/\/fmp-components.com\/product\/low-price-multistage-hydraulic-cylinder-double-acting-for-dump-truck"},"modified":"2025-03-18T02:01:22","modified_gmt":"2025-03-18T02:01:22","slug":"low-price-multistage-hydraulic-cylinder-double-acting-for-dump-truck","status":"publish","type":"product","link":"https:\/\/fmp-components.com\/pt\/product\/low-price-multistage-hydraulic-cylinder-double-acting-for-dump-truck\/","title":{"rendered":"Cilindro hidr\u00e1ulico multiest\u00e1gio de dupla a\u00e7\u00e3o de baixo pre\u00e7o para caminh\u00e3o basculante"},"content":{"rendered":"<h2>Cilindro hidr\u00e1ulico multiest\u00e1gio de dupla a\u00e7\u00e3o de baixo pre\u00e7o para caminh\u00e3o basculante<\/h2>\n<p>Apresentamos nosso cilindro hidr\u00e1ulico multiest\u00e1gio com pre\u00e7o competitivo, uma solu\u00e7\u00e3o de dupla a\u00e7\u00e3o projetada especificamente para caminh\u00f5es basculantes. Esta potente m\u00e1quina \u00e9 um complemento confi\u00e1vel e eficiente para o seu equipamento pesado.<\/p>\n<h2>Caracter\u00edsticas e especifica\u00e7\u00f5es do produto<\/h2>\n<p>Nosso cilindro hidr\u00e1ulico \u00e9 constru\u00eddo com um corpo de a\u00e7o resistente, projetado para suportar condi\u00e7\u00f5es extremas de trabalho. Possui empuxo m\u00e1ximo de 3.000 e capacidade m\u00e1xima de tra\u00e7\u00e3o de 20 toneladas, tornando-o adequado para aplica\u00e7\u00f5es pesadas.<\/p>\n<table style=\"width: 98.5375%;\" border=\"\">\n<tbody>\n<tr>\n<td style=\"width: 43.5028%;\"><strong>Tamanho do furo<\/strong><\/td>\n<td style=\"width: 477.401%;\">2-6 polegadas<\/td>\n<\/tr>\n<tr>\n<td style=\"width: 43.5028%;\"><strong>Tamanho da haste<\/strong><\/td>\n<td style=\"width: 477.401%;\">1,125-4 polegadas<\/td>\n<\/tr>\n<tr>\n<td style=\"width: 43.5028%;\"><strong>Tamanho do tra\u00e7o<\/strong><\/td>\n<td style=\"width: 477.401%;\">4-100 polegadas<\/td>\n<\/tr>\n<tr>\n<td style=\"width: 43.5028%;\"><strong>Tamanho do pino<\/strong><\/td>\n<td style=\"width: 477.401%;\">0,5-2 polegadas<\/td>\n<\/tr>\n<tr>\n<td style=\"width: 43.5028%;\"><strong>Portos<\/strong><\/td>\n<td style=\"width: 477.401%;\">G\/SAE\/NPT\/M<\/td>\n<\/tr>\n<\/tbody>\n<\/table>\n<h2>Vantagens \u00danicas<\/h2>\n<ul>\n<li>Economia de energia: Oferece opera\u00e7\u00e3o eficiente, reduzindo o uso de energia e os custos operacionais.<\/li>\n<li>Alto desempenho: Oferece forte capacidade de empuxo e tra\u00e7\u00e3o para aplica\u00e7\u00f5es pesadas.<\/li>\n<li>Seguran\u00e7a: Constru\u00eddo com a\u00e7o de alta qualidade, garantindo durabilidade e confiabilidade na opera\u00e7\u00e3o.<\/li>\n<\/ul>\n<h2>Opera\u00e7\u00f5es e Aplica\u00e7\u00f5es<\/h2>\n<p>O cilindro hidr\u00e1ulico multiest\u00e1gio funciona convertendo a pot\u00eancia hidr\u00e1ulica em movimento mec\u00e2nico, fornecendo a for\u00e7a necess\u00e1ria para que caminh\u00f5es basculantes levantem e abaixam suas cargas. Isso o torna um componente essencial em setores como constru\u00e7\u00e3o, minera\u00e7\u00e3o e agricultura.<\/p>\n<p><img loading=\"lazy\" decoding=\"async\" class=\"alignnone wp-image-6656\" src=\"https:\/\/fmp-components.com\/wp-content\/uploads\/2025\/03\/telescopic-hydraulic-cylinder-5.webp\" alt=\"cilindro hidr\u00e1ulico telesc\u00f3pico\" width=\"904\" height=\"904\" title=\"\" srcset=\"https:\/\/fmp-components.com\/wp-content\/uploads\/2025\/03\/telescopic-hydraulic-cylinder-5.webp 904w, https:\/\/fmp-components.com\/wp-content\/uploads\/2025\/03\/telescopic-hydraulic-cylinder-5-480x480.webp 480w\" sizes=\"(min-width: 0px) and (max-width: 480px) 480px, (min-width: 481px) 904px, 100vw\" \/><\/p>\n<h2>Cilindros Hidr\u00e1ulicos e Unidades de Pot\u00eancia<\/h2>\n<p>Cilindros hidr\u00e1ulicos e unidades de pot\u00eancia s\u00e3o componentes essenciais de qualquer sistema hidr\u00e1ulico. O cilindro converte energia hidr\u00e1ulica em movimento mec\u00e2nico, enquanto a unidade de pot\u00eancia fornece a energia e os sinais de controle necess\u00e1rios. Essa sinergia garante a ampla aplica\u00e7\u00e3o da tecnologia hidr\u00e1ulica em diversos setores, oferecendo pot\u00eancia e controle confi\u00e1veis. Na FMP, tamb\u00e9m fornecemos unidades de pot\u00eancia para venda, garantindo que seu sistema hidr\u00e1ulico opere da melhor forma poss\u00edvel.<\/p>\n<h3>Sobre a FMP<\/h3>\n<p>A FMP \u00e9 uma fabricante italiana de renome, reconhecida por sua expertise em projeto, desenvolvimento e produ\u00e7\u00e3o de cilindros hidr\u00e1ulicos de alta qualidade. Com um rico legado constru\u00eddo ao longo de d\u00e9cadas, combinamos perfeitamente o artesanato italiano com tecnologia de ponta para fornecer solu\u00e7\u00f5es hidr\u00e1ulicas excepcionais, adaptadas \u00e0s diversas necessidades de nossos clientes globais. Localizada na It\u00e1lia, um centro de excel\u00eancia em engenharia, a FMP se consolidou como l\u00edder confi\u00e1vel no setor hidr\u00e1ulico, dedicada a fornecer produtos confi\u00e1veis, dur\u00e1veis \u200b\u200be inovadores que impulsionam empresas em todo o mundo.<\/p>\n<p>Combinamos tradi\u00e7\u00f5es avan\u00e7adas de fabrica\u00e7\u00e3o com uma vis\u00e3o progressista. Com anos de experi\u00eancia em sistemas hidr\u00e1ulicos, a FMP se transformou em uma empresa moderna, com excel\u00eancia em pesquisa, design e produ\u00e7\u00e3o. Nossa especializa\u00e7\u00e3o abrange um amplo espectro de cilindros hidr\u00e1ulicos, incluindo cilindros de dupla a\u00e7\u00e3o, cilindros de eleva\u00e7\u00e3o automotiva, cilindros para m\u00e1quinas agr\u00edcolas e solu\u00e7\u00f5es personalizadas para diversas aplica\u00e7\u00f5es industriais. Seja para constru\u00e7\u00e3o, instala\u00e7\u00f5es industriais, agricultura ou m\u00e1quinas pesadas, nossos cilindros hidr\u00e1ulicos s\u00e3o projetados para operar nas condi\u00e7\u00f5es mais exigentes, garantindo seguran\u00e7a, efici\u00eancia e durabilidade.<\/p>\n<p><img loading=\"lazy\" decoding=\"async\" class=\"alignnone size-full wp-image-6720\" src=\"https:\/\/fmp-components.com\/wp-content\/uploads\/2025\/03\/hydraulic-cylinder-8.webp\" alt=\"Cilindros Hidr\u00e1ulicos Telesc\u00f3picos\" width=\"933\" height=\"526\" title=\"\" srcset=\"https:\/\/fmp-components.com\/wp-content\/uploads\/2025\/03\/hydraulic-cylinder-8.webp 933w, https:\/\/fmp-components.com\/wp-content\/uploads\/2025\/03\/hydraulic-cylinder-8-480x271.webp 480w\" sizes=\"(min-width: 0px) and (max-width: 480px) 480px, (min-width: 481px) 933px, 100vw\" \/><\/p>\n<p>Na FMP, orgulhamo-nos de nossas instala\u00e7\u00f5es de produ\u00e7\u00e3o de ponta, equipadas com m\u00e1quinas de precis\u00e3o e sistemas de teste avan\u00e7ados. Nossos processos de fabrica\u00e7\u00e3o atendem a rigorosos padr\u00f5es nacionais e internacionais, garantindo que cada cilindro hidr\u00e1ulico produzido seja da mais alta qualidade e confiabilidade. Nossa equipe t\u00e9cnica qualificada, aliada a equipamentos avan\u00e7ados, nos permite manter um rigoroso controle de qualidade em todas as etapas da produ\u00e7\u00e3o \u2014 desde a sele\u00e7\u00e3o da mat\u00e9ria-prima at\u00e9 a inspe\u00e7\u00e3o final. Esse compromisso com a excel\u00eancia nos rendeu certifica\u00e7\u00f5es e reconhecimento de autoridades do setor, consolidando ainda mais nossa reputa\u00e7\u00e3o como um parceiro confi\u00e1vel.<\/p>\n<p>Nossa miss\u00e3o \u00e9 simples, por\u00e9m ambiciosa: fornecer cilindros hidr\u00e1ulicos que superem as expectativas em desempenho, durabilidade e valor. Seguimos os princ\u00edpios de profissionalismo, integridade e foco no cliente. Promovendo uma cultura de inova\u00e7\u00e3o e precis\u00e3o, aprimoramos continuamente nossos produtos para permanecermos competitivos no mercado. Nossa ampla gama de produtos e a capacidade de oferecer solu\u00e7\u00f5es personalizadas nos posicionam como a escolha preferida para empresas que precisam de cilindros hidr\u00e1ulicos de alto desempenho.<\/p>\n<p>A FMP \u00e9 mais do que apenas uma fabricante; somos uma parceira para o seu sucesso. Reconhecemos que nossos clientes dependem de n\u00f3s para ferramentas que aumentam a produtividade e a seguran\u00e7a. Por isso, estamos comprometidos em fornecer n\u00e3o apenas produtos de alta qualidade, mas tamb\u00e9m um servi\u00e7o excepcional. Das consultas iniciais ao suporte p\u00f3s-venda, colaboramos estreitamente com nossos clientes para garantir que suas necessidades sejam atendidas com profissionalismo e cuidado. Nossos pre\u00e7os competitivos, aliados ao nosso compromisso inabal\u00e1vel com a qualidade, fazem da FMP a escolha inteligente para empresas que buscam solu\u00e7\u00f5es hidr\u00e1ulicas confi\u00e1veis.<\/p>\n<h2>Perguntas frequentes<\/h2>\n<p><strong>P: Voc\u00ea \u00e9 uma empresa comercial ou fabricante?<\/strong><br \/>\nR: Somos um fabricante.<\/p>\n<p><strong>P: Quanto tempo demora a entrega?<\/strong><br \/>\nR: Geralmente, s\u00e3o 25-35 dias.<\/p>\n<p><strong>P: Voc\u00eas fornecem amostras? \u00c9 gr\u00e1tis ou extra?<\/strong><br \/>\nR: Sim, podemos oferecer a amostra, mas n\u00e3o \u00e9 gr\u00e1tis.<\/p>\n<p><img loading=\"lazy\" decoding=\"async\" class=\"alignnone wp-image-6717\" src=\"https:\/\/fmp-components.com\/wp-content\/uploads\/2025\/03\/hydraulic-cylinder-211.webp\" alt=\"Cilindros Hidr\u00e1ulicos\" width=\"947\" height=\"949\" title=\"\" srcset=\"https:\/\/fmp-components.com\/wp-content\/uploads\/2025\/03\/hydraulic-cylinder-211.webp 947w, https:\/\/fmp-components.com\/wp-content\/uploads\/2025\/03\/hydraulic-cylinder-211-480x481.webp 480w\" sizes=\"(min-width: 0px) and (max-width: 480px) 480px, (min-width: 481px) 947px, 100vw\" \/><\/p>","protected":false},"excerpt":{"rendered":"<p>Low Price Multistage Hydraulic Cylinder Double Acting For Dump Truck Introducing our competitively priced Multistage hydraulic cylinder, a double acting solution specifically designed for dump trucks. This powerful piece of machinery is a dependable and efficient addition to your heavy-duty equipment. Product Features and Specifications Our hydraulic cylinder is built with a sturdy steel body, [&hellip;]<\/p>","protected":false},"featured_media":6676,"comment_status":"closed","ping_status":"closed","template":"","meta":{"_et_pb_use_builder":"","_et_pb_old_content":"","_et_gb_content_width":""},"product_brand":[],"product_cat":[103],"product_tag":[34,105],"class_list":{"0":"post-6501","1":"product","2":"type-product","3":"status-publish","4":"has-post-thumbnail","6":"product_cat-telescopic-hydraulic-cylinders","7":"product_tag-hydraulic-cylinder","8":"product_tag-telescopic-hydraulic-cylinders","10":"first","11":"instock","12":"product-type-simple"},"_links":{"self":[{"href":"https:\/\/fmp-components.com\/pt\/wp-json\/wp\/v2\/product\/6501","targetHints":{"allow":["GET"]}}],"collection":[{"href":"https:\/\/fmp-components.com\/pt\/wp-json\/wp\/v2\/product"}],"about":[{"href":"https:\/\/fmp-components.com\/pt\/wp-json\/wp\/v2\/types\/product"}],"replies":[{"embeddable":true,"href":"https:\/\/fmp-components.com\/pt\/wp-json\/wp\/v2\/comments?post=6501"}],"wp:featuredmedia":[{"embeddable":true,"href":"https:\/\/fmp-components.com\/pt\/wp-json\/wp\/v2\/media\/6676"}],"wp:attachment":[{"href":"https:\/\/fmp-components.com\/pt\/wp-json\/wp\/v2\/media?parent=6501"}],"wp:term":[{"taxonomy":"product_brand","embeddable":true,"href":"https:\/\/fmp-components.com\/pt\/wp-json\/wp\/v2\/product_brand?post=6501"},{"taxonomy":"product_cat","embeddable":true,"href":"https:\/\/fmp-components.com\/pt\/wp-json\/wp\/v2\/product_cat?post=6501"},{"taxonomy":"product_tag","embeddable":true,"href":"https:\/\/fmp-components.com\/pt\/wp-json\/wp\/v2\/product_tag?post=6501"}],"curies":[{"name":"wp","href":"https:\/\/api.w.org\/{rel}","templated":true}]}}