{"id":6499,"date":"2025-03-11T06:25:30","date_gmt":"2025-03-11T06:25:30","guid":{"rendered":"https:\/\/fmp-components.com\/product\/professional-craftsmanship-dump-truck-4-stage-hydraulic-cylinder-small-multistage-hydraulic-cylinder"},"modified":"2025-03-11T08:42:42","modified_gmt":"2025-03-11T08:42:42","slug":"professional-craftsmanship-dump-truck-4-stage-hydraulic-cylinder-small-multistage-hydraulic-cylinder","status":"publish","type":"product","link":"https:\/\/fmp-components.com\/pt\/product\/professional-craftsmanship-dump-truck-4-stage-hydraulic-cylinder-small-multistage-hydraulic-cylinder\/","title":{"rendered":"Caminh\u00e3o basculante profissional de 4 est\u00e1gios, cilindro hidr\u00e1ulico pequeno de v\u00e1rios est\u00e1gios"},"content":{"rendered":"<h2>Caminh\u00e3o basculante profissional de 4 est\u00e1gios, cilindro hidr\u00e1ulico pequeno de v\u00e1rios est\u00e1gios<\/h2>\n<p>O cilindro hidr\u00e1ulico multiest\u00e1gios \u00e9 um produto de classe mundial projetado para diversas aplica\u00e7\u00f5es industriais. Ele demonstra desempenho, durabilidade e efici\u00eancia excepcionais. \u00c9 uma ferramenta essencial para oficinas de reparo de m\u00e1quinas, fazendas, ind\u00fastrias de energia e minera\u00e7\u00e3o, fabrica\u00e7\u00e3o de m\u00e1quinas e f\u00e1bricas de maquin\u00e1rio.<\/p>\n<h2>Especifica\u00e7\u00f5es do produto<\/h2>\n<table style=\"width: 98.1124%;\" border=\"\">\n<tbody>\n<tr>\n<th style=\"width: 43.5028%;\">Tamanho do furo<\/th>\n<td style=\"width: 475.141%;\">2-6 polegadas<\/td>\n<\/tr>\n<tr>\n<th style=\"width: 43.5028%;\">Tamanho da haste<\/th>\n<td style=\"width: 475.141%;\">1,125-4 polegadas<\/td>\n<\/tr>\n<tr>\n<th style=\"width: 43.5028%;\">Tamanho do tra\u00e7o<\/th>\n<td style=\"width: 475.141%;\">4-100 polegadas<\/td>\n<\/tr>\n<tr>\n<th style=\"width: 43.5028%;\">Tamanho do pino<\/th>\n<td style=\"width: 475.141%;\">0,5-2 polegadas<\/td>\n<\/tr>\n<tr>\n<th style=\"width: 43.5028%;\">Portos<\/th>\n<td style=\"width: 475.141%;\">G\/SAE\/NPT\/M<\/td>\n<\/tr>\n<\/tbody>\n<\/table>\n<h2>Principais caracter\u00edsticas do cilindro hidr\u00e1ulico multiest\u00e1gios<\/h2>\n<ul>\n<li>Efici\u00eancia energ\u00e9tica<\/li>\n<li>Alto desempenho<\/li>\n<li>Seguran\u00e7a garantida<\/li>\n<\/ul>\n<h3>Sistemas Hidr\u00e1ulicos e Princ\u00edpio de Funcionamento<\/h3>\n<p>O cilindro hidr\u00e1ulico multiest\u00e1gios opera aproveitando a energia do fluido inerente aos sistemas hidr\u00e1ulicos. Essa tecnologia inovadora permite que o cilindro converta energia hidr\u00e1ulica em energia mec\u00e2nica, executando trabalhos com efici\u00eancia em uma ampla gama de aplica\u00e7\u00f5es industriais. Quando o fluido hidr\u00e1ulico \u00e9 pressurizado e direcionado para o cilindro, inicia um movimento que se traduz em movimento linear. A efici\u00eancia e o desempenho deste cilindro hidr\u00e1ulico s\u00e3o um testemunho de seu design e fabrica\u00e7\u00e3o superiores, garantindo que ele possa lidar com cargas pesadas com precis\u00e3o e confiabilidade. Sua engenharia avan\u00e7ada permite uma opera\u00e7\u00e3o suave e adaptabilidade, tornando-o adequado para tarefas que exigem for\u00e7a e precis\u00e3o.<\/p>\n<p><img loading=\"lazy\" decoding=\"async\" class=\"alignnone  wp-image-6664\" src=\"https:\/\/fmp-components.com\/wp-content\/uploads\/2025\/03\/telescopic-hydraulic-cylinder-8.webp\" alt=\"cilindro hidr\u00e1ulico telesc\u00f3pico\" width=\"898\" height=\"898\" title=\"\" srcset=\"https:\/\/fmp-components.com\/wp-content\/uploads\/2025\/03\/telescopic-hydraulic-cylinder-8.webp 898w, https:\/\/fmp-components.com\/wp-content\/uploads\/2025\/03\/telescopic-hydraulic-cylinder-8-480x480.webp 480w\" sizes=\"(min-width: 0px) and (max-width: 480px) 480px, (min-width: 481px) 898px, 100vw\" \/><\/p>\n<h3>Aplica\u00e7\u00f5es do Cilindro Hidr\u00e1ulico<\/h3>\n<p>Este cilindro hidr\u00e1ulico \u00e9 vers\u00e1til e encontra aplica\u00e7\u00f5es em uma ampla gama de setores. Em oficinas de reparo de m\u00e1quinas, \u00e9 essencial para levantar e manobrar componentes pesados, facilitando reparos e manuten\u00e7\u00f5es eficientes. Na agricultura, desempenha um papel crucial na alimenta\u00e7\u00e3o de equipamentos como tratores e reboques basculantes, aumentando a produtividade nas opera\u00e7\u00f5es agr\u00edcolas. Os setores de energia e minera\u00e7\u00e3o se beneficiam significativamente de seu design robusto, pois ele suporta as condi\u00e7\u00f5es exigentes t\u00edpicas dessas ind\u00fastrias, tornando-o ideal para tarefas pesadas. Al\u00e9m disso, \u00e9 amplamente utilizado na fabrica\u00e7\u00e3o de m\u00e1quinas e em f\u00e1bricas, onde auxilia em diversos processos de produ\u00e7\u00e3o, fornecendo a for\u00e7a necess\u00e1ria para montagem e movimenta\u00e7\u00e3o de materiais. Sua adaptabilidade a esses diversos ambientes destaca sua import\u00e2ncia como uma ferramenta confi\u00e1vel para profissionais em in\u00fameros setores.<\/p>\n<h3>Cilindros Hidr\u00e1ulicos e Unidades de Pot\u00eancia<\/h3>\n<p>Cilindros hidr\u00e1ulicos e unidades de pot\u00eancia s\u00e3o componentes essenciais de sistemas hidr\u00e1ulicos, trabalhando em harmonia para garantir o desempenho ideal. O cilindro hidr\u00e1ulico atua como atuador, convertendo energia hidr\u00e1ulica em movimento mec\u00e2nico, enquanto a unidade de pot\u00eancia funciona como fonte de energia, fornecendo o fluido pressurizado necess\u00e1rio para a opera\u00e7\u00e3o. Juntos, eles facilitam a aplica\u00e7\u00e3o eficiente da tecnologia hidr\u00e1ulica no setor industrial, fornecendo pot\u00eancia confi\u00e1vel e suporte de controle para uma variedade de equipamentos de engenharia e mec\u00e2nicos. Essa fun\u00e7\u00e3o coordenada \u00e9 fundamental para a execu\u00e7\u00e3o de tarefas que exigem for\u00e7a e precis\u00e3o significativas, garantindo que as opera\u00e7\u00f5es ocorram de forma suave e eficaz. Na FMP, tamb\u00e9m oferecemos uma gama de unidades de pot\u00eancia para venda, complementando nossos cilindros hidr\u00e1ulicos e fornecendo solu\u00e7\u00f5es completas para as necessidades do seu sistema hidr\u00e1ulico. Nosso compromisso com a qualidade e a inova\u00e7\u00e3o garante que voc\u00ea possa contar conosco para todas as suas necessidades hidr\u00e1ulicas.<\/p>\n<p><img loading=\"lazy\" decoding=\"async\" class=\"alignnone  wp-image-6665\" src=\"https:\/\/fmp-components.com\/wp-content\/uploads\/2025\/03\/telescopic-hydraulic-cylinder-9.webp\" alt=\"cilindro hidr\u00e1ulico telesc\u00f3pico\" width=\"921\" height=\"921\" title=\"\" srcset=\"https:\/\/fmp-components.com\/wp-content\/uploads\/2025\/03\/telescopic-hydraulic-cylinder-9.webp 921w, https:\/\/fmp-components.com\/wp-content\/uploads\/2025\/03\/telescopic-hydraulic-cylinder-9-480x480.webp 480w\" sizes=\"(min-width: 0px) and (max-width: 480px) 480px, (min-width: 481px) 921px, 100vw\" \/><\/p>\n<h3>Sobre a FMP<\/h3>\n<p class=\"break-words\">A FMP \u00e9 uma fabricante italiana l\u00edder, especializada em projeto, desenvolvimento e produ\u00e7\u00e3o de cilindros hidr\u00e1ulicos de alta qualidade. Com uma rica heran\u00e7a alicer\u00e7ada em d\u00e9cadas de experi\u00eancia, combinamos com orgulho o artesanato italiano com tecnologia de ponta para oferecer solu\u00e7\u00f5es hidr\u00e1ulicas excepcionais, personalizadas para atender \u00e0s diversas necessidades de nossa clientela global. Com sede na It\u00e1lia, um polo de excel\u00eancia em engenharia, a FMP se destaca como uma marca confi\u00e1vel na ind\u00fastria hidr\u00e1ulica, comprometida em fornecer produtos confi\u00e1veis, dur\u00e1veis e inovadores que impulsionam empresas em todo o mundo.<\/p>\n<p class=\"break-words\">Nossa empresa integra o melhor das tradi\u00e7\u00f5es de fabrica\u00e7\u00e3o avan\u00e7ada com uma abordagem inovadora. Com anos de experi\u00eancia em sistemas hidr\u00e1ulicos, a FMP evoluiu para uma empresa moderna que se destaca em pesquisa, design e produ\u00e7\u00e3o. Somos especializados em uma ampla gama de cilindros hidr\u00e1ulicos, incluindo cilindros de dupla a\u00e7\u00e3o, cilindros de eleva\u00e7\u00e3o automotiva, cilindros para m\u00e1quinas agr\u00edcolas e solu\u00e7\u00f5es personalizadas para diversas aplica\u00e7\u00f5es industriais. Seja para constru\u00e7\u00e3o, instala\u00e7\u00f5es industriais, agricultura ou m\u00e1quinas pesadas, nossos cilindros hidr\u00e1ulicos s\u00e3o projetados para operar nas condi\u00e7\u00f5es mais dif\u00edceis, garantindo seguran\u00e7a, efici\u00eancia e durabilidade.<\/p>\n<p><img loading=\"lazy\" decoding=\"async\" class=\"alignnone size-full wp-image-6720\" src=\"https:\/\/fmp-components.com\/wp-content\/uploads\/2025\/03\/hydraulic-cylinder-8.webp\" alt=\"Cilindros Hidr\u00e1ulicos Telesc\u00f3picos\" width=\"933\" height=\"526\" title=\"\" srcset=\"https:\/\/fmp-components.com\/wp-content\/uploads\/2025\/03\/hydraulic-cylinder-8.webp 933w, https:\/\/fmp-components.com\/wp-content\/uploads\/2025\/03\/hydraulic-cylinder-8-480x271.webp 480w\" sizes=\"(min-width: 0px) and (max-width: 480px) 480px, (min-width: 481px) 933px, 100vw\" \/><\/p>\n<p class=\"break-words\">Na FMP, orgulhamo-nos de nossas instala\u00e7\u00f5es de produ\u00e7\u00e3o de \u00faltima gera\u00e7\u00e3o, equipadas com m\u00e1quinas de precis\u00e3o e sistemas de teste avan\u00e7ados. Nossos processos de fabrica\u00e7\u00e3o seguem rigorosos padr\u00f5es nacionais e internacionais, garantindo que cada cilindro hidr\u00e1ulico que sai de nossa f\u00e1brica seja de qualidade e confiabilidade superiores. Nossa equipe t\u00e9cnica qualificada, aliada a equipamentos de \u00faltima gera\u00e7\u00e3o, nos permite manter um rigoroso controle de qualidade em todas as etapas da produ\u00e7\u00e3o \u2014 desde a sele\u00e7\u00e3o da mat\u00e9ria-prima at\u00e9 a inspe\u00e7\u00e3o final. Essa dedica\u00e7\u00e3o \u00e0 excel\u00eancia nos rendeu certifica\u00e7\u00f5es e reconhecimento de autoridades do setor, consolidando ainda mais nossa reputa\u00e7\u00e3o como um parceiro confi\u00e1vel.<\/p>\n<p class=\"break-words\">Nossa miss\u00e3o \u00e9 simples, por\u00e9m ambiciosa: fornecer aos nossos clientes cilindros hidr\u00e1ulicos que superem as expectativas em desempenho, durabilidade e valor. Atuamos sob os princ\u00edpios norteadores de profissionalismo, integridade e foco no cliente. Ao fomentar uma cultura de inova\u00e7\u00e3o e precis\u00e3o, refinamos continuamente nossos produtos para nos mantermos \u00e0 frente em um mercado competitivo. Nossa abrangente linha de produtos e a capacidade de oferecer solu\u00e7\u00f5es personalizadas nos tornam a escolha ideal para empresas que buscam cilindros hidr\u00e1ulicos de alto desempenho.<\/p>\n<p class=\"break-words\">A FMP \u00e9 mais do que apenas uma fabricante \u2014 somos uma parceira para o seu sucesso. Entendemos que nossos clientes confiam em n\u00f3s para fornecer ferramentas que aumentam sua produtividade e seguran\u00e7a. \u00c9 por isso que nos comprometemos a oferecer n\u00e3o apenas produtos de primeira linha, mas tamb\u00e9m um servi\u00e7o excepcional. Da consultoria inicial ao suporte p\u00f3s-venda, trabalhamos em estreita colabora\u00e7\u00e3o com nossos clientes para garantir que suas necessidades sejam atendidas com profissionalismo e cuidado. Nossos pre\u00e7os competitivos, aliados ao nosso compromisso inabal\u00e1vel com a qualidade, fazem da FMP a escolha inteligente para empresas que buscam investir em solu\u00e7\u00f5es hidr\u00e1ulicas confi\u00e1veis.<\/p>","protected":false},"excerpt":{"rendered":"<p>Professional Craftsmanship Dump Truck 4 Stage Hydraulic Cylinder Small Multistage Hydraulic Cylinder The Multistage Hydraulic Cylinder is a world-class product designed for various industrial applications. It demonstrates exceptional performance, durability, and efficiency. It is an essential tool for machinery repair shops, farms, energy &amp; mining industries, machinery manufacturing, and machinery factories. Product Specifications Bore Size [&hellip;]<\/p>","protected":false},"featured_media":6678,"comment_status":"closed","ping_status":"closed","template":"","meta":{"_et_pb_use_builder":"","_et_pb_old_content":"","_et_gb_content_width":""},"product_brand":[],"product_cat":[103],"product_tag":[34,105],"class_list":{"0":"post-6499","1":"product","2":"type-product","3":"status-publish","4":"has-post-thumbnail","6":"product_cat-telescopic-hydraulic-cylinders","7":"product_tag-hydraulic-cylinder","8":"product_tag-telescopic-hydraulic-cylinders","10":"first","11":"instock","12":"product-type-simple"},"_links":{"self":[{"href":"https:\/\/fmp-components.com\/pt\/wp-json\/wp\/v2\/product\/6499","targetHints":{"allow":["GET"]}}],"collection":[{"href":"https:\/\/fmp-components.com\/pt\/wp-json\/wp\/v2\/product"}],"about":[{"href":"https:\/\/fmp-components.com\/pt\/wp-json\/wp\/v2\/types\/product"}],"replies":[{"embeddable":true,"href":"https:\/\/fmp-components.com\/pt\/wp-json\/wp\/v2\/comments?post=6499"}],"wp:featuredmedia":[{"embeddable":true,"href":"https:\/\/fmp-components.com\/pt\/wp-json\/wp\/v2\/media\/6678"}],"wp:attachment":[{"href":"https:\/\/fmp-components.com\/pt\/wp-json\/wp\/v2\/media?parent=6499"}],"wp:term":[{"taxonomy":"product_brand","embeddable":true,"href":"https:\/\/fmp-components.com\/pt\/wp-json\/wp\/v2\/product_brand?post=6499"},{"taxonomy":"product_cat","embeddable":true,"href":"https:\/\/fmp-components.com\/pt\/wp-json\/wp\/v2\/product_cat?post=6499"},{"taxonomy":"product_tag","embeddable":true,"href":"https:\/\/fmp-components.com\/pt\/wp-json\/wp\/v2\/product_tag?post=6499"}],"curies":[{"name":"wp","href":"https:\/\/api.w.org\/{rel}","templated":true}]}}