{"id":6497,"date":"2025-03-11T06:25:30","date_gmt":"2025-03-11T06:25:30","guid":{"rendered":"https:\/\/fmp-components.com\/product\/cost-effective-double-acting-telescopic-hydraulic-cylinder-for-sale"},"modified":"2025-03-18T02:01:45","modified_gmt":"2025-03-18T02:01:45","slug":"cost-effective-double-acting-telescopic-hydraulic-cylinder-for-sale","status":"publish","type":"product","link":"https:\/\/fmp-components.com\/pt\/product\/cost-effective-double-acting-telescopic-hydraulic-cylinder-for-sale\/","title":{"rendered":"Cilindro hidr\u00e1ulico telesc\u00f3pico de dupla a\u00e7\u00e3o com \u00f3timo custo-benef\u00edcio \u00e0 venda"},"content":{"rendered":"<h2>Cilindro hidr\u00e1ulico telesc\u00f3pico de dupla a\u00e7\u00e3o com \u00f3timo custo-benef\u00edcio \u00e0 venda<\/h2>\n<p>Este novo cilindro hidr\u00e1ulico telesc\u00f3pico de dupla a\u00e7\u00e3o, econ\u00f4mico e ideal para diversas aplica\u00e7\u00f5es em oficinas de reparo de m\u00e1quinas, fazendas, ind\u00fastrias de energia e minera\u00e7\u00e3o, fabrica\u00e7\u00e3o de m\u00e1quinas e f\u00e1bricas de m\u00e1quinas. Feito de a\u00e7o dur\u00e1vel, este cilindro de \u00eambolo padr\u00e3o opera com energia hidr\u00e1ulica e fornece um empuxo m\u00e1ximo de 3.000 e uma tra\u00e7\u00e3o m\u00e1xima de 20 toneladas.<\/p>\n<h3>Especifica\u00e7\u00f5es do produto<\/h3>\n<p>O cilindro hidr\u00e1ulico tem di\u00e2metro interno de 2 a 6 polegadas, haste de 1,125 a 4 polegadas, curso de 4 a 100 polegadas e pino de 0,5 a 2 polegadas. As conex\u00f5es s\u00e3o G\/SAE\/NPT\/M. Pesa 31 kg e est\u00e1 dispon\u00edvel na cor preta.<\/p>\n<table style=\"width: 100.661%;\" border=\"\">\n<tbody>\n<tr>\n<td style=\"width: 43.5028%;\"><strong>Tamanho do furo<\/strong><\/td>\n<td style=\"width: 488.701%;\">2-6 polegadas<\/td>\n<\/tr>\n<tr>\n<td style=\"width: 43.5028%;\"><strong>Tamanho da haste<\/strong><\/td>\n<td style=\"width: 488.701%;\">1,125-4 polegadas<\/td>\n<\/tr>\n<tr>\n<td style=\"width: 43.5028%;\"><strong>Tamanho do tra\u00e7o<\/strong><\/td>\n<td style=\"width: 488.701%;\">4-100 polegadas<\/td>\n<\/tr>\n<tr>\n<td style=\"width: 43.5028%;\"><strong>Tamanho do pino<\/strong><\/td>\n<td style=\"width: 488.701%;\">0,5-2 polegadas<\/td>\n<\/tr>\n<tr>\n<td style=\"width: 43.5028%;\"><strong>Portos<\/strong><\/td>\n<td style=\"width: 488.701%;\">G\/SAE\/NPT\/M<\/td>\n<\/tr>\n<\/tbody>\n<\/table>\n<h3>Recursos e benef\u00edcios exclusivos<\/h3>\n<p>Nosso cilindro hidr\u00e1ulico multiest\u00e1gio possui certifica\u00e7\u00e3o ISO9001:2000, garantindo qualidade e confiabilidade. \u00c9 energeticamente eficiente, potente e seguro, o que o torna um recurso inestim\u00e1vel em diversos setores.<\/p>\n<h3>Sistema hidr\u00e1ulico e princ\u00edpio de funcionamento<\/h3>\n<p>O cilindro hidr\u00e1ulico funciona convertendo pot\u00eancia hidr\u00e1ulica em movimento mec\u00e2nico, transformando press\u00e3o em for\u00e7a, enquanto a unidade de pot\u00eancia \u00e9 o n\u00facleo que fornece a energia e os sinais de controle necess\u00e1rios ao sistema hidr\u00e1ulico. Sua sinergia garante o amplo uso da tecnologia hidr\u00e1ulica no setor industrial e fornece energia e controle confi\u00e1veis \u200b\u200bpara diversos projetos e equipamentos mec\u00e2nicos.<\/p>\n<h3>Cen\u00e1rios de Aplica\u00e7\u00e3o<\/h3>\n<p>Este vers\u00e1til cilindro hidr\u00e1ulico pode ser usado em diversos setores, incluindo oficinas de reparo de m\u00e1quinas, fazendas, ind\u00fastrias de energia e minera\u00e7\u00e3o, fabrica\u00e7\u00e3o de m\u00e1quinas e f\u00e1bricas de m\u00e1quinas.<\/p>\n<p><img loading=\"lazy\" decoding=\"async\" class=\"alignnone wp-image-6663\" src=\"https:\/\/fmp-components.com\/wp-content\/uploads\/2025\/03\/telescopic-hydraulic-cylinder-11.webp\" alt=\"cilindro hidr\u00e1ulico telesc\u00f3pico\" width=\"903\" height=\"903\" title=\"\" srcset=\"https:\/\/fmp-components.com\/wp-content\/uploads\/2025\/03\/telescopic-hydraulic-cylinder-11.webp 903w, https:\/\/fmp-components.com\/wp-content\/uploads\/2025\/03\/telescopic-hydraulic-cylinder-11-480x480.webp 480w\" sizes=\"(min-width: 0px) and (max-width: 480px) 480px, (min-width: 481px) 903px, 100vw\" \/><\/p>\n<h2>Cilindros Hidr\u00e1ulicos e Unidades de Pot\u00eancia<\/h2>\n<p>O cilindro hidr\u00e1ulico e a unidade de pot\u00eancia s\u00e3o componentes indispens\u00e1veis \u200b\u200bdo sistema hidr\u00e1ulico. Seu efeito sin\u00e9rgico garante a ampla aplica\u00e7\u00e3o da tecnologia hidr\u00e1ulica no setor industrial, fornecendo energia e controle confi\u00e1veis \u200b\u200bpara diversos equipamentos mec\u00e2nicos e de engenharia. Tamb\u00e9m vendemos unidades de pot\u00eancia na FMP.<\/p>\n<h2>Perguntas frequentes<\/h2>\n<dl>\n<dt>P: Voc\u00ea \u00e9 uma empresa comercial ou um fabricante?<\/dt>\n<dd>R: Somos um fabricante.<\/dd>\n<dt>P: Quanto tempo demora a entrega?<\/dt>\n<dd>R: Geralmente, s\u00e3o 25-35 dias.<\/dd>\n<dt>P: Voc\u00eas fornecem amostras? \u00c9 gr\u00e1tis ou extra?<\/dt>\n<dd>R: Sim, podemos oferecer amostras, mas elas n\u00e3o s\u00e3o gratuitas.<\/dd>\n<\/dl>\n<p><img loading=\"lazy\" decoding=\"async\" class=\"alignnone wp-image-6664\" src=\"https:\/\/fmp-components.com\/wp-content\/uploads\/2025\/03\/telescopic-hydraulic-cylinder-8.webp\" alt=\"cilindro hidr\u00e1ulico telesc\u00f3pico\" width=\"907\" height=\"907\" title=\"\" srcset=\"https:\/\/fmp-components.com\/wp-content\/uploads\/2025\/03\/telescopic-hydraulic-cylinder-8.webp 907w, https:\/\/fmp-components.com\/wp-content\/uploads\/2025\/03\/telescopic-hydraulic-cylinder-8-480x480.webp 480w\" sizes=\"(min-width: 0px) and (max-width: 480px) 480px, (min-width: 481px) 907px, 100vw\" \/><\/p>\n<h3>Sobre a FMP<\/h3>\n<p class=\"break-words\">A FMP \u00e9 uma fabricante italiana l\u00edder, especializada em projeto, desenvolvimento e produ\u00e7\u00e3o de cilindros hidr\u00e1ulicos de alta qualidade. Com uma rica heran\u00e7a alicer\u00e7ada em d\u00e9cadas de experi\u00eancia, combinamos com orgulho o artesanato italiano com tecnologia de ponta para oferecer solu\u00e7\u00f5es hidr\u00e1ulicas excepcionais, personalizadas para atender \u00e0s diversas necessidades de nossa clientela global. Com sede na It\u00e1lia, um polo de excel\u00eancia em engenharia, a FMP se destaca como uma marca confi\u00e1vel na ind\u00fastria hidr\u00e1ulica, comprometida em fornecer produtos confi\u00e1veis, dur\u00e1veis e inovadores que impulsionam empresas em todo o mundo.<\/p>\n<p class=\"break-words\">Nossa empresa integra o melhor das tradi\u00e7\u00f5es de fabrica\u00e7\u00e3o avan\u00e7ada com uma abordagem inovadora. Com anos de experi\u00eancia em sistemas hidr\u00e1ulicos, a FMP evoluiu para uma empresa moderna que se destaca em pesquisa, design e produ\u00e7\u00e3o. Somos especializados em uma ampla gama de cilindros hidr\u00e1ulicos, incluindo cilindros de dupla a\u00e7\u00e3o, cilindros de eleva\u00e7\u00e3o automotiva, cilindros para m\u00e1quinas agr\u00edcolas e solu\u00e7\u00f5es personalizadas para diversas aplica\u00e7\u00f5es industriais. Seja para constru\u00e7\u00e3o, instala\u00e7\u00f5es industriais, agricultura ou m\u00e1quinas pesadas, nossos cilindros hidr\u00e1ulicos s\u00e3o projetados para operar nas condi\u00e7\u00f5es mais dif\u00edceis, garantindo seguran\u00e7a, efici\u00eancia e durabilidade.<\/p>\n<p><img loading=\"lazy\" decoding=\"async\" class=\"alignnone size-full wp-image-6720\" src=\"https:\/\/fmp-components.com\/wp-content\/uploads\/2025\/03\/hydraulic-cylinder-8.webp\" alt=\"Cilindros Hidr\u00e1ulicos Telesc\u00f3picos\" width=\"933\" height=\"526\" title=\"\" srcset=\"https:\/\/fmp-components.com\/wp-content\/uploads\/2025\/03\/hydraulic-cylinder-8.webp 933w, https:\/\/fmp-components.com\/wp-content\/uploads\/2025\/03\/hydraulic-cylinder-8-480x271.webp 480w\" sizes=\"(min-width: 0px) and (max-width: 480px) 480px, (min-width: 481px) 933px, 100vw\" \/><\/p>\n<p class=\"break-words\">Na FMP, orgulhamo-nos de nossas instala\u00e7\u00f5es de produ\u00e7\u00e3o de \u00faltima gera\u00e7\u00e3o, equipadas com m\u00e1quinas de precis\u00e3o e sistemas de teste avan\u00e7ados. Nossos processos de fabrica\u00e7\u00e3o seguem rigorosos padr\u00f5es nacionais e internacionais, garantindo que cada cilindro hidr\u00e1ulico que sai de nossa f\u00e1brica seja de qualidade e confiabilidade superiores. Nossa equipe t\u00e9cnica qualificada, aliada a equipamentos de \u00faltima gera\u00e7\u00e3o, nos permite manter um rigoroso controle de qualidade em todas as etapas da produ\u00e7\u00e3o \u2014 desde a sele\u00e7\u00e3o da mat\u00e9ria-prima at\u00e9 a inspe\u00e7\u00e3o final. Essa dedica\u00e7\u00e3o \u00e0 excel\u00eancia nos rendeu certifica\u00e7\u00f5es e reconhecimento de autoridades do setor, consolidando ainda mais nossa reputa\u00e7\u00e3o como um parceiro confi\u00e1vel.<\/p>\n<p class=\"break-words\">Nossa miss\u00e3o \u00e9 simples, por\u00e9m ambiciosa: fornecer aos nossos clientes cilindros hidr\u00e1ulicos que superem as expectativas em desempenho, durabilidade e valor. Atuamos sob os princ\u00edpios norteadores de profissionalismo, integridade e foco no cliente. Ao fomentar uma cultura de inova\u00e7\u00e3o e precis\u00e3o, refinamos continuamente nossos produtos para nos mantermos \u00e0 frente em um mercado competitivo. Nossa abrangente linha de produtos e a capacidade de oferecer solu\u00e7\u00f5es personalizadas nos tornam a escolha ideal para empresas que buscam cilindros hidr\u00e1ulicos de alto desempenho.<\/p>\n<p class=\"break-words\">A FMP \u00e9 mais do que apenas uma fabricante \u2014 somos uma parceira para o seu sucesso. Entendemos que nossos clientes confiam em n\u00f3s para fornecer ferramentas que aumentam sua produtividade e seguran\u00e7a. \u00c9 por isso que nos comprometemos a oferecer n\u00e3o apenas produtos de primeira linha, mas tamb\u00e9m um servi\u00e7o excepcional. Da consultoria inicial ao suporte p\u00f3s-venda, trabalhamos em estreita colabora\u00e7\u00e3o com nossos clientes para garantir que suas necessidades sejam atendidas com profissionalismo e cuidado. Nossos pre\u00e7os competitivos, aliados ao nosso compromisso inabal\u00e1vel com a qualidade, fazem da FMP a escolha inteligente para empresas que buscam investir em solu\u00e7\u00f5es hidr\u00e1ulicas confi\u00e1veis.<\/p>","protected":false},"excerpt":{"rendered":"<p>Cilindro hidr\u00e1ulico telesc\u00f3pico de dupla a\u00e7\u00e3o com excelente custo-benef\u00edcio \u00e0 venda. Este novo cilindro hidr\u00e1ulico telesc\u00f3pico de dupla a\u00e7\u00e3o, com \u00f3timo custo-benef\u00edcio, \u00e9 a solu\u00e7\u00e3o ideal para diversas aplica\u00e7\u00f5es em oficinas de reparo de m\u00e1quinas, fazendas, ind\u00fastrias de energia e minera\u00e7\u00e3o, fabrica\u00e7\u00e3o de m\u00e1quinas e f\u00e1bricas de m\u00e1quinas. Fabricado em a\u00e7o dur\u00e1vel, este cilindro de pist\u00e3o padr\u00e3o opera com energia hidr\u00e1ulica e fornece o m\u00e1ximo [\u2026]<\/p>","protected":false},"featured_media":6680,"comment_status":"closed","ping_status":"closed","template":"","meta":{"_et_pb_use_builder":"","_et_pb_old_content":"","_et_gb_content_width":""},"product_brand":[],"product_cat":[103],"product_tag":[34,105],"class_list":{"0":"post-6497","1":"product","2":"type-product","3":"status-publish","4":"has-post-thumbnail","6":"product_cat-telescopic-hydraulic-cylinders","7":"product_tag-hydraulic-cylinder","8":"product_tag-telescopic-hydraulic-cylinders","10":"first","11":"instock","12":"product-type-simple"},"_links":{"self":[{"href":"https:\/\/fmp-components.com\/pt\/wp-json\/wp\/v2\/product\/6497","targetHints":{"allow":["GET"]}}],"collection":[{"href":"https:\/\/fmp-components.com\/pt\/wp-json\/wp\/v2\/product"}],"about":[{"href":"https:\/\/fmp-components.com\/pt\/wp-json\/wp\/v2\/types\/product"}],"replies":[{"embeddable":true,"href":"https:\/\/fmp-components.com\/pt\/wp-json\/wp\/v2\/comments?post=6497"}],"wp:featuredmedia":[{"embeddable":true,"href":"https:\/\/fmp-components.com\/pt\/wp-json\/wp\/v2\/media\/6680"}],"wp:attachment":[{"href":"https:\/\/fmp-components.com\/pt\/wp-json\/wp\/v2\/media?parent=6497"}],"wp:term":[{"taxonomy":"product_brand","embeddable":true,"href":"https:\/\/fmp-components.com\/pt\/wp-json\/wp\/v2\/product_brand?post=6497"},{"taxonomy":"product_cat","embeddable":true,"href":"https:\/\/fmp-components.com\/pt\/wp-json\/wp\/v2\/product_cat?post=6497"},{"taxonomy":"product_tag","embeddable":true,"href":"https:\/\/fmp-components.com\/pt\/wp-json\/wp\/v2\/product_tag?post=6497"}],"curies":[{"name":"wp","href":"https:\/\/api.w.org\/{rel}","templated":true}]}}