{"id":6496,"date":"2025-03-11T06:25:30","date_gmt":"2025-03-11T06:25:30","guid":{"rendered":"https:\/\/fmp-components.com\/product\/effective-5-stage-telescopic-small-dump-truck-hydraulic-cylinder"},"modified":"2025-03-14T03:13:00","modified_gmt":"2025-03-14T03:13:00","slug":"effective-5-stage-telescopic-small-dump-truck-hydraulic-cylinder","status":"publish","type":"product","link":"https:\/\/fmp-components.com\/pt\/product\/effective-5-stage-telescopic-small-dump-truck-hydraulic-cylinder\/","title":{"rendered":"Cilindro hidr\u00e1ulico telesc\u00f3pico eficaz de 5 est\u00e1gios para caminh\u00e3o basculante pequeno"},"content":{"rendered":"<h2>Cilindro hidr\u00e1ulico telesc\u00f3pico eficaz de 5 est\u00e1gios para caminh\u00e3o basculante pequeno<\/h2>\n<p>Experimente a efici\u00eancia do Cilindro Hidr\u00e1ulico Telesc\u00f3pico de 5 Est\u00e1gios para Caminh\u00f5es Basculantes Pequenos da FMP, um conjunto compacto e potente projetado para oferecer desempenho e confiabilidade superiores. Este vers\u00e1til cilindro hidr\u00e1ulico \u00e9 perfeito para oficinas de reparo de m\u00e1quinas, fazendas, energia e minera\u00e7\u00e3o, fabrica\u00e7\u00e3o de m\u00e1quinas e f\u00e1bricas de m\u00e1quinas.<\/p>\n<h2>Especifica\u00e7\u00f5es dos produtos<\/h2>\n<p>Nosso cilindro hidr\u00e1ulico possui recursos que o destacam. \u00c9 um cilindro de \u00eambolo padr\u00e3o com pot\u00eancia hidr\u00e1ulica e corpo de a\u00e7o. Possui empuxo m\u00e1ximo de 3000 e capacidade m\u00e1xima de tra\u00e7\u00e3o de 20 toneladas. \u00c9 um cilindro hidr\u00e1ulico multiest\u00e1gio com conex\u00f5es G\/SAE\/NPT\/M. O di\u00e2metro interno varia de 2 a 6 polegadas, o tamanho da haste de 1,125 a 4 polegadas e o curso de 4 a 100 polegadas. Dispon\u00edvel na cor preta, pesa 23 kg e possui pino de 0,5 a 2 polegadas. O cilindro hidr\u00e1ulico possui certifica\u00e7\u00e3o ISO9001:2000, garantindo sua qualidade e desempenho.<\/p>\n<table style=\"width: 100.115%;\" border=\"\">\n<tbody>\n<tr>\n<th style=\"width: 42.8571%;\">Tamanho do furo<\/th>\n<th style=\"width: 419.429%;\">2-6 polegadas<\/th>\n<\/tr>\n<tr>\n<th style=\"width: 42.8571%;\">Tamanho da haste<\/th>\n<th style=\"width: 419.429%;\">1,125-4 polegadas<\/th>\n<\/tr>\n<tr>\n<th style=\"width: 42.8571%;\">Tamanho do tra\u00e7o<\/th>\n<th style=\"width: 419.429%;\">4-100 polegadas<\/th>\n<\/tr>\n<tr>\n<th style=\"width: 42.8571%;\">Tamanho do pino<\/th>\n<th style=\"width: 419.429%;\">0,5-2 polegadas<\/th>\n<\/tr>\n<tr>\n<th style=\"width: 42.8571%;\">Portos<\/th>\n<th style=\"width: 419.429%;\">G\/SAE\/NPT\/M<\/th>\n<\/tr>\n<\/tbody>\n<\/table>\n<h2>Caracter\u00edsticas e vantagens distintas<\/h2>\n<ul>\n<li>Efici\u00eancia energ\u00e9tica: Nosso cilindro hidr\u00e1ulico \u00e9 projetado para operar com efici\u00eancia ideal, garantindo desperd\u00edcio m\u00ednimo de energia.<\/li>\n<li>Alto desempenho: Com um empuxo m\u00e1ximo de 3000 e uma tra\u00e7\u00e3o m\u00e1xima de 20 toneladas, este cilindro hidr\u00e1ulico garante um desempenho superior.<\/li>\n<li>Seguran\u00e7a: Nosso cilindro \u00e9 projetado com a seguran\u00e7a em mente, garantindo uma opera\u00e7\u00e3o suave em todas as condi\u00e7\u00f5es.<\/li>\n<\/ul>\n<h2>Sistemas Hidr\u00e1ulicos e Princ\u00edpio de Funcionamento<\/h2>\n<p>O cilindro hidr\u00e1ulico \u00e9 um componente essencial do sistema hidr\u00e1ulico, convertendo a press\u00e3o do fluido em for\u00e7a mec\u00e2nica. Essa for\u00e7a mec\u00e2nica \u00e9 ent\u00e3o usada para mover ou operar m\u00e1quinas, tornando-se uma ferramenta essencial em muitos setores.<\/p>\n<p><img loading=\"lazy\" decoding=\"async\" class=\"alignnone  wp-image-6754\" src=\"https:\/\/fmp-components.com\/wp-content\/uploads\/2025\/03\/Telescopic-Hydraulic-Cylinders-111.webp\" alt=\"Cilindros Hidr\u00e1ulicos Telesc\u00f3picos\" width=\"814\" height=\"814\" title=\"\" srcset=\"https:\/\/fmp-components.com\/wp-content\/uploads\/2025\/03\/Telescopic-Hydraulic-Cylinders-111.webp 814w, https:\/\/fmp-components.com\/wp-content\/uploads\/2025\/03\/Telescopic-Hydraulic-Cylinders-111-480x480.webp 480w\" sizes=\"(min-width: 0px) and (max-width: 480px) 480px, (min-width: 481px) 814px, 100vw\" \/><\/p>\n<h2>Aplica\u00e7\u00f5es do Nosso Cilindro Hidr\u00e1ulico<\/h2>\n<p>Nosso cilindro hidr\u00e1ulico \u00e9 amplamente utilizado em oficinas de reparo de m\u00e1quinas, fazendas, energia e minera\u00e7\u00e3o, fabrica\u00e7\u00e3o de m\u00e1quinas e f\u00e1bricas de m\u00e1quinas. Seu tamanho compacto e desempenho superior o tornam a escolha ideal para uma ampla gama de aplica\u00e7\u00f5es.<\/p>\n<h2>Cilindros Hidr\u00e1ulicos e Unidades de Pot\u00eancia<\/h2>\n<p>Cilindros hidr\u00e1ulicos e unidades de pot\u00eancia s\u00e3o componentes insepar\u00e1veis \u200b\u200bdo sistema hidr\u00e1ulico. Eles trabalham em conjunto para garantir a ampla aplica\u00e7\u00e3o da tecnologia hidr\u00e1ulica no setor industrial, fornecendo energia e controle confi\u00e1veis \u200b\u200bpara diversos equipamentos mec\u00e2nicos e de engenharia. O cilindro hidr\u00e1ulico atua como um atuador, respons\u00e1vel por converter energia hidr\u00e1ulica em movimento mec\u00e2nico, transformando press\u00e3o em for\u00e7a. J\u00e1 a unidade de pot\u00eancia \u00e9 o n\u00facleo que fornece a energia e os sinais de controle necess\u00e1rios ao sistema hidr\u00e1ulico. Sua coordena\u00e7\u00e3o garante o funcionamento normal do sistema hidr\u00e1ulico. A FMP tamb\u00e9m oferece unidades de pot\u00eancia para venda.<\/p>\n<h2>Perguntas frequentes<\/h2>\n<p><q><b>P: Qual \u00e9 o per\u00edodo de garantia do cilindro hidr\u00e1ulico?<\/b><br \/>\nR: O cilindro hidr\u00e1ulico vem com garantia de 1 ano.<\/q><br \/>\n<q><b>P: Qual \u00e9 o prazo de entrega?<\/b><br \/>\nR: O prazo geral de entrega \u00e9 de 25 a 35 dias.<\/q><br \/>\n<q><b>P: Posso obter uma amostra do cilindro hidr\u00e1ulico para teste?<\/b><br \/>\nR: Sim, oferecemos amostras, mas elas n\u00e3o s\u00e3o gratuitas.<\/q><\/p>\n<h3>Sobre a FMP<\/h3>\n<p class=\"break-words\">A FMP \u00e9 uma fabricante italiana l\u00edder, especializada em projeto, desenvolvimento e produ\u00e7\u00e3o de cilindros hidr\u00e1ulicos de alta qualidade. Com uma rica heran\u00e7a alicer\u00e7ada em d\u00e9cadas de experi\u00eancia, combinamos com orgulho o artesanato italiano com tecnologia de ponta para oferecer solu\u00e7\u00f5es hidr\u00e1ulicas excepcionais, personalizadas para atender \u00e0s diversas necessidades de nossa clientela global. Com sede na It\u00e1lia, um polo de excel\u00eancia em engenharia, a FMP se destaca como uma marca confi\u00e1vel na ind\u00fastria hidr\u00e1ulica, comprometida em fornecer produtos confi\u00e1veis, dur\u00e1veis e inovadores que impulsionam empresas em todo o mundo.<\/p>\n<p class=\"break-words\">Nossa empresa integra o melhor das tradi\u00e7\u00f5es de fabrica\u00e7\u00e3o avan\u00e7ada com uma abordagem inovadora. Com anos de experi\u00eancia em sistemas hidr\u00e1ulicos, a FMP evoluiu para uma empresa moderna que se destaca em pesquisa, design e produ\u00e7\u00e3o. Somos especializados em uma ampla gama de cilindros hidr\u00e1ulicos, incluindo cilindros de dupla a\u00e7\u00e3o, cilindros de eleva\u00e7\u00e3o automotiva, cilindros para m\u00e1quinas agr\u00edcolas e solu\u00e7\u00f5es personalizadas para diversas aplica\u00e7\u00f5es industriais. Seja para constru\u00e7\u00e3o, instala\u00e7\u00f5es industriais, agricultura ou m\u00e1quinas pesadas, nossos cilindros hidr\u00e1ulicos s\u00e3o projetados para operar nas condi\u00e7\u00f5es mais dif\u00edceis, garantindo seguran\u00e7a, efici\u00eancia e durabilidade.<\/p>\n<p><img loading=\"lazy\" decoding=\"async\" class=\"alignnone size-full wp-image-6720\" src=\"https:\/\/fmp-components.com\/wp-content\/uploads\/2025\/03\/hydraulic-cylinder-8.webp\" alt=\"Cilindros Hidr\u00e1ulicos Telesc\u00f3picos\" width=\"933\" height=\"526\" title=\"\" srcset=\"https:\/\/fmp-components.com\/wp-content\/uploads\/2025\/03\/hydraulic-cylinder-8.webp 933w, https:\/\/fmp-components.com\/wp-content\/uploads\/2025\/03\/hydraulic-cylinder-8-480x271.webp 480w\" sizes=\"(min-width: 0px) and (max-width: 480px) 480px, (min-width: 481px) 933px, 100vw\" \/><\/p>\n<p class=\"break-words\">Na FMP, orgulhamo-nos de nossas instala\u00e7\u00f5es de produ\u00e7\u00e3o de \u00faltima gera\u00e7\u00e3o, equipadas com m\u00e1quinas de precis\u00e3o e sistemas de teste avan\u00e7ados. Nossos processos de fabrica\u00e7\u00e3o seguem rigorosos padr\u00f5es nacionais e internacionais, garantindo que cada cilindro hidr\u00e1ulico que sai de nossa f\u00e1brica seja de qualidade e confiabilidade superiores. Nossa equipe t\u00e9cnica qualificada, aliada a equipamentos de \u00faltima gera\u00e7\u00e3o, nos permite manter um rigoroso controle de qualidade em todas as etapas da produ\u00e7\u00e3o \u2014 desde a sele\u00e7\u00e3o da mat\u00e9ria-prima at\u00e9 a inspe\u00e7\u00e3o final. Essa dedica\u00e7\u00e3o \u00e0 excel\u00eancia nos rendeu certifica\u00e7\u00f5es e reconhecimento de autoridades do setor, consolidando ainda mais nossa reputa\u00e7\u00e3o como um parceiro confi\u00e1vel.<\/p>\n<p class=\"break-words\">Nossa miss\u00e3o \u00e9 simples, por\u00e9m ambiciosa: fornecer aos nossos clientes cilindros hidr\u00e1ulicos que superem as expectativas em desempenho, durabilidade e valor. Atuamos sob os princ\u00edpios norteadores de profissionalismo, integridade e foco no cliente. Ao fomentar uma cultura de inova\u00e7\u00e3o e precis\u00e3o, refinamos continuamente nossos produtos para nos mantermos \u00e0 frente em um mercado competitivo. Nossa abrangente linha de produtos e a capacidade de oferecer solu\u00e7\u00f5es personalizadas nos tornam a escolha ideal para empresas que buscam cilindros hidr\u00e1ulicos de alto desempenho.<\/p>\n<p class=\"break-words\">A FMP \u00e9 mais do que apenas uma fabricante \u2014 somos uma parceira para o seu sucesso. Entendemos que nossos clientes confiam em n\u00f3s para fornecer ferramentas que aumentam sua produtividade e seguran\u00e7a. \u00c9 por isso que nos comprometemos a oferecer n\u00e3o apenas produtos de primeira linha, mas tamb\u00e9m um servi\u00e7o excepcional. Da consultoria inicial ao suporte p\u00f3s-venda, trabalhamos em estreita colabora\u00e7\u00e3o com nossos clientes para garantir que suas necessidades sejam atendidas com profissionalismo e cuidado. Nossos pre\u00e7os competitivos, aliados ao nosso compromisso inabal\u00e1vel com a qualidade, fazem da FMP a escolha inteligente para empresas que buscam investir em solu\u00e7\u00f5es hidr\u00e1ulicas confi\u00e1veis.<\/p>","protected":false},"excerpt":{"rendered":"<p>Effective 5 Stage Telescopic Small Dump Truck Hydraulic Cylinder Experience the efficiency of FMP&#8217;s Effective 5 Stage Telescopic Small Dump Truck Hydraulic Cylinder, a compact power-pack designed to deliver superior performance and reliability. This versatile hydraulic cylinder is perfect for machinery repair shops, farms, energy &amp; mining, machinery manufacturing, and machinery factories. Products Specifications Our [&hellip;]<\/p>","protected":false},"featured_media":6795,"comment_status":"closed","ping_status":"closed","template":"","meta":{"_et_pb_use_builder":"","_et_pb_old_content":"","_et_gb_content_width":""},"product_brand":[],"product_cat":[103],"product_tag":[34,105],"class_list":{"0":"post-6496","1":"product","2":"type-product","3":"status-publish","4":"has-post-thumbnail","6":"product_cat-telescopic-hydraulic-cylinders","7":"product_tag-hydraulic-cylinder","8":"product_tag-telescopic-hydraulic-cylinders","10":"first","11":"instock","12":"product-type-simple"},"_links":{"self":[{"href":"https:\/\/fmp-components.com\/pt\/wp-json\/wp\/v2\/product\/6496","targetHints":{"allow":["GET"]}}],"collection":[{"href":"https:\/\/fmp-components.com\/pt\/wp-json\/wp\/v2\/product"}],"about":[{"href":"https:\/\/fmp-components.com\/pt\/wp-json\/wp\/v2\/types\/product"}],"replies":[{"embeddable":true,"href":"https:\/\/fmp-components.com\/pt\/wp-json\/wp\/v2\/comments?post=6496"}],"wp:featuredmedia":[{"embeddable":true,"href":"https:\/\/fmp-components.com\/pt\/wp-json\/wp\/v2\/media\/6795"}],"wp:attachment":[{"href":"https:\/\/fmp-components.com\/pt\/wp-json\/wp\/v2\/media?parent=6496"}],"wp:term":[{"taxonomy":"product_brand","embeddable":true,"href":"https:\/\/fmp-components.com\/pt\/wp-json\/wp\/v2\/product_brand?post=6496"},{"taxonomy":"product_cat","embeddable":true,"href":"https:\/\/fmp-components.com\/pt\/wp-json\/wp\/v2\/product_cat?post=6496"},{"taxonomy":"product_tag","embeddable":true,"href":"https:\/\/fmp-components.com\/pt\/wp-json\/wp\/v2\/product_tag?post=6496"}],"curies":[{"name":"wp","href":"https:\/\/api.w.org\/{rel}","templated":true}]}}