{"id":6493,"date":"2025-03-11T06:25:30","date_gmt":"2025-03-11T06:25:30","guid":{"rendered":"https:\/\/fmp-components.com\/product\/new-arrival-2-stage-hydraulic-cylinder-small-dump-truck-multistage-hydraulic-cylinder"},"modified":"2025-03-18T02:01:57","modified_gmt":"2025-03-18T02:01:57","slug":"new-arrival-2-stage-hydraulic-cylinder-small-dump-truck-multistage-hydraulic-cylinder","status":"publish","type":"product","link":"https:\/\/fmp-components.com\/pt\/product\/new-arrival-2-stage-hydraulic-cylinder-small-dump-truck-multistage-hydraulic-cylinder\/","title":{"rendered":"Novo cilindro hidr\u00e1ulico de 2 est\u00e1gios para caminh\u00e3o basculante pequeno, cilindro hidr\u00e1ulico multiest\u00e1gios"},"content":{"rendered":"<h2>Novo cilindro hidr\u00e1ulico de 2 est\u00e1gios para caminh\u00e3o basculante pequeno, cilindro hidr\u00e1ulico multiest\u00e1gios<\/h2>\n<p>Apresentamos o novo cilindro hidr\u00e1ulico de 2 est\u00e1gios para caminh\u00f5es basculantes de pequeno porte. Um cilindro hidr\u00e1ulico de \u00faltima gera\u00e7\u00e3o, projetado para aumentar a efici\u00eancia operacional em diversos setores, como oficinas de reparo de m\u00e1quinas, fazendas, energia e minera\u00e7\u00e3o, fabrica\u00e7\u00e3o de m\u00e1quinas e f\u00e1bricas de m\u00e1quinas. Este cilindro hidr\u00e1ulico robusto e de alta qualidade possui certifica\u00e7\u00e3o ISO 9001:2000, garantindo sua confiabilidade e desempenho.<\/p>\n<h2>Principais recursos e fun\u00e7\u00f5es<\/h2>\n<p>Este cilindro hidr\u00e1ulico multiest\u00e1gios possui in\u00fameras caracter\u00edsticas que o tornam a escolha ideal para uso industrial. Ele emprega uma estrutura padr\u00e3o com um cilindro de pist\u00e3o e um sistema hidr\u00e1ulico. O corpo \u00e9 feito de a\u00e7o resistente, garantindo durabilidade e longa vida \u00fatil. Oferece um empuxo m\u00e1ximo de 3000 e uma for\u00e7a de tra\u00e7\u00e3o m\u00e1xima de 20 toneladas, tornando-o uma ferramenta poderosa para qualquer aplica\u00e7\u00e3o industrial.<\/p>\n<h2>Detalhes do produto<\/h2>\n<p>As especifica\u00e7\u00f5es t\u00e9cnicas deste produto s\u00e3o as seguintes:<\/p>\n<table style=\"width: 101.509%;\" border=\"\">\n<tbody>\n<tr>\n<th style=\"width: 43.5028%;\">Tamanho do furo<\/th>\n<td style=\"width: 493.22%;\">2-6 polegadas<\/td>\n<\/tr>\n<tr>\n<th style=\"width: 43.5028%;\">Tamanho da haste<\/th>\n<td style=\"width: 493.22%;\">1,125-4 polegadas<\/td>\n<\/tr>\n<tr>\n<th style=\"width: 43.5028%;\">Tamanho do tra\u00e7o<\/th>\n<td style=\"width: 493.22%;\">4-100 polegadas<\/td>\n<\/tr>\n<tr>\n<th style=\"width: 43.5028%;\">Tamanho do pino<\/th>\n<td style=\"width: 493.22%;\">0,5-2 polegadas<\/td>\n<\/tr>\n<tr>\n<th style=\"width: 43.5028%;\">Portos<\/th>\n<td style=\"width: 493.22%;\">G\/SAE\/NPT\/M<\/td>\n<\/tr>\n<\/tbody>\n<\/table>\n<h2>Vantagens \u00danicas<\/h2>\n<p>Este cilindro hidr\u00e1ulico destaca-se pela sua capacidade de economia de energia, alta efici\u00eancia e seguran\u00e7a. Seu design permite um desempenho excepcional, mantendo o consumo de energia ao m\u00ednimo. Al\u00e9m disso, est\u00e1 equipado com um mecanismo de seguran\u00e7a para evitar acidentes durante a opera\u00e7\u00e3o.<\/p>\n<p><img loading=\"lazy\" decoding=\"async\" class=\"alignnone wp-image-6663\" src=\"https:\/\/fmp-components.com\/wp-content\/uploads\/2025\/03\/telescopic-hydraulic-cylinder-11.webp\" alt=\"cilindro hidr\u00e1ulico telesc\u00f3pico\" width=\"908\" height=\"908\" title=\"\" srcset=\"https:\/\/fmp-components.com\/wp-content\/uploads\/2025\/03\/telescopic-hydraulic-cylinder-11.webp 908w, https:\/\/fmp-components.com\/wp-content\/uploads\/2025\/03\/telescopic-hydraulic-cylinder-11-480x480.webp 480w\" sizes=\"(min-width: 0px) and (max-width: 480px) 480px, (min-width: 481px) 908px, 100vw\" \/><\/p>\n<h2>Sistema hidr\u00e1ulico e princ\u00edpio de funcionamento<\/h2>\n<p>O cilindro hidr\u00e1ulico funciona convertendo energia hidr\u00e1ulica em movimento mec\u00e2nico, transformando press\u00e3o em for\u00e7a. Isso \u00e9 poss\u00edvel gra\u00e7as \u00e0 sinergia entre o cilindro hidr\u00e1ulico e as unidades de pot\u00eancia, que s\u00e3o componentes cruciais de qualquer sistema hidr\u00e1ulico.<\/p>\n<h2>Cilindros Hidr\u00e1ulicos e Unidades de Pot\u00eancia<\/h2>\n<p>Cilindros hidr\u00e1ulicos e unidades de pot\u00eancia s\u00e3o componentes insepar\u00e1veis \u200b\u200bde um sistema hidr\u00e1ulico. O cilindro, como atuador, converte energia hidr\u00e1ulica em movimento mec\u00e2nico e press\u00e3o em for\u00e7a. A unidade de pot\u00eancia, por sua vez, fornece a energia e os sinais de controle necess\u00e1rios para o sistema hidr\u00e1ulico. Sua opera\u00e7\u00e3o coordenada garante o funcionamento adequado do sistema hidr\u00e1ulico. A FMP tamb\u00e9m oferece unidades de pot\u00eancia para venda.<\/p>\n<p><img loading=\"lazy\" decoding=\"async\" class=\"alignnone wp-image-6665\" src=\"https:\/\/fmp-components.com\/wp-content\/uploads\/2025\/03\/telescopic-hydraulic-cylinder-9.webp\" alt=\"cilindro hidr\u00e1ulico telesc\u00f3pico\" width=\"964\" height=\"964\" title=\"\" srcset=\"https:\/\/fmp-components.com\/wp-content\/uploads\/2025\/03\/telescopic-hydraulic-cylinder-9.webp 964w, https:\/\/fmp-components.com\/wp-content\/uploads\/2025\/03\/telescopic-hydraulic-cylinder-9-480x480.webp 480w\" sizes=\"(min-width: 0px) and (max-width: 480px) 480px, (min-width: 481px) 964px, 100vw\" \/><\/p>\n<h3>Sobre a FMP<\/h3>\n<p class=\"break-words\">A FMP \u00e9 uma fabricante italiana l\u00edder, especializada em projeto, desenvolvimento e produ\u00e7\u00e3o de cilindros hidr\u00e1ulicos de alta qualidade. Com uma rica heran\u00e7a alicer\u00e7ada em d\u00e9cadas de experi\u00eancia, combinamos com orgulho o artesanato italiano com tecnologia de ponta para oferecer solu\u00e7\u00f5es hidr\u00e1ulicas excepcionais, personalizadas para atender \u00e0s diversas necessidades de nossa clientela global. Com sede na It\u00e1lia, um polo de excel\u00eancia em engenharia, a FMP se destaca como uma marca confi\u00e1vel na ind\u00fastria hidr\u00e1ulica, comprometida em fornecer produtos confi\u00e1veis, dur\u00e1veis e inovadores que impulsionam empresas em todo o mundo.<\/p>\n<p class=\"break-words\">Nossa empresa integra o melhor das tradi\u00e7\u00f5es de fabrica\u00e7\u00e3o avan\u00e7ada com uma abordagem inovadora. Com anos de experi\u00eancia em sistemas hidr\u00e1ulicos, a FMP evoluiu para uma empresa moderna que se destaca em pesquisa, design e produ\u00e7\u00e3o. Somos especializados em uma ampla gama de cilindros hidr\u00e1ulicos, incluindo cilindros de dupla a\u00e7\u00e3o, cilindros de eleva\u00e7\u00e3o automotiva, cilindros para m\u00e1quinas agr\u00edcolas e solu\u00e7\u00f5es personalizadas para diversas aplica\u00e7\u00f5es industriais. Seja para constru\u00e7\u00e3o, instala\u00e7\u00f5es industriais, agricultura ou m\u00e1quinas pesadas, nossos cilindros hidr\u00e1ulicos s\u00e3o projetados para operar nas condi\u00e7\u00f5es mais dif\u00edceis, garantindo seguran\u00e7a, efici\u00eancia e durabilidade.<\/p>\n<p><img loading=\"lazy\" decoding=\"async\" class=\"alignnone size-full wp-image-6720\" src=\"https:\/\/fmp-components.com\/wp-content\/uploads\/2025\/03\/hydraulic-cylinder-8.webp\" alt=\"Cilindros Hidr\u00e1ulicos Telesc\u00f3picos\" width=\"933\" height=\"526\" title=\"\" srcset=\"https:\/\/fmp-components.com\/wp-content\/uploads\/2025\/03\/hydraulic-cylinder-8.webp 933w, https:\/\/fmp-components.com\/wp-content\/uploads\/2025\/03\/hydraulic-cylinder-8-480x271.webp 480w\" sizes=\"(min-width: 0px) and (max-width: 480px) 480px, (min-width: 481px) 933px, 100vw\" \/><\/p>\n<p class=\"break-words\">Na FMP, orgulhamo-nos de nossas instala\u00e7\u00f5es de produ\u00e7\u00e3o de \u00faltima gera\u00e7\u00e3o, equipadas com m\u00e1quinas de precis\u00e3o e sistemas de teste avan\u00e7ados. Nossos processos de fabrica\u00e7\u00e3o seguem rigorosos padr\u00f5es nacionais e internacionais, garantindo que cada cilindro hidr\u00e1ulico que sai de nossa f\u00e1brica seja de qualidade e confiabilidade superiores. Nossa equipe t\u00e9cnica qualificada, aliada a equipamentos de \u00faltima gera\u00e7\u00e3o, nos permite manter um rigoroso controle de qualidade em todas as etapas da produ\u00e7\u00e3o \u2014 desde a sele\u00e7\u00e3o da mat\u00e9ria-prima at\u00e9 a inspe\u00e7\u00e3o final. Essa dedica\u00e7\u00e3o \u00e0 excel\u00eancia nos rendeu certifica\u00e7\u00f5es e reconhecimento de autoridades do setor, consolidando ainda mais nossa reputa\u00e7\u00e3o como um parceiro confi\u00e1vel.<\/p>\n<p class=\"break-words\">Nossa miss\u00e3o \u00e9 simples, por\u00e9m ambiciosa: fornecer aos nossos clientes cilindros hidr\u00e1ulicos que superem as expectativas em desempenho, durabilidade e valor. Atuamos sob os princ\u00edpios norteadores de profissionalismo, integridade e foco no cliente. Ao fomentar uma cultura de inova\u00e7\u00e3o e precis\u00e3o, refinamos continuamente nossos produtos para nos mantermos \u00e0 frente em um mercado competitivo. Nossa abrangente linha de produtos e a capacidade de oferecer solu\u00e7\u00f5es personalizadas nos tornam a escolha ideal para empresas que buscam cilindros hidr\u00e1ulicos de alto desempenho.<\/p>\n<p class=\"break-words\">A FMP \u00e9 mais do que apenas uma fabricante \u2014 somos uma parceira para o seu sucesso. Entendemos que nossos clientes confiam em n\u00f3s para fornecer ferramentas que aumentam sua produtividade e seguran\u00e7a. \u00c9 por isso que nos comprometemos a oferecer n\u00e3o apenas produtos de primeira linha, mas tamb\u00e9m um servi\u00e7o excepcional. Da consultoria inicial ao suporte p\u00f3s-venda, trabalhamos em estreita colabora\u00e7\u00e3o com nossos clientes para garantir que suas necessidades sejam atendidas com profissionalismo e cuidado. Nossos pre\u00e7os competitivos, aliados ao nosso compromisso inabal\u00e1vel com a qualidade, fazem da FMP a escolha inteligente para empresas que buscam investir em solu\u00e7\u00f5es hidr\u00e1ulicas confi\u00e1veis.<\/p>\n<p><img loading=\"lazy\" decoding=\"async\" class=\"alignnone wp-image-6717\" src=\"https:\/\/fmp-components.com\/wp-content\/uploads\/2025\/03\/hydraulic-cylinder-211.webp\" alt=\"Cilindros Hidr\u00e1ulicos\" width=\"928\" height=\"930\" title=\"\" srcset=\"https:\/\/fmp-components.com\/wp-content\/uploads\/2025\/03\/hydraulic-cylinder-211.webp 928w, https:\/\/fmp-components.com\/wp-content\/uploads\/2025\/03\/hydraulic-cylinder-211-480x481.webp 480w\" sizes=\"(min-width: 0px) and (max-width: 480px) 480px, (min-width: 481px) 928px, 100vw\" \/><\/p>\n<h2>Perguntas frequentes<\/h2>\n<p><strong>P: Voc\u00ea \u00e9 uma empresa comercial ou fabricante?<\/strong><br \/>\nR: Somos um fabricante.<\/p>\n<p><strong>P: Quanto tempo demora a entrega?<\/strong><br \/>\nA: Geralmente, s\u00e3o de 25 a 35 dias.<\/p>\n<p><strong>P: Voc\u00eas podem produzir de acordo com as amostras?<\/strong><br \/>\nR: Sim, podemos produzir com base em suas amostras ou desenhos t\u00e9cnicos. Podemos construir os moldes e acess\u00f3rios.<\/p>","protected":false},"excerpt":{"rendered":"<p>New arrival 2 Stage Hydraulic Cylinder Small Dump Truck Multistage Hydraulic Cylinder Introducing the new arrival 2 Stage hydraulic cylinder Small Dump Truck Multistage Hydraulic Cylinder. A state-of-the-art hydraulic cylinder designed to elevate the operational efficiency in various industries such as Machinery Repair Shops, Farms, Energy &amp; Mining, Machinery manufacturing, and Machinery Factory. This robust [&hellip;]<\/p>","protected":false},"featured_media":6668,"comment_status":"closed","ping_status":"closed","template":"","meta":{"_et_pb_use_builder":"","_et_pb_old_content":"","_et_gb_content_width":""},"product_brand":[],"product_cat":[103],"product_tag":[34,105],"class_list":{"0":"post-6493","1":"product","2":"type-product","3":"status-publish","4":"has-post-thumbnail","6":"product_cat-telescopic-hydraulic-cylinders","7":"product_tag-hydraulic-cylinder","8":"product_tag-telescopic-hydraulic-cylinders","10":"first","11":"instock","12":"product-type-simple"},"_links":{"self":[{"href":"https:\/\/fmp-components.com\/pt\/wp-json\/wp\/v2\/product\/6493","targetHints":{"allow":["GET"]}}],"collection":[{"href":"https:\/\/fmp-components.com\/pt\/wp-json\/wp\/v2\/product"}],"about":[{"href":"https:\/\/fmp-components.com\/pt\/wp-json\/wp\/v2\/types\/product"}],"replies":[{"embeddable":true,"href":"https:\/\/fmp-components.com\/pt\/wp-json\/wp\/v2\/comments?post=6493"}],"wp:featuredmedia":[{"embeddable":true,"href":"https:\/\/fmp-components.com\/pt\/wp-json\/wp\/v2\/media\/6668"}],"wp:attachment":[{"href":"https:\/\/fmp-components.com\/pt\/wp-json\/wp\/v2\/media?parent=6493"}],"wp:term":[{"taxonomy":"product_brand","embeddable":true,"href":"https:\/\/fmp-components.com\/pt\/wp-json\/wp\/v2\/product_brand?post=6493"},{"taxonomy":"product_cat","embeddable":true,"href":"https:\/\/fmp-components.com\/pt\/wp-json\/wp\/v2\/product_cat?post=6493"},{"taxonomy":"product_tag","embeddable":true,"href":"https:\/\/fmp-components.com\/pt\/wp-json\/wp\/v2\/product_tag?post=6493"}],"curies":[{"name":"wp","href":"https:\/\/api.w.org\/{rel}","templated":true}]}}