{"id":6490,"date":"2025-03-11T06:25:30","date_gmt":"2025-03-11T06:25:30","guid":{"rendered":"https:\/\/fmp-components.com\/product\/strong-stable-5-stage-telescopic-dump-truck-hydraulic-cylinder-multistage-hydraulic-cylinder"},"modified":"2025-03-14T03:18:42","modified_gmt":"2025-03-14T03:18:42","slug":"strong-stable-5-stage-telescopic-dump-truck-hydraulic-cylinder-multistage-hydraulic-cylinder","status":"publish","type":"product","link":"https:\/\/fmp-components.com\/pt\/product\/strong-stable-5-stage-telescopic-dump-truck-hydraulic-cylinder-multistage-hydraulic-cylinder\/","title":{"rendered":"Cilindro hidr\u00e1ulico de caminh\u00e3o basculante telesc\u00f3pico de 5 est\u00e1gios, forte e est\u00e1vel, cilindro hidr\u00e1ulico multiest\u00e1gios"},"content":{"rendered":"<h2>Cilindro hidr\u00e1ulico telesc\u00f3pico de 20 toneladas para caminh\u00e3o basculante<\/h2>\n<p>Nosso cilindro hidr\u00e1ulico telesc\u00f3pico premium \u00e9 um componente de sistema hidr\u00e1ulico potente e de alta capacidade, ideal para aplica\u00e7\u00f5es pesadas, como caminh\u00f5es basculantes. Com uma tra\u00e7\u00e3o m\u00e1xima de 20 toneladas e um impressionante empuxo m\u00e1ximo de 3000, ele oferece desempenho superior e confiabilidade excepcional.<\/p>\n<h2>Caracter\u00edsticas e funcionalidades<\/h2>\n<p>Este cilindro hidr\u00e1ulico possui uma estrutura de cilindro de \u00eambolo padr\u00e3o, alimentada por energia hidr\u00e1ulica. O material do corpo \u00e9 feito de a\u00e7o robusto, garantindo sua durabilidade e longevidade. O di\u00e2metro interno varia de 2 a 6 polegadas, com hastes de 1,125 a 4 polegadas e cursos de 4 a 100 polegadas. O tamanho do pino varia de 0,5 a 2 polegadas e possui conex\u00f5es G\/SAE\/NPT\/M.<\/p>\n<h3>Especifica\u00e7\u00f5es do produto<\/h3>\n<table style=\"width: 96.1413%;\" border=\"\">\n<tbody>\n<tr>\n<th style=\"width: 34.1463%;\">Nome do produto<\/th>\n<td style=\"width: 234.495%;\">Cilindro Hidr\u00e1ulico Telesc\u00f3pico<\/td>\n<\/tr>\n<tr>\n<th style=\"width: 34.1463%;\">Certifica\u00e7\u00e3o<\/th>\n<td style=\"width: 234.495%;\">ISO9001:2000<\/td>\n<\/tr>\n<tr>\n<th style=\"width: 34.1463%;\">Tamanho do furo<\/th>\n<td style=\"width: 234.495%;\">2-6 polegadas<\/td>\n<\/tr>\n<tr>\n<th style=\"width: 34.1463%;\">Tamanho da haste<\/th>\n<td style=\"width: 234.495%;\">1,125-4 polegadas<\/td>\n<\/tr>\n<tr>\n<th style=\"width: 34.1463%;\">Tamanho do tra\u00e7o<\/th>\n<td style=\"width: 234.495%;\">4-100 polegadas<\/td>\n<\/tr>\n<tr>\n<th style=\"width: 34.1463%;\">Tamanho do pino<\/th>\n<td style=\"width: 234.495%;\">0,5-2 polegadas<\/td>\n<\/tr>\n<tr>\n<th style=\"width: 34.1463%;\">Portos<\/th>\n<td style=\"width: 234.495%;\">G\/SAE\/NPT\/M<\/td>\n<\/tr>\n<\/tbody>\n<\/table>\n<h2>Vantagens \u00danicas<\/h2>\n<ul>\n<li>Efici\u00eancia energ\u00e9tica: otimiza o uso da energia hidr\u00e1ulica para m\u00e1xima efici\u00eancia<\/li>\n<li>Altamente eficiente: Oferece alto desempenho com menor consumo de energia<\/li>\n<li>Seguran\u00e7a: garante uma opera\u00e7\u00e3o segura mesmo em aplica\u00e7\u00f5es pesadas<\/li>\n<\/ul>\n<h3>Sistema hidr\u00e1ulico e princ\u00edpio de funcionamento<\/h3>\n<p>O sistema hidr\u00e1ulico deste cilindro funciona com base no princ\u00edpio da press\u00e3o do fluido. O fluido hidr\u00e1ulico \u00e9 pressurizado e transmitido por todo o sistema para gerar for\u00e7a ou movimento. Essa for\u00e7a \u00e9 ent\u00e3o usada para acionar o cilindro hidr\u00e1ulico, convertendo energia hidr\u00e1ulica em energia mec\u00e2nica.<\/p>\n<p><img loading=\"lazy\" decoding=\"async\" class=\"alignnone  wp-image-6754\" src=\"https:\/\/fmp-components.com\/wp-content\/uploads\/2025\/03\/Telescopic-Hydraulic-Cylinders-111.webp\" alt=\"Cilindros Hidr\u00e1ulicos Telesc\u00f3picos\" width=\"794\" height=\"794\" title=\"\" srcset=\"https:\/\/fmp-components.com\/wp-content\/uploads\/2025\/03\/Telescopic-Hydraulic-Cylinders-111.webp 794w, https:\/\/fmp-components.com\/wp-content\/uploads\/2025\/03\/Telescopic-Hydraulic-Cylinders-111-480x480.webp 480w\" sizes=\"(min-width: 0px) and (max-width: 480px) 480px, (min-width: 481px) 794px, 100vw\" \/><\/p>\n<h2>Cen\u00e1rio de Aplica\u00e7\u00e3o<\/h2>\n<p>Este cilindro hidr\u00e1ulico \u00e9 usado principalmente em caminh\u00f5es basculantes, mas tamb\u00e9m \u00e9 aplic\u00e1vel em v\u00e1rios setores, como oficinas de reparo de m\u00e1quinas, fazendas, energia e minera\u00e7\u00e3o, fabrica\u00e7\u00e3o de m\u00e1quinas e f\u00e1bricas de m\u00e1quinas.<\/p>\n<h2>Cilindros Hidr\u00e1ulicos e Unidades de Pot\u00eancia<\/h2>\n<p>A sinergia entre cilindros hidr\u00e1ulicos e unidades de pot\u00eancia \u00e9 crucial para a opera\u00e7\u00e3o de sistemas hidr\u00e1ulicos. Os cilindros hidr\u00e1ulicos, como atuadores, convertem energia hidr\u00e1ulica em movimento mec\u00e2nico. As unidades de pot\u00eancia, por outro lado, fornecem a energia e os sinais de controle necess\u00e1rios. Juntos, eles garantem o bom funcionamento dos sistemas hidr\u00e1ulicos.<\/p>\n<h2>Perguntas frequentes<\/h2>\n<p><span>P: Voc\u00ea \u00e9 uma empresa comercial ou um fabricante?<\/span><br \/>\n<span>R: Somos um fabricante.<\/span><br \/>\n<span>P: Quanto tempo demora a entrega?<\/span><br \/>\n<span>R: Geralmente, nosso prazo de entrega \u00e9 de 25 a 35 dias.<\/span><br \/>\n<span>P: Voc\u00eas fornecem amostras? \u00c9 gr\u00e1tis ou extra?<\/span><br \/>\n<span>R: Sim, fornecemos amostras, mas elas n\u00e3o s\u00e3o gratuitas.<\/span><\/p>\n<h3>Sobre a FMP<\/h3>\n<p class=\"break-words\">A FMP \u00e9 uma fabricante italiana l\u00edder, especializada em projeto, desenvolvimento e produ\u00e7\u00e3o de cilindros hidr\u00e1ulicos de alta qualidade. Com uma rica heran\u00e7a alicer\u00e7ada em d\u00e9cadas de experi\u00eancia, combinamos com orgulho o artesanato italiano com tecnologia de ponta para oferecer solu\u00e7\u00f5es hidr\u00e1ulicas excepcionais, personalizadas para atender \u00e0s diversas necessidades de nossa clientela global. Com sede na It\u00e1lia, um polo de excel\u00eancia em engenharia, a FMP se destaca como uma marca confi\u00e1vel na ind\u00fastria hidr\u00e1ulica, comprometida em fornecer produtos confi\u00e1veis, dur\u00e1veis e inovadores que impulsionam empresas em todo o mundo.<\/p>\n<p class=\"break-words\">Nossa empresa integra o melhor das tradi\u00e7\u00f5es de fabrica\u00e7\u00e3o avan\u00e7ada com uma abordagem inovadora. Com anos de experi\u00eancia em sistemas hidr\u00e1ulicos, a FMP evoluiu para uma empresa moderna que se destaca em pesquisa, design e produ\u00e7\u00e3o. Somos especializados em uma ampla gama de cilindros hidr\u00e1ulicos, incluindo cilindros de dupla a\u00e7\u00e3o, cilindros de eleva\u00e7\u00e3o automotiva, cilindros para m\u00e1quinas agr\u00edcolas e solu\u00e7\u00f5es personalizadas para diversas aplica\u00e7\u00f5es industriais. Seja para constru\u00e7\u00e3o, instala\u00e7\u00f5es industriais, agricultura ou m\u00e1quinas pesadas, nossos cilindros hidr\u00e1ulicos s\u00e3o projetados para operar nas condi\u00e7\u00f5es mais dif\u00edceis, garantindo seguran\u00e7a, efici\u00eancia e durabilidade.<\/p>\n<p><img loading=\"lazy\" decoding=\"async\" class=\"alignnone size-full wp-image-6720\" src=\"https:\/\/fmp-components.com\/wp-content\/uploads\/2025\/03\/hydraulic-cylinder-8.webp\" alt=\"Cilindros Hidr\u00e1ulicos Telesc\u00f3picos\" width=\"933\" height=\"526\" title=\"\" srcset=\"https:\/\/fmp-components.com\/wp-content\/uploads\/2025\/03\/hydraulic-cylinder-8.webp 933w, https:\/\/fmp-components.com\/wp-content\/uploads\/2025\/03\/hydraulic-cylinder-8-480x271.webp 480w\" sizes=\"(min-width: 0px) and (max-width: 480px) 480px, (min-width: 481px) 933px, 100vw\" \/><\/p>\n<p class=\"break-words\">Na FMP, orgulhamo-nos de nossas instala\u00e7\u00f5es de produ\u00e7\u00e3o de \u00faltima gera\u00e7\u00e3o, equipadas com m\u00e1quinas de precis\u00e3o e sistemas de teste avan\u00e7ados. Nossos processos de fabrica\u00e7\u00e3o seguem rigorosos padr\u00f5es nacionais e internacionais, garantindo que cada cilindro hidr\u00e1ulico que sai de nossa f\u00e1brica seja de qualidade e confiabilidade superiores. Nossa equipe t\u00e9cnica qualificada, aliada a equipamentos de \u00faltima gera\u00e7\u00e3o, nos permite manter um rigoroso controle de qualidade em todas as etapas da produ\u00e7\u00e3o \u2014 desde a sele\u00e7\u00e3o da mat\u00e9ria-prima at\u00e9 a inspe\u00e7\u00e3o final. Essa dedica\u00e7\u00e3o \u00e0 excel\u00eancia nos rendeu certifica\u00e7\u00f5es e reconhecimento de autoridades do setor, consolidando ainda mais nossa reputa\u00e7\u00e3o como um parceiro confi\u00e1vel.<\/p>\n<p class=\"break-words\">Nossa miss\u00e3o \u00e9 simples, por\u00e9m ambiciosa: fornecer aos nossos clientes cilindros hidr\u00e1ulicos que superem as expectativas em desempenho, durabilidade e valor. Atuamos sob os princ\u00edpios norteadores de profissionalismo, integridade e foco no cliente. Ao fomentar uma cultura de inova\u00e7\u00e3o e precis\u00e3o, refinamos continuamente nossos produtos para nos mantermos \u00e0 frente em um mercado competitivo. Nossa abrangente linha de produtos e a capacidade de oferecer solu\u00e7\u00f5es personalizadas nos tornam a escolha ideal para empresas que buscam cilindros hidr\u00e1ulicos de alto desempenho.<\/p>\n<p class=\"break-words\">A FMP \u00e9 mais do que apenas uma fabricante \u2014 somos uma parceira para o seu sucesso. Entendemos que nossos clientes confiam em n\u00f3s para fornecer ferramentas que aumentam sua produtividade e seguran\u00e7a. \u00c9 por isso que nos comprometemos a oferecer n\u00e3o apenas produtos de primeira linha, mas tamb\u00e9m um servi\u00e7o excepcional. Da consultoria inicial ao suporte p\u00f3s-venda, trabalhamos em estreita colabora\u00e7\u00e3o com nossos clientes para garantir que suas necessidades sejam atendidas com profissionalismo e cuidado. Nossos pre\u00e7os competitivos, aliados ao nosso compromisso inabal\u00e1vel com a qualidade, fazem da FMP a escolha inteligente para empresas que buscam investir em solu\u00e7\u00f5es hidr\u00e1ulicas confi\u00e1veis.<\/p>","protected":false},"excerpt":{"rendered":"<p>Telescopic Hydraulic Cylinder 20 Ton Hydraulic Cylinders For Dump Truck Our premium Telescopic hydraulic cylinder is a powerful, high-capacity hydraulic system component that is ideal for heavy-duty applications such as dump trucks. With a maximum pull of 20 tons and an impressive max thrust of 3000, it offers superior performance and exceptional reliability. Features and [&hellip;]<\/p>","protected":false},"featured_media":6788,"comment_status":"closed","ping_status":"closed","template":"","meta":{"_et_pb_use_builder":"","_et_pb_old_content":"","_et_gb_content_width":""},"product_brand":[],"product_cat":[103],"product_tag":[34,105],"class_list":{"0":"post-6490","1":"product","2":"type-product","3":"status-publish","4":"has-post-thumbnail","6":"product_cat-telescopic-hydraulic-cylinders","7":"product_tag-hydraulic-cylinder","8":"product_tag-telescopic-hydraulic-cylinders","10":"first","11":"instock","12":"product-type-simple"},"_links":{"self":[{"href":"https:\/\/fmp-components.com\/pt\/wp-json\/wp\/v2\/product\/6490","targetHints":{"allow":["GET"]}}],"collection":[{"href":"https:\/\/fmp-components.com\/pt\/wp-json\/wp\/v2\/product"}],"about":[{"href":"https:\/\/fmp-components.com\/pt\/wp-json\/wp\/v2\/types\/product"}],"replies":[{"embeddable":true,"href":"https:\/\/fmp-components.com\/pt\/wp-json\/wp\/v2\/comments?post=6490"}],"wp:featuredmedia":[{"embeddable":true,"href":"https:\/\/fmp-components.com\/pt\/wp-json\/wp\/v2\/media\/6788"}],"wp:attachment":[{"href":"https:\/\/fmp-components.com\/pt\/wp-json\/wp\/v2\/media?parent=6490"}],"wp:term":[{"taxonomy":"product_brand","embeddable":true,"href":"https:\/\/fmp-components.com\/pt\/wp-json\/wp\/v2\/product_brand?post=6490"},{"taxonomy":"product_cat","embeddable":true,"href":"https:\/\/fmp-components.com\/pt\/wp-json\/wp\/v2\/product_cat?post=6490"},{"taxonomy":"product_tag","embeddable":true,"href":"https:\/\/fmp-components.com\/pt\/wp-json\/wp\/v2\/product_tag?post=6490"}],"curies":[{"name":"wp","href":"https:\/\/api.w.org\/{rel}","templated":true}]}}