{"id":6489,"date":"2025-03-11T06:25:30","date_gmt":"2025-03-11T06:25:30","guid":{"rendered":"https:\/\/fmp-components.com\/product\/strong-stable-telescopic-hydraulic-cylinders-multistage-hydraulic-cylinder-for-dump-trailer"},"modified":"2025-03-18T01:08:53","modified_gmt":"2025-03-18T01:08:53","slug":"strong-stable-telescopic-hydraulic-cylinders-multistage-hydraulic-cylinder-for-dump-trailer","status":"publish","type":"product","link":"https:\/\/fmp-components.com\/pt\/product\/strong-stable-telescopic-hydraulic-cylinders-multistage-hydraulic-cylinder-for-dump-trailer\/","title":{"rendered":"Cilindros hidr\u00e1ulicos telesc\u00f3picos est\u00e1veis \u200b\u200be resistentes, cilindro hidr\u00e1ulico multiest\u00e1gios para reboque basculante"},"content":{"rendered":"<h2>Cilindros hidr\u00e1ulicos telesc\u00f3picos est\u00e1veis \u200b\u200be resistentes, cilindro hidr\u00e1ulico multiest\u00e1gios para reboque basculante<\/h2>\n<p>Apresentamos nossos robustos e est\u00e1veis \u200b\u200bcilindros hidr\u00e1ulicos telesc\u00f3picos, projetados especificamente para reboques basculantes. Este cilindro hidr\u00e1ulico de m\u00faltiplos est\u00e1gios \u00e9 um lan\u00e7amento de 2025, com garantia de um ano e componentes essenciais como rolamentos e o pr\u00f3prio cilindro hidr\u00e1ulico.<\/p>\n<h3>Caracter\u00edsticas e fun\u00e7\u00f5es<\/h3>\n<p>O cilindro hidr\u00e1ulico de m\u00faltiplos est\u00e1gios oferece um empuxo m\u00e1ximo de 3000 e uma for\u00e7a de tra\u00e7\u00e3o m\u00e1xima de 20 toneladas, garantindo alto desempenho para suas necessidades de trabalhos pesados. Constru\u00eddo com um cilindro de pist\u00e3o de estrutura padr\u00e3o e acionado por sistema hidr\u00e1ulico, promete opera\u00e7\u00e3o eficiente e durabilidade.<\/p>\n<h3>Especifica\u00e7\u00f5es do produto<\/h3>\n<p>Nosso cilindro hidr\u00e1ulico possui di\u00e2metro interno de 2 a 6 polegadas, haste com di\u00e2metro de 1,125 a 4 polegadas, curso de 4 a 100 polegadas e pino com di\u00e2metro de 0,5 a 2 polegadas. Est\u00e1 dispon\u00edvel na cor preta e acompanha conex\u00f5es G\/SAE\/NPT\/M.<\/p>\n<table style=\"width: 98.8%; height: 125px;\" border=\"\">\n<tbody>\n<tr>\n<td colspan=\"\" rowspan=\"\"><i>Tamanho do furo<\/i><\/td>\n<td colspan=\"\" rowspan=\"\">2-6 polegadas<\/td>\n<\/tr>\n<tr>\n<td colspan=\"\" rowspan=\"\"><i>Tamanho da haste<\/i><\/td>\n<td colspan=\"\" rowspan=\"\">1,125-4 polegadas<\/td>\n<\/tr>\n<tr>\n<td colspan=\"\" rowspan=\"\"><i>Tamanho do tra\u00e7o<\/i><\/td>\n<td colspan=\"\" rowspan=\"\">4-100 polegadas<\/td>\n<\/tr>\n<tr>\n<td colspan=\"\" rowspan=\"\"><i>Tamanho do pino<\/i><\/td>\n<td colspan=\"\" rowspan=\"\">0,5-2 polegadas<\/td>\n<\/tr>\n<tr>\n<td colspan=\"\" rowspan=\"\"><i>Portos<\/i><\/td>\n<td colspan=\"\" rowspan=\"\">G\/SAE\/NPT\/M<\/td>\n<\/tr>\n<\/tbody>\n<\/table>\n<h3>Caracter\u00edsticas e vantagens exclusivas<\/h3>\n<p>Nosso cilindro hidr\u00e1ulico foi projetado para oferecer efici\u00eancia energ\u00e9tica, seguran\u00e7a e confiabilidade, tornando-o a escolha ideal para diversas aplica\u00e7\u00f5es. Possui certifica\u00e7\u00e3o ISO 9001:2000, um testemunho de sua alta qualidade e confiabilidade em v\u00e1rios setores. Seja em oficinas de reparo de m\u00e1quinas, fazendas, setores de energia e minera\u00e7\u00e3o, fabrica\u00e7\u00e3o de m\u00e1quinas ou f\u00e1bricas, este cilindro hidr\u00e1ulico atende a padr\u00f5es rigorosos e proporciona desempenho consistente. Seu design robusto garante que ele suporte as demandas de uso pesado, enquanto sua efici\u00eancia ajuda a reduzir os custos operacionais, tornando-o um investimento inteligente para qualquer empresa.<\/p>\n<p><img loading=\"lazy\" decoding=\"async\" class=\"alignnone wp-image-6657\" src=\"https:\/\/fmp-components.com\/wp-content\/uploads\/2025\/03\/telescopic-hydraulic-cylinder-3.webp\" alt=\"cilindro hidr\u00e1ulico telesc\u00f3pico\" width=\"909\" height=\"909\" title=\"\" srcset=\"https:\/\/fmp-components.com\/wp-content\/uploads\/2025\/03\/telescopic-hydraulic-cylinder-3.webp 909w, https:\/\/fmp-components.com\/wp-content\/uploads\/2025\/03\/telescopic-hydraulic-cylinder-3-480x480.webp 480w\" sizes=\"(min-width: 0px) and (max-width: 480px) 480px, (min-width: 481px) 909px, 100vw\" \/><\/p>\n<h3>Sistemas Hidr\u00e1ulicos e Princ\u00edpios de Funcionamento<\/h3>\n<p>Nosso cilindro hidr\u00e1ulico opera com base no princ\u00edpio fundamental da convers\u00e3o de energia hidr\u00e1ulica em movimento mec\u00e2nico. Esse processo envolve o movimento do fluido hidr\u00e1ulico dentro do cilindro, que gera a pot\u00eancia necess\u00e1ria para acionar a m\u00e1quina. Utilizando o princ\u00edpio de Pascal, o sistema hidr\u00e1ulico amplifica a for\u00e7a de forma eficiente, permitindo o levantamento e a movimenta\u00e7\u00e3o de cargas pesadas com precis\u00e3o. Esse mecanismo n\u00e3o s\u00f3 aprimora o desempenho da sua m\u00e1quina, como tamb\u00e9m contribui para uma opera\u00e7\u00e3o mais suave, reduzindo o desgaste dos componentes e aumentando a vida \u00fatil geral.<\/p>\n<h3>Aplica\u00e7\u00f5es do Cilindro Hidr\u00e1ulico<\/h3>\n<p>A versatilidade do nosso cilindro hidr\u00e1ulico permite sua utiliza\u00e7\u00e3o em uma ampla gama de aplica\u00e7\u00f5es. Ele \u00e9 particularmente eficaz em reboques basculantes, onde desempenha um papel crucial no levantamento e inclina\u00e7\u00e3o da carroceria para o descarregamento de materiais. Al\u00e9m disso, \u00e9 comumente encontrado em diversas m\u00e1quinas pesadas, incluindo escavadeiras, empilhadeiras e equipamentos agr\u00edcolas, onde alta pot\u00eancia e controle preciso s\u00e3o essenciais. Essa adaptabilidade torna nosso cilindro hidr\u00e1ulico um recurso valioso em setores que exigem solu\u00e7\u00f5es de eleva\u00e7\u00e3o confi\u00e1veis \u200b\u200be eficientes, garantindo que os operadores possam lidar com tarefas exigentes com confian\u00e7a e facilidade.<\/p>\n<p><img loading=\"lazy\" decoding=\"async\" class=\"alignnone wp-image-6665\" src=\"https:\/\/fmp-components.com\/wp-content\/uploads\/2025\/03\/telescopic-hydraulic-cylinder-9.webp\" alt=\"cilindro hidr\u00e1ulico telesc\u00f3pico\" width=\"931\" height=\"931\" title=\"\" srcset=\"https:\/\/fmp-components.com\/wp-content\/uploads\/2025\/03\/telescopic-hydraulic-cylinder-9.webp 931w, https:\/\/fmp-components.com\/wp-content\/uploads\/2025\/03\/telescopic-hydraulic-cylinder-9-480x480.webp 480w\" sizes=\"(min-width: 0px) and (max-width: 480px) 480px, (min-width: 481px) 931px, 100vw\" \/><\/p>\n<h3>Sobre a FMP<\/h3>\n<p class=\"break-words\">A FMP \u00e9 uma fabricante italiana l\u00edder, especializada em projeto, desenvolvimento e produ\u00e7\u00e3o de cilindros hidr\u00e1ulicos de alta qualidade. Com uma rica heran\u00e7a alicer\u00e7ada em d\u00e9cadas de experi\u00eancia, combinamos com orgulho o artesanato italiano com tecnologia de ponta para oferecer solu\u00e7\u00f5es hidr\u00e1ulicas excepcionais, personalizadas para atender \u00e0s diversas necessidades de nossa clientela global. Com sede na It\u00e1lia, um polo de excel\u00eancia em engenharia, a FMP se destaca como uma marca confi\u00e1vel na ind\u00fastria hidr\u00e1ulica, comprometida em fornecer produtos confi\u00e1veis, dur\u00e1veis e inovadores que impulsionam empresas em todo o mundo.<\/p>\n<p class=\"break-words\">Nossa empresa integra o melhor das tradi\u00e7\u00f5es de fabrica\u00e7\u00e3o avan\u00e7ada com uma abordagem inovadora. Com anos de experi\u00eancia em sistemas hidr\u00e1ulicos, a FMP evoluiu para uma empresa moderna que se destaca em pesquisa, design e produ\u00e7\u00e3o. Somos especializados em uma ampla gama de cilindros hidr\u00e1ulicos, incluindo cilindros de dupla a\u00e7\u00e3o, cilindros de eleva\u00e7\u00e3o automotiva, cilindros para m\u00e1quinas agr\u00edcolas e solu\u00e7\u00f5es personalizadas para diversas aplica\u00e7\u00f5es industriais. Seja para constru\u00e7\u00e3o, instala\u00e7\u00f5es industriais, agricultura ou m\u00e1quinas pesadas, nossos cilindros hidr\u00e1ulicos s\u00e3o projetados para operar nas condi\u00e7\u00f5es mais dif\u00edceis, garantindo seguran\u00e7a, efici\u00eancia e durabilidade.<\/p>\n<p><img loading=\"lazy\" decoding=\"async\" class=\"alignnone size-full wp-image-6720\" src=\"https:\/\/fmp-components.com\/wp-content\/uploads\/2025\/03\/hydraulic-cylinder-8.webp\" alt=\"Cilindros Hidr\u00e1ulicos Telesc\u00f3picos\" width=\"933\" height=\"526\" title=\"\" srcset=\"https:\/\/fmp-components.com\/wp-content\/uploads\/2025\/03\/hydraulic-cylinder-8.webp 933w, https:\/\/fmp-components.com\/wp-content\/uploads\/2025\/03\/hydraulic-cylinder-8-480x271.webp 480w\" sizes=\"(min-width: 0px) and (max-width: 480px) 480px, (min-width: 481px) 933px, 100vw\" \/><\/p>\n<p class=\"break-words\">Na FMP, orgulhamo-nos de nossas instala\u00e7\u00f5es de produ\u00e7\u00e3o de \u00faltima gera\u00e7\u00e3o, equipadas com m\u00e1quinas de precis\u00e3o e sistemas de teste avan\u00e7ados. Nossos processos de fabrica\u00e7\u00e3o seguem rigorosos padr\u00f5es nacionais e internacionais, garantindo que cada cilindro hidr\u00e1ulico que sai de nossa f\u00e1brica seja de qualidade e confiabilidade superiores. Nossa equipe t\u00e9cnica qualificada, aliada a equipamentos de \u00faltima gera\u00e7\u00e3o, nos permite manter um rigoroso controle de qualidade em todas as etapas da produ\u00e7\u00e3o \u2014 desde a sele\u00e7\u00e3o da mat\u00e9ria-prima at\u00e9 a inspe\u00e7\u00e3o final. Essa dedica\u00e7\u00e3o \u00e0 excel\u00eancia nos rendeu certifica\u00e7\u00f5es e reconhecimento de autoridades do setor, consolidando ainda mais nossa reputa\u00e7\u00e3o como um parceiro confi\u00e1vel.<\/p>\n<p class=\"break-words\">Nossa miss\u00e3o \u00e9 simples, por\u00e9m ambiciosa: fornecer aos nossos clientes cilindros hidr\u00e1ulicos que superem as expectativas em desempenho, durabilidade e valor. Atuamos sob os princ\u00edpios norteadores de profissionalismo, integridade e foco no cliente. Ao fomentar uma cultura de inova\u00e7\u00e3o e precis\u00e3o, refinamos continuamente nossos produtos para nos mantermos \u00e0 frente em um mercado competitivo. Nossa abrangente linha de produtos e a capacidade de oferecer solu\u00e7\u00f5es personalizadas nos tornam a escolha ideal para empresas que buscam cilindros hidr\u00e1ulicos de alto desempenho.<\/p>\n<p class=\"break-words\">A FMP \u00e9 mais do que apenas uma fabricante \u2014 somos uma parceira para o seu sucesso. Entendemos que nossos clientes confiam em n\u00f3s para fornecer ferramentas que aumentam sua produtividade e seguran\u00e7a. \u00c9 por isso que nos comprometemos a oferecer n\u00e3o apenas produtos de primeira linha, mas tamb\u00e9m um servi\u00e7o excepcional. Da consultoria inicial ao suporte p\u00f3s-venda, trabalhamos em estreita colabora\u00e7\u00e3o com nossos clientes para garantir que suas necessidades sejam atendidas com profissionalismo e cuidado. Nossos pre\u00e7os competitivos, aliados ao nosso compromisso inabal\u00e1vel com a qualidade, fazem da FMP a escolha inteligente para empresas que buscam investir em solu\u00e7\u00f5es hidr\u00e1ulicas confi\u00e1veis.<\/p>\n<h2>Perguntas frequentes<\/h2>\n<h3>P: Voc\u00ea \u00e9 uma empresa comercial ou fabricante?<\/h3>\n<p>R: Somos um fabricante.<\/p>\n<h3>P: Quanto tempo demora a entrega?<\/h3>\n<p>R: Geralmente, s\u00e3o 25-35 dias.<\/p>\n<h3>P: Voc\u00eas fornecem amostras? \u00c9 gr\u00e1tis ou extra?<\/h3>\n<p>A: Sim, podemos oferecer as amostras, mas n\u00e3o s\u00e3o gratuitas.<\/p>\n<p><img loading=\"lazy\" decoding=\"async\" class=\"alignnone wp-image-6717\" src=\"https:\/\/fmp-components.com\/wp-content\/uploads\/2025\/03\/hydraulic-cylinder-211.webp\" alt=\"Cilindros Hidr\u00e1ulicos\" width=\"901\" height=\"903\" title=\"\" srcset=\"https:\/\/fmp-components.com\/wp-content\/uploads\/2025\/03\/hydraulic-cylinder-211.webp 901w, https:\/\/fmp-components.com\/wp-content\/uploads\/2025\/03\/hydraulic-cylinder-211-480x481.webp 480w\" sizes=\"(min-width: 0px) and (max-width: 480px) 480px, (min-width: 481px) 901px, 100vw\" \/><\/p>","protected":false},"excerpt":{"rendered":"<p>Strong Stable Telescopic Hydraulic Cylinders Multistage Hydraulic Cylinder For Dump Trailer Presenting our robust and stable Telescopic Hydraulic Cylinders, specifically designed for dump trailers. This multistage hydraulic cylinder is a new product of 2025, boasting a one-year warranty and core components such as bearing and the hydraulic cylinder itself. Features and Functions The multistage hydraulic [&hellip;]<\/p>","protected":false},"featured_media":6670,"comment_status":"closed","ping_status":"closed","template":"","meta":{"_et_pb_use_builder":"","_et_pb_old_content":"","_et_gb_content_width":""},"product_brand":[],"product_cat":[103],"product_tag":[34,105],"class_list":{"0":"post-6489","1":"product","2":"type-product","3":"status-publish","4":"has-post-thumbnail","6":"product_cat-telescopic-hydraulic-cylinders","7":"product_tag-hydraulic-cylinder","8":"product_tag-telescopic-hydraulic-cylinders","10":"first","11":"instock","12":"product-type-simple"},"_links":{"self":[{"href":"https:\/\/fmp-components.com\/pt\/wp-json\/wp\/v2\/product\/6489","targetHints":{"allow":["GET"]}}],"collection":[{"href":"https:\/\/fmp-components.com\/pt\/wp-json\/wp\/v2\/product"}],"about":[{"href":"https:\/\/fmp-components.com\/pt\/wp-json\/wp\/v2\/types\/product"}],"replies":[{"embeddable":true,"href":"https:\/\/fmp-components.com\/pt\/wp-json\/wp\/v2\/comments?post=6489"}],"wp:featuredmedia":[{"embeddable":true,"href":"https:\/\/fmp-components.com\/pt\/wp-json\/wp\/v2\/media\/6670"}],"wp:attachment":[{"href":"https:\/\/fmp-components.com\/pt\/wp-json\/wp\/v2\/media?parent=6489"}],"wp:term":[{"taxonomy":"product_brand","embeddable":true,"href":"https:\/\/fmp-components.com\/pt\/wp-json\/wp\/v2\/product_brand?post=6489"},{"taxonomy":"product_cat","embeddable":true,"href":"https:\/\/fmp-components.com\/pt\/wp-json\/wp\/v2\/product_cat?post=6489"},{"taxonomy":"product_tag","embeddable":true,"href":"https:\/\/fmp-components.com\/pt\/wp-json\/wp\/v2\/product_tag?post=6489"}],"curies":[{"name":"wp","href":"https:\/\/api.w.org\/{rel}","templated":true}]}}